{"id":3034,"date":"2023-07-26T15:22:43","date_gmt":"2023-07-26T13:22:43","guid":{"rendered":"https:\/\/stage.creddo.com\/se\/?page_id=3034"},"modified":"2025-12-29T16:13:00","modified_gmt":"2025-12-29T15:13:00","slug":"mynt-foretagskort","status":"publish","type":"page","link":"https:\/\/creddo.com\/se\/langivare\/mynt-foretagskort\/","title":{"rendered":"Mynt f\u00f6retagskort"},"content":{"rendered":"\n<h2 class=\"wp-block-heading\" id=\"h-kort-om-mynt-foretagskort\"><strong><strong><strong><strong><strong><strong><strong><strong><strong><strong><strong><strong><strong><strong><strong><strong><strong><strong><strong><strong><strong><strong><strong><strong>Kort om Mynt f\u00f6retagskort<\/strong><\/strong><\/strong><\/strong><\/strong><\/strong><\/strong><\/strong><\/strong><\/strong><\/strong><\/strong><\/strong><\/strong><\/strong><\/strong><\/strong><\/strong><\/strong><\/strong><\/strong><\/strong><\/strong><\/strong><\/h2>\n\n\n\n<p><\/p>\n\n\n\n<ul class=\"wp-block-list\">\n<li>Med Mynt f\u00f6retagskort \u00e4r det kostnadsfritt upp till 100 000 kronor i limit\n<ul class=\"wp-block-list\">\n<li>D\u00e4refter 0,25% i limitavgift m\u00e5natligen<\/li>\n<\/ul>\n<\/li>\n\n\n\n<li>M\u00f6jlighet att dela ut kort till anst\u00e4llda<\/li>\n\n\n\n<li>Koppla korten till f\u00f6retagets bokf\u00f6ring f\u00f6r f\u00f6renklad kvittohantering<\/li>\n<\/ul>\n\n\n\n<p><\/p>\n\n\n\n<p>Mynt <a href=\"https:\/\/creddo.com\/se\/kreditkort\/\">f\u00f6retagskort<\/a> \u00e4r till f\u00f6r alla typer av f\u00f6retag som v\u00e4rdes\u00e4tter snabbhet och smidighet. Med Mynt <a href=\"https:\/\/creddo.com\/se\/foretagskort\/\">f\u00f6retagskort<\/a> s\u00e5 kan du integrera varje kort med ditt f\u00f6retags bokf\u00f6ringsprogram vilket hj\u00e4lper dig att h\u00e5lla koll p\u00e5 utgiftshantering samt att kunna h\u00e5lla koll p\u00e5 transaktioner i realtid. Med Mynt f\u00f6retagskort f\u00e5r du \u00e4ven tillg\u00e5ng till en r\u00e4ntefri kredit d\u00e4r du kan s\u00e4tta individuella k\u00f6pgr\u00e4nser till dina anst\u00e4llda.<\/p>\n\n\n\n<p><\/p>\n\n\n\n<h2 class=\"wp-block-heading\" id=\"h-vanliga-fragor-om-mynt-visa\"><strong><strong><strong><strong><strong><strong><strong><strong><strong><strong>Vanliga fr\u00e5gor om Mynt VISA<\/strong><\/strong><\/strong><\/strong><\/strong><\/strong><\/strong><\/strong><\/strong><\/strong><\/h2>\n\n\n\n<h3 class=\"wp-block-heading\" id=\"h-vad-kostar-mynt-visa\"><strong><strong>Vad kostar Mynt VISA?<\/strong><\/strong><\/h3>\n\n\n\n<p>Kortet kostar ingenting och i b\u00f6rjan p\u00e5 varje ny m\u00e5nad s\u00e5 f\u00e5r du en faktura med det totala beloppet som ska betalas.<\/p>\n\n\n\n<p><\/p>\n\n\n\n<h3 class=\"wp-block-heading\" id=\"h-hur-funkar-det\"><strong>Hur funkar det?<\/strong><\/h3>\n\n\n\n<p>Du f\u00e5r ett kort fr\u00e5n VISA med en beviljad kreditlimit. N\u00e4r du sedan laddar ner appen fr\u00e5n Qred s\u00e5 kan du aktivera kort, se din pin-kod samt se k\u00f6p i appen.<\/p>\n\n\n\n<p><\/p>\n\n\n\n<h3 class=\"wp-block-heading\" id=\"h-gar-det-att-gora-kop-online\"><strong>G\u00e5r det att g\u00f6ra k\u00f6p online?<\/strong><\/h3>\n\n\n\n<p>Ja, du kan g\u00f6ra k\u00f6p b\u00e5de online samt i fysisk butik.<\/p>\n\n\n\n<p><\/p>\n\n\n\n<h3 class=\"wp-block-heading\" id=\"h-kan-jag-ha-flera-kort-pa-foretaget\"><strong>Kan jag ha flera kort p\u00e5 f\u00f6retaget?<\/strong><\/h3>\n\n\n\n<p>Ja, du kan i princip f\u00e5 ett obegr\u00e4nsat antal kort till ditt f\u00f6retag, helt gratis. Det \u00e4r du som v\u00e4ljer hur m\u00e5nga kort du och ditt f\u00f6retag beh\u00f6ver.<\/p>\n\n\n\n<p><\/p>\n\n\n\n<h3 class=\"wp-block-heading\" id=\"h-kan-jag-anvanda-kortet-utomlands\"><strong>Kan jag anv\u00e4nda kortet utomlands?<\/strong><\/h3>\n\n\n\n<p>Ja, det g\u00e5r att anv\u00e4nda utomlands. Valutap\u00e5slag vid utlandsk\u00f6p baseras p\u00e5 din prenumerationsniv\u00e5 hos Mynt och kan hittas i de allm\u00e4nna villkoren n\u00e4r du blir kund.<\/p>\n\n\n\n<p><\/p>\n\n\n\n<h3 class=\"wp-block-heading\" id=\"h-kan-jag-ta-ut-kontanter-med-mynt-visa\"><strong><strong>Kan jag ta ut kontanter med Mynt VISA?<\/strong><\/strong><\/h3>\n\n\n\n<p>Ja, det kan du. Du kan max ta ut 5 000 kr per dag och max 20 000 kr per vecka.<\/p>\n\n\n\n<p><\/p>\n\n\n\n<h3 class=\"wp-block-heading\" id=\"h-kan-jag-koppla-mitt-mynt-visa-till-mitt-bokforingsprogram\"><strong><strong>Kan jag koppla mitt Mynt VISA till mitt bokf\u00f6ringsprogram?<\/strong><\/strong><\/h3>\n\n\n\n<p>Ja, det kan du.<\/p>\n\n\n\n<p><\/p>\n\n\n\n<h2 class=\"wp-block-heading\" id=\"h-sammanfattning-mynt-foretagskort\"><strong><strong><strong><strong><strong><strong><strong><strong><strong><strong><strong><strong><strong><strong><strong>Sammanfattning Mynt f\u00f6retagskort<\/strong><\/strong><\/strong><\/strong><\/strong><\/strong><\/strong><\/strong><\/strong><\/strong><\/strong><\/strong><\/strong><\/strong><\/strong><\/h2>\n\n\n\n<p><\/p>\n\n\n\n<figure class=\"wp-block-table is-style-stripes\"><table class=\"has-fixed-layout\"><tbody><tr><td>Kreditlimit<\/td><td>10 000 &#8211; 100 000 kr<\/td><\/tr><tr><td>\u00c5terbetalning<\/td><td>Betalning av faktura sker i b\u00f6rjan p\u00e5 varje m\u00e5nad<\/td><\/tr><tr><td>\u00c5rsavgift<\/td><td>Nej<\/td><\/tr><tr><td>Valutap\u00e5slag vid k\u00f6p utomlands<\/td><td>Beror p\u00e5 prenumerationsniv\u00e5<\/td><\/tr><tr><td>Aviavgift<\/td><td>Nej<\/td><\/tr><tr><td>E-faktura<\/td><td>Ja<\/td><\/tr><\/tbody><\/table><\/figure>\n","protected":false},"excerpt":{"rendered":"<p>Kort om Mynt f\u00f6retagskort Mynt f\u00f6retagskort \u00e4r till f\u00f6r alla typer av f\u00f6retag som v\u00e4rdes\u00e4tter snabbhet och smidighet. Med Mynt f\u00f6retagskort s\u00e5 kan du integrera varje kort med ditt f\u00f6retags bokf\u00f6ringsprogram vilket hj\u00e4lper dig att h\u00e5lla koll p\u00e5 utgiftshantering samt att kunna h\u00e5lla koll p\u00e5 transaktioner i realtid. Med Mynt f\u00f6retagskort f\u00e5r du \u00e4ven tillg\u00e5ng [&hellip;]<\/p>\n","protected":false},"author":13,"featured_media":0,"parent":2896,"menu_order":0,"comment_status":"closed","ping_status":"closed","template":"empty-page-with-slider.php","meta":{"_acf_changed":false,"footnotes":""},"class_list":["post-3034","page","type-page","status-publish","hentry"],"acf":[],"yoast_head":"<!-- This site is optimized with the Yoast SEO Premium plugin v26.6 (Yoast SEO v26.8) - https:\/\/yoast.com\/product\/yoast-seo-premium-wordpress\/ -->\n<title>Mynt f\u00f6retagskort - Creddo<\/title>\n<meta name=\"description\" content=\"Uppt\u00e4ck f\u00f6rdelarna med Mynt f\u00f6retagskort f\u00f6r din verksamhet och hur det kan effektivisera dina utgifter. | Creddo\" \/>\n<meta name=\"robots\" content=\"index, follow, max-snippet:-1, max-image-preview:large, max-video-preview:-1\" \/>\n<link rel=\"canonical\" href=\"https:\/\/creddo.com\/se\/langivare\/mynt-foretagskort\/\" \/>\n<meta property=\"og:locale\" content=\"sv_SE\" \/>\n<meta property=\"og:type\" content=\"article\" \/>\n<meta property=\"og:title\" content=\"Mynt f\u00f6retagskort\" \/>\n<meta property=\"og:description\" content=\"Kort om Mynt f\u00f6retagskort Med Mynt f\u00f6retagskort \u00e4r det kostnadsfritt upp till 100 000 kronor i limit D\u00e4refter 0,25% i limitavgift m\u00e5natligen M\u00f6jlighet att\" \/>\n<meta property=\"og:url\" content=\"https:\/\/creddo.com\/se\/langivare\/mynt-foretagskort\/\" \/>\n<meta property=\"og:site_name\" content=\"Creddo\" \/>\n<meta property=\"article:publisher\" content=\"https:\/\/www.facebook.com\/creddose\" \/>\n<meta property=\"article:modified_time\" content=\"2025-12-29T15:13:00+00:00\" \/>\n<meta property=\"og:image\" content=\"https:\/\/creddo.com\/se\/wp-content\/uploads\/2024\/07\/52.jpg\" \/>\n\t<meta property=\"og:image:width\" content=\"1200\" \/>\n\t<meta property=\"og:image:height\" content=\"630\" \/>\n\t<meta property=\"og:image:type\" content=\"image\/jpeg\" \/>\n<meta name=\"twitter:card\" content=\"summary_large_image\" \/>\n<meta name=\"twitter:label1\" content=\"Ber\u00e4knad l\u00e4stid\" \/>\n\t<meta name=\"twitter:data1\" content=\"2 minuter\" \/>\n<script type=\"application\/ld+json\" class=\"yoast-schema-graph\">{\"@context\":\"https:\/\/schema.org\",\"@graph\":[{\"@type\":\"WebPage\",\"@id\":\"https:\/\/creddo.com\/se\/langivare\/mynt-foretagskort\/\",\"url\":\"https:\/\/creddo.com\/se\/langivare\/mynt-foretagskort\/\",\"name\":\"Mynt f\u00f6retagskort - Creddo\",\"isPartOf\":{\"@id\":\"https:\/\/creddo.com\/se\/#website\"},\"datePublished\":\"2023-07-26T13:22:43+00:00\",\"dateModified\":\"2025-12-29T15:13:00+00:00\",\"description\":\"Uppt\u00e4ck f\u00f6rdelarna med Mynt f\u00f6retagskort f\u00f6r din verksamhet och hur det kan effektivisera dina utgifter. | Creddo\",\"breadcrumb\":{\"@id\":\"https:\/\/creddo.com\/se\/langivare\/mynt-foretagskort\/#breadcrumb\"},\"inLanguage\":\"sv-SE\",\"potentialAction\":[{\"@type\":\"ReadAction\",\"target\":[\"https:\/\/creddo.com\/se\/langivare\/mynt-foretagskort\/\"]}]},{\"@type\":\"BreadcrumbList\",\"@id\":\"https:\/\/creddo.com\/se\/langivare\/mynt-foretagskort\/#breadcrumb\",\"itemListElement\":[{\"@type\":\"ListItem\",\"position\":1,\"name\":\"Creddo.com\",\"item\":\"https:\/\/creddo.com\/se\/\"},{\"@type\":\"ListItem\",\"position\":2,\"name\":\"L\u00e5ngivare\",\"item\":\"https:\/\/creddo.com\/se\/langivare\/\"},{\"@type\":\"ListItem\",\"position\":3,\"name\":\"Mynt f\u00f6retagskort\"}]},{\"@type\":\"WebSite\",\"@id\":\"https:\/\/creddo.com\/se\/#website\",\"url\":\"https:\/\/creddo.com\/se\/\",\"name\":\"Creddo\",\"description\":\"J\u00e4mf\u00f6r f\u00f6retagsl\u00e5n upp till 10 miljoner\",\"publisher\":{\"@id\":\"https:\/\/creddo.com\/se\/#organization\"},\"potentialAction\":[{\"@type\":\"SearchAction\",\"target\":{\"@type\":\"EntryPoint\",\"urlTemplate\":\"https:\/\/creddo.com\/se\/?s={search_term_string}\"},\"query-input\":{\"@type\":\"PropertyValueSpecification\",\"valueRequired\":true,\"valueName\":\"search_term_string\"}}],\"inLanguage\":\"sv-SE\"},{\"@type\":\"Organization\",\"@id\":\"https:\/\/creddo.com\/se\/#organization\",\"name\":\"Creddo AB\",\"url\":\"https:\/\/creddo.com\/se\/\",\"logo\":{\"@type\":\"ImageObject\",\"inLanguage\":\"sv-SE\",\"@id\":\"https:\/\/creddo.com\/se\/#\/schema\/logo\/image\/\",\"url\":\"https:\/\/creddo.com\/se\/wp-content\/uploads\/2024\/04\/Creddo-logo-square.png\",\"contentUrl\":\"https:\/\/creddo.com\/se\/wp-content\/uploads\/2024\/04\/Creddo-logo-square.png\",\"width\":720,\"height\":720,\"caption\":\"Creddo AB\"},\"image\":{\"@id\":\"https:\/\/creddo.com\/se\/#\/schema\/logo\/image\/\"},\"sameAs\":[\"https:\/\/www.facebook.com\/creddose\",\"https:\/\/www.linkedin.com\/company\/creddo-ab\/\"]}]}<\/script>\n<!-- \/ Yoast SEO Premium plugin. -->","yoast_head_json":{"title":"Mynt f\u00f6retagskort - Creddo","description":"Uppt\u00e4ck f\u00f6rdelarna med Mynt f\u00f6retagskort f\u00f6r din verksamhet och hur det kan effektivisera dina utgifter. | Creddo","robots":{"index":"index","follow":"follow","max-snippet":"max-snippet:-1","max-image-preview":"max-image-preview:large","max-video-preview":"max-video-preview:-1"},"canonical":"https:\/\/creddo.com\/se\/langivare\/mynt-foretagskort\/","og_locale":"sv_SE","og_type":"article","og_title":"Mynt f\u00f6retagskort","og_description":"Kort om Mynt f\u00f6retagskort Med Mynt f\u00f6retagskort \u00e4r det kostnadsfritt upp till 100 000 kronor i limit D\u00e4refter 0,25% i limitavgift m\u00e5natligen M\u00f6jlighet att","og_url":"https:\/\/creddo.com\/se\/langivare\/mynt-foretagskort\/","og_site_name":"Creddo","article_publisher":"https:\/\/www.facebook.com\/creddose","article_modified_time":"2025-12-29T15:13:00+00:00","og_image":[{"width":1200,"height":630,"url":"https:\/\/creddo.com\/se\/wp-content\/uploads\/2024\/07\/52.jpg","type":"image\/jpeg"}],"twitter_card":"summary_large_image","twitter_misc":{"Ber\u00e4knad l\u00e4stid":"2 minuter"},"schema":{"@context":"https:\/\/schema.org","@graph":[{"@type":"WebPage","@id":"https:\/\/creddo.com\/se\/langivare\/mynt-foretagskort\/","url":"https:\/\/creddo.com\/se\/langivare\/mynt-foretagskort\/","name":"Mynt f\u00f6retagskort - Creddo","isPartOf":{"@id":"https:\/\/creddo.com\/se\/#website"},"datePublished":"2023-07-26T13:22:43+00:00","dateModified":"2025-12-29T15:13:00+00:00","description":"Uppt\u00e4ck f\u00f6rdelarna med Mynt f\u00f6retagskort f\u00f6r din verksamhet och hur det kan effektivisera dina utgifter. | Creddo","breadcrumb":{"@id":"https:\/\/creddo.com\/se\/langivare\/mynt-foretagskort\/#breadcrumb"},"inLanguage":"sv-SE","potentialAction":[{"@type":"ReadAction","target":["https:\/\/creddo.com\/se\/langivare\/mynt-foretagskort\/"]}]},{"@type":"BreadcrumbList","@id":"https:\/\/creddo.com\/se\/langivare\/mynt-foretagskort\/#breadcrumb","itemListElement":[{"@type":"ListItem","position":1,"name":"Creddo.com","item":"https:\/\/creddo.com\/se\/"},{"@type":"ListItem","position":2,"name":"L\u00e5ngivare","item":"https:\/\/creddo.com\/se\/langivare\/"},{"@type":"ListItem","position":3,"name":"Mynt f\u00f6retagskort"}]},{"@type":"WebSite","@id":"https:\/\/creddo.com\/se\/#website","url":"https:\/\/creddo.com\/se\/","name":"Creddo","description":"J\u00e4mf\u00f6r f\u00f6retagsl\u00e5n upp till 10 miljoner","publisher":{"@id":"https:\/\/creddo.com\/se\/#organization"},"potentialAction":[{"@type":"SearchAction","target":{"@type":"EntryPoint","urlTemplate":"https:\/\/creddo.com\/se\/?s={search_term_string}"},"query-input":{"@type":"PropertyValueSpecification","valueRequired":true,"valueName":"search_term_string"}}],"inLanguage":"sv-SE"},{"@type":"Organization","@id":"https:\/\/creddo.com\/se\/#organization","name":"Creddo AB","url":"https:\/\/creddo.com\/se\/","logo":{"@type":"ImageObject","inLanguage":"sv-SE","@id":"https:\/\/creddo.com\/se\/#\/schema\/logo\/image\/","url":"https:\/\/creddo.com\/se\/wp-content\/uploads\/2024\/04\/Creddo-logo-square.png","contentUrl":"https:\/\/creddo.com\/se\/wp-content\/uploads\/2024\/04\/Creddo-logo-square.png","width":720,"height":720,"caption":"Creddo AB"},"image":{"@id":"https:\/\/creddo.com\/se\/#\/schema\/logo\/image\/"},"sameAs":["https:\/\/www.facebook.com\/creddose","https:\/\/www.linkedin.com\/company\/creddo-ab\/"]}]}},"lang":"sv","translations":{"sv":3034},"pll_sync_post":[],"_links":{"self":[{"href":"https:\/\/creddo.com\/se\/wp-json\/wp\/v2\/pages\/3034","targetHints":{"allow":["GET"]}}],"collection":[{"href":"https:\/\/creddo.com\/se\/wp-json\/wp\/v2\/pages"}],"about":[{"href":"https:\/\/creddo.com\/se\/wp-json\/wp\/v2\/types\/page"}],"author":[{"embeddable":true,"href":"https:\/\/creddo.com\/se\/wp-json\/wp\/v2\/users\/13"}],"replies":[{"embeddable":true,"href":"https:\/\/creddo.com\/se\/wp-json\/wp\/v2\/comments?post=3034"}],"version-history":[{"count":8,"href":"https:\/\/creddo.com\/se\/wp-json\/wp\/v2\/pages\/3034\/revisions"}],"predecessor-version":[{"id":5350,"href":"https:\/\/creddo.com\/se\/wp-json\/wp\/v2\/pages\/3034\/revisions\/5350"}],"up":[{"embeddable":true,"href":"https:\/\/creddo.com\/se\/wp-json\/wp\/v2\/pages\/2896"}],"wp:attachment":[{"href":"https:\/\/creddo.com\/se\/wp-json\/wp\/v2\/media?parent=3034"}],"curies":[{"name":"wp","href":"https:\/\/api.w.org\/{rel}","templated":true}]}}