{"id":3044,"date":"2023-07-26T15:25:50","date_gmt":"2023-07-26T13:25:50","guid":{"rendered":"https:\/\/stage.creddo.com\/se\/?page_id=3044"},"modified":"2025-12-29T14:23:10","modified_gmt":"2025-12-29T13:23:10","slug":"svea-bank","status":"publish","type":"page","link":"https:\/\/creddo.com\/se\/langivare\/svea-bank\/","title":{"rendered":"Svea Bank"},"content":{"rendered":"\n<h2 class=\"wp-block-heading\" id=\"h-kort-om-svea-foretagslan\"><strong><strong><strong><strong><strong><strong><strong><strong><strong><strong><strong><strong><strong><strong><strong><strong><strong><strong><strong><strong><strong><strong><strong>Kort om Svea f\u00f6retagsl\u00e5n<\/strong><\/strong><\/strong><\/strong><\/strong><\/strong><\/strong><\/strong><\/strong><\/strong><\/strong><\/strong><\/strong><\/strong><\/strong><\/strong><\/strong><\/strong><\/strong><\/strong><\/strong><\/strong><\/strong><\/h2>\n\n\n\n<p><\/p>\n\n\n\n<ul class=\"wp-block-list\">\n<li>L\u00e5na upp till 1 miljoner kronor<\/li>\n\n\n\n<li>Upp till 24 m\u00e5nader l\u00f6ptid<\/li>\n\n\n\n<li>Flexibla villkor och fri f\u00f6rtidsl\u00f6sen<\/li>\n<\/ul>\n\n\n\n<p><\/p>\n\n\n\n<p>Hos Svea Bank s\u00e5 kan du via Creddo l\u00e5na upp till 1 miljoner kronor och det g\u00e5r att v\u00e4lja en l\u00f6ptid fr\u00e5n 3 till 24 m\u00e5nader. Svea Bank har en helt digital process, s\u00e5 vid valt erbjudande s\u00e5 kommer du f\u00e5 en l\u00e4nk via oss d\u00e4r du slutf\u00f6r processen f\u00f6r en sista bed\u00f6mning innan utbetalning av ditt <a href=\"https:\/\/creddo.com\/se\/foretagslan\/\">f\u00f6retagsl\u00e5n<\/a> kan ske.<\/p>\n\n\n\n<p><\/p>\n\n\n\n<p>Alla bolagsformer kan ans\u00f6ka om l\u00e5n hos Svea Bank s\u00e5 l\u00e4nge bolaget \u00e4r registrerat i Sverige och skulle man vilja betala tillbaka sitt l\u00e5n i f\u00f6rtid s\u00e5 kan man g\u00f6ra det utan att det tillkommer extra avgifter eller kostnader &#8211; du betalar enbart f\u00f6r tiden som du nyttjar l\u00e5net.<\/p>\n\n\n\n<p><\/p>\n\n\n\n<h2 class=\"wp-block-heading\" id=\"h-foretagslan-utan-sakerhet\"><strong>F\u00f6retagsl\u00e5n utan s\u00e4kerhet<\/strong><\/h2>\n\n\n\n<p>Hos Svea Bank s\u00e5 beh\u00f6ver du ofta g\u00e5 i <a href=\"https:\/\/creddo.com\/se\/foretagslan\/personlig-borgen\/\">personlig borgen<\/a> f\u00f6r att bli beviljad ett f\u00f6retagsl\u00e5n. P\u00e5 st\u00f6rre l\u00e5n s\u00e5 kan det \u00e4ven beh\u00f6vas f\u00f6retagsinteckningar eller moderbolagsborgen.<\/p>\n\n\n\n<p><\/p>\n\n\n\n<h2 class=\"wp-block-heading\" id=\"h-kort-om-svea-fakturabelaning-amp-fakturakop\"><strong>Kort om Svea fakturabel\u00e5ning &amp; fakturak\u00f6p<\/strong><\/h2>\n\n\n\n<p>Via Creddo s\u00e5 kan du \u00e4ven f\u00e5 tillg\u00e5ng till olika l\u00f6sningar inom factoring hos Svea Bank. Ibland \u00e4r inte ett f\u00f6retagsl\u00e5n den b\u00e4sta l\u00f6sningen f\u00f6r ett f\u00f6retag, utan det kan vara enklare och smidigare att \u00f6ka likviditeten i bolaget genom att s\u00e4lja eller bel\u00e5na sina fakturor till en f\u00f6rm\u00e5nad avgift ist\u00e4llet. Hos Svea Bank kan ni f\u00e5 upp till 90% av fakturans v\u00e4rde och resten n\u00e4r kunden har betalat fakturan.<\/p>\n\n\n\n<p><\/p>\n\n\n\n<h2 class=\"wp-block-heading\" id=\"h-fordelar-med-svea-fakturabelaning\"><strong>F\u00f6rdelar med Svea fakturabel\u00e5ning<\/strong><\/h2>\n\n\n\n<p><\/p>\n\n\n\n<ul class=\"wp-block-list\">\n<li>F\u00e5 upp till 90% av fakturans v\u00e4rde betalt direkt<\/li>\n\n\n\n<li>\u00d6kad likviditet i bolaget<\/li>\n\n\n\n<li>B\u00e4ttre likviditetsplanering<\/li>\n\n\n\n<li>Personlig service<\/li>\n<\/ul>\n\n\n\n<p><\/p>\n\n\n\n<p>Ut\u00f6ver ovan s\u00e5 hj\u00e4lper Svea Bank dig med all administration som avser p\u00e5minnelser, r\u00e4ntefakturor samt kravhantering s\u00e5 att du ist\u00e4llet kan fokusera p\u00e5 att driva ditt f\u00f6retag fram\u00e5t.<\/p>\n\n\n\n<p><\/p>\n\n\n\n<h2 class=\"wp-block-heading\" id=\"h-fordelar-med-svea-fakturakop\"><strong>F\u00f6rdelar med Svea fakturak\u00f6p<\/strong><\/h2>\n\n\n\n<p>Ibland kan det vara smartare att s\u00e4lja sina fakturor ist\u00e4llet f\u00f6r att bel\u00e5na fakturorna. N\u00e4r man s\u00e4ljer fakturorna s\u00e5 hamnar fordran p\u00e5 factoringbolagets balansr\u00e4kning ist\u00e4llet f\u00f6r f\u00f6retagets och kan vara en bra l\u00f6sning f\u00f6r f\u00f6retag som:<\/p>\n\n\n\n<p><\/p>\n\n\n\n<ul class=\"wp-block-list\">\n<li>Har st\u00f6rre snittbelopp p\u00e5 fakturorna<\/li>\n\n\n\n<li>Som vill s\u00e4lja p\u00e5 \u00e5terkommande kunder<\/li>\n\n\n\n<li>Som vill slippa kreditrisk och frig\u00f6ra kapital<\/li>\n<\/ul>\n\n\n\n<p><\/p>\n\n\n\n<p>Fakturak\u00f6p kan vara bra f\u00f6r det kan st\u00e4rka viktiga nyckeltal, s\u00e5som skulds\u00e4ttningsgrad d\u00e5 man v\u00e4xlar kapital som \u00e4r bundet i kundfordringar mot att minska skulder till kreditgivare.<\/p>\n\n\n\n<h2 class=\"wp-block-heading\" id=\"h-foretagslan-plus\">F\u00f6retagsl\u00e5n Plus<\/h2>\n\n\n\n<p>P\u00e5 Svea finns \u00e4ven m\u00f6jlighet till st\u00f6rre l\u00e5n \u00f6ver 1 miljon kronor. Du ans\u00f6ker om f\u00f6retagsl\u00e5n plus direkt p\u00e5 sajten, och Svea g\u00e5r d\u00e4refter igenom ans\u00f6kan f\u00f6r en individuell bed\u00f6mning med m\u00e5l att \u00e5terkoppla inom 48 timmar. L\u00e5net \u00e4r p\u00e5 belopp upp till 10 miljoner kronor eller mer med flexibel \u00e5terbetalningstid, snabb handl\u00e4ggning och individuell r\u00e4ntes\u00e4ttning. <\/p>\n\n\n\n<h2 class=\"wp-block-heading\" id=\"h-varfor-ska-man-jamfora-foretagslan-med-creddo\"><strong>Varf\u00f6r ska man j\u00e4mf\u00f6ra f\u00f6retagsl\u00e5n med Creddo?<\/strong><\/h2>\n\n\n\n<p>N\u00e4r du ans\u00f6ker om ett f\u00f6retagsl\u00e5n hos Creddo s\u00e5 har du m\u00f6jlighet att f\u00e5 flera erbjudanden, men det registreras bara en kreditupplysning via UC. Det finns \u00e4ven l\u00e5ngivare som jobbar med andra kreditf\u00f6retag, bland annat CreditSafe och Dun &amp; Bradstreet, tidigare k\u00e4nd som Bisnode. Dessa p\u00e5verkar dock inte ditt f\u00f6retags kreditv\u00e4rdighet.&nbsp;<\/p>\n\n\n\n<p><\/p>\n\n\n\n<p>Via Creddo s\u00e5 f\u00e5r du en bra \u00f6verblick p\u00e5 vilka erbjudanden du f\u00e5r och vilket som passar dig och ditt f\u00f6retag b\u00e4st. Ut\u00f6ver detta s\u00e5 ist\u00e4llet f\u00f6r att ans\u00f6ka hos varje l\u00e5ngivare s\u00e5 sparar du b\u00e5de tid och energi genom att samla din ans\u00f6kan p\u00e5 samma st\u00e4lle. Vi p\u00e5 Creddo tar inte ut n\u00e5gon avgift mot dig som f\u00f6retagare, utan f\u00e5r ist\u00e4llet en ers\u00e4ttning fr\u00e5n l\u00e5ngivaren vid utbetalt l\u00e5n.<\/p>\n\n\n\n<p><\/p>\n\n\n\n<h2 class=\"wp-block-heading\" id=\"h-sammanfattning-svea-bank-foretagslan\"><strong><strong><strong><strong><strong><strong><strong><strong><strong><strong><strong><strong><strong><strong>Sammanfattning Svea Bank f\u00f6retagsl\u00e5n<\/strong><\/strong><\/strong><\/strong><\/strong><\/strong><\/strong><\/strong><\/strong><\/strong><\/strong><\/strong><\/strong><\/strong><\/h2>\n\n\n\n<p><\/p>\n\n\n\n<figure class=\"wp-block-table is-style-stripes\"><table class=\"has-fixed-layout\"><tbody><tr><td>L\u00e5nebelopp<\/td><td>100 000 &#8211; 1 000 000 kr<\/td><\/tr><tr><td>L\u00f6ptid<\/td><td>3 &#8211; 24 m\u00e5nader<\/td><\/tr><tr><td>Uppl\u00e4ggningsavgift<\/td><td>Nej<\/td><\/tr><tr><td>Personlig borgen<\/td><td>Ja<\/td><\/tr><tr><td>Aviavgift<\/td><td>Nej<\/td><\/tr><tr><td>Autogiro<\/td><td>Ja<\/td><\/tr><tr><td>Komplettering<\/td><td>Ja<\/td><\/tr><tr><td>BankID<\/td><td>Ja<\/td><\/tr><\/tbody><\/table><\/figure>\n","protected":false},"excerpt":{"rendered":"<p>Kort om Svea f\u00f6retagsl\u00e5n Hos Svea Bank s\u00e5 kan du via Creddo l\u00e5na upp till 1 miljoner kronor och det g\u00e5r att v\u00e4lja en l\u00f6ptid fr\u00e5n 3 till 24 m\u00e5nader. Svea Bank har en helt digital process, s\u00e5 vid valt erbjudande s\u00e5 kommer du f\u00e5 en l\u00e4nk via oss d\u00e4r du slutf\u00f6r processen f\u00f6r en [&hellip;]<\/p>\n","protected":false},"author":13,"featured_media":0,"parent":2896,"menu_order":0,"comment_status":"closed","ping_status":"closed","template":"empty-page-with-slider.php","meta":{"_acf_changed":false,"footnotes":""},"class_list":["post-3044","page","type-page","status-publish","hentry"],"acf":[],"yoast_head":"<!-- This site is optimized with the Yoast SEO Premium plugin v26.6 (Yoast SEO v26.8) - https:\/\/yoast.com\/product\/yoast-seo-premium-wordpress\/ -->\n<title>Svea Bank f\u00f6retagsl\u00e5n - L\u00e5na upp till 1 miljoner kr - Creddo<\/title>\n<meta name=\"description\" content=\"Svea Bank kan via Creddo erbjuda f\u00f6retagare upp till 1 miljoner kr. L\u00e4gsta r\u00e4ntan f\u00f6r f\u00f6retagsfinansiering. 1 UC\" \/>\n<meta name=\"robots\" content=\"index, follow, max-snippet:-1, max-image-preview:large, max-video-preview:-1\" \/>\n<link rel=\"canonical\" href=\"https:\/\/creddo.com\/se\/langivare\/svea-bank\/\" \/>\n<meta property=\"og:locale\" content=\"sv_SE\" \/>\n<meta property=\"og:type\" content=\"article\" \/>\n<meta property=\"og:title\" content=\"Svea Bank\" \/>\n<meta property=\"og:description\" content=\"Kort om Svea f\u00f6retagsl\u00e5n L\u00e5na upp till 1 miljoner kronor Upp till 24 m\u00e5nader l\u00f6ptid Flexibla villkor och fri f\u00f6rtidsl\u00f6sen Hos Svea Bank s\u00e5 kan du via\" \/>\n<meta property=\"og:url\" content=\"https:\/\/creddo.com\/se\/langivare\/svea-bank\/\" \/>\n<meta property=\"og:site_name\" content=\"Creddo\" \/>\n<meta property=\"article:publisher\" content=\"https:\/\/www.facebook.com\/creddose\" \/>\n<meta property=\"article:modified_time\" content=\"2025-12-29T13:23:10+00:00\" \/>\n<meta property=\"og:image\" content=\"https:\/\/creddo.com\/se\/wp-content\/uploads\/2024\/07\/52.jpg\" \/>\n\t<meta property=\"og:image:width\" content=\"1200\" \/>\n\t<meta property=\"og:image:height\" content=\"630\" \/>\n\t<meta property=\"og:image:type\" content=\"image\/jpeg\" \/>\n<meta name=\"twitter:card\" content=\"summary_large_image\" \/>\n<meta name=\"twitter:label1\" content=\"Ber\u00e4knad l\u00e4stid\" \/>\n\t<meta name=\"twitter:data1\" content=\"3 minuter\" \/>\n<script type=\"application\/ld+json\" class=\"yoast-schema-graph\">{\"@context\":\"https:\/\/schema.org\",\"@graph\":[{\"@type\":\"WebPage\",\"@id\":\"https:\/\/creddo.com\/se\/langivare\/svea-bank\/\",\"url\":\"https:\/\/creddo.com\/se\/langivare\/svea-bank\/\",\"name\":\"Svea Bank f\u00f6retagsl\u00e5n - L\u00e5na upp till 1 miljoner kr - Creddo\",\"isPartOf\":{\"@id\":\"https:\/\/creddo.com\/se\/#website\"},\"datePublished\":\"2023-07-26T13:25:50+00:00\",\"dateModified\":\"2025-12-29T13:23:10+00:00\",\"description\":\"Svea Bank kan via Creddo erbjuda f\u00f6retagare upp till 1 miljoner kr. L\u00e4gsta r\u00e4ntan f\u00f6r f\u00f6retagsfinansiering. 1 UC\",\"breadcrumb\":{\"@id\":\"https:\/\/creddo.com\/se\/langivare\/svea-bank\/#breadcrumb\"},\"inLanguage\":\"sv-SE\",\"potentialAction\":[{\"@type\":\"ReadAction\",\"target\":[\"https:\/\/creddo.com\/se\/langivare\/svea-bank\/\"]}]},{\"@type\":\"BreadcrumbList\",\"@id\":\"https:\/\/creddo.com\/se\/langivare\/svea-bank\/#breadcrumb\",\"itemListElement\":[{\"@type\":\"ListItem\",\"position\":1,\"name\":\"Creddo.com\",\"item\":\"https:\/\/creddo.com\/se\/\"},{\"@type\":\"ListItem\",\"position\":2,\"name\":\"L\u00e5ngivare\",\"item\":\"https:\/\/creddo.com\/se\/langivare\/\"},{\"@type\":\"ListItem\",\"position\":3,\"name\":\"Svea Bank\"}]},{\"@type\":\"WebSite\",\"@id\":\"https:\/\/creddo.com\/se\/#website\",\"url\":\"https:\/\/creddo.com\/se\/\",\"name\":\"Creddo\",\"description\":\"J\u00e4mf\u00f6r f\u00f6retagsl\u00e5n upp till 10 miljoner\",\"publisher\":{\"@id\":\"https:\/\/creddo.com\/se\/#organization\"},\"potentialAction\":[{\"@type\":\"SearchAction\",\"target\":{\"@type\":\"EntryPoint\",\"urlTemplate\":\"https:\/\/creddo.com\/se\/?s={search_term_string}\"},\"query-input\":{\"@type\":\"PropertyValueSpecification\",\"valueRequired\":true,\"valueName\":\"search_term_string\"}}],\"inLanguage\":\"sv-SE\"},{\"@type\":\"Organization\",\"@id\":\"https:\/\/creddo.com\/se\/#organization\",\"name\":\"Creddo AB\",\"url\":\"https:\/\/creddo.com\/se\/\",\"logo\":{\"@type\":\"ImageObject\",\"inLanguage\":\"sv-SE\",\"@id\":\"https:\/\/creddo.com\/se\/#\/schema\/logo\/image\/\",\"url\":\"https:\/\/creddo.com\/se\/wp-content\/uploads\/2024\/04\/Creddo-logo-square.png\",\"contentUrl\":\"https:\/\/creddo.com\/se\/wp-content\/uploads\/2024\/04\/Creddo-logo-square.png\",\"width\":720,\"height\":720,\"caption\":\"Creddo AB\"},\"image\":{\"@id\":\"https:\/\/creddo.com\/se\/#\/schema\/logo\/image\/\"},\"sameAs\":[\"https:\/\/www.facebook.com\/creddose\",\"https:\/\/www.linkedin.com\/company\/creddo-ab\/\"]}]}<\/script>\n<!-- \/ Yoast SEO Premium plugin. -->","yoast_head_json":{"title":"Svea Bank f\u00f6retagsl\u00e5n - L\u00e5na upp till 1 miljoner kr - Creddo","description":"Svea Bank kan via Creddo erbjuda f\u00f6retagare upp till 1 miljoner kr. L\u00e4gsta r\u00e4ntan f\u00f6r f\u00f6retagsfinansiering. 1 UC","robots":{"index":"index","follow":"follow","max-snippet":"max-snippet:-1","max-image-preview":"max-image-preview:large","max-video-preview":"max-video-preview:-1"},"canonical":"https:\/\/creddo.com\/se\/langivare\/svea-bank\/","og_locale":"sv_SE","og_type":"article","og_title":"Svea Bank","og_description":"Kort om Svea f\u00f6retagsl\u00e5n L\u00e5na upp till 1 miljoner kronor Upp till 24 m\u00e5nader l\u00f6ptid Flexibla villkor och fri f\u00f6rtidsl\u00f6sen Hos Svea Bank s\u00e5 kan du via","og_url":"https:\/\/creddo.com\/se\/langivare\/svea-bank\/","og_site_name":"Creddo","article_publisher":"https:\/\/www.facebook.com\/creddose","article_modified_time":"2025-12-29T13:23:10+00:00","og_image":[{"width":1200,"height":630,"url":"https:\/\/creddo.com\/se\/wp-content\/uploads\/2024\/07\/52.jpg","type":"image\/jpeg"}],"twitter_card":"summary_large_image","twitter_misc":{"Ber\u00e4knad l\u00e4stid":"3 minuter"},"schema":{"@context":"https:\/\/schema.org","@graph":[{"@type":"WebPage","@id":"https:\/\/creddo.com\/se\/langivare\/svea-bank\/","url":"https:\/\/creddo.com\/se\/langivare\/svea-bank\/","name":"Svea Bank f\u00f6retagsl\u00e5n - L\u00e5na upp till 1 miljoner kr - Creddo","isPartOf":{"@id":"https:\/\/creddo.com\/se\/#website"},"datePublished":"2023-07-26T13:25:50+00:00","dateModified":"2025-12-29T13:23:10+00:00","description":"Svea Bank kan via Creddo erbjuda f\u00f6retagare upp till 1 miljoner kr. L\u00e4gsta r\u00e4ntan f\u00f6r f\u00f6retagsfinansiering. 1 UC","breadcrumb":{"@id":"https:\/\/creddo.com\/se\/langivare\/svea-bank\/#breadcrumb"},"inLanguage":"sv-SE","potentialAction":[{"@type":"ReadAction","target":["https:\/\/creddo.com\/se\/langivare\/svea-bank\/"]}]},{"@type":"BreadcrumbList","@id":"https:\/\/creddo.com\/se\/langivare\/svea-bank\/#breadcrumb","itemListElement":[{"@type":"ListItem","position":1,"name":"Creddo.com","item":"https:\/\/creddo.com\/se\/"},{"@type":"ListItem","position":2,"name":"L\u00e5ngivare","item":"https:\/\/creddo.com\/se\/langivare\/"},{"@type":"ListItem","position":3,"name":"Svea Bank"}]},{"@type":"WebSite","@id":"https:\/\/creddo.com\/se\/#website","url":"https:\/\/creddo.com\/se\/","name":"Creddo","description":"J\u00e4mf\u00f6r f\u00f6retagsl\u00e5n upp till 10 miljoner","publisher":{"@id":"https:\/\/creddo.com\/se\/#organization"},"potentialAction":[{"@type":"SearchAction","target":{"@type":"EntryPoint","urlTemplate":"https:\/\/creddo.com\/se\/?s={search_term_string}"},"query-input":{"@type":"PropertyValueSpecification","valueRequired":true,"valueName":"search_term_string"}}],"inLanguage":"sv-SE"},{"@type":"Organization","@id":"https:\/\/creddo.com\/se\/#organization","name":"Creddo AB","url":"https:\/\/creddo.com\/se\/","logo":{"@type":"ImageObject","inLanguage":"sv-SE","@id":"https:\/\/creddo.com\/se\/#\/schema\/logo\/image\/","url":"https:\/\/creddo.com\/se\/wp-content\/uploads\/2024\/04\/Creddo-logo-square.png","contentUrl":"https:\/\/creddo.com\/se\/wp-content\/uploads\/2024\/04\/Creddo-logo-square.png","width":720,"height":720,"caption":"Creddo AB"},"image":{"@id":"https:\/\/creddo.com\/se\/#\/schema\/logo\/image\/"},"sameAs":["https:\/\/www.facebook.com\/creddose","https:\/\/www.linkedin.com\/company\/creddo-ab\/"]}]}},"lang":"sv","translations":{"sv":3044},"pll_sync_post":[],"_links":{"self":[{"href":"https:\/\/creddo.com\/se\/wp-json\/wp\/v2\/pages\/3044","targetHints":{"allow":["GET"]}}],"collection":[{"href":"https:\/\/creddo.com\/se\/wp-json\/wp\/v2\/pages"}],"about":[{"href":"https:\/\/creddo.com\/se\/wp-json\/wp\/v2\/types\/page"}],"author":[{"embeddable":true,"href":"https:\/\/creddo.com\/se\/wp-json\/wp\/v2\/users\/13"}],"replies":[{"embeddable":true,"href":"https:\/\/creddo.com\/se\/wp-json\/wp\/v2\/comments?post=3044"}],"version-history":[{"count":7,"href":"https:\/\/creddo.com\/se\/wp-json\/wp\/v2\/pages\/3044\/revisions"}],"predecessor-version":[{"id":4637,"href":"https:\/\/creddo.com\/se\/wp-json\/wp\/v2\/pages\/3044\/revisions\/4637"}],"up":[{"embeddable":true,"href":"https:\/\/creddo.com\/se\/wp-json\/wp\/v2\/pages\/2896"}],"wp:attachment":[{"href":"https:\/\/creddo.com\/se\/wp-json\/wp\/v2\/media?parent=3044"}],"curies":[{"name":"wp","href":"https:\/\/api.w.org\/{rel}","templated":true}]}}