{"id":3056,"date":"2023-07-26T15:32:05","date_gmt":"2023-07-26T13:32:05","guid":{"rendered":"https:\/\/stage.creddo.com\/se\/?page_id=3056"},"modified":"2025-12-29T15:23:23","modified_gmt":"2025-12-29T14:23:23","slug":"serafim-finans","status":"publish","type":"page","link":"https:\/\/creddo.com\/se\/langivare\/serafim-finans\/","title":{"rendered":"Serafim Finans"},"content":{"rendered":"\n<h2 class=\"wp-block-heading\" id=\"h-kort-om-serafim-finans-foretagslan\"><strong><strong><strong><strong><strong><strong><strong><strong><strong><strong><strong><strong><strong><strong><strong><strong><strong><strong><strong><strong><strong><strong><strong><strong>Kort om Serafim Finans f\u00f6retagsl\u00e5n<\/strong><\/strong><\/strong><\/strong><\/strong><\/strong><\/strong><\/strong><\/strong><\/strong><\/strong><\/strong><\/strong><\/strong><\/strong><\/strong><\/strong><\/strong><\/strong><\/strong><\/strong><\/strong><\/strong><\/strong><\/h2>\n\n\n\n<p><\/p>\n\n\n\n<ul class=\"wp-block-list\">\n<li>Serafim Finans erbjuder f\u00f6retagsl\u00e5n fr\u00e5n 5 000 000 kr<\/li>\n\n\n\n<li>Flexibel l\u00f6ptid<\/li>\n\n\n\n<li>F\u00f6rm\u00e5nliga l\u00e5nevillkor<\/li>\n\n\n\n<li>Brett utbud av l\u00f6sningar: f\u00f6retagsl\u00e5n, bryggl\u00e5n, tillv\u00e4xtl\u00e5n, fastighetsl\u00e5n, byggnadskreditiv, refinansiering av l\u00e5n<\/li>\n<\/ul>\n\n\n\n<p><\/p>\n\n\n\n<p>Via Creddo s\u00e5 kan du f\u00e5 tillg\u00e5ng till f\u00f6rm\u00e5nliga skr\u00e4ddarsydda l\u00f6sningar och l\u00e5nevillkor hos Serafim Finans. Hos Serafim Finans kan du l\u00e5na pengar till ditt f\u00f6retag fr\u00e5n 5 000 000 kr med en l\u00f6ptid p\u00e5 upp till 60 m\u00e5nader. Om du v\u00e4ljer ett erbjudande fr\u00e5n Serafim Finans via Creddo s\u00e5 kommer en handl\u00e4ggare att kontakta dig f\u00f6r att ta processen vidare. Serafim Finans l\u00e4gger stor vikt p\u00e5 personlig och individuell service s\u00e5 att det kr\u00e4vs s\u00e5 lite som m\u00f6jligt fr\u00e5n dig som kund. Det \u00e4r just d\u00e4rf\u00f6r Serafim Finans blir ett popul\u00e4rt val f\u00f6r m\u00e5nga.<\/p>\n\n\n\n<p><\/p>\n\n\n\n<p>Hos Serafim Finans s\u00e5 beh\u00f6ver du ha ett aktiebolag f\u00f6r att kunna ans\u00f6ka om f\u00f6retagsl\u00e5n samt minst ett registrerat bokslut. Skulle du vilja betala tillbaka ditt f\u00f6retagsl\u00e5n i f\u00f6rtid s\u00e5 kan man g\u00f6ra det utan att det tillkommer extra avgifter eller kostnader &#8211; du betalar enbart f\u00f6r tiden som du nyttjar l\u00e5net.<\/p>\n\n\n\n<p><\/p>\n\n\n\n<h2 class=\"wp-block-heading\" id=\"h-foretagslan-utan-sakerhet\"><strong>F\u00f6retagsl\u00e5n utan s\u00e4kerhet<\/strong><\/h2>\n\n\n\n<p>Hos Serafim Finans s\u00e5 beh\u00f6ver du ofta g\u00e5 i personlig borgen f\u00f6r att bli beviljad ett f\u00f6retagsl\u00e5n. P\u00e5 st\u00f6rre l\u00e5n s\u00e5 kan det \u00e4ven beh\u00f6vas f\u00f6retagsinteckningar eller moderbolagsborgen. Serafim Finans g\u00f6r det enkelt att hitta r\u00e4tt finansiering. Genom bara en ans\u00f6kan via Creddo kan de ta fram ett uppl\u00e4gg som passar just ditt f\u00f6retag \u2013 oavsett om du beh\u00f6ver v\u00e4xa, investera eller st\u00e4rka likviditeten. <\/p>\n\n\n\n<p><\/p>\n\n\n\n<h2 class=\"wp-block-heading\" id=\"h-kort-om-serafim-fakturakop\"><strong><strong>Kort om Serafim fakturak\u00f6p<\/strong><\/strong><\/h2>\n\n\n\n<p>Serafim Finans specialiserar sig \u00e4ven p\u00e5 fakturak\u00f6p bland sina finansiella l\u00f6sningar f\u00f6r f\u00f6retag i Sverige. Genom att erbjuda factoringtj\u00e4nster g\u00f6r de det m\u00f6jligt f\u00f6r f\u00f6retag att f\u00e5 snabb och p\u00e5litlig finansiering genom att s\u00e4lja sina fakturor ist\u00e4llet f\u00f6r att v\u00e4nta p\u00e5 betalning fr\u00e5n sina kunder. Det finns flera f\u00f6rdelar med att anv\u00e4nda factoring som finansieringsmetod, och Serafim Finans s\u00e4kerst\u00e4ller detta.<\/p>\n\n\n\n<p><\/p>\n\n\n\n<h2 class=\"wp-block-heading\" id=\"h-fordelar-med-serafim-fakturakop\"><strong><strong>F\u00f6rdelar med Serafim fakturak\u00f6p<\/strong><\/strong><\/h2>\n\n\n\n<p><\/p>\n\n\n\n<ul class=\"wp-block-list\">\n<li>Frig\u00f6r kapital och f\u00f6rb\u00e4ttra ditt f\u00f6retags likviditet<\/li>\n\n\n\n<li>Minska risken f\u00f6r f\u00f6rluster<\/li>\n\n\n\n<li>F\u00e5 tillg\u00e5ng till administrativ hj\u00e4lp<\/li>\n<\/ul>\n\n\n\n<p><\/p>\n\n\n\n<p>Fakturak\u00f6p kan vara bra f\u00f6r det kan st\u00e4rka viktiga nyckeltal, s\u00e5som skulds\u00e4ttningsgrad d\u00e5 man v\u00e4xlar kapital som \u00e4r bundet i kundfordringar mot att minska skulder till kreditgivare. Fakturak\u00f6p kan \u00e4ven kombineras med f\u00f6retagsl\u00e5n, och detta kan kopplas till Serafim Finans erbjudanden.<\/p>\n\n\n\n<p><\/p>\n\n\n\n<h2 class=\"wp-block-heading\" id=\"h-varfor-ska-man-jamfora-foretagslan-med-creddo\"><strong>Varf\u00f6r ska man j\u00e4mf\u00f6ra f\u00f6retagsl\u00e5n med Creddo?<\/strong><\/h2>\n\n\n\n<p>N\u00e4r du ans\u00f6ker om ett <a href=\"https:\/\/creddo.com\/se\/foretagslan\/\">f\u00f6retagsl\u00e5n <\/a>hos Creddo s\u00e5 har du m\u00f6jlighet att f\u00e5 flera erbjudanden, men det registreras bara en kreditupplysning via UC. Det finns \u00e4ven l\u00e5ngivare som jobbar med andra kreditf\u00f6retag, bland annat CreditSafe och Dun &amp; Bradstreet, tidigare k\u00e4nd som Bisnode. Dessa p\u00e5verkar dock inte ditt f\u00f6retags kreditv\u00e4rdighet.&nbsp;<\/p>\n\n\n\n<p><\/p>\n\n\n\n<p>Via Creddo s\u00e5 f\u00e5r du en bra \u00f6verblick p\u00e5 vilka erbjudanden du f\u00e5r och vilket som passar dig och ditt f\u00f6retag b\u00e4st. Ut\u00f6ver detta s\u00e5 ist\u00e4llet f\u00f6r att ans\u00f6ka hos varje l\u00e5ngivare s\u00e5 sparar du b\u00e5de tid och energi genom att samla din ans\u00f6kan p\u00e5 samma st\u00e4lle. Vi p\u00e5 Creddo tar inte ut n\u00e5gon avgift mot dig som f\u00f6retagare, utan f\u00e5r ist\u00e4llet en ers\u00e4ttning fr\u00e5n l\u00e5ngivaren vid utbetalt l\u00e5n. <\/p>\n\n\n\n<p><\/p>\n\n\n\n<h2 class=\"wp-block-heading\" id=\"h-sammanfattning-serafim-foretagslan\"><strong><strong><strong><strong><strong><strong><strong><strong><strong><strong><strong><strong><strong><strong><strong>Sammanfattning Serafim f\u00f6retagsl\u00e5n<\/strong><\/strong><\/strong><\/strong><\/strong><\/strong><\/strong><\/strong><\/strong><\/strong><\/strong><\/strong><\/strong><\/strong><\/strong><\/h2>\n\n\n\n<p><\/p>\n\n\n\n<figure class=\"wp-block-table is-style-stripes\"><table class=\"has-fixed-layout\"><tbody><tr><td>L\u00e5nebelopp<\/td><td>5 000 000 &#8211; 100 000 000 kr<\/td><\/tr><tr><td>L\u00f6ptid<\/td><td>6 &#8211; 60 m\u00e5nader<\/td><\/tr><tr><td>Uppl\u00e4ggningsavgift<\/td><td>Ja<\/td><\/tr><tr><td>Personlig borgen<\/td><td>Ja<\/td><\/tr><tr><td>Aviavgift<\/td><td>Nej<\/td><\/tr><tr><td>Autogiro<\/td><td>Ja<\/td><\/tr><tr><td>Komplettering<\/td><td>Ja<\/td><\/tr><tr><td>BankID<\/td><td>Ja<\/td><\/tr><\/tbody><\/table><\/figure>\n","protected":false},"excerpt":{"rendered":"<p>Kort om Serafim Finans f\u00f6retagsl\u00e5n Via Creddo s\u00e5 kan du f\u00e5 tillg\u00e5ng till f\u00f6rm\u00e5nliga skr\u00e4ddarsydda l\u00f6sningar och l\u00e5nevillkor hos Serafim Finans. Hos Serafim Finans kan du l\u00e5na pengar till ditt f\u00f6retag fr\u00e5n 5 000 000 kr med en l\u00f6ptid p\u00e5 upp till 60 m\u00e5nader. Om du v\u00e4ljer ett erbjudande fr\u00e5n Serafim Finans via Creddo s\u00e5 [&hellip;]<\/p>\n","protected":false},"author":13,"featured_media":0,"parent":2896,"menu_order":0,"comment_status":"closed","ping_status":"closed","template":"empty-page-with-slider.php","meta":{"_acf_changed":false,"_uag_custom_page_level_css":"","footnotes":""},"class_list":["post-3056","page","type-page","status-publish","hentry"],"acf":[],"yoast_head":"<!-- This site is optimized with the Yoast SEO Premium plugin v26.6 (Yoast SEO v26.8) - https:\/\/yoast.com\/product\/yoast-seo-premium-wordpress\/ -->\n<title>Serafim Finans F\u00f6retagsl\u00e5n p\u00e5 \u00f6ver 30 miljoner kr - Creddo<\/title>\n<meta name=\"description\" content=\"Serafim Finans kan via Creddo erbjuda f\u00f6retagare p\u00e5 \u00f6ver 30 miljoner kr. L\u00e4gsta r\u00e4ntan f\u00f6r f\u00f6retagsfinansiering.\" \/>\n<meta name=\"robots\" content=\"index, follow, max-snippet:-1, max-image-preview:large, max-video-preview:-1\" \/>\n<link rel=\"canonical\" href=\"https:\/\/creddo.com\/se\/langivare\/serafim-finans\/\" \/>\n<meta property=\"og:locale\" content=\"sv_SE\" \/>\n<meta property=\"og:type\" content=\"article\" \/>\n<meta property=\"og:title\" content=\"Serafim Finans\" \/>\n<meta property=\"og:description\" content=\"Kort om Serafim Finans f\u00f6retagsl\u00e5n Serafim Finans erbjuder f\u00f6retagsl\u00e5n fr\u00e5n 5 000 000 kr Flexibel l\u00f6ptid F\u00f6rm\u00e5nliga l\u00e5nevillkor Brett utbud av l\u00f6sningar:\" \/>\n<meta property=\"og:url\" content=\"https:\/\/creddo.com\/se\/langivare\/serafim-finans\/\" \/>\n<meta property=\"og:site_name\" content=\"Creddo\" \/>\n<meta property=\"article:publisher\" content=\"https:\/\/www.facebook.com\/creddose\" \/>\n<meta property=\"article:modified_time\" content=\"2025-12-29T14:23:23+00:00\" \/>\n<meta property=\"og:image\" content=\"https:\/\/creddo.com\/se\/wp-content\/uploads\/2024\/07\/52.jpg\" \/>\n\t<meta property=\"og:image:width\" content=\"1200\" \/>\n\t<meta property=\"og:image:height\" content=\"630\" \/>\n\t<meta property=\"og:image:type\" content=\"image\/jpeg\" \/>\n<meta name=\"twitter:card\" content=\"summary_large_image\" \/>\n<meta name=\"twitter:label1\" content=\"Ber\u00e4knad l\u00e4stid\" \/>\n\t<meta name=\"twitter:data1\" content=\"3 minuter\" \/>\n<script type=\"application\/ld+json\" class=\"yoast-schema-graph\">{\"@context\":\"https:\/\/schema.org\",\"@graph\":[{\"@type\":\"WebPage\",\"@id\":\"https:\/\/creddo.com\/se\/langivare\/serafim-finans\/\",\"url\":\"https:\/\/creddo.com\/se\/langivare\/serafim-finans\/\",\"name\":\"Serafim Finans F\u00f6retagsl\u00e5n p\u00e5 \u00f6ver 30 miljoner kr - Creddo\",\"isPartOf\":{\"@id\":\"https:\/\/creddo.com\/se\/#website\"},\"datePublished\":\"2023-07-26T13:32:05+00:00\",\"dateModified\":\"2025-12-29T14:23:23+00:00\",\"description\":\"Serafim Finans kan via Creddo erbjuda f\u00f6retagare p\u00e5 \u00f6ver 30 miljoner kr. L\u00e4gsta r\u00e4ntan f\u00f6r f\u00f6retagsfinansiering.\",\"breadcrumb\":{\"@id\":\"https:\/\/creddo.com\/se\/langivare\/serafim-finans\/#breadcrumb\"},\"inLanguage\":\"sv-SE\",\"potentialAction\":[{\"@type\":\"ReadAction\",\"target\":[\"https:\/\/creddo.com\/se\/langivare\/serafim-finans\/\"]}]},{\"@type\":\"BreadcrumbList\",\"@id\":\"https:\/\/creddo.com\/se\/langivare\/serafim-finans\/#breadcrumb\",\"itemListElement\":[{\"@type\":\"ListItem\",\"position\":1,\"name\":\"Creddo.com\",\"item\":\"https:\/\/creddo.com\/se\/\"},{\"@type\":\"ListItem\",\"position\":2,\"name\":\"L\u00e5ngivare\",\"item\":\"https:\/\/creddo.com\/se\/langivare\/\"},{\"@type\":\"ListItem\",\"position\":3,\"name\":\"Serafim Finans\"}]},{\"@type\":\"WebSite\",\"@id\":\"https:\/\/creddo.com\/se\/#website\",\"url\":\"https:\/\/creddo.com\/se\/\",\"name\":\"Creddo\",\"description\":\"J\u00e4mf\u00f6r f\u00f6retagsl\u00e5n upp till 10 miljoner\",\"publisher\":{\"@id\":\"https:\/\/creddo.com\/se\/#organization\"},\"potentialAction\":[{\"@type\":\"SearchAction\",\"target\":{\"@type\":\"EntryPoint\",\"urlTemplate\":\"https:\/\/creddo.com\/se\/?s={search_term_string}\"},\"query-input\":{\"@type\":\"PropertyValueSpecification\",\"valueRequired\":true,\"valueName\":\"search_term_string\"}}],\"inLanguage\":\"sv-SE\"},{\"@type\":\"Organization\",\"@id\":\"https:\/\/creddo.com\/se\/#organization\",\"name\":\"Creddo AB\",\"url\":\"https:\/\/creddo.com\/se\/\",\"logo\":{\"@type\":\"ImageObject\",\"inLanguage\":\"sv-SE\",\"@id\":\"https:\/\/creddo.com\/se\/#\/schema\/logo\/image\/\",\"url\":\"https:\/\/creddo.com\/se\/wp-content\/uploads\/2024\/04\/Creddo-logo-square.png\",\"contentUrl\":\"https:\/\/creddo.com\/se\/wp-content\/uploads\/2024\/04\/Creddo-logo-square.png\",\"width\":720,\"height\":720,\"caption\":\"Creddo AB\"},\"image\":{\"@id\":\"https:\/\/creddo.com\/se\/#\/schema\/logo\/image\/\"},\"sameAs\":[\"https:\/\/www.facebook.com\/creddose\",\"https:\/\/www.linkedin.com\/company\/creddo-ab\/\"]}]}<\/script>\n<!-- \/ Yoast SEO Premium plugin. -->","yoast_head_json":{"title":"Serafim Finans F\u00f6retagsl\u00e5n p\u00e5 \u00f6ver 30 miljoner kr - Creddo","description":"Serafim Finans kan via Creddo erbjuda f\u00f6retagare p\u00e5 \u00f6ver 30 miljoner kr. L\u00e4gsta r\u00e4ntan f\u00f6r f\u00f6retagsfinansiering.","robots":{"index":"index","follow":"follow","max-snippet":"max-snippet:-1","max-image-preview":"max-image-preview:large","max-video-preview":"max-video-preview:-1"},"canonical":"https:\/\/creddo.com\/se\/langivare\/serafim-finans\/","og_locale":"sv_SE","og_type":"article","og_title":"Serafim Finans","og_description":"Kort om Serafim Finans f\u00f6retagsl\u00e5n Serafim Finans erbjuder f\u00f6retagsl\u00e5n fr\u00e5n 5 000 000 kr Flexibel l\u00f6ptid F\u00f6rm\u00e5nliga l\u00e5nevillkor Brett utbud av l\u00f6sningar:","og_url":"https:\/\/creddo.com\/se\/langivare\/serafim-finans\/","og_site_name":"Creddo","article_publisher":"https:\/\/www.facebook.com\/creddose","article_modified_time":"2025-12-29T14:23:23+00:00","og_image":[{"width":1200,"height":630,"url":"https:\/\/creddo.com\/se\/wp-content\/uploads\/2024\/07\/52.jpg","type":"image\/jpeg"}],"twitter_card":"summary_large_image","twitter_misc":{"Ber\u00e4knad l\u00e4stid":"3 minuter"},"schema":{"@context":"https:\/\/schema.org","@graph":[{"@type":"WebPage","@id":"https:\/\/creddo.com\/se\/langivare\/serafim-finans\/","url":"https:\/\/creddo.com\/se\/langivare\/serafim-finans\/","name":"Serafim Finans F\u00f6retagsl\u00e5n p\u00e5 \u00f6ver 30 miljoner kr - Creddo","isPartOf":{"@id":"https:\/\/creddo.com\/se\/#website"},"datePublished":"2023-07-26T13:32:05+00:00","dateModified":"2025-12-29T14:23:23+00:00","description":"Serafim Finans kan via Creddo erbjuda f\u00f6retagare p\u00e5 \u00f6ver 30 miljoner kr. L\u00e4gsta r\u00e4ntan f\u00f6r f\u00f6retagsfinansiering.","breadcrumb":{"@id":"https:\/\/creddo.com\/se\/langivare\/serafim-finans\/#breadcrumb"},"inLanguage":"sv-SE","potentialAction":[{"@type":"ReadAction","target":["https:\/\/creddo.com\/se\/langivare\/serafim-finans\/"]}]},{"@type":"BreadcrumbList","@id":"https:\/\/creddo.com\/se\/langivare\/serafim-finans\/#breadcrumb","itemListElement":[{"@type":"ListItem","position":1,"name":"Creddo.com","item":"https:\/\/creddo.com\/se\/"},{"@type":"ListItem","position":2,"name":"L\u00e5ngivare","item":"https:\/\/creddo.com\/se\/langivare\/"},{"@type":"ListItem","position":3,"name":"Serafim Finans"}]},{"@type":"WebSite","@id":"https:\/\/creddo.com\/se\/#website","url":"https:\/\/creddo.com\/se\/","name":"Creddo","description":"J\u00e4mf\u00f6r f\u00f6retagsl\u00e5n upp till 10 miljoner","publisher":{"@id":"https:\/\/creddo.com\/se\/#organization"},"potentialAction":[{"@type":"SearchAction","target":{"@type":"EntryPoint","urlTemplate":"https:\/\/creddo.com\/se\/?s={search_term_string}"},"query-input":{"@type":"PropertyValueSpecification","valueRequired":true,"valueName":"search_term_string"}}],"inLanguage":"sv-SE"},{"@type":"Organization","@id":"https:\/\/creddo.com\/se\/#organization","name":"Creddo AB","url":"https:\/\/creddo.com\/se\/","logo":{"@type":"ImageObject","inLanguage":"sv-SE","@id":"https:\/\/creddo.com\/se\/#\/schema\/logo\/image\/","url":"https:\/\/creddo.com\/se\/wp-content\/uploads\/2024\/04\/Creddo-logo-square.png","contentUrl":"https:\/\/creddo.com\/se\/wp-content\/uploads\/2024\/04\/Creddo-logo-square.png","width":720,"height":720,"caption":"Creddo AB"},"image":{"@id":"https:\/\/creddo.com\/se\/#\/schema\/logo\/image\/"},"sameAs":["https:\/\/www.facebook.com\/creddose","https:\/\/www.linkedin.com\/company\/creddo-ab\/"]}]}},"lang":"sv","translations":{"sv":3056},"uagb_featured_image_src":{"full":false,"thumbnail":false,"medium":false,"medium_large":false,"large":false,"1536x1536":false,"2048x2048":false},"uagb_author_info":{"display_name":"Jonas Smyth","author_link":"https:\/\/creddo.com\/se\/experthornan\/author\/jonas\/"},"uagb_comment_info":0,"uagb_excerpt":"Kort om Serafim Finans f\u00f6retagsl\u00e5n Via Creddo s\u00e5 kan du f\u00e5 tillg\u00e5ng till f\u00f6rm\u00e5nliga skr\u00e4ddarsydda l\u00f6sningar och l\u00e5nevillkor hos Serafim Finans. Hos Serafim Finans kan du l\u00e5na pengar till ditt f\u00f6retag fr\u00e5n 5 000 000 kr med en l\u00f6ptid p\u00e5 upp till 60 m\u00e5nader. Om du v\u00e4ljer ett erbjudande fr\u00e5n Serafim Finans via Creddo s\u00e5&hellip;","pll_sync_post":[],"_links":{"self":[{"href":"https:\/\/creddo.com\/se\/wp-json\/wp\/v2\/pages\/3056","targetHints":{"allow":["GET"]}}],"collection":[{"href":"https:\/\/creddo.com\/se\/wp-json\/wp\/v2\/pages"}],"about":[{"href":"https:\/\/creddo.com\/se\/wp-json\/wp\/v2\/types\/page"}],"author":[{"embeddable":true,"href":"https:\/\/creddo.com\/se\/wp-json\/wp\/v2\/users\/13"}],"replies":[{"embeddable":true,"href":"https:\/\/creddo.com\/se\/wp-json\/wp\/v2\/comments?post=3056"}],"version-history":[{"count":11,"href":"https:\/\/creddo.com\/se\/wp-json\/wp\/v2\/pages\/3056\/revisions"}],"predecessor-version":[{"id":5335,"href":"https:\/\/creddo.com\/se\/wp-json\/wp\/v2\/pages\/3056\/revisions\/5335"}],"up":[{"embeddable":true,"href":"https:\/\/creddo.com\/se\/wp-json\/wp\/v2\/pages\/2896"}],"wp:attachment":[{"href":"https:\/\/creddo.com\/se\/wp-json\/wp\/v2\/media?parent=3056"}],"curies":[{"name":"wp","href":"https:\/\/api.w.org\/{rel}","templated":true}]}}