{"id":3065,"date":"2023-07-26T15:34:53","date_gmt":"2023-07-26T13:34:53","guid":{"rendered":"https:\/\/stage.creddo.com\/se\/?page_id=3065"},"modified":"2025-12-29T15:50:29","modified_gmt":"2025-12-29T14:50:29","slug":"treyd","status":"publish","type":"page","link":"https:\/\/creddo.com\/se\/langivare\/treyd\/","title":{"rendered":"Treyd"},"content":{"rendered":"\n<h2 class=\"wp-block-heading\" id=\"h-finansiering-av-lager-eller-inkop-med-treyd\"><strong><strong><strong><strong><strong><strong><strong><strong><strong><strong><strong><strong><strong><strong><strong><strong><strong><strong><strong><strong><strong><strong><strong><strong><strong>Finansiering av lager eller ink\u00f6p med Treyd<\/strong><\/strong><\/strong><\/strong><\/strong><\/strong><\/strong><\/strong><\/strong><\/strong><\/strong><\/strong><\/strong><\/strong><\/strong><\/strong><\/strong><\/strong><\/strong><\/strong><\/strong><\/strong><\/strong><\/strong><\/strong><\/h2>\n\n\n\n<p>Att f\u00f6rskottsbetala sina leverant\u00f6rer f\u00f6r lagerink\u00f6p kan inneb\u00e4ra en rad utmaningar s\u00e5som pressat kassafl\u00f6de, l\u00e4gre marginal och dyrare frakt. Allt detta h\u00e4mmar tillv\u00e4xten f\u00f6r m\u00e5nga f\u00f6retag. F\u00f6retagare som anv\u00e4nder Treyd finner det l\u00e4ttare att r\u00e5da bot p\u00e5 detta genom att erbjuda finansiering av varuink\u00f6p med en speciell &#8221;k\u00f6p nu och betala sen tj\u00e4nst&#8221; skapad f\u00f6r dem.<\/p>\n\n\n\n<p><strong>F\u00f6r att kunna ans\u00f6ka om finansiering via Treyd \u2013 i samarbete med Creddo \u2013 beh\u00f6ver ditt f\u00f6retag uppfylla f\u00f6ljande villkor:<\/strong><\/p>\n\n\n\n<ul class=\"wp-block-list\">\n<li>Verksamheten ska bedrivas inom f\u00f6rs\u00e4ljning av fysiska produkter<\/li>\n\n\n\n<li>F\u00f6retaget ska ha varit aktivt i minst ett \u00e5r<\/li>\n\n\n\n<li>Ett \u00e5rsbokslut ska visa en oms\u00e4ttning p\u00e5 minst 2 miljoner kronor<\/li>\n\n\n\n<li>F\u00f6retaget b\u00f6r visa tecken p\u00e5 positiv tillv\u00e4xt<\/li>\n<\/ul>\n\n\n\n<p>Med Treyd kan du finansiera dina ink\u00f6p fr\u00e5n 30 upp till 120 dagar. Du betalar endast en fast avgift per finansierad faktura. Ingen ans\u00f6kningsavgift eller fasta avgifter debiteras. Treyd tar inga s\u00e4kerheter s\u00e5 det \u00e4r helt riskfritt f\u00f6r er och g\u00e5r utm\u00e4rkt att kombinera med andra finansieringsalternativ.<\/p>\n\n\n\n<p><\/p>\n\n\n\n<h2 class=\"wp-block-heading\" id=\"h-fordelar-med-treyd\"><strong><strong>F\u00f6rdelar med Treyd<\/strong><\/strong><\/h2>\n\n\n\n<p><\/p>\n\n\n\n<ul class=\"wp-block-list\">\n<li>Genom att anv\u00e4nda tj\u00e4nsterna Treyd erbjuder f\u00f6r att betala leverant\u00f6ren f\u00e5r man ofta m\u00f6jlighet att f\u00f6rhandla rabatter.<\/li>\n\n\n\n<li>Snabbare betalningar till leverant\u00f6rerna \u2013 Med Treyd f\u00e5r dina leverant\u00f6rer sina pengar inom 1\u20133 dagar, vilket skapar trygghet och st\u00e4rker samarbetet.<\/li>\n\n\n\n<li>F\u00e5 ett j\u00e4mnare kassafl\u00f6de med mer r\u00f6relsekapital tillg\u00e4ngligt f\u00f6r investering i s\u00e4lj och marknadsf\u00f6ring.<\/li>\n\n\n\n<li>Slipp kapitalstress och byt till billigare och gr\u00f6nare fraktalternativ.<\/li>\n\n\n\n<li>L\u00e4gg st\u00f6rre ordrar till l\u00e4gre enhetspris och \u00f6ka dina marginaler.<\/li>\n<\/ul>\n\n\n\n<p><\/p>\n\n\n\n<h2 class=\"wp-block-heading\" id=\"h-sa-funkar-det\"><strong><strong><strong>S\u00e5 funkar det<\/strong><\/strong><\/strong><\/h2>\n\n\n\n<p><\/p>\n\n\n\n<ol class=\"wp-block-list\">\n<li>Efter du har valt Treyd\u2019s erbjudande via Creddo s\u00e5 f\u00e5r du en l\u00e4nk d\u00e4r du kan ladda upp din leverant\u00f6rsfaktura och skapa ett konto i Treyds portal och v\u00e4lja \u00e5terbetalningstid fr\u00e5n 1-4 m\u00e5nader.<\/li>\n\n\n\n<li>Treyd betalar leverant\u00f6ren f\u00f6r din r\u00e4kning, vanligtivs inom en till tv\u00e5 dagar.<br><\/li>\n\n\n\n<li>Du betalar tillbaka enligt avtalad l\u00f6ptid.<\/li>\n<\/ol>\n\n\n\n<p><\/p>\n\n\n\n<h2 class=\"wp-block-heading\" id=\"h-varfor-ska-man-jamfora-foretagslan-med-creddo\"><strong>Varf\u00f6r ska man j\u00e4mf\u00f6ra f\u00f6retagsl\u00e5n med Creddo?<\/strong><\/h2>\n\n\n\n<p>N\u00e4r du ans\u00f6ker om ett f\u00f6retagsl\u00e5n hos Creddo s\u00e5 har du m\u00f6jlighet att f\u00e5 flera erbjudanden, men det registreras bara en <a href=\"https:\/\/creddo.com\/se\/foretagslan\/kreditupplysning\/\">kreditupplysning<\/a> via UC. Det finns \u00e4ven l\u00e5ngivare som jobbar med andra kreditf\u00f6retag, bland annat CreditSafe och Dun &amp; Bradstreet, tidigare k\u00e4nd som Bisnode. Dessa p\u00e5verkar dock inte ditt f\u00f6retags kreditv\u00e4rdighet.&nbsp;<\/p>\n\n\n\n<p><\/p>\n\n\n\n<p>Via Creddo s\u00e5 f\u00e5r du en bra \u00f6verblick p\u00e5 vilka erbjudanden du f\u00e5r och vilket som passar dig och ditt f\u00f6retag b\u00e4st. Med st\u00f6d fr\u00e5n Treyd kan du ans\u00f6ka om flera olika l\u00e5n genom att samla din ans\u00f6kan p\u00e5 samma st\u00e4lle utan avgift mot dig som f\u00f6retagare. Vi p\u00e5 Creddo tar inte ut n\u00e5gon avgift mot dig som f\u00f6retagare, utan f\u00e5r ist\u00e4llet en ers\u00e4ttning fr\u00e5n l\u00e5ngivaren vid utbetalt <a href=\"https:\/\/creddo.com\/se\/foretagslan\/basta-foretagslanet\/\">l\u00e5n<\/a>.<\/p>\n\n\n\n<p><\/p>\n\n\n\n<h2 class=\"wp-block-heading\" id=\"h-sammanfattning-treyd-foretagslan\"><strong>Sammanfattning Treyd f\u00f6retagsl\u00e5n<\/strong><\/h2>\n\n\n\n<p><\/p>\n\n\n\n<figure class=\"wp-block-table is-style-stripes\"><table class=\"has-fixed-layout\"><tbody><tr><td>L\u00e5nebelopp<\/td><td>100 000 &#8211; 100 000 000 kr<\/td><\/tr><tr><td>L\u00f6ptid<\/td><td>1 &#8211; 4  m\u00e5nader<\/td><\/tr><tr><td>Uppl\u00e4ggningsavgift<\/td><td>Nej<\/td><\/tr><tr><td>Personlig borgen<\/td><td>Nej<\/td><\/tr><tr><td>Aviavgift<\/td><td>Nej<\/td><\/tr><tr><td>Autogiro<\/td><td>Nej<\/td><\/tr><tr><td>Komplettering<\/td><td>Ja<\/td><\/tr><tr><td>BankID<\/td><td>Ja<\/td><\/tr><\/tbody><\/table><\/figure>\n","protected":false},"excerpt":{"rendered":"<p>Finansiering av lager eller ink\u00f6p med Treyd Att f\u00f6rskottsbetala sina leverant\u00f6rer f\u00f6r lagerink\u00f6p kan inneb\u00e4ra en rad utmaningar s\u00e5som pressat kassafl\u00f6de, l\u00e4gre marginal och dyrare frakt. Allt detta h\u00e4mmar tillv\u00e4xten f\u00f6r m\u00e5nga f\u00f6retag. F\u00f6retagare som anv\u00e4nder Treyd finner det l\u00e4ttare att r\u00e5da bot p\u00e5 detta genom att erbjuda finansiering av varuink\u00f6p med en speciell &#8221;k\u00f6p [&hellip;]<\/p>\n","protected":false},"author":13,"featured_media":0,"parent":2896,"menu_order":0,"comment_status":"closed","ping_status":"closed","template":"empty-page-with-slider.php","meta":{"_acf_changed":false,"footnotes":""},"class_list":["post-3065","page","type-page","status-publish","hentry"],"acf":[],"yoast_head":"<!-- This site is optimized with the Yoast SEO Premium plugin v26.6 (Yoast SEO v26.8) - https:\/\/yoast.com\/product\/yoast-seo-premium-wordpress\/ -->\n<title>Treyd - S\u00e4lj f\u00f6rst, betala leverant\u00f6ren senare - Creddo<\/title>\n<meta name=\"description\" content=\"Med Treyd kan du finansiera dina ink\u00f6p fr\u00e5n 30 upp till 120 dagar. Du betalar endast en fast avgift per finansierad faktura.\" \/>\n<meta name=\"robots\" content=\"index, follow, max-snippet:-1, max-image-preview:large, max-video-preview:-1\" \/>\n<link rel=\"canonical\" href=\"https:\/\/creddo.com\/se\/langivare\/treyd\/\" \/>\n<meta property=\"og:locale\" content=\"sv_SE\" \/>\n<meta property=\"og:type\" content=\"article\" \/>\n<meta property=\"og:title\" content=\"Treyd\" \/>\n<meta property=\"og:description\" content=\"Finansiering av lager eller ink\u00f6p med Treyd Att f\u00f6rskottsbetala sina leverant\u00f6rer f\u00f6r lagerink\u00f6p kan inneb\u00e4ra en rad utmaningar s\u00e5som pressat kassafl\u00f6de,\" \/>\n<meta property=\"og:url\" content=\"https:\/\/creddo.com\/se\/langivare\/treyd\/\" \/>\n<meta property=\"og:site_name\" content=\"Creddo\" \/>\n<meta property=\"article:publisher\" content=\"https:\/\/www.facebook.com\/creddose\" \/>\n<meta property=\"article:modified_time\" content=\"2025-12-29T14:50:29+00:00\" \/>\n<meta property=\"og:image\" content=\"https:\/\/creddo.com\/se\/wp-content\/uploads\/2024\/07\/52.jpg\" \/>\n\t<meta property=\"og:image:width\" content=\"1200\" \/>\n\t<meta property=\"og:image:height\" content=\"630\" \/>\n\t<meta property=\"og:image:type\" content=\"image\/jpeg\" \/>\n<meta name=\"twitter:card\" content=\"summary_large_image\" \/>\n<meta name=\"twitter:label1\" content=\"Ber\u00e4knad l\u00e4stid\" \/>\n\t<meta name=\"twitter:data1\" content=\"3 minuter\" \/>\n<script type=\"application\/ld+json\" class=\"yoast-schema-graph\">{\"@context\":\"https:\/\/schema.org\",\"@graph\":[{\"@type\":\"WebPage\",\"@id\":\"https:\/\/creddo.com\/se\/langivare\/treyd\/\",\"url\":\"https:\/\/creddo.com\/se\/langivare\/treyd\/\",\"name\":\"Treyd - S\u00e4lj f\u00f6rst, betala leverant\u00f6ren senare - Creddo\",\"isPartOf\":{\"@id\":\"https:\/\/creddo.com\/se\/#website\"},\"datePublished\":\"2023-07-26T13:34:53+00:00\",\"dateModified\":\"2025-12-29T14:50:29+00:00\",\"description\":\"Med Treyd kan du finansiera dina ink\u00f6p fr\u00e5n 30 upp till 120 dagar. Du betalar endast en fast avgift per finansierad faktura.\",\"breadcrumb\":{\"@id\":\"https:\/\/creddo.com\/se\/langivare\/treyd\/#breadcrumb\"},\"inLanguage\":\"sv-SE\",\"potentialAction\":[{\"@type\":\"ReadAction\",\"target\":[\"https:\/\/creddo.com\/se\/langivare\/treyd\/\"]}]},{\"@type\":\"BreadcrumbList\",\"@id\":\"https:\/\/creddo.com\/se\/langivare\/treyd\/#breadcrumb\",\"itemListElement\":[{\"@type\":\"ListItem\",\"position\":1,\"name\":\"Creddo.com\",\"item\":\"https:\/\/creddo.com\/se\/\"},{\"@type\":\"ListItem\",\"position\":2,\"name\":\"L\u00e5ngivare\",\"item\":\"https:\/\/creddo.com\/se\/langivare\/\"},{\"@type\":\"ListItem\",\"position\":3,\"name\":\"Treyd\"}]},{\"@type\":\"WebSite\",\"@id\":\"https:\/\/creddo.com\/se\/#website\",\"url\":\"https:\/\/creddo.com\/se\/\",\"name\":\"Creddo\",\"description\":\"J\u00e4mf\u00f6r f\u00f6retagsl\u00e5n upp till 10 miljoner\",\"publisher\":{\"@id\":\"https:\/\/creddo.com\/se\/#organization\"},\"potentialAction\":[{\"@type\":\"SearchAction\",\"target\":{\"@type\":\"EntryPoint\",\"urlTemplate\":\"https:\/\/creddo.com\/se\/?s={search_term_string}\"},\"query-input\":{\"@type\":\"PropertyValueSpecification\",\"valueRequired\":true,\"valueName\":\"search_term_string\"}}],\"inLanguage\":\"sv-SE\"},{\"@type\":\"Organization\",\"@id\":\"https:\/\/creddo.com\/se\/#organization\",\"name\":\"Creddo AB\",\"url\":\"https:\/\/creddo.com\/se\/\",\"logo\":{\"@type\":\"ImageObject\",\"inLanguage\":\"sv-SE\",\"@id\":\"https:\/\/creddo.com\/se\/#\/schema\/logo\/image\/\",\"url\":\"https:\/\/creddo.com\/se\/wp-content\/uploads\/2024\/04\/Creddo-logo-square.png\",\"contentUrl\":\"https:\/\/creddo.com\/se\/wp-content\/uploads\/2024\/04\/Creddo-logo-square.png\",\"width\":720,\"height\":720,\"caption\":\"Creddo AB\"},\"image\":{\"@id\":\"https:\/\/creddo.com\/se\/#\/schema\/logo\/image\/\"},\"sameAs\":[\"https:\/\/www.facebook.com\/creddose\",\"https:\/\/www.linkedin.com\/company\/creddo-ab\/\"]}]}<\/script>\n<!-- \/ Yoast SEO Premium plugin. -->","yoast_head_json":{"title":"Treyd - S\u00e4lj f\u00f6rst, betala leverant\u00f6ren senare - Creddo","description":"Med Treyd kan du finansiera dina ink\u00f6p fr\u00e5n 30 upp till 120 dagar. Du betalar endast en fast avgift per finansierad faktura.","robots":{"index":"index","follow":"follow","max-snippet":"max-snippet:-1","max-image-preview":"max-image-preview:large","max-video-preview":"max-video-preview:-1"},"canonical":"https:\/\/creddo.com\/se\/langivare\/treyd\/","og_locale":"sv_SE","og_type":"article","og_title":"Treyd","og_description":"Finansiering av lager eller ink\u00f6p med Treyd Att f\u00f6rskottsbetala sina leverant\u00f6rer f\u00f6r lagerink\u00f6p kan inneb\u00e4ra en rad utmaningar s\u00e5som pressat kassafl\u00f6de,","og_url":"https:\/\/creddo.com\/se\/langivare\/treyd\/","og_site_name":"Creddo","article_publisher":"https:\/\/www.facebook.com\/creddose","article_modified_time":"2025-12-29T14:50:29+00:00","og_image":[{"width":1200,"height":630,"url":"https:\/\/creddo.com\/se\/wp-content\/uploads\/2024\/07\/52.jpg","type":"image\/jpeg"}],"twitter_card":"summary_large_image","twitter_misc":{"Ber\u00e4knad l\u00e4stid":"3 minuter"},"schema":{"@context":"https:\/\/schema.org","@graph":[{"@type":"WebPage","@id":"https:\/\/creddo.com\/se\/langivare\/treyd\/","url":"https:\/\/creddo.com\/se\/langivare\/treyd\/","name":"Treyd - S\u00e4lj f\u00f6rst, betala leverant\u00f6ren senare - Creddo","isPartOf":{"@id":"https:\/\/creddo.com\/se\/#website"},"datePublished":"2023-07-26T13:34:53+00:00","dateModified":"2025-12-29T14:50:29+00:00","description":"Med Treyd kan du finansiera dina ink\u00f6p fr\u00e5n 30 upp till 120 dagar. Du betalar endast en fast avgift per finansierad faktura.","breadcrumb":{"@id":"https:\/\/creddo.com\/se\/langivare\/treyd\/#breadcrumb"},"inLanguage":"sv-SE","potentialAction":[{"@type":"ReadAction","target":["https:\/\/creddo.com\/se\/langivare\/treyd\/"]}]},{"@type":"BreadcrumbList","@id":"https:\/\/creddo.com\/se\/langivare\/treyd\/#breadcrumb","itemListElement":[{"@type":"ListItem","position":1,"name":"Creddo.com","item":"https:\/\/creddo.com\/se\/"},{"@type":"ListItem","position":2,"name":"L\u00e5ngivare","item":"https:\/\/creddo.com\/se\/langivare\/"},{"@type":"ListItem","position":3,"name":"Treyd"}]},{"@type":"WebSite","@id":"https:\/\/creddo.com\/se\/#website","url":"https:\/\/creddo.com\/se\/","name":"Creddo","description":"J\u00e4mf\u00f6r f\u00f6retagsl\u00e5n upp till 10 miljoner","publisher":{"@id":"https:\/\/creddo.com\/se\/#organization"},"potentialAction":[{"@type":"SearchAction","target":{"@type":"EntryPoint","urlTemplate":"https:\/\/creddo.com\/se\/?s={search_term_string}"},"query-input":{"@type":"PropertyValueSpecification","valueRequired":true,"valueName":"search_term_string"}}],"inLanguage":"sv-SE"},{"@type":"Organization","@id":"https:\/\/creddo.com\/se\/#organization","name":"Creddo AB","url":"https:\/\/creddo.com\/se\/","logo":{"@type":"ImageObject","inLanguage":"sv-SE","@id":"https:\/\/creddo.com\/se\/#\/schema\/logo\/image\/","url":"https:\/\/creddo.com\/se\/wp-content\/uploads\/2024\/04\/Creddo-logo-square.png","contentUrl":"https:\/\/creddo.com\/se\/wp-content\/uploads\/2024\/04\/Creddo-logo-square.png","width":720,"height":720,"caption":"Creddo AB"},"image":{"@id":"https:\/\/creddo.com\/se\/#\/schema\/logo\/image\/"},"sameAs":["https:\/\/www.facebook.com\/creddose","https:\/\/www.linkedin.com\/company\/creddo-ab\/"]}]}},"lang":"sv","translations":{"sv":3065},"pll_sync_post":[],"_links":{"self":[{"href":"https:\/\/creddo.com\/se\/wp-json\/wp\/v2\/pages\/3065","targetHints":{"allow":["GET"]}}],"collection":[{"href":"https:\/\/creddo.com\/se\/wp-json\/wp\/v2\/pages"}],"about":[{"href":"https:\/\/creddo.com\/se\/wp-json\/wp\/v2\/types\/page"}],"author":[{"embeddable":true,"href":"https:\/\/creddo.com\/se\/wp-json\/wp\/v2\/users\/13"}],"replies":[{"embeddable":true,"href":"https:\/\/creddo.com\/se\/wp-json\/wp\/v2\/comments?post=3065"}],"version-history":[{"count":11,"href":"https:\/\/creddo.com\/se\/wp-json\/wp\/v2\/pages\/3065\/revisions"}],"predecessor-version":[{"id":5344,"href":"https:\/\/creddo.com\/se\/wp-json\/wp\/v2\/pages\/3065\/revisions\/5344"}],"up":[{"embeddable":true,"href":"https:\/\/creddo.com\/se\/wp-json\/wp\/v2\/pages\/2896"}],"wp:attachment":[{"href":"https:\/\/creddo.com\/se\/wp-json\/wp\/v2\/media?parent=3065"}],"curies":[{"name":"wp","href":"https:\/\/api.w.org\/{rel}","templated":true}]}}