{"id":3093,"date":"2023-07-26T20:40:38","date_gmt":"2023-07-26T18:40:38","guid":{"rendered":"https:\/\/stage.creddo.com\/se\/?page_id=3093"},"modified":"2026-03-31T13:46:55","modified_gmt":"2026-03-31T11:46:55","slug":"leasing","status":"publish","type":"page","link":"https:\/\/creddo.com\/se\/leasing\/","title":{"rendered":"Leasing med hj\u00e4lp av Creddo"},"content":{"rendered":"\n<h1 class=\"wp-block-heading\" id=\"h-vad-ar-foretagsleasing\"><strong>Vad \u00e4r f\u00f6retagsleasing?<\/strong><\/h1>\n\n\n\n<p>Ist\u00e4llet f\u00f6r att <a href=\"https:\/\/creddo.com\/se\/foretagslan\/maskinfinansiering\/\">k\u00f6pa utrustning eller fordon<\/a> till ditt bolag s\u00e5 kan det vara en bra id\u00e9 att ist\u00e4llet utnyttja leasing som ett alternativ. Med f\u00f6retagsleasing s\u00e5 beh\u00f6ver du inte binda upp s\u00e5 mycket av f\u00f6retags kapital. Ist\u00e4llet f\u00f6r att ta en stor kostnad den f\u00f6rsta m\u00e5naden s\u00e5 kan det vara b\u00e4ttre att betala en mindre summa varje m\u00e5nad ist\u00e4llet under en best\u00e4md tid. N\u00e4r leasingtiden \u00e4r \u00f6ver s\u00e5 kan du besluta om du vill k\u00f6pa ut utrustningen eller byta ut mot nyare och fr\u00e4schare och s\u00e5ledes g\u00e5 in i en ny leasingtid.<\/p>\n\n\n\n<p>F\u00f6rdelar med f\u00f6retagsleasing:<\/p>\n\n\n\n<ul class=\"wp-block-list\">\n<li>Leasing \u00e4r ett enkelt och f\u00f6rm\u00e5nligt s\u00e4tt att anskaffa utrustning utan att binda kapital eller anv\u00e4nda sina bankm\u00e4ssiga s\u00e4kerheter. F\u00f6retaget l\u00e5ser d\u00e4rmed inte upp sitt kreditutrymme.<\/li>\n\n\n\n<li>Den leasade utrustningen utg\u00f6r s\u00e4kerheten f\u00f6r finansieringen och ofta kr\u00e4vs inte n\u00e5gra kompletterande s\u00e4kerheter. Att anv\u00e4nda leasing kan d\u00e4rmed vara en trygg l\u00f6sning.<\/li>\n\n\n\n<li>Leasingtiden, och d\u00e4rmed kostnaden, anpassas bland annat till utrustningen ekonomiska livsl\u00e4ngd, vanligen \u00e4r leasingtiden 36-72 m\u00e5nader och vi finansierar b\u00e5de nya och begagnade objekt.<\/li>\n\n\n\n<li>Leasingavgiften \u00e4r skattem\u00e4ssigt avdragsgill, det vill s\u00e4ga den dras som en kostnad.<\/li>\n\n\n\n<li>Leasingtiden p\u00e5verkar endast resultatr\u00e4kningen, eftersom utrustningen vanligtvis inte tas upp som en tillg\u00e5ng i balansr\u00e4kningen.<\/li>\n\n\n\n<li>Budgeteringen och likviditetsplaneringen blir enkel d\u00e5 leasingtagaren i f\u00f6rv\u00e4g k\u00e4nner till leasingavgiften f\u00f6r hela avtalstiden och att finansieringen \u00e4r tryggad under hela leasingperioden.<\/li>\n<\/ul>\n\n\n\n<p><\/p>\n\n\n\n<h2 class=\"wp-block-heading\" id=\"h-leasing-efter-ditt-foretags-behov\"><strong>Leasing efter ditt f\u00f6retags behov<\/strong><\/h2>\n\n\n\n<p>Man kan anv\u00e4nda f\u00f6retagsleasing inom en rad olika branscher och flera olika objekt. Creddo finns h\u00e4r f\u00f6r att hj\u00e4lpa er att konkurensuts\u00e4tta alla leasingbolag s\u00e5 du f\u00e5r tillg\u00e5ng till b\u00e4sta m\u00f6jliga villkor. Genom att f\u00f6rhandla kan du optimera leasingavtalen f\u00f6r dina behov.<\/p>\n\n\n\n<p><strong>Leasa maskin<\/strong><br>Att leasa maskiner, s\u00e5som gr\u00e4vutrustning eller dylikt inneb\u00e4r att ni \u00f6kar likviditeten i bolaget d\u00e5 ni inte beh\u00f6ver betala allt p\u00e5 en och samma g\u00e5ng. Det \u00f6kar dessutom flexibilitet, d\u00e5 s\u00e4kerheten f\u00f6r leasingavtalet utg\u00f6rs i de flesta fall endast av objektet. Det inneb\u00e4r att ni kan finansiera ytterligare projekt med andra s\u00e4kerheter.<\/p>\n\n\n\n<p><strong>Leasa fordon<\/strong><br>Billeasing \u00e4r en enkel och f\u00f6rm\u00e5nlig finansiering som inte binder upp f\u00f6retagets kapital. Leasingavgiften p\u00e5 fordonet \u00e4r dessutom avdragsgillt som vanlig hyra i f\u00f6retagets verksamhet.<\/p>\n\n\n\n<p><strong>Leasa utrustning<\/strong><br>Du kan i princip leasa all typ av utrustning. Det kan till exempel vara utrustning till din restaurang eller till ett gym. F\u00f6retag binder inte n\u00e5got kapital utan betalar ist\u00e4llet en fast m\u00e5nadskostnad, vilket \u00e4r en stor f\u00f6rdel med leasing.<\/p>\n\n\n\n<p><\/p>\n\n\n\n<h2 class=\"wp-block-heading\" id=\"h-creddo-hjalper-dig-att-hitta-ratt-alternativ\"><strong>Creddo hj\u00e4lper dig att hitta r\u00e4tt alternativ<\/strong><\/h2>\n\n\n\n<p>Hos oss kan du j\u00e4mf\u00f6ra \u00f6ver 25 olika akt\u00f6rer inom f\u00f6retagsleasing, och vi \u00e4r specialiserade p\u00e5 att hj\u00e4lpa sm\u00e5f\u00f6retag. Skulle ditt f\u00f6retag beh\u00f6va anv\u00e4nda sig av en leasingl\u00f6sning, s\u00e5 \u00e4r du v\u00e4lkommen att <a href=\"https:\/\/creddo.com\/se\/kontakt\/\">kontakta oss<\/a> p\u00e5 tel <a href=\"tel:+46105516702\">010-551 67 02<\/a> eller maila in till oss p\u00e5 <a href=\"mailto:kundservice@creddo.se\">kundservice@creddo.se<\/a><\/p>\n\n\n\n<p>Du hittar svar p\u00e5 de vanligaste fr\u00e5gorna g\u00e4llande finansering f\u00f6r f\u00f6retag&nbsp;<a href=\"https:\/\/creddo.com\/se\/#faq\">h\u00e4r. <\/a>Leasing kan ofta vara en bra finansieringsmetod.<\/p>\n\n\n\n<p>Du f\u00e5r en m\u00e4ngd f\u00f6rslag p\u00e5 l\u00e5n att ta st\u00e4llning till med endast en kreditupplysning, och du \u00e4r inte bunden f\u00f6rr\u00e4n du skrivit avtal med leasinggivaren.<\/p>\n\n\n\n<p>\n<a href=\"#creddo-signup-form-default\" class=\"btn btn-blue\">G\u00f6r en kostnadsfri ans\u00f6kan<\/a>\n<\/p>\n","protected":false},"excerpt":{"rendered":"<p>Vad \u00e4r f\u00f6retagsleasing? Ist\u00e4llet f\u00f6r att k\u00f6pa utrustning eller fordon till ditt bolag s\u00e5 kan det vara en bra id\u00e9 att ist\u00e4llet utnyttja leasing som ett alternativ. Med f\u00f6retagsleasing s\u00e5 beh\u00f6ver du inte binda upp s\u00e5 mycket av f\u00f6retags kapital. Ist\u00e4llet f\u00f6r att ta en stor kostnad den f\u00f6rsta m\u00e5naden s\u00e5 kan det vara b\u00e4ttre [&hellip;]<\/p>\n","protected":false},"author":13,"featured_media":0,"parent":0,"menu_order":0,"comment_status":"closed","ping_status":"closed","template":"new-creddo-page-with-slider.php","meta":{"_acf_changed":false,"_uag_custom_page_level_css":"","footnotes":""},"class_list":["post-3093","page","type-page","status-publish","hentry"],"acf":[],"yoast_head":"<!-- This site is optimized with the Yoast SEO Premium plugin v26.6 (Yoast SEO v26.8) - https:\/\/yoast.com\/product\/yoast-seo-premium-wordpress\/ -->\n<title>Leasing med hj\u00e4lp av Creddo - Creddo<\/title>\n<meta name=\"description\" content=\"Leasing - snabb j\u00e4mf\u00f6relse av leasingerbjudanden. Leasing f\u00f6r ditt f\u00f6retag | Creddo F\u00f6retagsfinansiering med 1 UC\" \/>\n<meta name=\"robots\" content=\"index, follow, max-snippet:-1, max-image-preview:large, max-video-preview:-1\" \/>\n<link rel=\"canonical\" href=\"https:\/\/creddo.com\/se\/leasing\/\" \/>\n<meta property=\"og:locale\" content=\"sv_SE\" \/>\n<meta property=\"og:type\" content=\"article\" \/>\n<meta property=\"og:title\" content=\"Leasing med hj\u00e4lp av Creddo\" \/>\n<meta property=\"og:description\" content=\"Vad \u00e4r f\u00f6retagsleasing? Ist\u00e4llet f\u00f6r att k\u00f6pa utrustning eller fordon till ditt bolag s\u00e5 kan det vara en bra id\u00e9 att ist\u00e4llet utnyttja leasing som ett\" \/>\n<meta property=\"og:url\" content=\"https:\/\/creddo.com\/se\/leasing\/\" \/>\n<meta property=\"og:site_name\" content=\"Creddo\" \/>\n<meta property=\"article:publisher\" content=\"https:\/\/www.facebook.com\/creddose\" \/>\n<meta property=\"article:modified_time\" content=\"2026-03-31T11:46:55+00:00\" \/>\n<meta property=\"og:image\" content=\"https:\/\/creddo.com\/se\/wp-content\/uploads\/2024\/07\/52.jpg\" \/>\n\t<meta property=\"og:image:width\" content=\"1200\" \/>\n\t<meta property=\"og:image:height\" content=\"630\" \/>\n\t<meta property=\"og:image:type\" content=\"image\/jpeg\" \/>\n<meta name=\"twitter:card\" content=\"summary_large_image\" \/>\n<meta name=\"twitter:label1\" content=\"Ber\u00e4knad l\u00e4stid\" \/>\n\t<meta name=\"twitter:data1\" content=\"3 minuter\" \/>\n<script type=\"application\/ld+json\" class=\"yoast-schema-graph\">{\"@context\":\"https:\/\/schema.org\",\"@graph\":[{\"@type\":\"WebPage\",\"@id\":\"https:\/\/creddo.com\/se\/leasing\/\",\"url\":\"https:\/\/creddo.com\/se\/leasing\/\",\"name\":\"Leasing med hj\u00e4lp av Creddo - Creddo\",\"isPartOf\":{\"@id\":\"https:\/\/creddo.com\/se\/#website\"},\"datePublished\":\"2023-07-26T18:40:38+00:00\",\"dateModified\":\"2026-03-31T11:46:55+00:00\",\"description\":\"Leasing - snabb j\u00e4mf\u00f6relse av leasingerbjudanden. Leasing f\u00f6r ditt f\u00f6retag | Creddo F\u00f6retagsfinansiering med 1 UC\",\"breadcrumb\":{\"@id\":\"https:\/\/creddo.com\/se\/leasing\/#breadcrumb\"},\"inLanguage\":\"sv-SE\",\"potentialAction\":[{\"@type\":\"ReadAction\",\"target\":[\"https:\/\/creddo.com\/se\/leasing\/\"]}]},{\"@type\":\"BreadcrumbList\",\"@id\":\"https:\/\/creddo.com\/se\/leasing\/#breadcrumb\",\"itemListElement\":[{\"@type\":\"ListItem\",\"position\":1,\"name\":\"Creddo.com\",\"item\":\"https:\/\/creddo.com\/se\/\"},{\"@type\":\"ListItem\",\"position\":2,\"name\":\"Leasing med hj\u00e4lp av Creddo\"}]},{\"@type\":\"WebSite\",\"@id\":\"https:\/\/creddo.com\/se\/#website\",\"url\":\"https:\/\/creddo.com\/se\/\",\"name\":\"Creddo\",\"description\":\"J\u00e4mf\u00f6r f\u00f6retagsl\u00e5n upp till 10 miljoner\",\"publisher\":{\"@id\":\"https:\/\/creddo.com\/se\/#organization\"},\"potentialAction\":[{\"@type\":\"SearchAction\",\"target\":{\"@type\":\"EntryPoint\",\"urlTemplate\":\"https:\/\/creddo.com\/se\/?s={search_term_string}\"},\"query-input\":{\"@type\":\"PropertyValueSpecification\",\"valueRequired\":true,\"valueName\":\"search_term_string\"}}],\"inLanguage\":\"sv-SE\"},{\"@type\":\"Organization\",\"@id\":\"https:\/\/creddo.com\/se\/#organization\",\"name\":\"Creddo AB\",\"url\":\"https:\/\/creddo.com\/se\/\",\"logo\":{\"@type\":\"ImageObject\",\"inLanguage\":\"sv-SE\",\"@id\":\"https:\/\/creddo.com\/se\/#\/schema\/logo\/image\/\",\"url\":\"https:\/\/creddo.com\/se\/wp-content\/uploads\/2024\/04\/Creddo-logo-square.png\",\"contentUrl\":\"https:\/\/creddo.com\/se\/wp-content\/uploads\/2024\/04\/Creddo-logo-square.png\",\"width\":720,\"height\":720,\"caption\":\"Creddo AB\"},\"image\":{\"@id\":\"https:\/\/creddo.com\/se\/#\/schema\/logo\/image\/\"},\"sameAs\":[\"https:\/\/www.facebook.com\/creddose\",\"https:\/\/www.linkedin.com\/company\/creddo-ab\/\"]}]}<\/script>\n<!-- \/ Yoast SEO Premium plugin. -->","yoast_head_json":{"title":"Leasing med hj\u00e4lp av Creddo - Creddo","description":"Leasing - snabb j\u00e4mf\u00f6relse av leasingerbjudanden. Leasing f\u00f6r ditt f\u00f6retag | Creddo F\u00f6retagsfinansiering med 1 UC","robots":{"index":"index","follow":"follow","max-snippet":"max-snippet:-1","max-image-preview":"max-image-preview:large","max-video-preview":"max-video-preview:-1"},"canonical":"https:\/\/creddo.com\/se\/leasing\/","og_locale":"sv_SE","og_type":"article","og_title":"Leasing med hj\u00e4lp av Creddo","og_description":"Vad \u00e4r f\u00f6retagsleasing? Ist\u00e4llet f\u00f6r att k\u00f6pa utrustning eller fordon till ditt bolag s\u00e5 kan det vara en bra id\u00e9 att ist\u00e4llet utnyttja leasing som ett","og_url":"https:\/\/creddo.com\/se\/leasing\/","og_site_name":"Creddo","article_publisher":"https:\/\/www.facebook.com\/creddose","article_modified_time":"2026-03-31T11:46:55+00:00","og_image":[{"width":1200,"height":630,"url":"https:\/\/creddo.com\/se\/wp-content\/uploads\/2024\/07\/52.jpg","type":"image\/jpeg"}],"twitter_card":"summary_large_image","twitter_misc":{"Ber\u00e4knad l\u00e4stid":"3 minuter"},"schema":{"@context":"https:\/\/schema.org","@graph":[{"@type":"WebPage","@id":"https:\/\/creddo.com\/se\/leasing\/","url":"https:\/\/creddo.com\/se\/leasing\/","name":"Leasing med hj\u00e4lp av Creddo - Creddo","isPartOf":{"@id":"https:\/\/creddo.com\/se\/#website"},"datePublished":"2023-07-26T18:40:38+00:00","dateModified":"2026-03-31T11:46:55+00:00","description":"Leasing - snabb j\u00e4mf\u00f6relse av leasingerbjudanden. Leasing f\u00f6r ditt f\u00f6retag | Creddo F\u00f6retagsfinansiering med 1 UC","breadcrumb":{"@id":"https:\/\/creddo.com\/se\/leasing\/#breadcrumb"},"inLanguage":"sv-SE","potentialAction":[{"@type":"ReadAction","target":["https:\/\/creddo.com\/se\/leasing\/"]}]},{"@type":"BreadcrumbList","@id":"https:\/\/creddo.com\/se\/leasing\/#breadcrumb","itemListElement":[{"@type":"ListItem","position":1,"name":"Creddo.com","item":"https:\/\/creddo.com\/se\/"},{"@type":"ListItem","position":2,"name":"Leasing med hj\u00e4lp av Creddo"}]},{"@type":"WebSite","@id":"https:\/\/creddo.com\/se\/#website","url":"https:\/\/creddo.com\/se\/","name":"Creddo","description":"J\u00e4mf\u00f6r f\u00f6retagsl\u00e5n upp till 10 miljoner","publisher":{"@id":"https:\/\/creddo.com\/se\/#organization"},"potentialAction":[{"@type":"SearchAction","target":{"@type":"EntryPoint","urlTemplate":"https:\/\/creddo.com\/se\/?s={search_term_string}"},"query-input":{"@type":"PropertyValueSpecification","valueRequired":true,"valueName":"search_term_string"}}],"inLanguage":"sv-SE"},{"@type":"Organization","@id":"https:\/\/creddo.com\/se\/#organization","name":"Creddo AB","url":"https:\/\/creddo.com\/se\/","logo":{"@type":"ImageObject","inLanguage":"sv-SE","@id":"https:\/\/creddo.com\/se\/#\/schema\/logo\/image\/","url":"https:\/\/creddo.com\/se\/wp-content\/uploads\/2024\/04\/Creddo-logo-square.png","contentUrl":"https:\/\/creddo.com\/se\/wp-content\/uploads\/2024\/04\/Creddo-logo-square.png","width":720,"height":720,"caption":"Creddo AB"},"image":{"@id":"https:\/\/creddo.com\/se\/#\/schema\/logo\/image\/"},"sameAs":["https:\/\/www.facebook.com\/creddose","https:\/\/www.linkedin.com\/company\/creddo-ab\/"]}]}},"lang":"sv","translations":{"sv":3093},"uagb_featured_image_src":{"full":false,"thumbnail":false,"medium":false,"medium_large":false,"large":false,"1536x1536":false,"2048x2048":false},"uagb_author_info":{"display_name":"Jonas Smyth","author_link":"https:\/\/creddo.com\/se\/experthornan\/author\/jonas\/"},"uagb_comment_info":0,"uagb_excerpt":"Vad \u00e4r f\u00f6retagsleasing? Ist\u00e4llet f\u00f6r att k\u00f6pa utrustning eller fordon till ditt bolag s\u00e5 kan det vara en bra id\u00e9 att ist\u00e4llet utnyttja leasing som ett alternativ. Med f\u00f6retagsleasing s\u00e5 beh\u00f6ver du inte binda upp s\u00e5 mycket av f\u00f6retags kapital. Ist\u00e4llet f\u00f6r att ta en stor kostnad den f\u00f6rsta m\u00e5naden s\u00e5 kan det vara b\u00e4ttre&hellip;","pll_sync_post":[],"_links":{"self":[{"href":"https:\/\/creddo.com\/se\/wp-json\/wp\/v2\/pages\/3093","targetHints":{"allow":["GET"]}}],"collection":[{"href":"https:\/\/creddo.com\/se\/wp-json\/wp\/v2\/pages"}],"about":[{"href":"https:\/\/creddo.com\/se\/wp-json\/wp\/v2\/types\/page"}],"author":[{"embeddable":true,"href":"https:\/\/creddo.com\/se\/wp-json\/wp\/v2\/users\/13"}],"replies":[{"embeddable":true,"href":"https:\/\/creddo.com\/se\/wp-json\/wp\/v2\/comments?post=3093"}],"version-history":[{"count":8,"href":"https:\/\/creddo.com\/se\/wp-json\/wp\/v2\/pages\/3093\/revisions"}],"predecessor-version":[{"id":5583,"href":"https:\/\/creddo.com\/se\/wp-json\/wp\/v2\/pages\/3093\/revisions\/5583"}],"wp:attachment":[{"href":"https:\/\/creddo.com\/se\/wp-json\/wp\/v2\/media?parent=3093"}],"curies":[{"name":"wp","href":"https:\/\/api.w.org\/{rel}","templated":true}]}}