{"id":3187,"date":"2023-07-27T22:04:37","date_gmt":"2023-07-27T20:04:37","guid":{"rendered":"https:\/\/stage.creddo.com\/se\/?page_id=3187"},"modified":"2025-12-30T15:57:06","modified_gmt":"2025-12-30T14:57:06","slug":"varfor-vi-finns-creddo","status":"publish","type":"page","link":"https:\/\/creddo.com\/se\/varfor-vi-finns\/","title":{"rendered":"Vi hj\u00e4lper sm\u00e5f\u00f6retagare att n\u00e5 sin sanna potential"},"content":{"rendered":"\n<p>Trots att sm\u00e5 och medelstora f\u00f6retag utg\u00f6r ryggraden i landets ekonomi, upplever de flesta som driver f\u00f6retag att det \u00e4r utmanande att f\u00e5 tillg\u00e5ng till extern finansiering f\u00f6r att st\u00f6dja nya investeringar och expandera sina verksamheter. Det som bland annat g\u00f6r det utmanande \u00e4r att m\u00e5nga f\u00f6retagare inte vet vilka banker eller l\u00e5ngivare som kan erbjuda b\u00e4st villkor till sitt f\u00f6retag. Creddo grundades av ett par svenska entrepren\u00f6rer som sj\u00e4lva har st\u00f6tt p\u00e5 sv\u00e5righeter med att hitta finansiering och v\u00e5r tj\u00e4nst v\u00e4xte fram som svar p\u00e5 behovet att underl\u00e4tta f\u00f6r sm\u00e5- och medelstora f\u00f6retag n\u00e4r det g\u00e4ller att hitta och j\u00e4mf\u00f6ra f\u00f6retagsl\u00e5n.&nbsp;<\/p>\n\n\n\n<p>Genom en helt digital ans\u00f6kningsprocess m\u00f6jligg\u00f6r Creddo att f\u00f6retagare enklare kan navigera i det komplexa landskapet av finansieringsalternativ.<\/p>\n\n\n\n<div class=\"wp-block-group\"><div class=\"wp-block-group__inner-container is-layout-flow wp-block-group-is-layout-flow\"><div class=\"wp-block-image is-resized size-full height-auto\">\n<figure class=\"aligncenter\"><img fetchpriority=\"high\" decoding=\"async\" width=\"1399\" height=\"787\" src=\"https:\/\/creddo.com\/se\/wp-content\/uploads\/2021\/03\/foretagare-planerar-kassaflode.jpg\" alt=\"foretagare planerar kassaflode\" class=\"wp-image-1988\" srcset=\"https:\/\/creddo.com\/se\/wp-content\/uploads\/2021\/03\/foretagare-planerar-kassaflode.jpg 1399w, https:\/\/creddo.com\/se\/wp-content\/uploads\/2021\/03\/foretagare-planerar-kassaflode-300x169.jpg 300w, https:\/\/creddo.com\/se\/wp-content\/uploads\/2021\/03\/foretagare-planerar-kassaflode-1024x576.jpg 1024w, https:\/\/creddo.com\/se\/wp-content\/uploads\/2021\/03\/foretagare-planerar-kassaflode-768x432.jpg 768w\" sizes=\"(max-width: 1399px) 100vw, 1399px\" \/><\/figure><\/div>\n\n\n<h2 class=\"wp-block-heading\" id=\"h-vad-vi-gor\">Vad vi g\u00f6r<\/h2>\n\n\n\n<p>Vi tillhandah\u00e5ller entrepren\u00f6rer med de verktyg och kunskap de beh\u00f6ver f\u00f6r att fatta v\u00e4linformerade ekonomiska beslut. Creddo ger f\u00f6retagare m\u00f6jlighet att hitta den f\u00f6retagsfinansiering som \u00e4r r\u00e4tt f\u00f6r deras specifika behov. V\u00e5r tj\u00e4nst hj\u00e4lper f\u00f6retagare att undvika att ta f\u00f6rhastade och kostsamma beslut. Vi erbjuder sm\u00e5f\u00f6retagare en plattform d\u00e4r de kan j\u00e4mf\u00f6ra sina alternativ samt utbilda sig om f\u00f6retagsfinansiering och i slut\u00e4ndan s\u00e5 guidar vi dem mot de b\u00e4sta finansiella l\u00f6sningarna som finns tillg\u00e4ngliga.<\/p>\n\n\n\n<h2 class=\"wp-block-heading\" id=\"h-vad-vi-vill-astadkomma\">Vad vi vill \u00e5stadkomma<\/h2>\n\n\n\n<p>V\u00e5rt uppdrag \u00e4r att st\u00e4rka entrepren\u00f6rer genom att bryta ner de barri\u00e4rer som m\u00e5nga sm\u00e5f\u00f6retagare idag st\u00f6ter p\u00e5 n\u00e4r de s\u00f6ker finansiering via det traditionella banksystemet. Vi f\u00f6rest\u00e4ller oss ett klimat d\u00e4r alla f\u00f6retag, oavsett bakgrund eller storlek, har lika m\u00f6jligheter till framg\u00e5ng. Creddo \u00e4r mer \u00e4n bara en j\u00e4mf\u00f6relsetj\u00e4nst, vi \u00e4r en katalysator f\u00f6r finansiell sj\u00e4lvst\u00e4ndighet.<\/p>\n\n\n\n<h2 class=\"wp-block-heading\" id=\"h-vad-vi-astadkommit\">Vad vi \u00e5stadkommit<\/h2>\n\n\n\n<p>Hos Creddo hittar du en <a href=\"https:\/\/creddo.com\/se\/foretagslan\/laneformedlare\/\">l\u00e5nef\u00f6rmedlare<\/a> som specialiserar sig p\u00e5 att hj\u00e4lpa sm\u00e5- och medelstora f\u00f6retag att hitta <a href=\"https:\/\/creddo.com\/se\/foretagslan\/basta-foretagslanet\/\">b\u00e4sta f\u00f6retagsl\u00e5net<\/a> f\u00f6r sin verksamhet.&nbsp;<\/p>\n\n\n\n<p>V\u00e5r resa hittills har varit inget annat \u00e4n inspirerande, vi har sedan starten \u00e5r 2019 besparat tusentals f\u00f6retagare huvudv\u00e4rk, tid men framf\u00f6rallt pengar inom flera olika branscher, som till exempel bygg, restaurang, handel &amp; e-handel och h\u00e4lsa &amp; sk\u00f6nhet, genom att hitta r\u00e4tt finansiering.<\/p>\n\n\n\n<p>H\u00f6jdpunkter sedan starten 2019:<\/p>\n\n\n\n<p><\/p>\n<\/div><\/div>\n\n\n\n<div class=\"wp-block-columns is-layout-flex wp-container-core-columns-is-layout-1 wp-block-columns-is-layout-flex\">\n<div class=\"wp-block-column is-layout-flow wp-block-column-is-layout-flow\">\n<p class=\"has-text-align-center why-we-exist__title envelope-open\"><strong><em>30 000<br>hanterade ans\u00f6kningar<\/em><\/strong><\/p>\n<\/div>\n\n\n\n<div class=\"wp-block-column is-layout-flow wp-block-column-is-layout-flow\">\n<p class=\"has-text-align-center why-we-exist__title handshake\"><em><strong>5 000<br>slutf\u00f6rda finansieringar<\/strong><\/em><\/p>\n<\/div>\n\n\n\n<div class=\"wp-block-column is-layout-flow wp-block-column-is-layout-flow\">\n<p class=\"has-text-align-center why-we-exist__title money\"><em><strong>600 mSEK<br>f\u00f6rmedlad volym<\/strong><\/em><\/p>\n<\/div>\n<\/div>\n\n\n\n<h2 class=\"wp-block-heading\" id=\"h-vart-vi-finns\">Vart vi finns<\/h2>\n\n\n\n<p>Idag finns Creddo i Sverige, Finland och Nederl\u00e4nderna med huvudkontor i Stockholm.F\u00f6r sm\u00e5- och medelstora f\u00f6retag f\u00f6rmedlar vi vanligtvis l\u00e5n fr\u00e5n 10,000 kronor upp till 10 miljoner kronor. P\u00e5 <a href=\"https:\/\/creddo.com\/se\/\">v\u00e5r startsida<\/a> kan du p\u00e5b\u00f6rja en kostnadsfri ans\u00f6kan som ej \u00e4r bindande.<\/p>\n\n\n\n<h2 class=\"wp-block-heading\" id=\"h-creddo-formedlar-aven-storre-lanebelopp\">Creddo f\u00f6rmedlar \u00e4ven st\u00f6rre l\u00e5nebelopp<\/h2>\n\n\n\n<p>Ut\u00f6ver v\u00e5rt fokus p\u00e5 sm\u00e5-&nbsp; och medelstora f\u00f6retag har vi \u00e4ven m\u00f6jligheten att hj\u00e4lpa st\u00f6rre f\u00f6retag med en mycket h\u00f6g oms\u00e4ttning att hitta r\u00e4tt l\u00e5n. Creddo har tidigare f\u00f6rmedlat l\u00e5n p\u00e5 \u00f6ver 100 miljoner kronor \u2013 om du representerar eller driver ett st\u00f6rre bolag s\u00e5 kan du kontakta v\u00e5ra l\u00e5nespecialister direkt via <a href=\"mailto:kundservice@creddo.se\">kundservice@creddo.se<\/a> eller genom att ringa 010-551 67 02.<\/p>\n\n\n\n<p>Vi p\u00e5 Creddo \u00e4r inte en vanlig j\u00e4mf\u00f6relsetj\u00e4nst. Vi utg\u00f6r ett engagerat team med en vision att omvandla m\u00f6jligheterna f\u00f6r sm\u00e5f\u00f6retagare n\u00e4r det g\u00e4ller tillg\u00e5ng till konkurrenskraftig f\u00f6retagsfinansiering samtidigt som vi str\u00e4var efter att g\u00f6ra f\u00f6retagsfinansiering tillg\u00e4nglig f\u00f6r alla och skapa en positiv samh\u00e4llsp\u00e5verkan.<\/p>\n","protected":false},"excerpt":{"rendered":"<p>Trots att sm\u00e5 och medelstora f\u00f6retag utg\u00f6r ryggraden i landets ekonomi, upplever de flesta som driver f\u00f6retag att det \u00e4r utmanande att f\u00e5 tillg\u00e5ng till extern finansiering f\u00f6r att st\u00f6dja nya investeringar och expandera sina verksamheter. Det som bland annat g\u00f6r det utmanande \u00e4r att m\u00e5nga f\u00f6retagare inte vet vilka banker eller l\u00e5ngivare som kan [&hellip;]<\/p>\n","protected":false},"author":13,"featured_media":0,"parent":0,"menu_order":0,"comment_status":"closed","ping_status":"closed","template":"creddopage.php","meta":{"_acf_changed":false,"footnotes":""},"class_list":["post-3187","page","type-page","status-publish","hentry"],"acf":[],"yoast_head":"<!-- This site is optimized with the Yoast SEO Premium plugin v26.6 (Yoast SEO v26.8) - https:\/\/yoast.com\/product\/yoast-seo-premium-wordpress\/ -->\n<title>Creddo: Nyckeln till b\u00e4ttre f\u00f6retagsfinansiering - Creddo<\/title>\n<meta name=\"description\" content=\"Uppt\u00e4ck hur Creddo underl\u00e4ttar f\u00f6r sm\u00e5 och medelstora f\u00f6retag att hitta b\u00e4sta f\u00f6retagsl\u00e5n och finansieringsalternativ.\" \/>\n<meta name=\"robots\" content=\"index, follow, max-snippet:-1, max-image-preview:large, max-video-preview:-1\" \/>\n<link rel=\"canonical\" href=\"https:\/\/creddo.com\/se\/varfor-vi-finns\/\" \/>\n<meta property=\"og:locale\" content=\"sv_SE\" \/>\n<meta property=\"og:type\" content=\"article\" \/>\n<meta property=\"og:title\" content=\"Vi hj\u00e4lper sm\u00e5f\u00f6retagare att n\u00e5 sin sanna potential\" \/>\n<meta property=\"og:description\" content=\"Trots att sm\u00e5 och medelstora f\u00f6retag utg\u00f6r ryggraden i landets ekonomi, upplever de flesta som driver f\u00f6retag att det \u00e4r utmanande att f\u00e5 tillg\u00e5ng till\" \/>\n<meta property=\"og:url\" content=\"https:\/\/creddo.com\/se\/varfor-vi-finns\/\" \/>\n<meta property=\"og:site_name\" content=\"Creddo\" \/>\n<meta property=\"article:publisher\" content=\"https:\/\/www.facebook.com\/creddose\" \/>\n<meta property=\"article:modified_time\" content=\"2025-12-30T14:57:06+00:00\" \/>\n<meta property=\"og:image\" content=\"https:\/\/creddo.com\/se\/wp-content\/uploads\/2021\/03\/foretagare-planerar-kassaflode.jpg\" \/>\n\t<meta property=\"og:image:width\" content=\"1399\" \/>\n\t<meta property=\"og:image:height\" content=\"787\" \/>\n\t<meta property=\"og:image:type\" content=\"image\/jpeg\" \/>\n<meta name=\"twitter:card\" content=\"summary_large_image\" \/>\n<meta name=\"twitter:label1\" content=\"Ber\u00e4knad l\u00e4stid\" \/>\n\t<meta name=\"twitter:data1\" content=\"3 minuter\" \/>\n<script type=\"application\/ld+json\" class=\"yoast-schema-graph\">{\"@context\":\"https:\/\/schema.org\",\"@graph\":[{\"@type\":\"WebPage\",\"@id\":\"https:\/\/creddo.com\/se\/varfor-vi-finns\/\",\"url\":\"https:\/\/creddo.com\/se\/varfor-vi-finns\/\",\"name\":\"Creddo: Nyckeln till b\u00e4ttre f\u00f6retagsfinansiering - Creddo\",\"isPartOf\":{\"@id\":\"https:\/\/creddo.com\/se\/#website\"},\"primaryImageOfPage\":{\"@id\":\"https:\/\/creddo.com\/se\/varfor-vi-finns\/#primaryimage\"},\"image\":{\"@id\":\"https:\/\/creddo.com\/se\/varfor-vi-finns\/#primaryimage\"},\"thumbnailUrl\":\"https:\/\/creddo.com\/se\/wp-content\/uploads\/2021\/03\/foretagare-planerar-kassaflode.jpg\",\"datePublished\":\"2023-07-27T20:04:37+00:00\",\"dateModified\":\"2025-12-30T14:57:06+00:00\",\"description\":\"Uppt\u00e4ck hur Creddo underl\u00e4ttar f\u00f6r sm\u00e5 och medelstora f\u00f6retag att hitta b\u00e4sta f\u00f6retagsl\u00e5n och finansieringsalternativ.\",\"breadcrumb\":{\"@id\":\"https:\/\/creddo.com\/se\/varfor-vi-finns\/#breadcrumb\"},\"inLanguage\":\"sv-SE\",\"potentialAction\":[{\"@type\":\"ReadAction\",\"target\":[\"https:\/\/creddo.com\/se\/varfor-vi-finns\/\"]}]},{\"@type\":\"ImageObject\",\"inLanguage\":\"sv-SE\",\"@id\":\"https:\/\/creddo.com\/se\/varfor-vi-finns\/#primaryimage\",\"url\":\"https:\/\/creddo.com\/se\/wp-content\/uploads\/2021\/03\/foretagare-planerar-kassaflode.jpg\",\"contentUrl\":\"https:\/\/creddo.com\/se\/wp-content\/uploads\/2021\/03\/foretagare-planerar-kassaflode.jpg\",\"width\":1399,\"height\":787,\"caption\":\"f\u00f6retagare planerar kassafl\u00f6de\"},{\"@type\":\"BreadcrumbList\",\"@id\":\"https:\/\/creddo.com\/se\/varfor-vi-finns\/#breadcrumb\",\"itemListElement\":[{\"@type\":\"ListItem\",\"position\":1,\"name\":\"Creddo.com\",\"item\":\"https:\/\/creddo.com\/se\/\"},{\"@type\":\"ListItem\",\"position\":2,\"name\":\"Varf\u00f6r vi p\u00e5 Creddo finns\"}]},{\"@type\":\"WebSite\",\"@id\":\"https:\/\/creddo.com\/se\/#website\",\"url\":\"https:\/\/creddo.com\/se\/\",\"name\":\"Creddo\",\"description\":\"J\u00e4mf\u00f6r f\u00f6retagsl\u00e5n upp till 10 miljoner\",\"publisher\":{\"@id\":\"https:\/\/creddo.com\/se\/#organization\"},\"potentialAction\":[{\"@type\":\"SearchAction\",\"target\":{\"@type\":\"EntryPoint\",\"urlTemplate\":\"https:\/\/creddo.com\/se\/?s={search_term_string}\"},\"query-input\":{\"@type\":\"PropertyValueSpecification\",\"valueRequired\":true,\"valueName\":\"search_term_string\"}}],\"inLanguage\":\"sv-SE\"},{\"@type\":\"Organization\",\"@id\":\"https:\/\/creddo.com\/se\/#organization\",\"name\":\"Creddo AB\",\"url\":\"https:\/\/creddo.com\/se\/\",\"logo\":{\"@type\":\"ImageObject\",\"inLanguage\":\"sv-SE\",\"@id\":\"https:\/\/creddo.com\/se\/#\/schema\/logo\/image\/\",\"url\":\"https:\/\/creddo.com\/se\/wp-content\/uploads\/2024\/04\/Creddo-logo-square.png\",\"contentUrl\":\"https:\/\/creddo.com\/se\/wp-content\/uploads\/2024\/04\/Creddo-logo-square.png\",\"width\":720,\"height\":720,\"caption\":\"Creddo AB\"},\"image\":{\"@id\":\"https:\/\/creddo.com\/se\/#\/schema\/logo\/image\/\"},\"sameAs\":[\"https:\/\/www.facebook.com\/creddose\",\"https:\/\/www.linkedin.com\/company\/creddo-ab\/\"]}]}<\/script>\n<!-- \/ Yoast SEO Premium plugin. -->","yoast_head_json":{"title":"Creddo: Nyckeln till b\u00e4ttre f\u00f6retagsfinansiering - Creddo","description":"Uppt\u00e4ck hur Creddo underl\u00e4ttar f\u00f6r sm\u00e5 och medelstora f\u00f6retag att hitta b\u00e4sta f\u00f6retagsl\u00e5n och finansieringsalternativ.","robots":{"index":"index","follow":"follow","max-snippet":"max-snippet:-1","max-image-preview":"max-image-preview:large","max-video-preview":"max-video-preview:-1"},"canonical":"https:\/\/creddo.com\/se\/varfor-vi-finns\/","og_locale":"sv_SE","og_type":"article","og_title":"Vi hj\u00e4lper sm\u00e5f\u00f6retagare att n\u00e5 sin sanna potential","og_description":"Trots att sm\u00e5 och medelstora f\u00f6retag utg\u00f6r ryggraden i landets ekonomi, upplever de flesta som driver f\u00f6retag att det \u00e4r utmanande att f\u00e5 tillg\u00e5ng till","og_url":"https:\/\/creddo.com\/se\/varfor-vi-finns\/","og_site_name":"Creddo","article_publisher":"https:\/\/www.facebook.com\/creddose","article_modified_time":"2025-12-30T14:57:06+00:00","og_image":[{"width":1399,"height":787,"url":"https:\/\/creddo.com\/se\/wp-content\/uploads\/2021\/03\/foretagare-planerar-kassaflode.jpg","type":"image\/jpeg"}],"twitter_card":"summary_large_image","twitter_misc":{"Ber\u00e4knad l\u00e4stid":"3 minuter"},"schema":{"@context":"https:\/\/schema.org","@graph":[{"@type":"WebPage","@id":"https:\/\/creddo.com\/se\/varfor-vi-finns\/","url":"https:\/\/creddo.com\/se\/varfor-vi-finns\/","name":"Creddo: Nyckeln till b\u00e4ttre f\u00f6retagsfinansiering - Creddo","isPartOf":{"@id":"https:\/\/creddo.com\/se\/#website"},"primaryImageOfPage":{"@id":"https:\/\/creddo.com\/se\/varfor-vi-finns\/#primaryimage"},"image":{"@id":"https:\/\/creddo.com\/se\/varfor-vi-finns\/#primaryimage"},"thumbnailUrl":"https:\/\/creddo.com\/se\/wp-content\/uploads\/2021\/03\/foretagare-planerar-kassaflode.jpg","datePublished":"2023-07-27T20:04:37+00:00","dateModified":"2025-12-30T14:57:06+00:00","description":"Uppt\u00e4ck hur Creddo underl\u00e4ttar f\u00f6r sm\u00e5 och medelstora f\u00f6retag att hitta b\u00e4sta f\u00f6retagsl\u00e5n och finansieringsalternativ.","breadcrumb":{"@id":"https:\/\/creddo.com\/se\/varfor-vi-finns\/#breadcrumb"},"inLanguage":"sv-SE","potentialAction":[{"@type":"ReadAction","target":["https:\/\/creddo.com\/se\/varfor-vi-finns\/"]}]},{"@type":"ImageObject","inLanguage":"sv-SE","@id":"https:\/\/creddo.com\/se\/varfor-vi-finns\/#primaryimage","url":"https:\/\/creddo.com\/se\/wp-content\/uploads\/2021\/03\/foretagare-planerar-kassaflode.jpg","contentUrl":"https:\/\/creddo.com\/se\/wp-content\/uploads\/2021\/03\/foretagare-planerar-kassaflode.jpg","width":1399,"height":787,"caption":"f\u00f6retagare planerar kassafl\u00f6de"},{"@type":"BreadcrumbList","@id":"https:\/\/creddo.com\/se\/varfor-vi-finns\/#breadcrumb","itemListElement":[{"@type":"ListItem","position":1,"name":"Creddo.com","item":"https:\/\/creddo.com\/se\/"},{"@type":"ListItem","position":2,"name":"Varf\u00f6r vi p\u00e5 Creddo finns"}]},{"@type":"WebSite","@id":"https:\/\/creddo.com\/se\/#website","url":"https:\/\/creddo.com\/se\/","name":"Creddo","description":"J\u00e4mf\u00f6r f\u00f6retagsl\u00e5n upp till 10 miljoner","publisher":{"@id":"https:\/\/creddo.com\/se\/#organization"},"potentialAction":[{"@type":"SearchAction","target":{"@type":"EntryPoint","urlTemplate":"https:\/\/creddo.com\/se\/?s={search_term_string}"},"query-input":{"@type":"PropertyValueSpecification","valueRequired":true,"valueName":"search_term_string"}}],"inLanguage":"sv-SE"},{"@type":"Organization","@id":"https:\/\/creddo.com\/se\/#organization","name":"Creddo AB","url":"https:\/\/creddo.com\/se\/","logo":{"@type":"ImageObject","inLanguage":"sv-SE","@id":"https:\/\/creddo.com\/se\/#\/schema\/logo\/image\/","url":"https:\/\/creddo.com\/se\/wp-content\/uploads\/2024\/04\/Creddo-logo-square.png","contentUrl":"https:\/\/creddo.com\/se\/wp-content\/uploads\/2024\/04\/Creddo-logo-square.png","width":720,"height":720,"caption":"Creddo AB"},"image":{"@id":"https:\/\/creddo.com\/se\/#\/schema\/logo\/image\/"},"sameAs":["https:\/\/www.facebook.com\/creddose","https:\/\/www.linkedin.com\/company\/creddo-ab\/"]}]}},"lang":"sv","translations":{"sv":3187},"pll_sync_post":[],"_links":{"self":[{"href":"https:\/\/creddo.com\/se\/wp-json\/wp\/v2\/pages\/3187","targetHints":{"allow":["GET"]}}],"collection":[{"href":"https:\/\/creddo.com\/se\/wp-json\/wp\/v2\/pages"}],"about":[{"href":"https:\/\/creddo.com\/se\/wp-json\/wp\/v2\/types\/page"}],"author":[{"embeddable":true,"href":"https:\/\/creddo.com\/se\/wp-json\/wp\/v2\/users\/13"}],"replies":[{"embeddable":true,"href":"https:\/\/creddo.com\/se\/wp-json\/wp\/v2\/comments?post=3187"}],"version-history":[{"count":6,"href":"https:\/\/creddo.com\/se\/wp-json\/wp\/v2\/pages\/3187\/revisions"}],"predecessor-version":[{"id":4604,"href":"https:\/\/creddo.com\/se\/wp-json\/wp\/v2\/pages\/3187\/revisions\/4604"}],"wp:attachment":[{"href":"https:\/\/creddo.com\/se\/wp-json\/wp\/v2\/media?parent=3187"}],"curies":[{"name":"wp","href":"https:\/\/api.w.org\/{rel}","templated":true}]}}