{"id":3190,"date":"2023-07-27T22:09:49","date_gmt":"2023-07-27T20:09:49","guid":{"rendered":"https:\/\/stage.creddo.com\/se\/?page_id=3190"},"modified":"2026-02-18T14:35:20","modified_gmt":"2026-02-18T13:35:20","slug":"creddo-partner","status":"publish","type":"page","link":"https:\/\/creddo.com\/se\/creddo-partner\/","title":{"rendered":"Bli partner med Creddo"},"content":{"rendered":"\n<p>Creddo str\u00e4var kontinuerligt efter att bredda sitt n\u00e4tverk av partners f\u00f6r att skapa \u00f6msesidigt v\u00e4rdefulla samarbeten. En del av v\u00e5r strategi inkluderar att bli en stark partner inom f\u00f6retagsl\u00e5n. Som en partner f\u00f6r f\u00f6retagsl\u00e5n kan vi erbjuda en unik m\u00f6jlighet att delta i v\u00e5r tillv\u00e4xt. Vi \u00e4r alltid intresserade av att hitta nya partners att arbeta med p\u00e5 samtliga marknader d\u00e4r vi \u00e4r aktiva (Sverige, Finland och Nederl\u00e4nderna). <\/p>\n\n\n\n<p>Driver du en redovisningsbyr\u00e5 eller har du daglig kontakt med m\u00e5nga olika bolag i ditt arbete? Representerar du en bank, \u00e4r verksam som finansiell r\u00e5dgivare eller arbetar du med f\u00f6retagsl\u00e5n och finansieringsl\u00f6sningar? D\u00e5 m\u00f6ter du sannolikt f\u00f6retagare som regelbundet st\u00e5r inf\u00f6r viktiga ekonomiska beslut och beh\u00f6ver r\u00e4tt st\u00f6d f\u00f6r att kunna v\u00e4xa och utvecklas. Med r\u00e4tt verktyg och samarbeten kan du skapa \u00e4nnu st\u00f6rre v\u00e4rde f\u00f6r dina kunder och samtidigt st\u00e4rka din egen aff\u00e4r.<\/p>\n\n\n\n<p><a href=\"https:\/\/creddo.com\/se\/om-partner\/\">Du kan bli en partner inom f\u00f6retagsl\u00e5n hos oss, kanske \u00e4r det dig vi s\u00f6ker! <\/a><\/p>\n\n\n\n<p>Vill du veta mer om Creddo kan du kontakta oss genom formul\u00e4ret nedan eller maila oss p\u00e5 <strong>kundservice@creddo.se .<\/strong><\/p>\n\n\n\n<p><\/p>\n\n\n\n<h2 class=\"wp-block-heading\" id=\"h-fordelar-med-att-bli-partner-hos-creddo\"><strong>F\u00f6rdelar med att bli partner hos Creddo<\/strong><\/h2>\n\n\n\n<ul class=\"wp-block-list\">\n<li>Ut\u00f6ka ditt serviceerbjudande &amp; st\u00e4rk ditt varum\u00e4rke<\/li>\n\n\n\n<li>\u00d6ka dina int\u00e4kter<\/li>\n\n\n\n<li>Creddo hanterar administrationen s\u00e5 att du kan fokusera p\u00e5 din aff\u00e4r som en partner f\u00f6retagsl\u00e5n<\/li>\n\n\n\n<li>Personlig r\u00e5dgivning<\/li>\n\n\n\n<li>Tidsbesparing d\u00e5 Creddo g\u00f6r arbetet \u00e5t dig<\/li>\n\n\n\n<li><a href=\"https:\/\/creddo.com\/se\/\">Smidig digitalprocess<\/a><\/li>\n<\/ul>\n\n\n\n<figure class=\"wp-block-image size-large is-resized\"><img fetchpriority=\"high\" decoding=\"async\" width=\"1024\" height=\"683\" src=\"https:\/\/creddo.com\/se\/wp-content\/uploads\/2026\/02\/bli-partner-med-Creddo-1024x683.png\" alt=\"\" class=\"wp-image-5508\" style=\"width:774px;height:auto\" srcset=\"https:\/\/creddo.com\/se\/wp-content\/uploads\/2026\/02\/bli-partner-med-Creddo-1024x683.png 1024w, https:\/\/creddo.com\/se\/wp-content\/uploads\/2026\/02\/bli-partner-med-Creddo-300x200.png 300w, https:\/\/creddo.com\/se\/wp-content\/uploads\/2026\/02\/bli-partner-med-Creddo-768x512.png 768w, https:\/\/creddo.com\/se\/wp-content\/uploads\/2026\/02\/bli-partner-med-Creddo.png 1536w\" sizes=\"(max-width: 1024px) 100vw, 1024px\" \/><\/figure>\n\n\n\n<div data-tf-widget=\"v11KI1ZE\" data-tf-opacity=\"100\" data-tf-iframe-props=\"title=Creddo Partner\" data-tf-transitive-search-params data-tf-medium=\"snippet\" style=\"width:100%;height:500px;\"><\/div><script src=\"\/\/embed.typeform.com\/next\/embed.js\"><\/script>\n\n\n\n<p><\/p>\n","protected":false},"excerpt":{"rendered":"<p>Creddo str\u00e4var kontinuerligt efter att bredda sitt n\u00e4tverk av partners f\u00f6r att skapa \u00f6msesidigt v\u00e4rdefulla samarbeten. En del av v\u00e5r strategi inkluderar att bli en stark partner inom f\u00f6retagsl\u00e5n. Som en partner f\u00f6r f\u00f6retagsl\u00e5n kan vi erbjuda en unik m\u00f6jlighet att delta i v\u00e5r tillv\u00e4xt. Vi \u00e4r alltid intresserade av att hitta nya partners att [&hellip;]<\/p>\n","protected":false},"author":13,"featured_media":0,"parent":0,"menu_order":0,"comment_status":"closed","ping_status":"closed","template":"creddopage.php","meta":{"_acf_changed":false,"_uag_custom_page_level_css":"","footnotes":""},"class_list":["post-3190","page","type-page","status-publish","hentry"],"acf":[],"yoast_head":"<!-- This site is optimized with the Yoast SEO Premium plugin v26.6 (Yoast SEO v26.8) - https:\/\/yoast.com\/product\/yoast-seo-premium-wordpress\/ -->\n<title>Partner F\u00f6retagsl\u00e5n: Din V\u00e4g till Framg\u00e5ng - F\u00f6retagsfinansiering<\/title>\n<meta name=\"description\" content=\"Samarbeta med Creddo som partner f\u00f6retagsl\u00e5n och \u00f6ka dina int\u00e4kter samt st\u00e4rka ditt varum\u00e4rke p\u00e5 flera marknader.\" \/>\n<meta name=\"robots\" content=\"index, follow, max-snippet:-1, max-image-preview:large, max-video-preview:-1\" \/>\n<link rel=\"canonical\" href=\"https:\/\/creddo.com\/se\/creddo-partner\/\" \/>\n<meta property=\"og:locale\" content=\"sv_SE\" \/>\n<meta property=\"og:type\" content=\"article\" \/>\n<meta property=\"og:title\" content=\"Bli partner med Creddo\" \/>\n<meta property=\"og:description\" content=\"Creddo str\u00e4var kontinuerligt efter att bredda sitt n\u00e4tverk av partners f\u00f6r att skapa \u00f6msesidigt v\u00e4rdefulla samarbeten. En del av v\u00e5r strategi inkluderar\" \/>\n<meta property=\"og:url\" content=\"https:\/\/creddo.com\/se\/creddo-partner\/\" \/>\n<meta property=\"og:site_name\" content=\"Creddo\" \/>\n<meta property=\"article:publisher\" content=\"https:\/\/www.facebook.com\/creddose\" \/>\n<meta property=\"article:modified_time\" content=\"2026-02-18T13:35:20+00:00\" \/>\n<meta property=\"og:image\" content=\"https:\/\/creddo.com\/se\/wp-content\/uploads\/2026\/02\/bli-partner-med-Creddo.png\" \/>\n\t<meta property=\"og:image:width\" content=\"1536\" \/>\n\t<meta property=\"og:image:height\" content=\"1024\" \/>\n\t<meta property=\"og:image:type\" content=\"image\/png\" \/>\n<meta name=\"twitter:card\" content=\"summary_large_image\" \/>\n<meta name=\"twitter:label1\" content=\"Ber\u00e4knad l\u00e4stid\" \/>\n\t<meta name=\"twitter:data1\" content=\"2 minuter\" \/>\n<script type=\"application\/ld+json\" class=\"yoast-schema-graph\">{\"@context\":\"https:\/\/schema.org\",\"@graph\":[{\"@type\":\"WebPage\",\"@id\":\"https:\/\/creddo.com\/se\/creddo-partner\/\",\"url\":\"https:\/\/creddo.com\/se\/creddo-partner\/\",\"name\":\"Partner F\u00f6retagsl\u00e5n: Din V\u00e4g till Framg\u00e5ng - F\u00f6retagsfinansiering\",\"isPartOf\":{\"@id\":\"https:\/\/creddo.com\/se\/#website\"},\"primaryImageOfPage\":{\"@id\":\"https:\/\/creddo.com\/se\/creddo-partner\/#primaryimage\"},\"image\":{\"@id\":\"https:\/\/creddo.com\/se\/creddo-partner\/#primaryimage\"},\"thumbnailUrl\":\"https:\/\/creddo.com\/se\/wp-content\/uploads\/2026\/02\/bli-partner-med-Creddo-1024x683.png\",\"datePublished\":\"2023-07-27T20:09:49+00:00\",\"dateModified\":\"2026-02-18T13:35:20+00:00\",\"description\":\"Samarbeta med Creddo som partner f\u00f6retagsl\u00e5n och \u00f6ka dina int\u00e4kter samt st\u00e4rka ditt varum\u00e4rke p\u00e5 flera marknader.\",\"breadcrumb\":{\"@id\":\"https:\/\/creddo.com\/se\/creddo-partner\/#breadcrumb\"},\"inLanguage\":\"sv-SE\",\"potentialAction\":[{\"@type\":\"ReadAction\",\"target\":[\"https:\/\/creddo.com\/se\/creddo-partner\/\"]}]},{\"@type\":\"ImageObject\",\"inLanguage\":\"sv-SE\",\"@id\":\"https:\/\/creddo.com\/se\/creddo-partner\/#primaryimage\",\"url\":\"https:\/\/creddo.com\/se\/wp-content\/uploads\/2026\/02\/bli-partner-med-Creddo.png\",\"contentUrl\":\"https:\/\/creddo.com\/se\/wp-content\/uploads\/2026\/02\/bli-partner-med-Creddo.png\",\"width\":1536,\"height\":1024},{\"@type\":\"BreadcrumbList\",\"@id\":\"https:\/\/creddo.com\/se\/creddo-partner\/#breadcrumb\",\"itemListElement\":[{\"@type\":\"ListItem\",\"position\":1,\"name\":\"Creddo.com\",\"item\":\"https:\/\/creddo.com\/se\/\"},{\"@type\":\"ListItem\",\"position\":2,\"name\":\"Bli partner med Creddo\"}]},{\"@type\":\"WebSite\",\"@id\":\"https:\/\/creddo.com\/se\/#website\",\"url\":\"https:\/\/creddo.com\/se\/\",\"name\":\"Creddo\",\"description\":\"J\u00e4mf\u00f6r f\u00f6retagsl\u00e5n upp till 10 miljoner\",\"publisher\":{\"@id\":\"https:\/\/creddo.com\/se\/#organization\"},\"potentialAction\":[{\"@type\":\"SearchAction\",\"target\":{\"@type\":\"EntryPoint\",\"urlTemplate\":\"https:\/\/creddo.com\/se\/?s={search_term_string}\"},\"query-input\":{\"@type\":\"PropertyValueSpecification\",\"valueRequired\":true,\"valueName\":\"search_term_string\"}}],\"inLanguage\":\"sv-SE\"},{\"@type\":\"Organization\",\"@id\":\"https:\/\/creddo.com\/se\/#organization\",\"name\":\"Creddo AB\",\"url\":\"https:\/\/creddo.com\/se\/\",\"logo\":{\"@type\":\"ImageObject\",\"inLanguage\":\"sv-SE\",\"@id\":\"https:\/\/creddo.com\/se\/#\/schema\/logo\/image\/\",\"url\":\"https:\/\/creddo.com\/se\/wp-content\/uploads\/2024\/04\/Creddo-logo-square.png\",\"contentUrl\":\"https:\/\/creddo.com\/se\/wp-content\/uploads\/2024\/04\/Creddo-logo-square.png\",\"width\":720,\"height\":720,\"caption\":\"Creddo AB\"},\"image\":{\"@id\":\"https:\/\/creddo.com\/se\/#\/schema\/logo\/image\/\"},\"sameAs\":[\"https:\/\/www.facebook.com\/creddose\",\"https:\/\/www.linkedin.com\/company\/creddo-ab\/\"]}]}<\/script>\n<!-- \/ Yoast SEO Premium plugin. -->","yoast_head_json":{"title":"Partner F\u00f6retagsl\u00e5n: Din V\u00e4g till Framg\u00e5ng - F\u00f6retagsfinansiering","description":"Samarbeta med Creddo som partner f\u00f6retagsl\u00e5n och \u00f6ka dina int\u00e4kter samt st\u00e4rka ditt varum\u00e4rke p\u00e5 flera marknader.","robots":{"index":"index","follow":"follow","max-snippet":"max-snippet:-1","max-image-preview":"max-image-preview:large","max-video-preview":"max-video-preview:-1"},"canonical":"https:\/\/creddo.com\/se\/creddo-partner\/","og_locale":"sv_SE","og_type":"article","og_title":"Bli partner med Creddo","og_description":"Creddo str\u00e4var kontinuerligt efter att bredda sitt n\u00e4tverk av partners f\u00f6r att skapa \u00f6msesidigt v\u00e4rdefulla samarbeten. En del av v\u00e5r strategi inkluderar","og_url":"https:\/\/creddo.com\/se\/creddo-partner\/","og_site_name":"Creddo","article_publisher":"https:\/\/www.facebook.com\/creddose","article_modified_time":"2026-02-18T13:35:20+00:00","og_image":[{"width":1536,"height":1024,"url":"https:\/\/creddo.com\/se\/wp-content\/uploads\/2026\/02\/bli-partner-med-Creddo.png","type":"image\/png"}],"twitter_card":"summary_large_image","twitter_misc":{"Ber\u00e4knad l\u00e4stid":"2 minuter"},"schema":{"@context":"https:\/\/schema.org","@graph":[{"@type":"WebPage","@id":"https:\/\/creddo.com\/se\/creddo-partner\/","url":"https:\/\/creddo.com\/se\/creddo-partner\/","name":"Partner F\u00f6retagsl\u00e5n: Din V\u00e4g till Framg\u00e5ng - F\u00f6retagsfinansiering","isPartOf":{"@id":"https:\/\/creddo.com\/se\/#website"},"primaryImageOfPage":{"@id":"https:\/\/creddo.com\/se\/creddo-partner\/#primaryimage"},"image":{"@id":"https:\/\/creddo.com\/se\/creddo-partner\/#primaryimage"},"thumbnailUrl":"https:\/\/creddo.com\/se\/wp-content\/uploads\/2026\/02\/bli-partner-med-Creddo-1024x683.png","datePublished":"2023-07-27T20:09:49+00:00","dateModified":"2026-02-18T13:35:20+00:00","description":"Samarbeta med Creddo som partner f\u00f6retagsl\u00e5n och \u00f6ka dina int\u00e4kter samt st\u00e4rka ditt varum\u00e4rke p\u00e5 flera marknader.","breadcrumb":{"@id":"https:\/\/creddo.com\/se\/creddo-partner\/#breadcrumb"},"inLanguage":"sv-SE","potentialAction":[{"@type":"ReadAction","target":["https:\/\/creddo.com\/se\/creddo-partner\/"]}]},{"@type":"ImageObject","inLanguage":"sv-SE","@id":"https:\/\/creddo.com\/se\/creddo-partner\/#primaryimage","url":"https:\/\/creddo.com\/se\/wp-content\/uploads\/2026\/02\/bli-partner-med-Creddo.png","contentUrl":"https:\/\/creddo.com\/se\/wp-content\/uploads\/2026\/02\/bli-partner-med-Creddo.png","width":1536,"height":1024},{"@type":"BreadcrumbList","@id":"https:\/\/creddo.com\/se\/creddo-partner\/#breadcrumb","itemListElement":[{"@type":"ListItem","position":1,"name":"Creddo.com","item":"https:\/\/creddo.com\/se\/"},{"@type":"ListItem","position":2,"name":"Bli partner med Creddo"}]},{"@type":"WebSite","@id":"https:\/\/creddo.com\/se\/#website","url":"https:\/\/creddo.com\/se\/","name":"Creddo","description":"J\u00e4mf\u00f6r f\u00f6retagsl\u00e5n upp till 10 miljoner","publisher":{"@id":"https:\/\/creddo.com\/se\/#organization"},"potentialAction":[{"@type":"SearchAction","target":{"@type":"EntryPoint","urlTemplate":"https:\/\/creddo.com\/se\/?s={search_term_string}"},"query-input":{"@type":"PropertyValueSpecification","valueRequired":true,"valueName":"search_term_string"}}],"inLanguage":"sv-SE"},{"@type":"Organization","@id":"https:\/\/creddo.com\/se\/#organization","name":"Creddo AB","url":"https:\/\/creddo.com\/se\/","logo":{"@type":"ImageObject","inLanguage":"sv-SE","@id":"https:\/\/creddo.com\/se\/#\/schema\/logo\/image\/","url":"https:\/\/creddo.com\/se\/wp-content\/uploads\/2024\/04\/Creddo-logo-square.png","contentUrl":"https:\/\/creddo.com\/se\/wp-content\/uploads\/2024\/04\/Creddo-logo-square.png","width":720,"height":720,"caption":"Creddo AB"},"image":{"@id":"https:\/\/creddo.com\/se\/#\/schema\/logo\/image\/"},"sameAs":["https:\/\/www.facebook.com\/creddose","https:\/\/www.linkedin.com\/company\/creddo-ab\/"]}]}},"lang":"sv","translations":{"sv":3190},"uagb_featured_image_src":{"full":false,"thumbnail":false,"medium":false,"medium_large":false,"large":false,"1536x1536":false,"2048x2048":false},"uagb_author_info":{"display_name":"Jonas Smyth","author_link":"https:\/\/creddo.com\/se\/experthornan\/author\/jonas\/"},"uagb_comment_info":0,"uagb_excerpt":"Creddo str\u00e4var kontinuerligt efter att bredda sitt n\u00e4tverk av partners f\u00f6r att skapa \u00f6msesidigt v\u00e4rdefulla samarbeten. En del av v\u00e5r strategi inkluderar att bli en stark partner inom f\u00f6retagsl\u00e5n. Som en partner f\u00f6r f\u00f6retagsl\u00e5n kan vi erbjuda en unik m\u00f6jlighet att delta i v\u00e5r tillv\u00e4xt. Vi \u00e4r alltid intresserade av att hitta nya partners att&hellip;","pll_sync_post":[],"_links":{"self":[{"href":"https:\/\/creddo.com\/se\/wp-json\/wp\/v2\/pages\/3190","targetHints":{"allow":["GET"]}}],"collection":[{"href":"https:\/\/creddo.com\/se\/wp-json\/wp\/v2\/pages"}],"about":[{"href":"https:\/\/creddo.com\/se\/wp-json\/wp\/v2\/types\/page"}],"author":[{"embeddable":true,"href":"https:\/\/creddo.com\/se\/wp-json\/wp\/v2\/users\/13"}],"replies":[{"embeddable":true,"href":"https:\/\/creddo.com\/se\/wp-json\/wp\/v2\/comments?post=3190"}],"version-history":[{"count":10,"href":"https:\/\/creddo.com\/se\/wp-json\/wp\/v2\/pages\/3190\/revisions"}],"predecessor-version":[{"id":5513,"href":"https:\/\/creddo.com\/se\/wp-json\/wp\/v2\/pages\/3190\/revisions\/5513"}],"wp:attachment":[{"href":"https:\/\/creddo.com\/se\/wp-json\/wp\/v2\/media?parent=3190"}],"curies":[{"name":"wp","href":"https:\/\/api.w.org\/{rel}","templated":true}]}}