{"id":32,"date":"2019-07-13T10:15:46","date_gmt":"2019-07-13T10:15:46","guid":{"rendered":"http:\/\/creddo.se\/?page_id=32"},"modified":"2025-12-31T09:52:18","modified_gmt":"2025-12-31T08:52:18","slug":"anvandarvillkor","status":"publish","type":"page","link":"https:\/\/creddo.com\/se\/anvandarvillkor\/","title":{"rendered":"Anv\u00e4ndarvillkor"},"content":{"rendered":"\n<p><em>Senast uppdaterad 202<\/em>5.12.30<\/p>\n\n\n\n<p>Det \u00e4r viktigt f\u00f6r oss p\u00e5 Creddo att du k\u00e4nner dig trygg n\u00e4r du anv\u00e4nder v\u00e5r tj\u00e4nst. Av den anledningen har vi samlat all relevant information i v\u00e5ra anv\u00e4ndarvillkor. Om du har n\u00e5gra fr\u00e5gor s\u00e5 \u00e4r du v\u00e4lkommen att ringa till v\u00e5r kundtj\u00e4nst s\u00e5 kan vi ber\u00e4tta mer hur dina uppgifter hanteras.<\/p>\n\n\n\n<h3 class=\"wp-block-heading\">1. Information om Creddo AB<\/h3>\n\n\n\n<p><a href=\"https:\/\/creddo.com\/se\/\">Creddo AB<\/a> med organisationsnummer 559207-3786 (\u201dCreddo\u201d) \u00e4r ett finansiellt institut och \u00e4r registrerade hos Finansinspektionen att bedriva l\u00e5nef\u00f6rmedling.<\/p>\n\n\n\n<p>Creddo tillhandah\u00e5ller en digital j\u00e4mf\u00f6relsetj\u00e4nst d\u00e4r f\u00f6retaget kan j\u00e4mf\u00f6ra l\u00e5n och villkor hos de banker och l\u00e5ngivare som Creddo samarbetar med (\u201cTj\u00e4nsten\u201d). Genom att starta en ans\u00f6kan kan du f\u00e5 erbjudanden om l\u00e5n fr\u00e5n flera banker och andra l\u00e5ngivare.<\/p>\n\n\n\n<p>Du f\u00e5r d\u00e5 m\u00f6jlighet att j\u00e4mf\u00f6ra l\u00e5nevillkor hos Creddo fr\u00e5n flera akt\u00f6rer och v\u00e4lja det alternativ som passar f\u00f6retaget b\u00e4st. Tj\u00e4nsten g\u00e5r s\u00e5v\u00e4l att anv\u00e4nda f\u00f6r att samla existerande l\u00e5n eller om nytt l\u00e5n \u00f6nskas tas. En ans\u00f6kan \u00e4r inte bindande och det \u00e4r kostnadsfritt att l\u00e4gga upp en ans\u00f6kan om f\u00f6retagsfinansiering hos Creddo.<\/p>\n\n\n\n<h3 class=\"wp-block-heading\" id=\"h-2-kreditupplysning\">2. Kreditupplysning<\/h3>\n\n\n\n<p>N\u00e4r du g\u00f6r en ans\u00f6kan om finansiering via Creddo s\u00e5 g\u00f6rs en kreditupplysning p\u00e5 f\u00f6retaget hos Upplysningscentralen AB (UC). Det inneb\u00e4r att UC registrerar en s\u00e5 kallad omfr\u00e5gning p\u00e5 dig. Efter att det sker s\u00e5 kan de l\u00e5ngivare som Creddo samarbetar med under en begr\u00e4nsad tid ta del av kreditupplysning p\u00e5 ditt f\u00f6retag utan att det registreras ytterligare omfr\u00e5gningar, i syfte att erbjuda dig b\u00e4sta m\u00f6jliga villkor utan att f\u00f6rs\u00e4mra din kreditv\u00e4rdighet.<\/p>\n\n\n\n<p>Creddo tar inte ansvar f\u00f6r eventuell f\u00f6rlust eller skada som skulle uppst\u00e5 p\u00e5 grund av att f\u00f6retaget v\u00e4ljer att ing\u00e5, alternativt avst\u00e5r fr\u00e5n att ing\u00e5, l\u00e5neavtal med n\u00e5gon av de l\u00e5ngivare Creddo samarbetar med.<\/p>\n\n\n\n<p>Det \u00e4r s\u00e5ledes ditt ansvar att kontrollera den information Creddo l\u00e4mnar om erbjudande fr\u00e5n v\u00e5ra samarbetspartners.<\/p>\n\n\n\n<p>Genom att acceptera dessa villkor s\u00e5 godk\u00e4nner du att Creddo best\u00e4ller en kreditupplysning hos UC p\u00e5 ditt f\u00f6retag samt en p\u00e5 borgensman om detta anges. Genom Creddos tj\u00e4nst registreras bara en kreditupplysning som v\u00e5ra samarbetspartners f\u00e5r ta del av. N\u00e4r du uppger dig som personlig borgen i ans\u00f6kan kan en UC tas som avser borgensman av l\u00e5ngivare.<\/p>\n\n\n\n<p>Du godk\u00e4nner \u00e4ven att \u00f6vrig information om f\u00f6retaget som l\u00e4mnas i ans\u00f6kan som sedan delas med Creddos samarbetspartners. F\u00f6r enskilda firmor och handelsbolag kommer UC skicka omfr\u00e5gandekopior till dig s\u00e5 du vet vilken information som har l\u00e4mnats ut och till vilka.<\/p>\n\n\n\n<p>Om borgensman anges kommer CreditSafe \u00e4ven att skicka omfr\u00e5gandekopior till denne, f\u00f6r att hen ska veta vilken information som har l\u00e4mnats ut och till vilka.<\/p>\n\n\n\n<p>Notera att du kan f\u00e5 flera omfr\u00e5gandekopior hemskickade, men att det inte inneb\u00e4r att flera kreditupplysningar registreras p\u00e5 dig. Vissa av v\u00e5ra partners anv\u00e4nder sig av andra kreditupplysningar \u00e4n UC, men detta p\u00e5verkar inte f\u00f6retagets kreditv\u00e4rdighet.<\/p>\n\n\n\n<p>Genom att l\u00e4mna uppgifter till Creddo f\u00f6rs\u00e4krar du att l\u00e4mnade uppgifter \u00e4r korrekta och att du har godk\u00e4nnande f\u00f6r de uppgifter du l\u00e4mnar.<\/p>\n\n\n\n<h3 class=\"wp-block-heading\">3. Personuppgiftsbehandling<\/h3>\n\n\n\n<p>Creddo AB \u00e4r personuppgiftsansvarig och ansvarar f\u00f6r behandlingen av personuppgifter sker i enlighet med g\u00e4llande dataskyddsregler. Genom att fylla i ans\u00f6kningsformul\u00e4ret godk\u00e4nner du hur vi hanterar personuppgifter. L\u00e4s mer i <a href=\"https:\/\/creddo.com\/se\/personuppgiftspolicy\">personuppgiftspolicy<\/a>.<\/p>\n\n\n\n<h3 class=\"wp-block-heading\">4. Marknadsf\u00f6ring och produktutveckling<\/h3>\n\n\n\n<p>Vi anv\u00e4nder cookies f\u00f6r att f\u00e5 v\u00e5ran tj\u00e4nst att fungera samt f\u00f6r att anpassa och analysera din upplevelse. Vi delar ocks\u00e5 data med v\u00e5ra annonspartners. Mer information om detta hittar du i v\u00e5r <a href=\"https:\/\/creddo.com\/se\/cookies\">Cookie Policy<\/a>.<\/p>\n\n\n\n<p>Creddo sparar dina kontaktuppgifter f\u00f6r att skicka marknadsf\u00f6ring genom telefon eller e-email. Du kan n\u00e4r som helst ta bort dina kontaktuppgifter genom att kontakta <a href=\"mailto:kundservice@creddo.se\">kundservice@creddo.se<\/a><\/p>\n\n\n\n<h3 class=\"wp-block-heading\">5. Villkors\u00e4ndring och tvist<\/h3>\n\n\n\n<p>Vi f\u00f6rbeh\u00e5ller oss r\u00e4tten att \u00e4ndra och uppdatera dessa allm\u00e4nna villkor. Detta meddelar vi dig genom att publicera den uppdaterade versionen p\u00e5 v\u00e5r hemsida och\/eller i v\u00e5r integritetspolicy.<\/p>\n\n\n\n<p>Om du inte \u00e4r n\u00f6jd med v\u00e5r behandling eller anser att vi har gjort fel s\u00e5 kan du framf\u00f6ra ett klagom\u00e5l till <a href=\"mailto:kundservice@creddo.se\">kundservice@creddo.se<\/a>. Ni kan \u00e4ven framf\u00f6ra ett klagom\u00e5l direkt till Konsumentverket eller Finansinspektionen.<\/p>\n","protected":false},"excerpt":{"rendered":"<p>Senast uppdaterad 2025.12.30 Det \u00e4r viktigt f\u00f6r oss p\u00e5 Creddo att du k\u00e4nner dig trygg n\u00e4r du anv\u00e4nder v\u00e5r tj\u00e4nst. Av den anledningen har vi samlat all relevant information i v\u00e5ra anv\u00e4ndarvillkor. Om du har n\u00e5gra fr\u00e5gor s\u00e5 \u00e4r du v\u00e4lkommen att ringa till v\u00e5r kundtj\u00e4nst s\u00e5 kan vi ber\u00e4tta mer hur dina uppgifter hanteras. [&hellip;]<\/p>\n","protected":false},"author":1,"featured_media":0,"parent":0,"menu_order":0,"comment_status":"closed","ping_status":"closed","template":"creddopage.php","meta":{"_acf_changed":false,"footnotes":""},"class_list":["post-32","page","type-page","status-publish","hentry"],"acf":[],"yoast_head":"<!-- This site is optimized with the Yoast SEO Premium plugin v26.6 (Yoast SEO v26.8) - https:\/\/yoast.com\/product\/yoast-seo-premium-wordpress\/ -->\n<title>Creddo: S\u00e5 fungerar v\u00e5r tj\u00e4nst f\u00f6r l\u00e5n<\/title>\n<meta name=\"description\" content=\"H\u00e4r hittar du v\u00e5rt anv\u00e4ndaravtal f\u00f6r de tj\u00e4nster som Creddo AB tillhandah\u00e5ller f\u00f6retag som \u00f6nskar s\u00f6ka l\u00e5n genom v\u00e5r f\u00f6rmedlingstj\u00e4nst.\" \/>\n<meta name=\"robots\" content=\"index, follow, max-snippet:-1, max-image-preview:large, max-video-preview:-1\" \/>\n<link rel=\"canonical\" href=\"https:\/\/creddo.com\/se\/anvandarvillkor\/\" \/>\n<meta property=\"og:locale\" content=\"sv_SE\" \/>\n<meta property=\"og:type\" content=\"article\" \/>\n<meta property=\"og:title\" content=\"Anv\u00e4ndarvillkor\" \/>\n<meta property=\"og:description\" content=\"Senast uppdaterad 2025.12.30 Det \u00e4r viktigt f\u00f6r oss p\u00e5 Creddo att du k\u00e4nner dig trygg n\u00e4r du anv\u00e4nder v\u00e5r tj\u00e4nst. Av den anledningen har vi samlat all\" \/>\n<meta property=\"og:url\" content=\"https:\/\/creddo.com\/se\/anvandarvillkor\/\" \/>\n<meta property=\"og:site_name\" content=\"Creddo\" \/>\n<meta property=\"article:publisher\" content=\"https:\/\/www.facebook.com\/creddose\" \/>\n<meta property=\"article:modified_time\" content=\"2025-12-31T08:52:18+00:00\" \/>\n<meta property=\"og:image\" content=\"https:\/\/creddo.com\/se\/wp-content\/uploads\/2024\/07\/52.jpg\" \/>\n\t<meta property=\"og:image:width\" content=\"1200\" \/>\n\t<meta property=\"og:image:height\" content=\"630\" \/>\n\t<meta property=\"og:image:type\" content=\"image\/jpeg\" \/>\n<meta name=\"twitter:card\" content=\"summary_large_image\" \/>\n<meta name=\"twitter:label1\" content=\"Ber\u00e4knad l\u00e4stid\" \/>\n\t<meta name=\"twitter:data1\" content=\"4 minuter\" \/>\n<script type=\"application\/ld+json\" class=\"yoast-schema-graph\">{\"@context\":\"https:\/\/schema.org\",\"@graph\":[{\"@type\":\"WebPage\",\"@id\":\"https:\/\/creddo.com\/se\/anvandarvillkor\/\",\"url\":\"https:\/\/creddo.com\/se\/anvandarvillkor\/\",\"name\":\"Creddo: S\u00e5 fungerar v\u00e5r tj\u00e4nst f\u00f6r l\u00e5n\",\"isPartOf\":{\"@id\":\"https:\/\/creddo.com\/se\/#website\"},\"datePublished\":\"2019-07-13T10:15:46+00:00\",\"dateModified\":\"2025-12-31T08:52:18+00:00\",\"description\":\"H\u00e4r hittar du v\u00e5rt anv\u00e4ndaravtal f\u00f6r de tj\u00e4nster som Creddo AB tillhandah\u00e5ller f\u00f6retag som \u00f6nskar s\u00f6ka l\u00e5n genom v\u00e5r f\u00f6rmedlingstj\u00e4nst.\",\"breadcrumb\":{\"@id\":\"https:\/\/creddo.com\/se\/anvandarvillkor\/#breadcrumb\"},\"inLanguage\":\"sv-SE\",\"potentialAction\":[{\"@type\":\"ReadAction\",\"target\":[\"https:\/\/creddo.com\/se\/anvandarvillkor\/\"]}]},{\"@type\":\"BreadcrumbList\",\"@id\":\"https:\/\/creddo.com\/se\/anvandarvillkor\/#breadcrumb\",\"itemListElement\":[{\"@type\":\"ListItem\",\"position\":1,\"name\":\"Creddo.com\",\"item\":\"https:\/\/creddo.com\/se\/\"},{\"@type\":\"ListItem\",\"position\":2,\"name\":\"Anv\u00e4ndarvillkor\"}]},{\"@type\":\"WebSite\",\"@id\":\"https:\/\/creddo.com\/se\/#website\",\"url\":\"https:\/\/creddo.com\/se\/\",\"name\":\"Creddo\",\"description\":\"J\u00e4mf\u00f6r f\u00f6retagsl\u00e5n upp till 10 miljoner\",\"publisher\":{\"@id\":\"https:\/\/creddo.com\/se\/#organization\"},\"potentialAction\":[{\"@type\":\"SearchAction\",\"target\":{\"@type\":\"EntryPoint\",\"urlTemplate\":\"https:\/\/creddo.com\/se\/?s={search_term_string}\"},\"query-input\":{\"@type\":\"PropertyValueSpecification\",\"valueRequired\":true,\"valueName\":\"search_term_string\"}}],\"inLanguage\":\"sv-SE\"},{\"@type\":\"Organization\",\"@id\":\"https:\/\/creddo.com\/se\/#organization\",\"name\":\"Creddo AB\",\"url\":\"https:\/\/creddo.com\/se\/\",\"logo\":{\"@type\":\"ImageObject\",\"inLanguage\":\"sv-SE\",\"@id\":\"https:\/\/creddo.com\/se\/#\/schema\/logo\/image\/\",\"url\":\"https:\/\/creddo.com\/se\/wp-content\/uploads\/2024\/04\/Creddo-logo-square.png\",\"contentUrl\":\"https:\/\/creddo.com\/se\/wp-content\/uploads\/2024\/04\/Creddo-logo-square.png\",\"width\":720,\"height\":720,\"caption\":\"Creddo AB\"},\"image\":{\"@id\":\"https:\/\/creddo.com\/se\/#\/schema\/logo\/image\/\"},\"sameAs\":[\"https:\/\/www.facebook.com\/creddose\",\"https:\/\/www.linkedin.com\/company\/creddo-ab\/\"]}]}<\/script>\n<!-- \/ Yoast SEO Premium plugin. -->","yoast_head_json":{"title":"Creddo: S\u00e5 fungerar v\u00e5r tj\u00e4nst f\u00f6r l\u00e5n","description":"H\u00e4r hittar du v\u00e5rt anv\u00e4ndaravtal f\u00f6r de tj\u00e4nster som Creddo AB tillhandah\u00e5ller f\u00f6retag som \u00f6nskar s\u00f6ka l\u00e5n genom v\u00e5r f\u00f6rmedlingstj\u00e4nst.","robots":{"index":"index","follow":"follow","max-snippet":"max-snippet:-1","max-image-preview":"max-image-preview:large","max-video-preview":"max-video-preview:-1"},"canonical":"https:\/\/creddo.com\/se\/anvandarvillkor\/","og_locale":"sv_SE","og_type":"article","og_title":"Anv\u00e4ndarvillkor","og_description":"Senast uppdaterad 2025.12.30 Det \u00e4r viktigt f\u00f6r oss p\u00e5 Creddo att du k\u00e4nner dig trygg n\u00e4r du anv\u00e4nder v\u00e5r tj\u00e4nst. Av den anledningen har vi samlat all","og_url":"https:\/\/creddo.com\/se\/anvandarvillkor\/","og_site_name":"Creddo","article_publisher":"https:\/\/www.facebook.com\/creddose","article_modified_time":"2025-12-31T08:52:18+00:00","og_image":[{"width":1200,"height":630,"url":"https:\/\/creddo.com\/se\/wp-content\/uploads\/2024\/07\/52.jpg","type":"image\/jpeg"}],"twitter_card":"summary_large_image","twitter_misc":{"Ber\u00e4knad l\u00e4stid":"4 minuter"},"schema":{"@context":"https:\/\/schema.org","@graph":[{"@type":"WebPage","@id":"https:\/\/creddo.com\/se\/anvandarvillkor\/","url":"https:\/\/creddo.com\/se\/anvandarvillkor\/","name":"Creddo: S\u00e5 fungerar v\u00e5r tj\u00e4nst f\u00f6r l\u00e5n","isPartOf":{"@id":"https:\/\/creddo.com\/se\/#website"},"datePublished":"2019-07-13T10:15:46+00:00","dateModified":"2025-12-31T08:52:18+00:00","description":"H\u00e4r hittar du v\u00e5rt anv\u00e4ndaravtal f\u00f6r de tj\u00e4nster som Creddo AB tillhandah\u00e5ller f\u00f6retag som \u00f6nskar s\u00f6ka l\u00e5n genom v\u00e5r f\u00f6rmedlingstj\u00e4nst.","breadcrumb":{"@id":"https:\/\/creddo.com\/se\/anvandarvillkor\/#breadcrumb"},"inLanguage":"sv-SE","potentialAction":[{"@type":"ReadAction","target":["https:\/\/creddo.com\/se\/anvandarvillkor\/"]}]},{"@type":"BreadcrumbList","@id":"https:\/\/creddo.com\/se\/anvandarvillkor\/#breadcrumb","itemListElement":[{"@type":"ListItem","position":1,"name":"Creddo.com","item":"https:\/\/creddo.com\/se\/"},{"@type":"ListItem","position":2,"name":"Anv\u00e4ndarvillkor"}]},{"@type":"WebSite","@id":"https:\/\/creddo.com\/se\/#website","url":"https:\/\/creddo.com\/se\/","name":"Creddo","description":"J\u00e4mf\u00f6r f\u00f6retagsl\u00e5n upp till 10 miljoner","publisher":{"@id":"https:\/\/creddo.com\/se\/#organization"},"potentialAction":[{"@type":"SearchAction","target":{"@type":"EntryPoint","urlTemplate":"https:\/\/creddo.com\/se\/?s={search_term_string}"},"query-input":{"@type":"PropertyValueSpecification","valueRequired":true,"valueName":"search_term_string"}}],"inLanguage":"sv-SE"},{"@type":"Organization","@id":"https:\/\/creddo.com\/se\/#organization","name":"Creddo AB","url":"https:\/\/creddo.com\/se\/","logo":{"@type":"ImageObject","inLanguage":"sv-SE","@id":"https:\/\/creddo.com\/se\/#\/schema\/logo\/image\/","url":"https:\/\/creddo.com\/se\/wp-content\/uploads\/2024\/04\/Creddo-logo-square.png","contentUrl":"https:\/\/creddo.com\/se\/wp-content\/uploads\/2024\/04\/Creddo-logo-square.png","width":720,"height":720,"caption":"Creddo AB"},"image":{"@id":"https:\/\/creddo.com\/se\/#\/schema\/logo\/image\/"},"sameAs":["https:\/\/www.facebook.com\/creddose","https:\/\/www.linkedin.com\/company\/creddo-ab\/"]}]}},"lang":"sv","translations":{"sv":32},"pll_sync_post":[],"_links":{"self":[{"href":"https:\/\/creddo.com\/se\/wp-json\/wp\/v2\/pages\/32","targetHints":{"allow":["GET"]}}],"collection":[{"href":"https:\/\/creddo.com\/se\/wp-json\/wp\/v2\/pages"}],"about":[{"href":"https:\/\/creddo.com\/se\/wp-json\/wp\/v2\/types\/page"}],"author":[{"embeddable":true,"href":"https:\/\/creddo.com\/se\/wp-json\/wp\/v2\/users\/1"}],"replies":[{"embeddable":true,"href":"https:\/\/creddo.com\/se\/wp-json\/wp\/v2\/comments?post=32"}],"version-history":[{"count":41,"href":"https:\/\/creddo.com\/se\/wp-json\/wp\/v2\/pages\/32\/revisions"}],"predecessor-version":[{"id":5391,"href":"https:\/\/creddo.com\/se\/wp-json\/wp\/v2\/pages\/32\/revisions\/5391"}],"wp:attachment":[{"href":"https:\/\/creddo.com\/se\/wp-json\/wp\/v2\/media?parent=32"}],"curies":[{"name":"wp","href":"https:\/\/api.w.org\/{rel}","templated":true}]}}