{"id":3660,"date":"2023-09-24T10:42:48","date_gmt":"2023-09-24T08:42:48","guid":{"rendered":"https:\/\/creddo.com\/se\/?page_id=3660"},"modified":"2025-12-30T16:45:58","modified_gmt":"2025-12-30T15:45:58","slug":"bizcap","status":"publish","type":"page","link":"https:\/\/creddo.com\/se\/langivare\/bizcap\/","title":{"rendered":"Bizcap"},"content":{"rendered":"\n<h2 class=\"wp-block-heading\" id=\"h-kort-om-bizcap\"><strong><strong><strong><strong><strong><strong><strong><strong><strong><strong><strong><strong><strong><strong><strong><strong><strong><strong><strong><strong><strong><strong><strong><strong><strong>Kort om Bizcap<\/strong><\/strong><\/strong><\/strong><\/strong><\/strong><\/strong><\/strong><\/strong><\/strong><\/strong><\/strong><\/strong><\/strong><\/strong><\/strong><\/strong><\/strong><\/strong><\/strong><\/strong><\/strong><\/strong><\/strong><\/strong><\/h2>\n\n\n\n<p>Bizcap \u00e4r en erfaren finansieringspartner som hj\u00e4lper f\u00f6retag att v\u00e4xa och utvecklas. De erbjuder skr\u00e4ddarsydda l\u00f6sningar f\u00f6r investeringar, expansion och fastighetsprojekt. Med expertis inom b\u00e5de f\u00f6retagsfinansiering och fastighetsbranschen kan finansbolaget st\u00f6tta f\u00f6retag i alla steg av processen. Deras finansieringsalternativ inkluderar kreditfaciliteter, konvertibler och bryggl\u00e5n, anpassade efter varje f\u00f6retags behov. Oavsett om det g\u00e4ller nya investeringar, uppgraderingar eller f\u00f6rv\u00e4rv finns de som en p\u00e5litlig partner.<\/p>\n\n\n\n<ul class=\"wp-block-list\">\n<li>Med Bizcap kan du l\u00e5na 2-20 miljoner kronor<\/li>\n\n\n\n<li>Snabba svar inom en arbetsdag<\/li>\n\n\n\n<li>Personlig r\u00e5dgivning genom hela processen<\/li>\n\n\n\n<li>Tydliga villkor utan dolda avgifter<\/li>\n\n\n\n<li>Amorteringsfritt och fri f\u00f6rtidsl\u00f6sen<\/li>\n\n\n\n<li>Flexibla villkor<\/li>\n<\/ul>\n\n\n\n<p><\/p>\n\n\n\n<h2 class=\"wp-block-heading\" id=\"h-ratt-foretagslan-for-expansion-och-tillvaxt\"><strong>R\u00e4tt f\u00f6retagsl\u00e5n f\u00f6r expansion och tillv\u00e4xt<\/strong><\/h2>\n\n\n\n<p>Bizcap hj\u00e4lper ert f\u00f6retag att finansiera b\u00e5de expansion och tillv\u00e4xt, oavsett om det handlar om att ut\u00f6ka ert team med fler medarbetare, f\u00f6rv\u00e4rva andra f\u00f6retag, investera i ny teknik och digitalisering eller uppgradera maskiner och produktionsutrustning. F\u00f6retaget erbjuder en rad olika finansieringsl\u00f6sningar som \u00e4r anpassade efter era behov och m\u00e5l, inklusive kreditfaciliteter, konvertibler och bryggl\u00e5n. Genom att skr\u00e4ddarsy finansieringsalternativen kan Bizcap st\u00f6dja ert f\u00f6retag i varje steg av tillv\u00e4xtresan, fr\u00e5n planering och investering till genomf\u00f6rande, vilket g\u00f6r det m\u00f6jligt att f\u00f6rverkliga aff\u00e4rsstrategier utan att kompromissa med likviditet eller flexibilitet.<\/p>\n\n\n\n<p><\/p>\n\n\n\n<h2 class=\"wp-block-heading\" id=\"h-finansiera-ditt-fastighetsprojekt-tillsammans-med-bizcap\"><strong><strong>Finansiera ditt fastighetsprojekt tillsammans med Bizcap<\/strong><\/strong><\/h2>\n\n\n\n<p>Bizcap har gedigen erfarenhet och expertis inom fastighetsbranschen och kan st\u00f6dja ert f\u00f6retag eller projekt i alla steg av fastighetstransaktioner. De erbjuder hj\u00e4lp vid k\u00f6p, renoveringar eller ombyggnation av olika typer av fastigheter, inklusive kontors- och aff\u00e4rsfastigheter, industrifastigheter, flerbostadshus, bostadsr\u00e4ttsf\u00f6reningar samt jordbruks- och skogsfastigheter. <\/p>\n\n\n\n<p>Genom att kombinera finansiell expertis med branschkunskap kan Bizcap hj\u00e4lpa er att hitta de b\u00e4sta l\u00f6sningarna f\u00f6r finansiering, riskhantering och investering, vilket g\u00f6r det m\u00f6jligt att genomf\u00f6ra projekt effektivt och h\u00e5llbart, oavsett fastighetstyp eller omfattning. \u00e4r kunniga specialister inom<a href=\"https:\/\/creddo.com\/se\/fastighetslan\/\"> fastighetsl\u00e5n.<\/a><\/p>\n\n\n\n<p><\/p>\n","protected":false},"excerpt":{"rendered":"<p>Kort om Bizcap Bizcap \u00e4r en erfaren finansieringspartner som hj\u00e4lper f\u00f6retag att v\u00e4xa och utvecklas. De erbjuder skr\u00e4ddarsydda l\u00f6sningar f\u00f6r investeringar, expansion och fastighetsprojekt. Med expertis inom b\u00e5de f\u00f6retagsfinansiering och fastighetsbranschen kan finansbolaget st\u00f6tta f\u00f6retag i alla steg av processen. Deras finansieringsalternativ inkluderar kreditfaciliteter, konvertibler och bryggl\u00e5n, anpassade efter varje f\u00f6retags behov. Oavsett om det [&hellip;]<\/p>\n","protected":false},"author":13,"featured_media":0,"parent":2896,"menu_order":0,"comment_status":"closed","ping_status":"closed","template":"empty-page-with-slider.php","meta":{"_acf_changed":false,"footnotes":""},"class_list":["post-3660","page","type-page","status-publish","hentry"],"acf":[],"yoast_head":"<!-- This site is optimized with the Yoast SEO Premium plugin v26.6 (Yoast SEO v26.8) - https:\/\/yoast.com\/product\/yoast-seo-premium-wordpress\/ -->\n<title>Bizcap f\u00f6retagsl\u00e5n - L\u00e5na upp till 20 miljoner kr - Creddo<\/title>\n<meta name=\"description\" content=\"Bizcap kan via Creddo erbjuda f\u00f6retagare mellan 2-20 miljoner kronor. L\u00e4gsta r\u00e4ntan f\u00f6r f\u00f6retagsfinansiering.\" \/>\n<meta name=\"robots\" content=\"index, follow, max-snippet:-1, max-image-preview:large, max-video-preview:-1\" \/>\n<link rel=\"canonical\" href=\"https:\/\/creddo.com\/se\/langivare\/bizcap\/\" \/>\n<meta property=\"og:locale\" content=\"sv_SE\" \/>\n<meta property=\"og:type\" content=\"article\" \/>\n<meta property=\"og:title\" content=\"Bizcap\" \/>\n<meta property=\"og:description\" content=\"Kort om Bizcap Bizcap \u00e4r en erfaren finansieringspartner som hj\u00e4lper f\u00f6retag att v\u00e4xa och utvecklas. De erbjuder skr\u00e4ddarsydda l\u00f6sningar f\u00f6r\" \/>\n<meta property=\"og:url\" content=\"https:\/\/creddo.com\/se\/langivare\/bizcap\/\" \/>\n<meta property=\"og:site_name\" content=\"Creddo\" \/>\n<meta property=\"article:publisher\" content=\"https:\/\/www.facebook.com\/creddose\" \/>\n<meta property=\"article:modified_time\" content=\"2025-12-30T15:45:58+00:00\" \/>\n<meta property=\"og:image\" content=\"https:\/\/creddo.com\/se\/wp-content\/uploads\/2024\/07\/52.jpg\" \/>\n\t<meta property=\"og:image:width\" content=\"1200\" \/>\n\t<meta property=\"og:image:height\" content=\"630\" \/>\n\t<meta property=\"og:image:type\" content=\"image\/jpeg\" \/>\n<meta name=\"twitter:card\" content=\"summary_large_image\" \/>\n<meta name=\"twitter:label1\" content=\"Ber\u00e4knad l\u00e4stid\" \/>\n\t<meta name=\"twitter:data1\" content=\"2 minuter\" \/>\n<script type=\"application\/ld+json\" class=\"yoast-schema-graph\">{\"@context\":\"https:\/\/schema.org\",\"@graph\":[{\"@type\":\"WebPage\",\"@id\":\"https:\/\/creddo.com\/se\/langivare\/bizcap\/\",\"url\":\"https:\/\/creddo.com\/se\/langivare\/bizcap\/\",\"name\":\"Bizcap f\u00f6retagsl\u00e5n - L\u00e5na upp till 20 miljoner kr - Creddo\",\"isPartOf\":{\"@id\":\"https:\/\/creddo.com\/se\/#website\"},\"datePublished\":\"2023-09-24T08:42:48+00:00\",\"dateModified\":\"2025-12-30T15:45:58+00:00\",\"description\":\"Bizcap kan via Creddo erbjuda f\u00f6retagare mellan 2-20 miljoner kronor. L\u00e4gsta r\u00e4ntan f\u00f6r f\u00f6retagsfinansiering.\",\"breadcrumb\":{\"@id\":\"https:\/\/creddo.com\/se\/langivare\/bizcap\/#breadcrumb\"},\"inLanguage\":\"sv-SE\",\"potentialAction\":[{\"@type\":\"ReadAction\",\"target\":[\"https:\/\/creddo.com\/se\/langivare\/bizcap\/\"]}]},{\"@type\":\"BreadcrumbList\",\"@id\":\"https:\/\/creddo.com\/se\/langivare\/bizcap\/#breadcrumb\",\"itemListElement\":[{\"@type\":\"ListItem\",\"position\":1,\"name\":\"Creddo.com\",\"item\":\"https:\/\/creddo.com\/se\/\"},{\"@type\":\"ListItem\",\"position\":2,\"name\":\"L\u00e5ngivare\",\"item\":\"https:\/\/creddo.com\/se\/langivare\/\"},{\"@type\":\"ListItem\",\"position\":3,\"name\":\"Bizcap\"}]},{\"@type\":\"WebSite\",\"@id\":\"https:\/\/creddo.com\/se\/#website\",\"url\":\"https:\/\/creddo.com\/se\/\",\"name\":\"Creddo\",\"description\":\"J\u00e4mf\u00f6r f\u00f6retagsl\u00e5n upp till 10 miljoner\",\"publisher\":{\"@id\":\"https:\/\/creddo.com\/se\/#organization\"},\"potentialAction\":[{\"@type\":\"SearchAction\",\"target\":{\"@type\":\"EntryPoint\",\"urlTemplate\":\"https:\/\/creddo.com\/se\/?s={search_term_string}\"},\"query-input\":{\"@type\":\"PropertyValueSpecification\",\"valueRequired\":true,\"valueName\":\"search_term_string\"}}],\"inLanguage\":\"sv-SE\"},{\"@type\":\"Organization\",\"@id\":\"https:\/\/creddo.com\/se\/#organization\",\"name\":\"Creddo AB\",\"url\":\"https:\/\/creddo.com\/se\/\",\"logo\":{\"@type\":\"ImageObject\",\"inLanguage\":\"sv-SE\",\"@id\":\"https:\/\/creddo.com\/se\/#\/schema\/logo\/image\/\",\"url\":\"https:\/\/creddo.com\/se\/wp-content\/uploads\/2024\/04\/Creddo-logo-square.png\",\"contentUrl\":\"https:\/\/creddo.com\/se\/wp-content\/uploads\/2024\/04\/Creddo-logo-square.png\",\"width\":720,\"height\":720,\"caption\":\"Creddo AB\"},\"image\":{\"@id\":\"https:\/\/creddo.com\/se\/#\/schema\/logo\/image\/\"},\"sameAs\":[\"https:\/\/www.facebook.com\/creddose\",\"https:\/\/www.linkedin.com\/company\/creddo-ab\/\"]}]}<\/script>\n<!-- \/ Yoast SEO Premium plugin. -->","yoast_head_json":{"title":"Bizcap f\u00f6retagsl\u00e5n - L\u00e5na upp till 20 miljoner kr - Creddo","description":"Bizcap kan via Creddo erbjuda f\u00f6retagare mellan 2-20 miljoner kronor. L\u00e4gsta r\u00e4ntan f\u00f6r f\u00f6retagsfinansiering.","robots":{"index":"index","follow":"follow","max-snippet":"max-snippet:-1","max-image-preview":"max-image-preview:large","max-video-preview":"max-video-preview:-1"},"canonical":"https:\/\/creddo.com\/se\/langivare\/bizcap\/","og_locale":"sv_SE","og_type":"article","og_title":"Bizcap","og_description":"Kort om Bizcap Bizcap \u00e4r en erfaren finansieringspartner som hj\u00e4lper f\u00f6retag att v\u00e4xa och utvecklas. De erbjuder skr\u00e4ddarsydda l\u00f6sningar f\u00f6r","og_url":"https:\/\/creddo.com\/se\/langivare\/bizcap\/","og_site_name":"Creddo","article_publisher":"https:\/\/www.facebook.com\/creddose","article_modified_time":"2025-12-30T15:45:58+00:00","og_image":[{"width":1200,"height":630,"url":"https:\/\/creddo.com\/se\/wp-content\/uploads\/2024\/07\/52.jpg","type":"image\/jpeg"}],"twitter_card":"summary_large_image","twitter_misc":{"Ber\u00e4knad l\u00e4stid":"2 minuter"},"schema":{"@context":"https:\/\/schema.org","@graph":[{"@type":"WebPage","@id":"https:\/\/creddo.com\/se\/langivare\/bizcap\/","url":"https:\/\/creddo.com\/se\/langivare\/bizcap\/","name":"Bizcap f\u00f6retagsl\u00e5n - L\u00e5na upp till 20 miljoner kr - Creddo","isPartOf":{"@id":"https:\/\/creddo.com\/se\/#website"},"datePublished":"2023-09-24T08:42:48+00:00","dateModified":"2025-12-30T15:45:58+00:00","description":"Bizcap kan via Creddo erbjuda f\u00f6retagare mellan 2-20 miljoner kronor. L\u00e4gsta r\u00e4ntan f\u00f6r f\u00f6retagsfinansiering.","breadcrumb":{"@id":"https:\/\/creddo.com\/se\/langivare\/bizcap\/#breadcrumb"},"inLanguage":"sv-SE","potentialAction":[{"@type":"ReadAction","target":["https:\/\/creddo.com\/se\/langivare\/bizcap\/"]}]},{"@type":"BreadcrumbList","@id":"https:\/\/creddo.com\/se\/langivare\/bizcap\/#breadcrumb","itemListElement":[{"@type":"ListItem","position":1,"name":"Creddo.com","item":"https:\/\/creddo.com\/se\/"},{"@type":"ListItem","position":2,"name":"L\u00e5ngivare","item":"https:\/\/creddo.com\/se\/langivare\/"},{"@type":"ListItem","position":3,"name":"Bizcap"}]},{"@type":"WebSite","@id":"https:\/\/creddo.com\/se\/#website","url":"https:\/\/creddo.com\/se\/","name":"Creddo","description":"J\u00e4mf\u00f6r f\u00f6retagsl\u00e5n upp till 10 miljoner","publisher":{"@id":"https:\/\/creddo.com\/se\/#organization"},"potentialAction":[{"@type":"SearchAction","target":{"@type":"EntryPoint","urlTemplate":"https:\/\/creddo.com\/se\/?s={search_term_string}"},"query-input":{"@type":"PropertyValueSpecification","valueRequired":true,"valueName":"search_term_string"}}],"inLanguage":"sv-SE"},{"@type":"Organization","@id":"https:\/\/creddo.com\/se\/#organization","name":"Creddo AB","url":"https:\/\/creddo.com\/se\/","logo":{"@type":"ImageObject","inLanguage":"sv-SE","@id":"https:\/\/creddo.com\/se\/#\/schema\/logo\/image\/","url":"https:\/\/creddo.com\/se\/wp-content\/uploads\/2024\/04\/Creddo-logo-square.png","contentUrl":"https:\/\/creddo.com\/se\/wp-content\/uploads\/2024\/04\/Creddo-logo-square.png","width":720,"height":720,"caption":"Creddo AB"},"image":{"@id":"https:\/\/creddo.com\/se\/#\/schema\/logo\/image\/"},"sameAs":["https:\/\/www.facebook.com\/creddose","https:\/\/www.linkedin.com\/company\/creddo-ab\/"]}]}},"lang":"sv","translations":{"sv":3660},"pll_sync_post":[],"_links":{"self":[{"href":"https:\/\/creddo.com\/se\/wp-json\/wp\/v2\/pages\/3660","targetHints":{"allow":["GET"]}}],"collection":[{"href":"https:\/\/creddo.com\/se\/wp-json\/wp\/v2\/pages"}],"about":[{"href":"https:\/\/creddo.com\/se\/wp-json\/wp\/v2\/types\/page"}],"author":[{"embeddable":true,"href":"https:\/\/creddo.com\/se\/wp-json\/wp\/v2\/users\/13"}],"replies":[{"embeddable":true,"href":"https:\/\/creddo.com\/se\/wp-json\/wp\/v2\/comments?post=3660"}],"version-history":[{"count":12,"href":"https:\/\/creddo.com\/se\/wp-json\/wp\/v2\/pages\/3660\/revisions"}],"predecessor-version":[{"id":5398,"href":"https:\/\/creddo.com\/se\/wp-json\/wp\/v2\/pages\/3660\/revisions\/5398"}],"up":[{"embeddable":true,"href":"https:\/\/creddo.com\/se\/wp-json\/wp\/v2\/pages\/2896"}],"wp:attachment":[{"href":"https:\/\/creddo.com\/se\/wp-json\/wp\/v2\/media?parent=3660"}],"curies":[{"name":"wp","href":"https:\/\/api.w.org\/{rel}","templated":true}]}}