{"id":3671,"date":"2023-11-24T21:00:02","date_gmt":"2023-11-24T20:00:02","guid":{"rendered":"https:\/\/stage.creddo.com\/se\/?page_id=3671"},"modified":"2025-12-30T16:18:51","modified_gmt":"2025-12-30T15:18:51","slug":"recension","status":"publish","type":"page","link":"https:\/\/creddo.com\/se\/langivare\/aros-kapital\/recension\/","title":{"rendered":"Recension"},"content":{"rendered":"\n<h2 class=\"wp-block-heading\" id=\"h-om-aros-kapital\"><strong><strong><strong>Om Aros Kapital<\/strong><\/strong><\/strong><\/h2>\n\n\n\n<p>F\u00f6r snart tio \u00e5r sedan, 2014, beviljades Aros Kapital av Finansinspektionen att agera kreditmarknadsbolag. Sedan dess har dotterbolag uppr\u00e4ttats och moderskeppet g\u00e5tt i br\u00e4schen som \u201centrepren\u00f6rens b\u00e4sta v\u00e4n\u201d. De bedriver ocks\u00e5 bankverksamhet och erbjuder inkassotj\u00e4nster, vilket g\u00f6r dem till ett f\u00f6rh\u00e5llandevis helhetst\u00e4ckande alternativ f\u00f6r de f\u00f6retag som vill ha allt samlat p\u00e5 ett och samma st\u00e4lle. Deras l\u00e5nevillkor \u00e4r transparenta och med en \u00e5rlig r\u00e4nta p\u00e5 7-10 procent.<\/p>\n\n\n\n<p><\/p>\n\n\n\n<h2 class=\"wp-block-heading\" id=\"h-detta-erbjuder-aros-kapital-sina-lantagare\"><strong><strong><strong>Detta erbjuder Aros Kapital sina l\u00e5ntagare<\/strong><\/strong><\/strong><\/h2>\n\n\n\n<ul class=\"wp-block-list\">\n<li>F\u00f6retagsl\u00e5n direkt med EU-st\u00f6d<\/li>\n\n\n\n<li>F\u00f6retagsl\u00e5n direkt<\/li>\n\n\n\n<li>Stora f\u00f6retagsl\u00e5net<\/li>\n<\/ul>\n\n\n\n<p><\/p>\n\n\n\n<h2 class=\"wp-block-heading\" id=\"h-foretagslan-direkt-med-aros-kapital-eu-stod\"><strong><strong>F\u00f6retagsl\u00e5n direkt med <strong><strong><strong>Aros Kapital<\/strong><\/strong><\/strong> EU-st\u00f6d<\/strong><\/strong><\/h2>\n\n\n\n<p>Med ett maxtak p\u00e5 550 000 kronor \u00e4r inte den h\u00e4r varianten av l\u00e5n kanske ingenting f\u00f6r de st\u00f6rre f\u00f6retagen, men f\u00f6r de som faller innanf\u00f6r ramarna \u00e4r det sv\u00e5rt att hitta ett b\u00e4ttre erbjudande.<\/p>\n\n\n\n<p>Eftersom l\u00e5net omfattas av en garanti som finansieras av EU-programmet f\u00f6r syssels\u00e4ttning och social innovation (EaSI) beh\u00f6ver man som borgensman endast svara f\u00f6r 20 procent av l\u00e5nebeloppet. D\u00e4rtill \u00e4r r\u00e4ntan l\u00e4gre med rabatt p\u00e5 minst 2 procent.<\/p>\n\n\n\n<h3 class=\"wp-block-heading\" id=\"h-krav\"><strong><strong>Krav<\/strong><\/strong><\/h3>\n\n\n\n<ul class=\"wp-block-list\">\n<li>M\u00e5ste vara ett aktiebolag<\/li>\n\n\n\n<li>Max 9 stycken heltidsanst\u00e4llda<\/li>\n\n\n\n<li>Max 20 miljoner kronor i oms\u00e4ttning<\/li>\n\n\n\n<li>Max 20 miljoner kronor i totala tillg\u00e5ngar<\/li>\n\n\n\n<li>Minst ett registrerat bokslut<\/li>\n<\/ul>\n\n\n\n<p><\/p>\n\n\n\n<h2 class=\"wp-block-heading\" id=\"h-foretagslan-direkt\"><strong><strong>F\u00f6retagsl\u00e5n direkt<\/strong><\/strong><\/h2>\n\n\n\n<p>En betydligt enklare och mer vanligt f\u00f6rekommande l\u00e5netyp. Snabbt och smidigt kan aktiebolag l\u00e5na upp till 3 miljoner kronor. Utbetalningen sker inom 1-2 bankdagar efter godk\u00e4nnande och \u00e5terbetalningsspannet str\u00e4cker sig fr\u00e5n 12-60 m\u00e5nader.<\/p>\n\n\n\n<h3 class=\"wp-block-heading\" id=\"h-krav-0\"><strong><strong>Krav<\/strong><\/strong><\/h3>\n\n\n\n<ul class=\"wp-block-list\">\n<li>M\u00e5ste vara ett aktiebolag<\/li>\n\n\n\n<li>Borgens\u00e5tagande p\u00e5 hela l\u00e5net eller fatstighetspant<\/li>\n\n\n\n<li>Minst ett registrerat bokslut<\/li>\n<\/ul>\n\n\n\n<p><\/p>\n\n\n\n<h2 class=\"wp-block-heading\" id=\"h-stora-foretagslanet\"><strong>Stora f\u00f6retagsl\u00e5net<\/strong><\/h2>\n\n\n\n<p>Om f\u00f6retaget beh\u00f6ver l\u00e5na mer \u00e4n 3 miljoner kronor \u00e4r det stora f\u00f6retagsl\u00e5net ett alternativ att se \u00f6ver. Genom detta g\u00e5r det n\u00e4mligen att l\u00e5na upp till 160 miljoner kronor. Detta med en amorteringsperiod p\u00e5 upp till 20 \u00e5r. F\u00f6r att kvalificera sig f\u00f6r detta beh\u00f6vs en n\u00e4rmare granskning fr\u00e5n Aros Kapital.<\/p>\n\n\n\n<p><\/p>\n\n\n\n<h2 class=\"wp-block-heading\" id=\"h-sammanfattning\">Sammanfattning<\/h2>\n\n\n\n<p>Aros Kapital \u00e4r ett alternativ som riktar sig till sm\u00e5 som stora f\u00f6retag med behov att relativt snabbt f\u00e5 ett tillskott i f\u00f6retagskassan. Till skillnad fr\u00e5n m\u00e5nga andra erbjuder de f\u00f6retagsl\u00e5n med EU-st\u00f6d, vilket \u00e4r f\u00f6rm\u00e5nligt men begr\u00e4nsat till max 550 000 kronor. Aros Kapital \u00e4r transparenta med sina villkor, men l\u00e5nar endast ut till aktiebolag som har minst ett registrerat bokslut.<\/p>\n","protected":false},"excerpt":{"rendered":"<p>Om Aros Kapital F\u00f6r snart tio \u00e5r sedan, 2014, beviljades Aros Kapital av Finansinspektionen att agera kreditmarknadsbolag. Sedan dess har dotterbolag uppr\u00e4ttats och moderskeppet g\u00e5tt i br\u00e4schen som \u201centrepren\u00f6rens b\u00e4sta v\u00e4n\u201d. De bedriver ocks\u00e5 bankverksamhet och erbjuder inkassotj\u00e4nster, vilket g\u00f6r dem till ett f\u00f6rh\u00e5llandevis helhetst\u00e4ckande alternativ f\u00f6r de f\u00f6retag som vill ha allt samlat p\u00e5 [&hellip;]<\/p>\n","protected":false},"author":13,"featured_media":0,"parent":2897,"menu_order":0,"comment_status":"closed","ping_status":"closed","template":"empty-page-with-slider.php","meta":{"_acf_changed":false,"footnotes":""},"class_list":["post-3671","page","type-page","status-publish","hentry"],"acf":[],"yoast_head":"<!-- This site is optimized with the Yoast SEO Premium plugin v26.6 (Yoast SEO v26.8) - https:\/\/yoast.com\/product\/yoast-seo-premium-wordpress\/ -->\n<title>Aros Kapital - Recension: Allt du beh\u00f6ver veta - Creddo<\/title>\n<meta name=\"description\" content=\"Recension av Aros Kapital: Ta reda p\u00e5 hur deras f\u00f6retagsl\u00e5n kan st\u00f6dja dig i att uppn\u00e5 dina finansiella m\u00e5l. V\u00e4lj r\u00e4tt f\u00f6retagsfinansiering.\" \/>\n<meta name=\"robots\" content=\"index, follow, max-snippet:-1, max-image-preview:large, max-video-preview:-1\" \/>\n<link rel=\"canonical\" href=\"https:\/\/creddo.com\/se\/langivare\/aros-kapital\/recension\/\" \/>\n<meta property=\"og:locale\" content=\"sv_SE\" \/>\n<meta property=\"og:type\" content=\"article\" \/>\n<meta property=\"og:title\" content=\"Recension\" \/>\n<meta property=\"og:description\" content=\"Om Aros Kapital F\u00f6r snart tio \u00e5r sedan, 2014, beviljades Aros Kapital av Finansinspektionen att agera kreditmarknadsbolag. Sedan dess har dotterbolag\" \/>\n<meta property=\"og:url\" content=\"https:\/\/creddo.com\/se\/langivare\/aros-kapital\/recension\/\" \/>\n<meta property=\"og:site_name\" content=\"Creddo\" \/>\n<meta property=\"article:publisher\" content=\"https:\/\/www.facebook.com\/creddose\" \/>\n<meta property=\"article:modified_time\" content=\"2025-12-30T15:18:51+00:00\" \/>\n<meta property=\"og:image\" content=\"https:\/\/creddo.com\/se\/wp-content\/uploads\/2024\/07\/52.jpg\" \/>\n\t<meta property=\"og:image:width\" content=\"1200\" \/>\n\t<meta property=\"og:image:height\" content=\"630\" \/>\n\t<meta property=\"og:image:type\" content=\"image\/jpeg\" \/>\n<meta name=\"twitter:card\" content=\"summary_large_image\" \/>\n<meta name=\"twitter:label1\" content=\"Ber\u00e4knad l\u00e4stid\" \/>\n\t<meta name=\"twitter:data1\" content=\"2 minuter\" \/>\n<script type=\"application\/ld+json\" class=\"yoast-schema-graph\">{\"@context\":\"https:\/\/schema.org\",\"@graph\":[{\"@type\":\"WebPage\",\"@id\":\"https:\/\/creddo.com\/se\/langivare\/aros-kapital\/recension\/\",\"url\":\"https:\/\/creddo.com\/se\/langivare\/aros-kapital\/recension\/\",\"name\":\"Aros Kapital - Recension: Allt du beh\u00f6ver veta - Creddo\",\"isPartOf\":{\"@id\":\"https:\/\/creddo.com\/se\/#website\"},\"datePublished\":\"2023-11-24T20:00:02+00:00\",\"dateModified\":\"2025-12-30T15:18:51+00:00\",\"description\":\"Recension av Aros Kapital: Ta reda p\u00e5 hur deras f\u00f6retagsl\u00e5n kan st\u00f6dja dig i att uppn\u00e5 dina finansiella m\u00e5l. V\u00e4lj r\u00e4tt f\u00f6retagsfinansiering.\",\"breadcrumb\":{\"@id\":\"https:\/\/creddo.com\/se\/langivare\/aros-kapital\/recension\/#breadcrumb\"},\"inLanguage\":\"sv-SE\",\"potentialAction\":[{\"@type\":\"ReadAction\",\"target\":[\"https:\/\/creddo.com\/se\/langivare\/aros-kapital\/recension\/\"]}]},{\"@type\":\"BreadcrumbList\",\"@id\":\"https:\/\/creddo.com\/se\/langivare\/aros-kapital\/recension\/#breadcrumb\",\"itemListElement\":[{\"@type\":\"ListItem\",\"position\":1,\"name\":\"Creddo.com\",\"item\":\"https:\/\/creddo.com\/se\/\"},{\"@type\":\"ListItem\",\"position\":2,\"name\":\"L\u00e5ngivare\",\"item\":\"https:\/\/creddo.com\/se\/langivare\/\"},{\"@type\":\"ListItem\",\"position\":3,\"name\":\"Aros Kapital\",\"item\":\"https:\/\/creddo.com\/se\/langivare\/aros-kapital\/\"},{\"@type\":\"ListItem\",\"position\":4,\"name\":\"Recension\"}]},{\"@type\":\"WebSite\",\"@id\":\"https:\/\/creddo.com\/se\/#website\",\"url\":\"https:\/\/creddo.com\/se\/\",\"name\":\"Creddo\",\"description\":\"J\u00e4mf\u00f6r f\u00f6retagsl\u00e5n upp till 10 miljoner\",\"publisher\":{\"@id\":\"https:\/\/creddo.com\/se\/#organization\"},\"potentialAction\":[{\"@type\":\"SearchAction\",\"target\":{\"@type\":\"EntryPoint\",\"urlTemplate\":\"https:\/\/creddo.com\/se\/?s={search_term_string}\"},\"query-input\":{\"@type\":\"PropertyValueSpecification\",\"valueRequired\":true,\"valueName\":\"search_term_string\"}}],\"inLanguage\":\"sv-SE\"},{\"@type\":\"Organization\",\"@id\":\"https:\/\/creddo.com\/se\/#organization\",\"name\":\"Creddo AB\",\"url\":\"https:\/\/creddo.com\/se\/\",\"logo\":{\"@type\":\"ImageObject\",\"inLanguage\":\"sv-SE\",\"@id\":\"https:\/\/creddo.com\/se\/#\/schema\/logo\/image\/\",\"url\":\"https:\/\/creddo.com\/se\/wp-content\/uploads\/2024\/04\/Creddo-logo-square.png\",\"contentUrl\":\"https:\/\/creddo.com\/se\/wp-content\/uploads\/2024\/04\/Creddo-logo-square.png\",\"width\":720,\"height\":720,\"caption\":\"Creddo AB\"},\"image\":{\"@id\":\"https:\/\/creddo.com\/se\/#\/schema\/logo\/image\/\"},\"sameAs\":[\"https:\/\/www.facebook.com\/creddose\",\"https:\/\/www.linkedin.com\/company\/creddo-ab\/\"]}]}<\/script>\n<!-- \/ Yoast SEO Premium plugin. -->","yoast_head_json":{"title":"Aros Kapital - Recension: Allt du beh\u00f6ver veta - Creddo","description":"Recension av Aros Kapital: Ta reda p\u00e5 hur deras f\u00f6retagsl\u00e5n kan st\u00f6dja dig i att uppn\u00e5 dina finansiella m\u00e5l. V\u00e4lj r\u00e4tt f\u00f6retagsfinansiering.","robots":{"index":"index","follow":"follow","max-snippet":"max-snippet:-1","max-image-preview":"max-image-preview:large","max-video-preview":"max-video-preview:-1"},"canonical":"https:\/\/creddo.com\/se\/langivare\/aros-kapital\/recension\/","og_locale":"sv_SE","og_type":"article","og_title":"Recension","og_description":"Om Aros Kapital F\u00f6r snart tio \u00e5r sedan, 2014, beviljades Aros Kapital av Finansinspektionen att agera kreditmarknadsbolag. Sedan dess har dotterbolag","og_url":"https:\/\/creddo.com\/se\/langivare\/aros-kapital\/recension\/","og_site_name":"Creddo","article_publisher":"https:\/\/www.facebook.com\/creddose","article_modified_time":"2025-12-30T15:18:51+00:00","og_image":[{"width":1200,"height":630,"url":"https:\/\/creddo.com\/se\/wp-content\/uploads\/2024\/07\/52.jpg","type":"image\/jpeg"}],"twitter_card":"summary_large_image","twitter_misc":{"Ber\u00e4knad l\u00e4stid":"2 minuter"},"schema":{"@context":"https:\/\/schema.org","@graph":[{"@type":"WebPage","@id":"https:\/\/creddo.com\/se\/langivare\/aros-kapital\/recension\/","url":"https:\/\/creddo.com\/se\/langivare\/aros-kapital\/recension\/","name":"Aros Kapital - Recension: Allt du beh\u00f6ver veta - Creddo","isPartOf":{"@id":"https:\/\/creddo.com\/se\/#website"},"datePublished":"2023-11-24T20:00:02+00:00","dateModified":"2025-12-30T15:18:51+00:00","description":"Recension av Aros Kapital: Ta reda p\u00e5 hur deras f\u00f6retagsl\u00e5n kan st\u00f6dja dig i att uppn\u00e5 dina finansiella m\u00e5l. V\u00e4lj r\u00e4tt f\u00f6retagsfinansiering.","breadcrumb":{"@id":"https:\/\/creddo.com\/se\/langivare\/aros-kapital\/recension\/#breadcrumb"},"inLanguage":"sv-SE","potentialAction":[{"@type":"ReadAction","target":["https:\/\/creddo.com\/se\/langivare\/aros-kapital\/recension\/"]}]},{"@type":"BreadcrumbList","@id":"https:\/\/creddo.com\/se\/langivare\/aros-kapital\/recension\/#breadcrumb","itemListElement":[{"@type":"ListItem","position":1,"name":"Creddo.com","item":"https:\/\/creddo.com\/se\/"},{"@type":"ListItem","position":2,"name":"L\u00e5ngivare","item":"https:\/\/creddo.com\/se\/langivare\/"},{"@type":"ListItem","position":3,"name":"Aros Kapital","item":"https:\/\/creddo.com\/se\/langivare\/aros-kapital\/"},{"@type":"ListItem","position":4,"name":"Recension"}]},{"@type":"WebSite","@id":"https:\/\/creddo.com\/se\/#website","url":"https:\/\/creddo.com\/se\/","name":"Creddo","description":"J\u00e4mf\u00f6r f\u00f6retagsl\u00e5n upp till 10 miljoner","publisher":{"@id":"https:\/\/creddo.com\/se\/#organization"},"potentialAction":[{"@type":"SearchAction","target":{"@type":"EntryPoint","urlTemplate":"https:\/\/creddo.com\/se\/?s={search_term_string}"},"query-input":{"@type":"PropertyValueSpecification","valueRequired":true,"valueName":"search_term_string"}}],"inLanguage":"sv-SE"},{"@type":"Organization","@id":"https:\/\/creddo.com\/se\/#organization","name":"Creddo AB","url":"https:\/\/creddo.com\/se\/","logo":{"@type":"ImageObject","inLanguage":"sv-SE","@id":"https:\/\/creddo.com\/se\/#\/schema\/logo\/image\/","url":"https:\/\/creddo.com\/se\/wp-content\/uploads\/2024\/04\/Creddo-logo-square.png","contentUrl":"https:\/\/creddo.com\/se\/wp-content\/uploads\/2024\/04\/Creddo-logo-square.png","width":720,"height":720,"caption":"Creddo AB"},"image":{"@id":"https:\/\/creddo.com\/se\/#\/schema\/logo\/image\/"},"sameAs":["https:\/\/www.facebook.com\/creddose","https:\/\/www.linkedin.com\/company\/creddo-ab\/"]}]}},"lang":"sv","translations":{"sv":3671},"pll_sync_post":[],"_links":{"self":[{"href":"https:\/\/creddo.com\/se\/wp-json\/wp\/v2\/pages\/3671","targetHints":{"allow":["GET"]}}],"collection":[{"href":"https:\/\/creddo.com\/se\/wp-json\/wp\/v2\/pages"}],"about":[{"href":"https:\/\/creddo.com\/se\/wp-json\/wp\/v2\/types\/page"}],"author":[{"embeddable":true,"href":"https:\/\/creddo.com\/se\/wp-json\/wp\/v2\/users\/13"}],"replies":[{"embeddable":true,"href":"https:\/\/creddo.com\/se\/wp-json\/wp\/v2\/comments?post=3671"}],"version-history":[{"count":5,"href":"https:\/\/creddo.com\/se\/wp-json\/wp\/v2\/pages\/3671\/revisions"}],"predecessor-version":[{"id":5387,"href":"https:\/\/creddo.com\/se\/wp-json\/wp\/v2\/pages\/3671\/revisions\/5387"}],"up":[{"embeddable":true,"href":"https:\/\/creddo.com\/se\/wp-json\/wp\/v2\/pages\/2897"}],"wp:attachment":[{"href":"https:\/\/creddo.com\/se\/wp-json\/wp\/v2\/media?parent=3671"}],"curies":[{"name":"wp","href":"https:\/\/api.w.org\/{rel}","templated":true}]}}