{"id":3691,"date":"2023-11-24T21:39:19","date_gmt":"2023-11-24T20:39:19","guid":{"rendered":"https:\/\/stage.creddo.com\/se\/?page_id=3691"},"modified":"2025-11-17T14:07:24","modified_gmt":"2025-11-17T13:07:24","slug":"recension-dbt-capital","status":"publish","type":"page","link":"https:\/\/creddo.com\/se\/langivare\/dbt-capital\/recension\/","title":{"rendered":"Recension"},"content":{"rendered":"\n<h2 class=\"wp-block-heading\" id=\"h-om-dbt-capital\"><strong><strong><strong><strong><strong>Om DBT Capital<\/strong><\/strong><\/strong><\/strong><\/strong><\/h2>\n\n\n\n<p>Med avstamp 2017 har DBT Capital str\u00e4vat efter att erbjuda sm\u00e5- och medelstora aktiebolag flexibla finansieringsm\u00f6jligheter. Bland sina hundratals kunder lfinner vi till exempel onlineapoteket MEDS, Saxtorp och Hyreslandslaget. Ut\u00f6ver f\u00f6retagsl\u00e5n erbjuder de \u00e4ven kreditl\u00f6sningar till f\u00f6retagare. <strong>Den h\u00e4r recensionen fokuserar p\u00e5 DBT Capitals f\u00f6retagsl\u00e5n.<\/strong><\/p>\n\n\n\n<p><\/p>\n\n\n\n<h2 class=\"wp-block-heading\" id=\"h-detta-erbjuder-dbt-capital-sina-lantagare\"><strong><strong><strong><strong><strong>Detta erbjuder DBT Capital sina l\u00e5ntagare<\/strong><\/strong><\/strong><\/strong><\/strong><\/h2>\n\n\n\n<ul class=\"wp-block-list\">\n<li>L\u00e5n fr\u00e5n 3 miljoner kronor till 35 miljoner kronor<\/li>\n\n\n\n<li>Digital och snabb l\u00e5neans\u00f6kan<\/li>\n\n\n\n<li>Personlig kundservice<\/li>\n<\/ul>\n\n\n\n<p><\/p>\n\n\n\n<h2 class=\"wp-block-heading\" id=\"h-en-langivare-for-de-hogre-beloppen-nbsp\"><strong><strong><strong><strong>En l\u00e5ngivare f\u00f6r de h\u00f6gre beloppen&nbsp;<\/strong><\/strong><\/strong><\/strong><\/h2>\n\n\n\n<p>Under de senaste sex \u00e5ren har DBT Capital hj\u00e4lpt \u00f6ver 200 f\u00f6retagskunder att finansiera sina bedrifter. Enligt DBT Capital har de en 5 g\u00e5nger s\u00e5 snabb hanteringsprocess \u00e4n de olika bankerna. De skriver ocks\u00e5 att deras l\u00e5ntagare v\u00e4xer 7 g\u00e5nger snabbare \u00e4n sina konkurrenter, hur de har kommit fram till denna siffra framkommer inte.<\/p>\n\n\n\n<p>De riktar sig endast till aktiebolag, som \u00e4r registrerade i Sverige och som helst har ett registrerat bokslut hos Bolagsverket. Detta inneb\u00e4r allts\u00e5 att varken Handelsbolag eller enskilda firmor har m\u00f6jlighet att ans\u00f6ka om l\u00e5n hos dem.<\/p>\n\n\n\n<p>Det l\u00e4gsta l\u00e5nebeloppet att ans\u00f6ka om online \u00e4r 3 miljoner kronor och det h\u00f6gsta \u00e4r 35 miljoner kronor. Skulle du ha behov av att l\u00e5na mer eller mindre g\u00e5r det samtidigt att h\u00f6ra av sig till dem f\u00f6r att diskutera saken i fr\u00e5ga.<\/p>\n\n\n\n<p><\/p>\n\n\n\n<h2 class=\"wp-block-heading\" id=\"h-digital-laneansokan-5-ganger-snabbare-an-banken\"><strong><strong><strong><strong>Digital l\u00e5neans\u00f6kan 5 g\u00e5nger snabbare \u00e4n banken<\/strong><\/strong><\/strong><\/strong><\/h2>\n\n\n\n<p>F\u00f6r att ans\u00f6ka om l\u00e5n hos DBT Capital kan du som f\u00f6retagare fylla i ett formul\u00e4r online. Till skillnad fr\u00e5n exempelvis Froda, d\u00e4r det r\u00e4cker att skicka in sina uppgifter digitalt, m\u00e5ste man hos DBT Capital boka in ett m\u00f6te f\u00f6r att diskutera l\u00e5net. D\u00e4refter tar det cirka 5 arbetsdagar innan ditt f\u00f6retag f\u00e5r ett kreditbeslut.&nbsp;<\/p>\n\n\n\n<p>Enligt l\u00e5ngivaren \u00e4r den h\u00e4r processen 5 g\u00e5nger snabbare \u00e4n vad det \u00e4r hos banken, och totalt kan ens l\u00e5neans\u00f6kan ocks\u00e5 ta 5 dagar beroende p\u00e5 hur t\u00e4tt inp\u00e5 ditt m\u00f6te h\u00e5lls efter att din ans\u00f6kan skickats in.<\/p>\n\n\n\n<p><\/p>\n\n\n\n<h2 class=\"wp-block-heading\" id=\"h-anpassar-lanet-efter-kunden\"><strong><strong><strong><strong>Anpassar l\u00e5net efter kunden<\/strong><\/strong><\/strong><\/strong><\/h2>\n\n\n\n<p>Hur mycket ett f\u00f6retag kan l\u00e5na och hur h\u00f6g r\u00e4ntan blir beror p\u00e5 olika faktorer. DBT Capital behandlar varje ans\u00f6kan individuellt och baserar l\u00e5net och dess villkor efter aktuellt f\u00f6retags \u00e5terbetalningsf\u00f6rm\u00e5ga och s\u00e4kerhetsstruktur.&nbsp;<\/p>\n\n\n\n<p>Amorteringstiden ligger p\u00e5 1 till 5 \u00e5r, men det g\u00e5r att l\u00f6sa ut l\u00e5net i f\u00f6rtid om s\u00e5 \u00f6nskas. Till skillnad fr\u00e5n exempelvis Qred, som har ett annat bed\u00f6mningssystem f\u00f6r l\u00e5nets villkor, skriver inte DBT Capital ut vad det kostar att betala av sitt l\u00e5n i f\u00f6rtid utan att det ist\u00e4llet \u00e4r en individuell bed\u00f6mning. Samtidigt har de generellt v\u00e4ldigt f\u00f6rm\u00e5nliga villkor och en mycket hj\u00e4lpsam kundtj\u00e4nst.<\/p>\n\n\n\n<p><\/p>\n\n\n\n<h2 class=\"wp-block-heading\" id=\"h-for-och-nackdelar-med-dbt-capital\"><strong>F\u00f6r- och nackdelar med DBT Capital<\/strong><\/h2>\n\n\n\n<p>Det \u00e4r tydligt att DBT Capital riktar sig mot medelstora f\u00f6retag, som \u00e4r i behov av att l\u00e5na st\u00f6rre summor och som kan redovisa en god ekonomisk grund och stabil oms\u00e4ttning. De betonar ocks\u00e5 vikten av trygghet och stabilitet \u2013&nbsp;b\u00e5de hos sig sj\u00e4lva och sina kunder. Till skillnad fr\u00e5n vissa, st\u00f6rre akt\u00f6rer kr\u00e4ver de ocks\u00e5 ett inbokat m\u00f6te innan ett l\u00e5nebeslut fattas. De har inte heller de snabbast processerna, men kompenserar detta med utm\u00e4rkta villkor och en f\u00f6rtr\u00e4fflig kundtj\u00e4nst.<\/p>\n\n\n\n<p><\/p>\n\n\n\n<h2 class=\"wp-block-heading\" id=\"h-sammanfattning\"><strong>Sammanfattning<\/strong><\/h2>\n\n\n\n<p>DBT Capital \u00e4r ett utm\u00e4rkt alternativ f\u00f6r aktiebolaget som beh\u00f6ver en trygg l\u00e5ngivare, som fokuserar p\u00e5 god kundkontakt och r\u00e4ttvisa villkor framf\u00f6r behandlingshastighet. F\u00f6r \u00e4ven om den h\u00e4r akt\u00f6ren \u00e4r snabbare \u00e4n banken, finns det andra akt\u00f6rer p\u00e5 marknaden med kortare handl\u00e4ggningstid.\u00a0<\/p>\n","protected":false},"excerpt":{"rendered":"<p>Om DBT Capital Med avstamp 2017 har DBT Capital str\u00e4vat efter att erbjuda sm\u00e5- och medelstora aktiebolag flexibla finansieringsm\u00f6jligheter. Bland sina hundratals kunder lfinner vi till exempel onlineapoteket MEDS, Saxtorp och Hyreslandslaget. Ut\u00f6ver f\u00f6retagsl\u00e5n erbjuder de \u00e4ven kreditl\u00f6sningar till f\u00f6retagare. Den h\u00e4r recensionen fokuserar p\u00e5 DBT Capitals f\u00f6retagsl\u00e5n. Detta erbjuder DBT Capital sina l\u00e5ntagare En [&hellip;]<\/p>\n","protected":false},"author":13,"featured_media":0,"parent":2908,"menu_order":0,"comment_status":"closed","ping_status":"closed","template":"empty-page-with-slider.php","meta":{"_acf_changed":false,"_uag_custom_page_level_css":"","footnotes":""},"class_list":["post-3691","page","type-page","status-publish","hentry"],"acf":[],"yoast_head":"<!-- This site is optimized with the Yoast SEO Premium plugin v26.6 (Yoast SEO v26.8) - https:\/\/yoast.com\/product\/yoast-seo-premium-wordpress\/ -->\n<title>DBT Capital - Recension: Allt du beh\u00f6ver veta - Creddo<\/title>\n<meta name=\"description\" content=\"Recension av DBT Capital: Ta reda p\u00e5 hur deras f\u00f6retagsl\u00e5n kan st\u00f6dja dig i att uppn\u00e5 dina finansiella m\u00e5l. V\u00e4lj r\u00e4tt f\u00f6retagsfinansiering.\" \/>\n<meta name=\"robots\" content=\"index, follow, max-snippet:-1, max-image-preview:large, max-video-preview:-1\" \/>\n<link rel=\"canonical\" href=\"https:\/\/creddo.com\/se\/langivare\/dbt-capital\/recension\/\" \/>\n<meta property=\"og:locale\" content=\"sv_SE\" \/>\n<meta property=\"og:type\" content=\"article\" \/>\n<meta property=\"og:title\" content=\"Recension\" \/>\n<meta property=\"og:description\" content=\"Om DBT Capital Med avstamp 2017 har DBT Capital str\u00e4vat efter att erbjuda sm\u00e5- och medelstora aktiebolag flexibla finansieringsm\u00f6jligheter. Bland sina\" \/>\n<meta property=\"og:url\" content=\"https:\/\/creddo.com\/se\/langivare\/dbt-capital\/recension\/\" \/>\n<meta property=\"og:site_name\" content=\"Creddo\" \/>\n<meta property=\"article:publisher\" content=\"https:\/\/www.facebook.com\/creddose\" \/>\n<meta property=\"article:modified_time\" content=\"2025-11-17T13:07:24+00:00\" \/>\n<meta property=\"og:image\" content=\"https:\/\/creddo.com\/se\/wp-content\/uploads\/2024\/07\/52.jpg\" \/>\n\t<meta property=\"og:image:width\" content=\"1200\" \/>\n\t<meta property=\"og:image:height\" content=\"630\" \/>\n\t<meta property=\"og:image:type\" content=\"image\/jpeg\" \/>\n<meta name=\"twitter:card\" content=\"summary_large_image\" \/>\n<meta name=\"twitter:label1\" content=\"Ber\u00e4knad l\u00e4stid\" \/>\n\t<meta name=\"twitter:data1\" content=\"3 minuter\" \/>\n<script type=\"application\/ld+json\" class=\"yoast-schema-graph\">{\"@context\":\"https:\/\/schema.org\",\"@graph\":[{\"@type\":\"WebPage\",\"@id\":\"https:\/\/creddo.com\/se\/langivare\/dbt-capital\/recension\/\",\"url\":\"https:\/\/creddo.com\/se\/langivare\/dbt-capital\/recension\/\",\"name\":\"DBT Capital - Recension: Allt du beh\u00f6ver veta - Creddo\",\"isPartOf\":{\"@id\":\"https:\/\/creddo.com\/se\/#website\"},\"datePublished\":\"2023-11-24T20:39:19+00:00\",\"dateModified\":\"2025-11-17T13:07:24+00:00\",\"description\":\"Recension av DBT Capital: Ta reda p\u00e5 hur deras f\u00f6retagsl\u00e5n kan st\u00f6dja dig i att uppn\u00e5 dina finansiella m\u00e5l. V\u00e4lj r\u00e4tt f\u00f6retagsfinansiering.\",\"breadcrumb\":{\"@id\":\"https:\/\/creddo.com\/se\/langivare\/dbt-capital\/recension\/#breadcrumb\"},\"inLanguage\":\"sv-SE\",\"potentialAction\":[{\"@type\":\"ReadAction\",\"target\":[\"https:\/\/creddo.com\/se\/langivare\/dbt-capital\/recension\/\"]}]},{\"@type\":\"BreadcrumbList\",\"@id\":\"https:\/\/creddo.com\/se\/langivare\/dbt-capital\/recension\/#breadcrumb\",\"itemListElement\":[{\"@type\":\"ListItem\",\"position\":1,\"name\":\"Creddo.com\",\"item\":\"https:\/\/creddo.com\/se\/\"},{\"@type\":\"ListItem\",\"position\":2,\"name\":\"L\u00e5ngivare\",\"item\":\"https:\/\/creddo.com\/se\/langivare\/\"},{\"@type\":\"ListItem\",\"position\":3,\"name\":\"DBT Capital\",\"item\":\"https:\/\/creddo.com\/se\/langivare\/dbt-capital\/\"},{\"@type\":\"ListItem\",\"position\":4,\"name\":\"Recension\"}]},{\"@type\":\"WebSite\",\"@id\":\"https:\/\/creddo.com\/se\/#website\",\"url\":\"https:\/\/creddo.com\/se\/\",\"name\":\"Creddo\",\"description\":\"J\u00e4mf\u00f6r f\u00f6retagsl\u00e5n upp till 10 miljoner\",\"publisher\":{\"@id\":\"https:\/\/creddo.com\/se\/#organization\"},\"potentialAction\":[{\"@type\":\"SearchAction\",\"target\":{\"@type\":\"EntryPoint\",\"urlTemplate\":\"https:\/\/creddo.com\/se\/?s={search_term_string}\"},\"query-input\":{\"@type\":\"PropertyValueSpecification\",\"valueRequired\":true,\"valueName\":\"search_term_string\"}}],\"inLanguage\":\"sv-SE\"},{\"@type\":\"Organization\",\"@id\":\"https:\/\/creddo.com\/se\/#organization\",\"name\":\"Creddo AB\",\"url\":\"https:\/\/creddo.com\/se\/\",\"logo\":{\"@type\":\"ImageObject\",\"inLanguage\":\"sv-SE\",\"@id\":\"https:\/\/creddo.com\/se\/#\/schema\/logo\/image\/\",\"url\":\"https:\/\/creddo.com\/se\/wp-content\/uploads\/2024\/04\/Creddo-logo-square.png\",\"contentUrl\":\"https:\/\/creddo.com\/se\/wp-content\/uploads\/2024\/04\/Creddo-logo-square.png\",\"width\":720,\"height\":720,\"caption\":\"Creddo AB\"},\"image\":{\"@id\":\"https:\/\/creddo.com\/se\/#\/schema\/logo\/image\/\"},\"sameAs\":[\"https:\/\/www.facebook.com\/creddose\",\"https:\/\/www.linkedin.com\/company\/creddo-ab\/\"]}]}<\/script>\n<!-- \/ Yoast SEO Premium plugin. -->","yoast_head_json":{"title":"DBT Capital - Recension: Allt du beh\u00f6ver veta - Creddo","description":"Recension av DBT Capital: Ta reda p\u00e5 hur deras f\u00f6retagsl\u00e5n kan st\u00f6dja dig i att uppn\u00e5 dina finansiella m\u00e5l. V\u00e4lj r\u00e4tt f\u00f6retagsfinansiering.","robots":{"index":"index","follow":"follow","max-snippet":"max-snippet:-1","max-image-preview":"max-image-preview:large","max-video-preview":"max-video-preview:-1"},"canonical":"https:\/\/creddo.com\/se\/langivare\/dbt-capital\/recension\/","og_locale":"sv_SE","og_type":"article","og_title":"Recension","og_description":"Om DBT Capital Med avstamp 2017 har DBT Capital str\u00e4vat efter att erbjuda sm\u00e5- och medelstora aktiebolag flexibla finansieringsm\u00f6jligheter. Bland sina","og_url":"https:\/\/creddo.com\/se\/langivare\/dbt-capital\/recension\/","og_site_name":"Creddo","article_publisher":"https:\/\/www.facebook.com\/creddose","article_modified_time":"2025-11-17T13:07:24+00:00","og_image":[{"width":1200,"height":630,"url":"https:\/\/creddo.com\/se\/wp-content\/uploads\/2024\/07\/52.jpg","type":"image\/jpeg"}],"twitter_card":"summary_large_image","twitter_misc":{"Ber\u00e4knad l\u00e4stid":"3 minuter"},"schema":{"@context":"https:\/\/schema.org","@graph":[{"@type":"WebPage","@id":"https:\/\/creddo.com\/se\/langivare\/dbt-capital\/recension\/","url":"https:\/\/creddo.com\/se\/langivare\/dbt-capital\/recension\/","name":"DBT Capital - Recension: Allt du beh\u00f6ver veta - Creddo","isPartOf":{"@id":"https:\/\/creddo.com\/se\/#website"},"datePublished":"2023-11-24T20:39:19+00:00","dateModified":"2025-11-17T13:07:24+00:00","description":"Recension av DBT Capital: Ta reda p\u00e5 hur deras f\u00f6retagsl\u00e5n kan st\u00f6dja dig i att uppn\u00e5 dina finansiella m\u00e5l. V\u00e4lj r\u00e4tt f\u00f6retagsfinansiering.","breadcrumb":{"@id":"https:\/\/creddo.com\/se\/langivare\/dbt-capital\/recension\/#breadcrumb"},"inLanguage":"sv-SE","potentialAction":[{"@type":"ReadAction","target":["https:\/\/creddo.com\/se\/langivare\/dbt-capital\/recension\/"]}]},{"@type":"BreadcrumbList","@id":"https:\/\/creddo.com\/se\/langivare\/dbt-capital\/recension\/#breadcrumb","itemListElement":[{"@type":"ListItem","position":1,"name":"Creddo.com","item":"https:\/\/creddo.com\/se\/"},{"@type":"ListItem","position":2,"name":"L\u00e5ngivare","item":"https:\/\/creddo.com\/se\/langivare\/"},{"@type":"ListItem","position":3,"name":"DBT Capital","item":"https:\/\/creddo.com\/se\/langivare\/dbt-capital\/"},{"@type":"ListItem","position":4,"name":"Recension"}]},{"@type":"WebSite","@id":"https:\/\/creddo.com\/se\/#website","url":"https:\/\/creddo.com\/se\/","name":"Creddo","description":"J\u00e4mf\u00f6r f\u00f6retagsl\u00e5n upp till 10 miljoner","publisher":{"@id":"https:\/\/creddo.com\/se\/#organization"},"potentialAction":[{"@type":"SearchAction","target":{"@type":"EntryPoint","urlTemplate":"https:\/\/creddo.com\/se\/?s={search_term_string}"},"query-input":{"@type":"PropertyValueSpecification","valueRequired":true,"valueName":"search_term_string"}}],"inLanguage":"sv-SE"},{"@type":"Organization","@id":"https:\/\/creddo.com\/se\/#organization","name":"Creddo AB","url":"https:\/\/creddo.com\/se\/","logo":{"@type":"ImageObject","inLanguage":"sv-SE","@id":"https:\/\/creddo.com\/se\/#\/schema\/logo\/image\/","url":"https:\/\/creddo.com\/se\/wp-content\/uploads\/2024\/04\/Creddo-logo-square.png","contentUrl":"https:\/\/creddo.com\/se\/wp-content\/uploads\/2024\/04\/Creddo-logo-square.png","width":720,"height":720,"caption":"Creddo AB"},"image":{"@id":"https:\/\/creddo.com\/se\/#\/schema\/logo\/image\/"},"sameAs":["https:\/\/www.facebook.com\/creddose","https:\/\/www.linkedin.com\/company\/creddo-ab\/"]}]}},"lang":"sv","translations":{"sv":3691},"uagb_featured_image_src":{"full":false,"thumbnail":false,"medium":false,"medium_large":false,"large":false,"1536x1536":false,"2048x2048":false},"uagb_author_info":{"display_name":"Jonas Smyth","author_link":"https:\/\/creddo.com\/se\/experthornan\/author\/jonas\/"},"uagb_comment_info":0,"uagb_excerpt":"Om DBT Capital Med avstamp 2017 har DBT Capital str\u00e4vat efter att erbjuda sm\u00e5- och medelstora aktiebolag flexibla finansieringsm\u00f6jligheter. Bland sina hundratals kunder lfinner vi till exempel onlineapoteket MEDS, Saxtorp och Hyreslandslaget. Ut\u00f6ver f\u00f6retagsl\u00e5n erbjuder de \u00e4ven kreditl\u00f6sningar till f\u00f6retagare. Den h\u00e4r recensionen fokuserar p\u00e5 DBT Capitals f\u00f6retagsl\u00e5n. Detta erbjuder DBT Capital sina l\u00e5ntagare En&hellip;","pll_sync_post":[],"_links":{"self":[{"href":"https:\/\/creddo.com\/se\/wp-json\/wp\/v2\/pages\/3691","targetHints":{"allow":["GET"]}}],"collection":[{"href":"https:\/\/creddo.com\/se\/wp-json\/wp\/v2\/pages"}],"about":[{"href":"https:\/\/creddo.com\/se\/wp-json\/wp\/v2\/types\/page"}],"author":[{"embeddable":true,"href":"https:\/\/creddo.com\/se\/wp-json\/wp\/v2\/users\/13"}],"replies":[{"embeddable":true,"href":"https:\/\/creddo.com\/se\/wp-json\/wp\/v2\/comments?post=3691"}],"version-history":[{"count":11,"href":"https:\/\/creddo.com\/se\/wp-json\/wp\/v2\/pages\/3691\/revisions"}],"predecessor-version":[{"id":5118,"href":"https:\/\/creddo.com\/se\/wp-json\/wp\/v2\/pages\/3691\/revisions\/5118"}],"up":[{"embeddable":true,"href":"https:\/\/creddo.com\/se\/wp-json\/wp\/v2\/pages\/2908"}],"wp:attachment":[{"href":"https:\/\/creddo.com\/se\/wp-json\/wp\/v2\/media?parent=3691"}],"curies":[{"name":"wp","href":"https:\/\/api.w.org\/{rel}","templated":true}]}}