{"id":3699,"date":"2023-11-24T21:35:41","date_gmt":"2023-11-24T20:35:41","guid":{"rendered":"https:\/\/stage.creddo.com\/se\/?page_id=3686"},"modified":"2025-12-31T11:59:25","modified_gmt":"2025-12-31T10:59:25","slug":"recension","status":"publish","type":"page","link":"https:\/\/creddo.com\/se\/langivare\/fortnox-capcito\/recension\/","title":{"rendered":"Recension"},"content":{"rendered":"\n<h2 class=\"wp-block-heading\" id=\"h-om-capcito-fortnox\"><strong><strong><strong><strong>Om Capcito<\/strong><\/strong><\/strong><\/strong> (Fortnox)<\/h2>\n\n\n\n<p>Grundtanken med Capcito, enligt deras egna ord, \u00e4r att g\u00f6ra det enklare f\u00f6r f\u00f6retagare att f\u00e5 sina l\u00e5n beviljade. Detta syns ocks\u00e5 i deras l\u00e5nevillkor. Till skillnad fr\u00e5n m\u00e5nga andra l\u00e5ngivare, som begr\u00e4nsar sig till aktiebolag, l\u00e5nar Capcito \u00e4ven ut till handelsbolag, kommanditbolag och enskild firma. De erbjuder ocks\u00e5 fakturabel\u00e5ning och m\u00f6jligheten att s\u00e4lja fakturor.&nbsp;&nbsp;<\/p>\n\n\n\n<p><\/p>\n\n\n\n<h2 class=\"wp-block-heading\" id=\"h-detta-erbjuder-capcito-sina-lantagare\"><strong><strong><strong><strong>Detta erbjuder Capcito sina l\u00e5ntagare<\/strong><\/strong><\/strong><\/strong><\/h2>\n\n\n\n<ul class=\"wp-block-list\">\n<li>Snabb och digital l\u00e5neans\u00f6kan online<\/li>\n\n\n\n<li>Transparenta l\u00e5nevillkor&nbsp;<\/li>\n\n\n\n<li>M\u00f6jlighet att l\u00f6sa l\u00e5net i f\u00f6rtid utan extra kostnader<\/li>\n\n\n\n<li>F\u00f6retagsl\u00e5n till alla handelsbolag, kommanditbolag, enskild firma och aktiebolag<\/li>\n\n\n\n<li>L\u00e5n upp till 15 miljoner kronor<\/li>\n<\/ul>\n\n\n\n<p><\/p>\n\n\n\n<h2 class=\"wp-block-heading\" id=\"h-smidig-ansokan-online\"><strong><strong><strong>Smidig ans\u00f6kan online<\/strong><\/strong><\/strong><\/h2>\n\n\n\n<p>Likt sina moderna konkurrenter l\u00e5ter Capcito l\u00e5ntagaren g\u00f6ra sin ans\u00f6kan online. Efter att man har angett hur mycket man vill l\u00e5na \u2013 fr\u00e5n 10 000 kronor till 15 miljoner kronor \u2013 och \u00f6nskad l\u00e5netid \u2013 fr\u00e5n 6 m\u00e5nader till 48 m\u00e5nader \u2013 tar det upp till 24 timmar att f\u00e5 besked om sin ans\u00f6kan. D\u00e4refter dr\u00f6jer det tv\u00e5 bankdagar innan beloppet syns p\u00e5 kontot. Ju l\u00e4ngre amorteringstid f\u00f6retaget har angett, desto st\u00f6rre blir l\u00e5nets totalbelopp.<\/p>\n\n\n\n<p><\/p>\n\n\n\n<h2 class=\"wp-block-heading\" id=\"h-transparenta-villkor-och-flexibel-betalningsmojlighet\"><strong><strong><strong>Transparenta villkor och flexibel betalningsm\u00f6jlighet<\/strong><\/strong><\/strong><\/h2>\n\n\n\n<p>Capcito \u00e4r tydliga med att de v\u00e4rderar transparens och tydliga l\u00e5nevillkor. Ett led i detta \u00e4r att l\u00e5ta den som fyller i l\u00e5neans\u00f6kan direkt se hur h\u00f6ga alla kostnader blir. Redan innan man v\u00e4ljer att skicka in ans\u00f6kan framkommer det hur m\u00e5nga kronor r\u00e4ntan blir per vecka, vad amorteringen ligger p\u00e5 och hur h\u00f6gt totalbeloppet f\u00f6r hela l\u00e5net blir. Inga s\u00e5 kallade \u201cdolda avgifter\u201d finns och den som vill betala av sitt l\u00e5n f\u00f6re sista amorteringstillf\u00e4lle kan g\u00f6ra s\u00e5 utan n\u00e5gon extra kostnad. Med andra ord finns det flexibla avbetalningsm\u00f6jligheter f\u00f6r f\u00f6retaget som vill betala tillbaka lite extra under vissa perioder eller l\u00f6sa hela l\u00e5net direkt.<\/p>\n\n\n\n<p><\/p>\n\n\n\n<h2 class=\"wp-block-heading\" id=\"h-for-och-nackdelar-med-capcito\"><strong><strong><strong>F\u00f6r- och nackdelar med Capcito<\/strong><\/strong><\/strong><\/h2>\n\n\n\n<p>Det \u00e4r smidigt att ans\u00f6ka om ett l\u00e5n via Capcito, oavsett vilken f\u00f6retagstyp ditt f\u00f6retag \u00e4r. D\u00e4refter kommer ens besked relativt snabbt \u2013 inom 24 timmar \u2013 och om ens l\u00e5neans\u00f6kan beviljas s\u00e4tts pengarna in p\u00e5 ens konto efter bara ett par dagar.&nbsp;<\/p>\n\n\n\n<p>Capcito \u00e4r transparenta med alla l\u00e5nekostnader och visar tydligt totalbeloppet p\u00e5 ens. D\u00e4rtill finns det en stor sp\u00e4nnvidd p\u00e5 ens l\u00e5nesumma \u2013 fr\u00e5n 10 000 kronor till 15 miljoner kronor. En annan styrka \u00e4r att Capcito, till skillnad fr\u00e5n m\u00e5nga andra, beviljar l\u00e5n till enskild firma, handelsbolag och kommanditbolag.&nbsp;<\/p>\n\n\n\n<p>Det negativa d\u00e5? Den \u00e5rliga r\u00e4ntan uppl\u00e5ter mellan 12-15 procent, vilket kan vara n\u00e5got kostsamt vid h\u00f6gre l\u00e5nebelopp.<\/p>\n","protected":false},"excerpt":{"rendered":"<p>Om Capcito (Fortnox) Grundtanken med Capcito, enligt deras egna ord, \u00e4r att g\u00f6ra det enklare f\u00f6r f\u00f6retagare att f\u00e5 sina l\u00e5n beviljade. Detta syns ocks\u00e5 i deras l\u00e5nevillkor. Till skillnad fr\u00e5n m\u00e5nga andra l\u00e5ngivare, som begr\u00e4nsar sig till aktiebolag, l\u00e5nar Capcito \u00e4ven ut till handelsbolag, kommanditbolag och enskild firma. De erbjuder ocks\u00e5 fakturabel\u00e5ning och m\u00f6jligheten [&hellip;]<\/p>\n","protected":false},"author":13,"featured_media":0,"parent":2899,"menu_order":0,"comment_status":"closed","ping_status":"closed","template":"empty-page-with-slider.php","meta":{"_acf_changed":false,"_uag_custom_page_level_css":"","footnotes":""},"class_list":["post-3699","page","type-page","status-publish","hentry"],"acf":[],"yoast_head":"<!-- This site is optimized with the Yoast SEO Premium plugin v26.6 (Yoast SEO v26.8) - https:\/\/yoast.com\/product\/yoast-seo-premium-wordpress\/ -->\n<title>Capcito (Fortnox) - Recension: Allt du beh\u00f6ver veta - Creddo<\/title>\n<meta name=\"description\" content=\"Recension av Capcito: Ta reda p\u00e5 hur deras f\u00f6retagsl\u00e5n kan st\u00f6dja dig i att uppn\u00e5 dina finansiella m\u00e5l. V\u00e4lj r\u00e4tt f\u00f6retagsfinansiering.\" \/>\n<meta name=\"robots\" content=\"index, follow, max-snippet:-1, max-image-preview:large, max-video-preview:-1\" \/>\n<link rel=\"canonical\" href=\"https:\/\/creddo.com\/se\/langivare\/fortnox-capcito\/recension\/\" \/>\n<meta property=\"og:locale\" content=\"sv_SE\" \/>\n<meta property=\"og:type\" content=\"article\" \/>\n<meta property=\"og:title\" content=\"Recension\" \/>\n<meta property=\"og:description\" content=\"Om Capcito (Fortnox) Grundtanken med Capcito, enligt deras egna ord, \u00e4r att g\u00f6ra det enklare f\u00f6r f\u00f6retagare att f\u00e5 sina l\u00e5n beviljade. Detta syns ocks\u00e5 i\" \/>\n<meta property=\"og:url\" content=\"https:\/\/creddo.com\/se\/langivare\/fortnox-capcito\/recension\/\" \/>\n<meta property=\"og:site_name\" content=\"Creddo\" \/>\n<meta property=\"article:publisher\" content=\"https:\/\/www.facebook.com\/creddose\" \/>\n<meta property=\"article:modified_time\" content=\"2025-12-31T10:59:25+00:00\" \/>\n<meta property=\"og:image\" content=\"https:\/\/creddo.com\/se\/wp-content\/uploads\/2024\/07\/52.jpg\" \/>\n\t<meta property=\"og:image:width\" content=\"1200\" \/>\n\t<meta property=\"og:image:height\" content=\"630\" \/>\n\t<meta property=\"og:image:type\" content=\"image\/jpeg\" \/>\n<meta name=\"twitter:card\" content=\"summary_large_image\" \/>\n<meta name=\"twitter:label1\" content=\"Ber\u00e4knad l\u00e4stid\" \/>\n\t<meta name=\"twitter:data1\" content=\"2 minuter\" \/>\n<script type=\"application\/ld+json\" class=\"yoast-schema-graph\">{\"@context\":\"https:\/\/schema.org\",\"@graph\":[{\"@type\":\"WebPage\",\"@id\":\"https:\/\/creddo.com\/se\/langivare\/fortnox-capcito\/recension\/\",\"url\":\"https:\/\/creddo.com\/se\/langivare\/fortnox-capcito\/recension\/\",\"name\":\"Capcito (Fortnox) - Recension: Allt du beh\u00f6ver veta - Creddo\",\"isPartOf\":{\"@id\":\"https:\/\/creddo.com\/se\/#website\"},\"datePublished\":\"2023-11-24T20:35:41+00:00\",\"dateModified\":\"2025-12-31T10:59:25+00:00\",\"description\":\"Recension av Capcito: Ta reda p\u00e5 hur deras f\u00f6retagsl\u00e5n kan st\u00f6dja dig i att uppn\u00e5 dina finansiella m\u00e5l. V\u00e4lj r\u00e4tt f\u00f6retagsfinansiering.\",\"breadcrumb\":{\"@id\":\"https:\/\/creddo.com\/se\/langivare\/fortnox-capcito\/recension\/#breadcrumb\"},\"inLanguage\":\"sv-SE\",\"potentialAction\":[{\"@type\":\"ReadAction\",\"target\":[\"https:\/\/creddo.com\/se\/langivare\/fortnox-capcito\/recension\/\"]}]},{\"@type\":\"BreadcrumbList\",\"@id\":\"https:\/\/creddo.com\/se\/langivare\/fortnox-capcito\/recension\/#breadcrumb\",\"itemListElement\":[{\"@type\":\"ListItem\",\"position\":1,\"name\":\"Creddo.com\",\"item\":\"https:\/\/creddo.com\/se\/\"},{\"@type\":\"ListItem\",\"position\":2,\"name\":\"L\u00e5ngivare\",\"item\":\"https:\/\/creddo.com\/se\/langivare\/\"},{\"@type\":\"ListItem\",\"position\":3,\"name\":\"Fortnox (Capcito)\",\"item\":\"https:\/\/creddo.com\/se\/langivare\/capcito\/\"},{\"@type\":\"ListItem\",\"position\":4,\"name\":\"Recension\"}]},{\"@type\":\"WebSite\",\"@id\":\"https:\/\/creddo.com\/se\/#website\",\"url\":\"https:\/\/creddo.com\/se\/\",\"name\":\"Creddo\",\"description\":\"J\u00e4mf\u00f6r f\u00f6retagsl\u00e5n upp till 10 miljoner\",\"publisher\":{\"@id\":\"https:\/\/creddo.com\/se\/#organization\"},\"potentialAction\":[{\"@type\":\"SearchAction\",\"target\":{\"@type\":\"EntryPoint\",\"urlTemplate\":\"https:\/\/creddo.com\/se\/?s={search_term_string}\"},\"query-input\":{\"@type\":\"PropertyValueSpecification\",\"valueRequired\":true,\"valueName\":\"search_term_string\"}}],\"inLanguage\":\"sv-SE\"},{\"@type\":\"Organization\",\"@id\":\"https:\/\/creddo.com\/se\/#organization\",\"name\":\"Creddo AB\",\"url\":\"https:\/\/creddo.com\/se\/\",\"logo\":{\"@type\":\"ImageObject\",\"inLanguage\":\"sv-SE\",\"@id\":\"https:\/\/creddo.com\/se\/#\/schema\/logo\/image\/\",\"url\":\"https:\/\/creddo.com\/se\/wp-content\/uploads\/2024\/04\/Creddo-logo-square.png\",\"contentUrl\":\"https:\/\/creddo.com\/se\/wp-content\/uploads\/2024\/04\/Creddo-logo-square.png\",\"width\":720,\"height\":720,\"caption\":\"Creddo AB\"},\"image\":{\"@id\":\"https:\/\/creddo.com\/se\/#\/schema\/logo\/image\/\"},\"sameAs\":[\"https:\/\/www.facebook.com\/creddose\",\"https:\/\/www.linkedin.com\/company\/creddo-ab\/\"]}]}<\/script>\n<!-- \/ Yoast SEO Premium plugin. -->","yoast_head_json":{"title":"Capcito (Fortnox) - Recension: Allt du beh\u00f6ver veta - Creddo","description":"Recension av Capcito: Ta reda p\u00e5 hur deras f\u00f6retagsl\u00e5n kan st\u00f6dja dig i att uppn\u00e5 dina finansiella m\u00e5l. V\u00e4lj r\u00e4tt f\u00f6retagsfinansiering.","robots":{"index":"index","follow":"follow","max-snippet":"max-snippet:-1","max-image-preview":"max-image-preview:large","max-video-preview":"max-video-preview:-1"},"canonical":"https:\/\/creddo.com\/se\/langivare\/fortnox-capcito\/recension\/","og_locale":"sv_SE","og_type":"article","og_title":"Recension","og_description":"Om Capcito (Fortnox) Grundtanken med Capcito, enligt deras egna ord, \u00e4r att g\u00f6ra det enklare f\u00f6r f\u00f6retagare att f\u00e5 sina l\u00e5n beviljade. Detta syns ocks\u00e5 i","og_url":"https:\/\/creddo.com\/se\/langivare\/fortnox-capcito\/recension\/","og_site_name":"Creddo","article_publisher":"https:\/\/www.facebook.com\/creddose","article_modified_time":"2025-12-31T10:59:25+00:00","og_image":[{"width":1200,"height":630,"url":"https:\/\/creddo.com\/se\/wp-content\/uploads\/2024\/07\/52.jpg","type":"image\/jpeg"}],"twitter_card":"summary_large_image","twitter_misc":{"Ber\u00e4knad l\u00e4stid":"2 minuter"},"schema":{"@context":"https:\/\/schema.org","@graph":[{"@type":"WebPage","@id":"https:\/\/creddo.com\/se\/langivare\/fortnox-capcito\/recension\/","url":"https:\/\/creddo.com\/se\/langivare\/fortnox-capcito\/recension\/","name":"Capcito (Fortnox) - Recension: Allt du beh\u00f6ver veta - Creddo","isPartOf":{"@id":"https:\/\/creddo.com\/se\/#website"},"datePublished":"2023-11-24T20:35:41+00:00","dateModified":"2025-12-31T10:59:25+00:00","description":"Recension av Capcito: Ta reda p\u00e5 hur deras f\u00f6retagsl\u00e5n kan st\u00f6dja dig i att uppn\u00e5 dina finansiella m\u00e5l. V\u00e4lj r\u00e4tt f\u00f6retagsfinansiering.","breadcrumb":{"@id":"https:\/\/creddo.com\/se\/langivare\/fortnox-capcito\/recension\/#breadcrumb"},"inLanguage":"sv-SE","potentialAction":[{"@type":"ReadAction","target":["https:\/\/creddo.com\/se\/langivare\/fortnox-capcito\/recension\/"]}]},{"@type":"BreadcrumbList","@id":"https:\/\/creddo.com\/se\/langivare\/fortnox-capcito\/recension\/#breadcrumb","itemListElement":[{"@type":"ListItem","position":1,"name":"Creddo.com","item":"https:\/\/creddo.com\/se\/"},{"@type":"ListItem","position":2,"name":"L\u00e5ngivare","item":"https:\/\/creddo.com\/se\/langivare\/"},{"@type":"ListItem","position":3,"name":"Fortnox (Capcito)","item":"https:\/\/creddo.com\/se\/langivare\/capcito\/"},{"@type":"ListItem","position":4,"name":"Recension"}]},{"@type":"WebSite","@id":"https:\/\/creddo.com\/se\/#website","url":"https:\/\/creddo.com\/se\/","name":"Creddo","description":"J\u00e4mf\u00f6r f\u00f6retagsl\u00e5n upp till 10 miljoner","publisher":{"@id":"https:\/\/creddo.com\/se\/#organization"},"potentialAction":[{"@type":"SearchAction","target":{"@type":"EntryPoint","urlTemplate":"https:\/\/creddo.com\/se\/?s={search_term_string}"},"query-input":{"@type":"PropertyValueSpecification","valueRequired":true,"valueName":"search_term_string"}}],"inLanguage":"sv-SE"},{"@type":"Organization","@id":"https:\/\/creddo.com\/se\/#organization","name":"Creddo AB","url":"https:\/\/creddo.com\/se\/","logo":{"@type":"ImageObject","inLanguage":"sv-SE","@id":"https:\/\/creddo.com\/se\/#\/schema\/logo\/image\/","url":"https:\/\/creddo.com\/se\/wp-content\/uploads\/2024\/04\/Creddo-logo-square.png","contentUrl":"https:\/\/creddo.com\/se\/wp-content\/uploads\/2024\/04\/Creddo-logo-square.png","width":720,"height":720,"caption":"Creddo AB"},"image":{"@id":"https:\/\/creddo.com\/se\/#\/schema\/logo\/image\/"},"sameAs":["https:\/\/www.facebook.com\/creddose","https:\/\/www.linkedin.com\/company\/creddo-ab\/"]}]}},"lang":"sv","translations":{"sv":3699},"uagb_featured_image_src":{"full":false,"thumbnail":false,"medium":false,"medium_large":false,"large":false,"1536x1536":false,"2048x2048":false},"uagb_author_info":{"display_name":"Jonas Smyth","author_link":"https:\/\/creddo.com\/se\/experthornan\/author\/jonas\/"},"uagb_comment_info":0,"uagb_excerpt":"Om Capcito (Fortnox) Grundtanken med Capcito, enligt deras egna ord, \u00e4r att g\u00f6ra det enklare f\u00f6r f\u00f6retagare att f\u00e5 sina l\u00e5n beviljade. Detta syns ocks\u00e5 i deras l\u00e5nevillkor. Till skillnad fr\u00e5n m\u00e5nga andra l\u00e5ngivare, som begr\u00e4nsar sig till aktiebolag, l\u00e5nar Capcito \u00e4ven ut till handelsbolag, kommanditbolag och enskild firma. De erbjuder ocks\u00e5 fakturabel\u00e5ning och m\u00f6jligheten&hellip;","pll_sync_post":[],"_links":{"self":[{"href":"https:\/\/creddo.com\/se\/wp-json\/wp\/v2\/pages\/3699","targetHints":{"allow":["GET"]}}],"collection":[{"href":"https:\/\/creddo.com\/se\/wp-json\/wp\/v2\/pages"}],"about":[{"href":"https:\/\/creddo.com\/se\/wp-json\/wp\/v2\/types\/page"}],"author":[{"embeddable":true,"href":"https:\/\/creddo.com\/se\/wp-json\/wp\/v2\/users\/13"}],"replies":[{"embeddable":true,"href":"https:\/\/creddo.com\/se\/wp-json\/wp\/v2\/comments?post=3699"}],"version-history":[{"count":4,"href":"https:\/\/creddo.com\/se\/wp-json\/wp\/v2\/pages\/3699\/revisions"}],"predecessor-version":[{"id":4544,"href":"https:\/\/creddo.com\/se\/wp-json\/wp\/v2\/pages\/3699\/revisions\/4544"}],"up":[{"embeddable":true,"href":"https:\/\/creddo.com\/se\/wp-json\/wp\/v2\/pages\/2899"}],"wp:attachment":[{"href":"https:\/\/creddo.com\/se\/wp-json\/wp\/v2\/media?parent=3699"}],"curies":[{"name":"wp","href":"https:\/\/api.w.org\/{rel}","templated":true}]}}