{"id":3700,"date":"2023-11-24T21:42:10","date_gmt":"2023-11-24T20:42:10","guid":{"rendered":"https:\/\/stage.creddo.com\/se\/?page_id=3699"},"modified":"2025-12-31T11:57:25","modified_gmt":"2025-12-31T10:57:25","slug":"recension","status":"publish","type":"page","link":"https:\/\/creddo.com\/se\/langivare\/fedelta\/recension\/","title":{"rendered":"Recension"},"content":{"rendered":"\n<h2 class=\"wp-block-heading\" id=\"h-om-fedelta\"><strong><strong><strong><strong><strong><strong>Om Fedelta<\/strong><\/strong><\/strong><\/strong><\/strong><\/strong><\/h2>\n\n\n\n<p>Med sin bas i Bor\u00e5s har Fedelta sedan 2018 erbjudit l\u00e5n till sm\u00e5f\u00f6retagare \u00f6ver hela Sverige.Ut\u00f6ver f\u00f6retagsl\u00e5n p\u00e5 upp till 1 miljon kronor erbjuder de \u00e4ven fastighetsl\u00e5n och m\u00f6jligheten att s\u00e4lja fakturor s\u00e5 att f\u00f6retaget i fr\u00e5ga f\u00e5r tillg\u00e5ng till likviden innan kunden har betalat.<strong> Den h\u00e4r recensionen fokuserar p\u00e5 Fedeltas f\u00f6retagsl\u00e5n.<\/strong><\/p>\n\n\n\n<p><\/p>\n\n\n\n<h2 class=\"wp-block-heading\" id=\"h-detta-erbjuder-fedelta-sina-lantagare\"><strong><strong><strong><strong><strong><strong>Detta erbjuder Fedelta sina l\u00e5ntagare<\/strong><\/strong><\/strong><\/strong><\/strong><\/strong><\/h2>\n\n\n\n<ul class=\"wp-block-list\">\n<li>L\u00e5n fr\u00e5n 50 000 kronor till 5 miljon kronor<\/li>\n\n\n\n<li>Digital l\u00e5neans\u00f6kan<\/li>\n\n\n\n<li>H\u00f6g transparens p\u00e5 sina l\u00e5nevillkor<\/li>\n\n\n\n<li>20 \u00e5rs avbetalningsplan p\u00e5 fastighetsl\u00e5n<\/li>\n<\/ul>\n\n\n\n<p><\/p>\n\n\n\n<h2 class=\"wp-block-heading\" id=\"h-foretagslan-utan-krangel\"><strong><strong><strong><strong><strong>F\u00f6retagsl\u00e5n utan kr\u00e5ngel<\/strong><\/strong><\/strong><\/strong><\/strong><\/h2>\n\n\n\n<p>Med n\u00e4stan 10 \u00e5rs erfarenhet har Fedelta haft god tid att utforma och anpassa sina villkor f\u00f6r att skapa en smidig l\u00e5neplattform f\u00f6r de mindre f\u00f6retagen. N\u00e4r ett f\u00f6retag ans\u00f6ker om ett l\u00e5n online anger de ett \u00f6nskat belopp mellan 50 000 kronor och 5 miljon kronor, \u00e5terbetalningstid fr\u00e5n 6 m\u00e5nader till 60 m\u00e5nader, sitt organisationsnummer och kontaktuppgifter. D\u00e4refter granskar Fedelta f\u00f6retagets l\u00e5neans\u00f6kan och g\u00f6r en kreditupplysning. Om l\u00e5net beviljas betalas det ut omg\u00e5ende, oftast inom 24 timmar.<\/p>\n\n\n\n<p>Bra att veta \u00e4r att det redan g\u00e5r medan man fyller i sin l\u00e5neans\u00f6kan att se det prim\u00e4ra totalbeloppet p\u00e5 l\u00e5net, med alla r\u00e4ntor och avgifter inkluderade. Det finns med andra ord inga dolda kostnader utan Fedelta str\u00e4var efter h\u00f6g transparens. Totalbeloppet varierar beroende p\u00e5 hur l\u00e5ng \u00e5terbetalningsperiod f\u00f6retaget \u00f6nskar och sj\u00e4lva l\u00e5nets storlek.<\/p>\n\n\n\n<p><\/p>\n\n\n\n<h2 class=\"wp-block-heading\" id=\"h-aven-for-nya-foretag\"><strong><strong><strong><strong><strong>\u00c4ven f\u00f6r nya f\u00f6retag<\/strong><\/strong><\/strong><\/strong><\/strong><\/h2>\n\n\n\n<p>Medan m\u00e5nga andra l\u00e5ngivare endast l\u00e5nar ut till aktiebolag som har \u00e5tminstone ett registrerat bokslut hos Bolagsverket, \u00e4r Fedelta mer flexibla och har inget krav p\u00e5 att f\u00f6retaget ska ha varit aktivt i \u00f6ver ett \u00e5r. Detta s\u00e5 att \u00e4ven nya f\u00f6retag ska kunna f\u00e5 den ekonomiska hj\u00e4lp och m\u00f6jlighet som de kan t\u00e4nkas beh\u00f6va.<\/p>\n\n\n\n<p><\/p>\n\n\n\n<h2 class=\"wp-block-heading\" id=\"h-fasta-manadskostnader\"><strong><strong><strong><strong><strong>Fasta m\u00e5nadskostnader<\/strong><\/strong><\/strong><\/strong><\/strong><\/h2>\n\n\n\n<p>Ett stort plus f\u00f6r de mindre f\u00f6retagen \u00e4r att Fedelta arbetar med fasta m\u00e5nadskostnader, vilket g\u00f6r det enklare att f\u00f6rutse ens kassafl\u00f6den och likviditet. Detta inneb\u00e4r ocks\u00e5 att det \u00e4r enkelt att l\u00f6sa hela l\u00e5net snabbare \u00e4n vad som \u00e4r planerat, eftersom totalkostnaden redan \u00e4r l\u00e5st. Samtidigt inneb\u00e4r denna trygghet att Fedelta inte alltid \u00e4r det billigaste alternativet, utan det finns andra akt\u00f6rer, med r\u00f6rliga r\u00e4ntor, som kan ha billigare l\u00f6sningar.<\/p>\n\n\n\n<p><\/p>\n\n\n\n<h2 class=\"wp-block-heading\" id=\"h-for-och-nackdelar-med-fedelta\"><strong><strong>F\u00f6r- och nackdelar med Fedelta<\/strong><\/strong><\/h2>\n\n\n\n<p>Fedelta erbjuder sm\u00e5 och relativt nystartade f\u00f6retag chansen till ett l\u00e5n p\u00e5 upp till 1 miljon kronor. De \u00e4r snabba med sin bed\u00f6mning och transparenta med sina villkor och l\u00e5nekostnader. P\u00e5 minuskontot kan tryggheten med fasta m\u00e5nadskostnader vara ett dyrare alternativ. Likas\u00e5 finns det inte heller m\u00f6jligheten att l\u00e5na mer \u00e4n 1 miljon kronor om det skulle beh\u00f6vas.<\/p>\n\n\n\n<p><\/p>\n\n\n\n<h2 class=\"wp-block-heading\" id=\"h-sammanfattning\"><strong><strong>Sammanfattning<\/strong><\/strong><\/h2>\n\n\n\n<p>Fedelta \u00e4r en l\u00e5ngivare som ser den lilla f\u00f6retagaren och \u00e4r villig att r\u00e4cka ut en hand \u00e5t nystartade f\u00f6retag. De har l\u00e5ng erfarenhet av branschen och \u00e4r v\u00e4ldigt tydliga med sina omkostnader. Vi p\u00e5 Creddo anser att de \u00e4r ett bra alternativ f\u00f6r de f\u00f6retag som inte beh\u00f6ver n\u00e5gra st\u00f6rre tillskott i f\u00f6retagskassan.<\/p>\n","protected":false},"excerpt":{"rendered":"<p>Om Fedelta Med sin bas i Bor\u00e5s har Fedelta sedan 2018 erbjudit l\u00e5n till sm\u00e5f\u00f6retagare \u00f6ver hela Sverige.Ut\u00f6ver f\u00f6retagsl\u00e5n p\u00e5 upp till 1 miljon kronor erbjuder de \u00e4ven fastighetsl\u00e5n och m\u00f6jligheten att s\u00e4lja fakturor s\u00e5 att f\u00f6retaget i fr\u00e5ga f\u00e5r tillg\u00e5ng till likviden innan kunden har betalat. Den h\u00e4r recensionen fokuserar p\u00e5 Fedeltas f\u00f6retagsl\u00e5n. Detta [&hellip;]<\/p>\n","protected":false},"author":13,"featured_media":0,"parent":2921,"menu_order":0,"comment_status":"closed","ping_status":"closed","template":"empty-page-with-slider.php","meta":{"_acf_changed":false,"_uag_custom_page_level_css":"","footnotes":""},"class_list":["post-3700","page","type-page","status-publish","hentry"],"acf":[],"yoast_head":"<!-- This site is optimized with the Yoast SEO Premium plugin v26.6 (Yoast SEO v26.8) - https:\/\/yoast.com\/product\/yoast-seo-premium-wordpress\/ -->\n<title>Fedelta f\u00f6retagsl\u00e5n - Recension: Allt du beh\u00f6ver veta - Creddo<\/title>\n<meta name=\"description\" content=\"Recension av Fedelta: Ta reda p\u00e5 hur deras f\u00f6retagsl\u00e5n kan st\u00f6dja dig i att uppn\u00e5 dina finansiella m\u00e5l. V\u00e4lj r\u00e4tt f\u00f6retagsfinansiering.\" \/>\n<meta name=\"robots\" content=\"index, follow, max-snippet:-1, max-image-preview:large, max-video-preview:-1\" \/>\n<link rel=\"canonical\" href=\"https:\/\/creddo.com\/se\/langivare\/fedelta\/recension\/\" \/>\n<meta property=\"og:locale\" content=\"sv_SE\" \/>\n<meta property=\"og:type\" content=\"article\" \/>\n<meta property=\"og:title\" content=\"Recension\" \/>\n<meta property=\"og:description\" content=\"Om Fedelta Med sin bas i Bor\u00e5s har Fedelta sedan 2018 erbjudit l\u00e5n till sm\u00e5f\u00f6retagare \u00f6ver hela Sverige.Ut\u00f6ver f\u00f6retagsl\u00e5n p\u00e5 upp till 1 miljon kronor\" \/>\n<meta property=\"og:url\" content=\"https:\/\/creddo.com\/se\/langivare\/fedelta\/recension\/\" \/>\n<meta property=\"og:site_name\" content=\"Creddo\" \/>\n<meta property=\"article:publisher\" content=\"https:\/\/www.facebook.com\/creddose\" \/>\n<meta property=\"article:modified_time\" content=\"2025-12-31T10:57:25+00:00\" \/>\n<meta property=\"og:image\" content=\"https:\/\/creddo.com\/se\/wp-content\/uploads\/2024\/07\/52.jpg\" \/>\n\t<meta property=\"og:image:width\" content=\"1200\" \/>\n\t<meta property=\"og:image:height\" content=\"630\" \/>\n\t<meta property=\"og:image:type\" content=\"image\/jpeg\" \/>\n<meta name=\"twitter:card\" content=\"summary_large_image\" \/>\n<meta name=\"twitter:label1\" content=\"Ber\u00e4knad l\u00e4stid\" \/>\n\t<meta name=\"twitter:data1\" content=\"3 minuter\" \/>\n<script type=\"application\/ld+json\" class=\"yoast-schema-graph\">{\"@context\":\"https:\/\/schema.org\",\"@graph\":[{\"@type\":\"WebPage\",\"@id\":\"https:\/\/creddo.com\/se\/langivare\/fedelta\/recension\/\",\"url\":\"https:\/\/creddo.com\/se\/langivare\/fedelta\/recension\/\",\"name\":\"Fedelta f\u00f6retagsl\u00e5n - Recension: Allt du beh\u00f6ver veta - Creddo\",\"isPartOf\":{\"@id\":\"https:\/\/creddo.com\/se\/#website\"},\"datePublished\":\"2023-11-24T20:42:10+00:00\",\"dateModified\":\"2025-12-31T10:57:25+00:00\",\"description\":\"Recension av Fedelta: Ta reda p\u00e5 hur deras f\u00f6retagsl\u00e5n kan st\u00f6dja dig i att uppn\u00e5 dina finansiella m\u00e5l. V\u00e4lj r\u00e4tt f\u00f6retagsfinansiering.\",\"breadcrumb\":{\"@id\":\"https:\/\/creddo.com\/se\/langivare\/fedelta\/recension\/#breadcrumb\"},\"inLanguage\":\"sv-SE\",\"potentialAction\":[{\"@type\":\"ReadAction\",\"target\":[\"https:\/\/creddo.com\/se\/langivare\/fedelta\/recension\/\"]}]},{\"@type\":\"BreadcrumbList\",\"@id\":\"https:\/\/creddo.com\/se\/langivare\/fedelta\/recension\/#breadcrumb\",\"itemListElement\":[{\"@type\":\"ListItem\",\"position\":1,\"name\":\"Creddo.com\",\"item\":\"https:\/\/creddo.com\/se\/\"},{\"@type\":\"ListItem\",\"position\":2,\"name\":\"L\u00e5ngivare\",\"item\":\"https:\/\/creddo.com\/se\/langivare\/\"},{\"@type\":\"ListItem\",\"position\":3,\"name\":\"Fedelta\",\"item\":\"https:\/\/creddo.com\/se\/langivare\/fedelta\/\"},{\"@type\":\"ListItem\",\"position\":4,\"name\":\"Recension\"}]},{\"@type\":\"WebSite\",\"@id\":\"https:\/\/creddo.com\/se\/#website\",\"url\":\"https:\/\/creddo.com\/se\/\",\"name\":\"Creddo\",\"description\":\"J\u00e4mf\u00f6r f\u00f6retagsl\u00e5n upp till 10 miljoner\",\"publisher\":{\"@id\":\"https:\/\/creddo.com\/se\/#organization\"},\"potentialAction\":[{\"@type\":\"SearchAction\",\"target\":{\"@type\":\"EntryPoint\",\"urlTemplate\":\"https:\/\/creddo.com\/se\/?s={search_term_string}\"},\"query-input\":{\"@type\":\"PropertyValueSpecification\",\"valueRequired\":true,\"valueName\":\"search_term_string\"}}],\"inLanguage\":\"sv-SE\"},{\"@type\":\"Organization\",\"@id\":\"https:\/\/creddo.com\/se\/#organization\",\"name\":\"Creddo AB\",\"url\":\"https:\/\/creddo.com\/se\/\",\"logo\":{\"@type\":\"ImageObject\",\"inLanguage\":\"sv-SE\",\"@id\":\"https:\/\/creddo.com\/se\/#\/schema\/logo\/image\/\",\"url\":\"https:\/\/creddo.com\/se\/wp-content\/uploads\/2024\/04\/Creddo-logo-square.png\",\"contentUrl\":\"https:\/\/creddo.com\/se\/wp-content\/uploads\/2024\/04\/Creddo-logo-square.png\",\"width\":720,\"height\":720,\"caption\":\"Creddo AB\"},\"image\":{\"@id\":\"https:\/\/creddo.com\/se\/#\/schema\/logo\/image\/\"},\"sameAs\":[\"https:\/\/www.facebook.com\/creddose\",\"https:\/\/www.linkedin.com\/company\/creddo-ab\/\"]}]}<\/script>\n<!-- \/ Yoast SEO Premium plugin. -->","yoast_head_json":{"title":"Fedelta f\u00f6retagsl\u00e5n - Recension: Allt du beh\u00f6ver veta - Creddo","description":"Recension av Fedelta: Ta reda p\u00e5 hur deras f\u00f6retagsl\u00e5n kan st\u00f6dja dig i att uppn\u00e5 dina finansiella m\u00e5l. V\u00e4lj r\u00e4tt f\u00f6retagsfinansiering.","robots":{"index":"index","follow":"follow","max-snippet":"max-snippet:-1","max-image-preview":"max-image-preview:large","max-video-preview":"max-video-preview:-1"},"canonical":"https:\/\/creddo.com\/se\/langivare\/fedelta\/recension\/","og_locale":"sv_SE","og_type":"article","og_title":"Recension","og_description":"Om Fedelta Med sin bas i Bor\u00e5s har Fedelta sedan 2018 erbjudit l\u00e5n till sm\u00e5f\u00f6retagare \u00f6ver hela Sverige.Ut\u00f6ver f\u00f6retagsl\u00e5n p\u00e5 upp till 1 miljon kronor","og_url":"https:\/\/creddo.com\/se\/langivare\/fedelta\/recension\/","og_site_name":"Creddo","article_publisher":"https:\/\/www.facebook.com\/creddose","article_modified_time":"2025-12-31T10:57:25+00:00","og_image":[{"width":1200,"height":630,"url":"https:\/\/creddo.com\/se\/wp-content\/uploads\/2024\/07\/52.jpg","type":"image\/jpeg"}],"twitter_card":"summary_large_image","twitter_misc":{"Ber\u00e4knad l\u00e4stid":"3 minuter"},"schema":{"@context":"https:\/\/schema.org","@graph":[{"@type":"WebPage","@id":"https:\/\/creddo.com\/se\/langivare\/fedelta\/recension\/","url":"https:\/\/creddo.com\/se\/langivare\/fedelta\/recension\/","name":"Fedelta f\u00f6retagsl\u00e5n - Recension: Allt du beh\u00f6ver veta - Creddo","isPartOf":{"@id":"https:\/\/creddo.com\/se\/#website"},"datePublished":"2023-11-24T20:42:10+00:00","dateModified":"2025-12-31T10:57:25+00:00","description":"Recension av Fedelta: Ta reda p\u00e5 hur deras f\u00f6retagsl\u00e5n kan st\u00f6dja dig i att uppn\u00e5 dina finansiella m\u00e5l. V\u00e4lj r\u00e4tt f\u00f6retagsfinansiering.","breadcrumb":{"@id":"https:\/\/creddo.com\/se\/langivare\/fedelta\/recension\/#breadcrumb"},"inLanguage":"sv-SE","potentialAction":[{"@type":"ReadAction","target":["https:\/\/creddo.com\/se\/langivare\/fedelta\/recension\/"]}]},{"@type":"BreadcrumbList","@id":"https:\/\/creddo.com\/se\/langivare\/fedelta\/recension\/#breadcrumb","itemListElement":[{"@type":"ListItem","position":1,"name":"Creddo.com","item":"https:\/\/creddo.com\/se\/"},{"@type":"ListItem","position":2,"name":"L\u00e5ngivare","item":"https:\/\/creddo.com\/se\/langivare\/"},{"@type":"ListItem","position":3,"name":"Fedelta","item":"https:\/\/creddo.com\/se\/langivare\/fedelta\/"},{"@type":"ListItem","position":4,"name":"Recension"}]},{"@type":"WebSite","@id":"https:\/\/creddo.com\/se\/#website","url":"https:\/\/creddo.com\/se\/","name":"Creddo","description":"J\u00e4mf\u00f6r f\u00f6retagsl\u00e5n upp till 10 miljoner","publisher":{"@id":"https:\/\/creddo.com\/se\/#organization"},"potentialAction":[{"@type":"SearchAction","target":{"@type":"EntryPoint","urlTemplate":"https:\/\/creddo.com\/se\/?s={search_term_string}"},"query-input":{"@type":"PropertyValueSpecification","valueRequired":true,"valueName":"search_term_string"}}],"inLanguage":"sv-SE"},{"@type":"Organization","@id":"https:\/\/creddo.com\/se\/#organization","name":"Creddo AB","url":"https:\/\/creddo.com\/se\/","logo":{"@type":"ImageObject","inLanguage":"sv-SE","@id":"https:\/\/creddo.com\/se\/#\/schema\/logo\/image\/","url":"https:\/\/creddo.com\/se\/wp-content\/uploads\/2024\/04\/Creddo-logo-square.png","contentUrl":"https:\/\/creddo.com\/se\/wp-content\/uploads\/2024\/04\/Creddo-logo-square.png","width":720,"height":720,"caption":"Creddo AB"},"image":{"@id":"https:\/\/creddo.com\/se\/#\/schema\/logo\/image\/"},"sameAs":["https:\/\/www.facebook.com\/creddose","https:\/\/www.linkedin.com\/company\/creddo-ab\/"]}]}},"lang":"sv","translations":{"sv":3700},"uagb_featured_image_src":{"full":false,"thumbnail":false,"medium":false,"medium_large":false,"large":false,"1536x1536":false,"2048x2048":false},"uagb_author_info":{"display_name":"Jonas Smyth","author_link":"https:\/\/creddo.com\/se\/experthornan\/author\/jonas\/"},"uagb_comment_info":0,"uagb_excerpt":"Om Fedelta Med sin bas i Bor\u00e5s har Fedelta sedan 2018 erbjudit l\u00e5n till sm\u00e5f\u00f6retagare \u00f6ver hela Sverige.Ut\u00f6ver f\u00f6retagsl\u00e5n p\u00e5 upp till 1 miljon kronor erbjuder de \u00e4ven fastighetsl\u00e5n och m\u00f6jligheten att s\u00e4lja fakturor s\u00e5 att f\u00f6retaget i fr\u00e5ga f\u00e5r tillg\u00e5ng till likviden innan kunden har betalat. Den h\u00e4r recensionen fokuserar p\u00e5 Fedeltas f\u00f6retagsl\u00e5n. Detta&hellip;","pll_sync_post":[],"_links":{"self":[{"href":"https:\/\/creddo.com\/se\/wp-json\/wp\/v2\/pages\/3700","targetHints":{"allow":["GET"]}}],"collection":[{"href":"https:\/\/creddo.com\/se\/wp-json\/wp\/v2\/pages"}],"about":[{"href":"https:\/\/creddo.com\/se\/wp-json\/wp\/v2\/types\/page"}],"author":[{"embeddable":true,"href":"https:\/\/creddo.com\/se\/wp-json\/wp\/v2\/users\/13"}],"replies":[{"embeddable":true,"href":"https:\/\/creddo.com\/se\/wp-json\/wp\/v2\/comments?post=3700"}],"version-history":[{"count":8,"href":"https:\/\/creddo.com\/se\/wp-json\/wp\/v2\/pages\/3700\/revisions"}],"predecessor-version":[{"id":4687,"href":"https:\/\/creddo.com\/se\/wp-json\/wp\/v2\/pages\/3700\/revisions\/4687"}],"up":[{"embeddable":true,"href":"https:\/\/creddo.com\/se\/wp-json\/wp\/v2\/pages\/2921"}],"wp:attachment":[{"href":"https:\/\/creddo.com\/se\/wp-json\/wp\/v2\/media?parent=3700"}],"curies":[{"name":"wp","href":"https:\/\/api.w.org\/{rel}","templated":true}]}}