{"id":3713,"date":"2023-11-24T21:00:56","date_gmt":"2023-11-24T20:00:56","guid":{"rendered":"https:\/\/stage.creddo.com\/se\/?page_id=3713"},"modified":"2025-11-17T15:52:09","modified_gmt":"2025-11-17T14:52:09","slug":"recension-opr-foretagslan","status":"publish","type":"page","link":"https:\/\/creddo.com\/se\/langivare\/opr\/recension\/","title":{"rendered":"Recension"},"content":{"rendered":"\n<h2 class=\"wp-block-heading\" id=\"h-om-opr-foretagslan\"><strong><strong><strong><strong><strong><strong><strong><strong>Om OPR-F\u00f6retagsl\u00e5n<\/strong><\/strong><\/strong><\/strong><\/strong><\/strong><\/strong><\/strong><\/h2>\n\n\n\n<p>Sedan 2015 har OPR-F\u00f6retagsl\u00e5n haft \u00f6ver 4 000 kunder runt om i Sverige och l\u00e5nat ut \u00f6ver 800 miljoner kronor. De riktar sig fr\u00e4mst mot mindre f\u00f6retag och erbjuder l\u00e5n upp till 1 miljon kronor. Som m\u00e5nga andra moderna akt\u00f6rer g\u00e5r det att ans\u00f6ka online med hj\u00e4lp av BankID.&nbsp;<\/p>\n\n\n\n<p><\/p>\n\n\n\n<h2 class=\"wp-block-heading\" id=\"h-detta-erbjuder-opr-foretagslan-sina-lantagare\"><strong><strong><strong><strong><strong><strong><strong><strong>Detta erbjuder OPR-F\u00f6retagsl\u00e5n sina l\u00e5ntagare<\/strong><\/strong><\/strong><\/strong><\/strong><\/strong><\/strong><\/strong><\/h2>\n\n\n\n<ul class=\"wp-block-list\">\n<li>Digital ans\u00f6kan via deras hemsida<\/li>\n\n\n\n<li>L\u00e5n till aktiebolag, handelsbolag, kommanditbolag och enskild firma<\/li>\n\n\n\n<li>L\u00e5n \u00e4ven till den med betalningsanm\u00e4rkning <\/li>\n\n\n\n<li>L\u00e5n mellan 30 000 &#8211; 1 000 000 kronor<\/li>\n\n\n\n<li>Personlig kundkontakt<\/li>\n<\/ul>\n\n\n\n<p><\/p>\n\n\n\n<h2 class=\"wp-block-heading\" id=\"h-sa-ser-laneprocessen-ut\"><strong><strong><strong><strong><strong><strong><strong>S\u00e5 ser l\u00e5neprocessen ut<\/strong><\/strong><\/strong><\/strong><\/strong><\/strong><\/strong><\/h2>\n\n\n\n<p>Det \u00e4r p\u00e5 OPR-F\u00f6retagsl\u00e5ns hemsida som den digitala ans\u00f6kan g\u00f6rs. I f\u00f6rsta steget anger man \u00f6nskat l\u00e5nebelopp, l\u00e5netid (6, 12, 18 eller 24 m\u00e5nader) f\u00f6retags- och kontaktuppgifter. D\u00e4refter behandlas din ans\u00f6kan. Exakt hur l\u00e5ng tid behandlingstiden \u00e4r, framkommer inte mer \u00e4n att det ska g\u00e5 snabbt. Om l\u00e5net beviljas signerar l\u00e5nes\u00f6kande sitt avtal digitalt. Samma dag p\u00e5b\u00f6rjas utbetalningen till angivet f\u00f6retagskonto. Deras kundservice \u00e4r \u00f6ppen vardagar 09:00-16:00 och \u00e4r enkel att komma i kontakt med.\u00a0\u00a0\u00a0<\/p>\n\n\n\n<p><\/p>\n\n\n\n<h2 class=\"wp-block-heading\" id=\"h-tydliga-villkor-och-belopp\"><strong><strong><strong><strong><strong><strong><strong>Tydliga villkor och belopp<\/strong><\/strong><\/strong><\/strong><\/strong><\/strong><\/strong><\/h2>\n\n\n\n<p>Den h\u00e4r l\u00e5ngivaren har nte med n\u00e5gra dolda avgifter utan i ens l\u00e5neavtal presenteras en fast m\u00e5nadskostnad som t\u00e4cker alla administrativa utgifter och som inkluderar ens r\u00e4ntesats. Inga fakturaavgifter tillkommer heller. Att f\u00f6rtidsinl\u00f6sa sitt l\u00e5n g\u00e5r ocks\u00e5 bra, men d\u00e5 beh\u00f6ver man kontakta OPR-F\u00f6retagsl\u00e5n f\u00f6rst, som sedan presenterar slutl\u00f6sensumman. OPR-F\u00f6retagsl\u00e5n ger f\u00f6retag enkeltydlig information.<\/p>\n\n\n\n<p><\/p>\n\n\n\n<h2 class=\"wp-block-heading\" id=\"h-for-och-nackdelar-med-opr-foretagslan\"><strong><strong><strong><strong><strong><strong><strong>F\u00f6r- och nackdelar med OPR-F\u00f6retagsl\u00e5n<\/strong><\/strong><\/strong><\/strong><\/strong><\/strong><\/strong><\/h2>\n\n\n\n<p>Medan m\u00e5nga andra l\u00e5ngivare begr\u00e4nsar sig till aktiebolag erbjuder OPR-F\u00f6retagsl\u00e5n \u00e4ven l\u00e5n till handelsbolag, kommanditbolag och enskild firma. \u00c4ven f\u00f6retag med betalningsanm\u00e4rkningar har m\u00f6jlighet att f\u00e5 sin ans\u00f6kan beviljad eftersom den h\u00e4r l\u00e5ngivaren ser till flera faktorer i sin bed\u00f6mning. Det \u00e4r en stor plus! D\u00e4rtill \u00e4r behandlingstiden relativt kort \u2013 fr\u00e5n att ans\u00f6kan skickas in till att pengarna syns p\u00e5 kontot \u2013 och om n\u00e5gonting strular \u00e4r det enkelt att komma i kontakt med deras kundservice.\u00a0<\/p>\n\n\n\n<p>Samtidigt som det finns m\u00e5nga positiva aspekter med OPR-F\u00f6retagsl\u00e5n b\u00f6r man ha i \u00e5tanke att de endast beviljar l\u00e5n upp till 1 miljon kronor och att l\u00e5nets totalsumma kan bli dyrare hos dem \u00e4n hos andra alternativ. Ens ans\u00f6kan kan ocks\u00e5 dr\u00f6ja n\u00e5got om de kr\u00e4ver kompletterande uppgifter f\u00f6r att s\u00e4kerhetsst\u00e4lla att f\u00f6retaget i fr\u00e5ga lever upp till deras kravbild. F\u00f6r denna anledning \u00e4r det en akt\u00f6r som man noggrant b\u00f6r \u00f6verv\u00e4ga.<\/p>\n\n\n\n<p><\/p>\n\n\n\n<h2 class=\"wp-block-heading\" id=\"h-sammanfattning\"><strong><strong><strong>Sammanfattning<\/strong><\/strong><\/strong><\/h2>\n\n\n\n<p>OPR-F\u00f6retagsl\u00e5n \u00e4r en p\u00e5litlig och transparent l\u00e5ngivare, som erbjuder personlig kundservice f\u00f6r de som v\u00e4rdes\u00e4tter detta. De l\u00e5nar ut till alla typer av bolag och har oftast en relativt snabb behandlingsprocess. De \u00e4r ocks\u00e5 transparenta med sina villkor. Denna tydlighet och trygghet inneb\u00e4r samtidigt att de inte \u00e4r den billigaste akt\u00f6ren p\u00e5 marknaden. OPR-F\u00f6retagsl\u00e5n placerar sig d\u00e4rmed som ett tryggt val f\u00f6r m\u00e5nga s\u00f6kande.<\/p>\n\n\n\n<p><\/p>\n","protected":false},"excerpt":{"rendered":"<p>Om OPR-F\u00f6retagsl\u00e5n Sedan 2015 har OPR-F\u00f6retagsl\u00e5n haft \u00f6ver 4 000 kunder runt om i Sverige och l\u00e5nat ut \u00f6ver 800 miljoner kronor. De riktar sig fr\u00e4mst mot mindre f\u00f6retag och erbjuder l\u00e5n upp till 1 miljon kronor. Som m\u00e5nga andra moderna akt\u00f6rer g\u00e5r det att ans\u00f6ka online med hj\u00e4lp av BankID.&nbsp; Detta erbjuder OPR-F\u00f6retagsl\u00e5n sina [&hellip;]<\/p>\n","protected":false},"author":13,"featured_media":0,"parent":2989,"menu_order":0,"comment_status":"closed","ping_status":"closed","template":"empty-page-with-slider.php","meta":{"_acf_changed":false,"_uag_custom_page_level_css":"","footnotes":""},"class_list":["post-3713","page","type-page","status-publish","hentry"],"acf":[],"yoast_head":"<!-- This site is optimized with the Yoast SEO Premium plugin v26.6 (Yoast SEO v26.8) - https:\/\/yoast.com\/product\/yoast-seo-premium-wordpress\/ -->\n<title>OPR-F\u00f6retagsl\u00e5n - Recension: Allt du beh\u00f6ver veta - Creddo<\/title>\n<meta name=\"description\" content=\"Recension av OPR-F\u00f6retagsl\u00e5n: Ta reda p\u00e5 hur ett f\u00f6retagsl\u00e5n kan st\u00f6dja dig i att uppn\u00e5 dina finansiella m\u00e5l. Med 1 UC\" \/>\n<meta name=\"robots\" content=\"index, follow, max-snippet:-1, max-image-preview:large, max-video-preview:-1\" \/>\n<link rel=\"canonical\" href=\"https:\/\/creddo.com\/se\/langivare\/opr\/recension\/\" \/>\n<meta property=\"og:locale\" content=\"sv_SE\" \/>\n<meta property=\"og:type\" content=\"article\" \/>\n<meta property=\"og:title\" content=\"Recension\" \/>\n<meta property=\"og:description\" content=\"Om OPR-F\u00f6retagsl\u00e5n Sedan 2015 har OPR-F\u00f6retagsl\u00e5n haft \u00f6ver 4 000 kunder runt om i Sverige och l\u00e5nat ut \u00f6ver 800 miljoner kronor. De riktar sig fr\u00e4mst mot\" \/>\n<meta property=\"og:url\" content=\"https:\/\/creddo.com\/se\/langivare\/opr\/recension\/\" \/>\n<meta property=\"og:site_name\" content=\"Creddo\" \/>\n<meta property=\"article:publisher\" content=\"https:\/\/www.facebook.com\/creddose\" \/>\n<meta property=\"article:modified_time\" content=\"2025-11-17T14:52:09+00:00\" \/>\n<meta property=\"og:image\" content=\"https:\/\/creddo.com\/se\/wp-content\/uploads\/2024\/07\/52.jpg\" \/>\n\t<meta property=\"og:image:width\" content=\"1200\" \/>\n\t<meta property=\"og:image:height\" content=\"630\" \/>\n\t<meta property=\"og:image:type\" content=\"image\/jpeg\" \/>\n<meta name=\"twitter:card\" content=\"summary_large_image\" \/>\n<meta name=\"twitter:label1\" content=\"Ber\u00e4knad l\u00e4stid\" \/>\n\t<meta name=\"twitter:data1\" content=\"3 minuter\" \/>\n<script type=\"application\/ld+json\" class=\"yoast-schema-graph\">{\"@context\":\"https:\/\/schema.org\",\"@graph\":[{\"@type\":\"WebPage\",\"@id\":\"https:\/\/creddo.com\/se\/langivare\/opr\/recension\/\",\"url\":\"https:\/\/creddo.com\/se\/langivare\/opr\/recension\/\",\"name\":\"OPR-F\u00f6retagsl\u00e5n - Recension: Allt du beh\u00f6ver veta - Creddo\",\"isPartOf\":{\"@id\":\"https:\/\/creddo.com\/se\/#website\"},\"datePublished\":\"2023-11-24T20:00:56+00:00\",\"dateModified\":\"2025-11-17T14:52:09+00:00\",\"description\":\"Recension av OPR-F\u00f6retagsl\u00e5n: Ta reda p\u00e5 hur ett f\u00f6retagsl\u00e5n kan st\u00f6dja dig i att uppn\u00e5 dina finansiella m\u00e5l. Med 1 UC\",\"breadcrumb\":{\"@id\":\"https:\/\/creddo.com\/se\/langivare\/opr\/recension\/#breadcrumb\"},\"inLanguage\":\"sv-SE\",\"potentialAction\":[{\"@type\":\"ReadAction\",\"target\":[\"https:\/\/creddo.com\/se\/langivare\/opr\/recension\/\"]}]},{\"@type\":\"BreadcrumbList\",\"@id\":\"https:\/\/creddo.com\/se\/langivare\/opr\/recension\/#breadcrumb\",\"itemListElement\":[{\"@type\":\"ListItem\",\"position\":1,\"name\":\"Creddo.com\",\"item\":\"https:\/\/creddo.com\/se\/\"},{\"@type\":\"ListItem\",\"position\":2,\"name\":\"L\u00e5ngivare\",\"item\":\"https:\/\/creddo.com\/se\/langivare\/\"},{\"@type\":\"ListItem\",\"position\":3,\"name\":\"OPR\",\"item\":\"https:\/\/creddo.com\/se\/langivare\/opr\/\"},{\"@type\":\"ListItem\",\"position\":4,\"name\":\"Recension\"}]},{\"@type\":\"WebSite\",\"@id\":\"https:\/\/creddo.com\/se\/#website\",\"url\":\"https:\/\/creddo.com\/se\/\",\"name\":\"Creddo\",\"description\":\"J\u00e4mf\u00f6r f\u00f6retagsl\u00e5n upp till 10 miljoner\",\"publisher\":{\"@id\":\"https:\/\/creddo.com\/se\/#organization\"},\"potentialAction\":[{\"@type\":\"SearchAction\",\"target\":{\"@type\":\"EntryPoint\",\"urlTemplate\":\"https:\/\/creddo.com\/se\/?s={search_term_string}\"},\"query-input\":{\"@type\":\"PropertyValueSpecification\",\"valueRequired\":true,\"valueName\":\"search_term_string\"}}],\"inLanguage\":\"sv-SE\"},{\"@type\":\"Organization\",\"@id\":\"https:\/\/creddo.com\/se\/#organization\",\"name\":\"Creddo AB\",\"url\":\"https:\/\/creddo.com\/se\/\",\"logo\":{\"@type\":\"ImageObject\",\"inLanguage\":\"sv-SE\",\"@id\":\"https:\/\/creddo.com\/se\/#\/schema\/logo\/image\/\",\"url\":\"https:\/\/creddo.com\/se\/wp-content\/uploads\/2024\/04\/Creddo-logo-square.png\",\"contentUrl\":\"https:\/\/creddo.com\/se\/wp-content\/uploads\/2024\/04\/Creddo-logo-square.png\",\"width\":720,\"height\":720,\"caption\":\"Creddo AB\"},\"image\":{\"@id\":\"https:\/\/creddo.com\/se\/#\/schema\/logo\/image\/\"},\"sameAs\":[\"https:\/\/www.facebook.com\/creddose\",\"https:\/\/www.linkedin.com\/company\/creddo-ab\/\"]}]}<\/script>\n<!-- \/ Yoast SEO Premium plugin. -->","yoast_head_json":{"title":"OPR-F\u00f6retagsl\u00e5n - Recension: Allt du beh\u00f6ver veta - Creddo","description":"Recension av OPR-F\u00f6retagsl\u00e5n: Ta reda p\u00e5 hur ett f\u00f6retagsl\u00e5n kan st\u00f6dja dig i att uppn\u00e5 dina finansiella m\u00e5l. Med 1 UC","robots":{"index":"index","follow":"follow","max-snippet":"max-snippet:-1","max-image-preview":"max-image-preview:large","max-video-preview":"max-video-preview:-1"},"canonical":"https:\/\/creddo.com\/se\/langivare\/opr\/recension\/","og_locale":"sv_SE","og_type":"article","og_title":"Recension","og_description":"Om OPR-F\u00f6retagsl\u00e5n Sedan 2015 har OPR-F\u00f6retagsl\u00e5n haft \u00f6ver 4 000 kunder runt om i Sverige och l\u00e5nat ut \u00f6ver 800 miljoner kronor. De riktar sig fr\u00e4mst mot","og_url":"https:\/\/creddo.com\/se\/langivare\/opr\/recension\/","og_site_name":"Creddo","article_publisher":"https:\/\/www.facebook.com\/creddose","article_modified_time":"2025-11-17T14:52:09+00:00","og_image":[{"width":1200,"height":630,"url":"https:\/\/creddo.com\/se\/wp-content\/uploads\/2024\/07\/52.jpg","type":"image\/jpeg"}],"twitter_card":"summary_large_image","twitter_misc":{"Ber\u00e4knad l\u00e4stid":"3 minuter"},"schema":{"@context":"https:\/\/schema.org","@graph":[{"@type":"WebPage","@id":"https:\/\/creddo.com\/se\/langivare\/opr\/recension\/","url":"https:\/\/creddo.com\/se\/langivare\/opr\/recension\/","name":"OPR-F\u00f6retagsl\u00e5n - Recension: Allt du beh\u00f6ver veta - Creddo","isPartOf":{"@id":"https:\/\/creddo.com\/se\/#website"},"datePublished":"2023-11-24T20:00:56+00:00","dateModified":"2025-11-17T14:52:09+00:00","description":"Recension av OPR-F\u00f6retagsl\u00e5n: Ta reda p\u00e5 hur ett f\u00f6retagsl\u00e5n kan st\u00f6dja dig i att uppn\u00e5 dina finansiella m\u00e5l. Med 1 UC","breadcrumb":{"@id":"https:\/\/creddo.com\/se\/langivare\/opr\/recension\/#breadcrumb"},"inLanguage":"sv-SE","potentialAction":[{"@type":"ReadAction","target":["https:\/\/creddo.com\/se\/langivare\/opr\/recension\/"]}]},{"@type":"BreadcrumbList","@id":"https:\/\/creddo.com\/se\/langivare\/opr\/recension\/#breadcrumb","itemListElement":[{"@type":"ListItem","position":1,"name":"Creddo.com","item":"https:\/\/creddo.com\/se\/"},{"@type":"ListItem","position":2,"name":"L\u00e5ngivare","item":"https:\/\/creddo.com\/se\/langivare\/"},{"@type":"ListItem","position":3,"name":"OPR","item":"https:\/\/creddo.com\/se\/langivare\/opr\/"},{"@type":"ListItem","position":4,"name":"Recension"}]},{"@type":"WebSite","@id":"https:\/\/creddo.com\/se\/#website","url":"https:\/\/creddo.com\/se\/","name":"Creddo","description":"J\u00e4mf\u00f6r f\u00f6retagsl\u00e5n upp till 10 miljoner","publisher":{"@id":"https:\/\/creddo.com\/se\/#organization"},"potentialAction":[{"@type":"SearchAction","target":{"@type":"EntryPoint","urlTemplate":"https:\/\/creddo.com\/se\/?s={search_term_string}"},"query-input":{"@type":"PropertyValueSpecification","valueRequired":true,"valueName":"search_term_string"}}],"inLanguage":"sv-SE"},{"@type":"Organization","@id":"https:\/\/creddo.com\/se\/#organization","name":"Creddo AB","url":"https:\/\/creddo.com\/se\/","logo":{"@type":"ImageObject","inLanguage":"sv-SE","@id":"https:\/\/creddo.com\/se\/#\/schema\/logo\/image\/","url":"https:\/\/creddo.com\/se\/wp-content\/uploads\/2024\/04\/Creddo-logo-square.png","contentUrl":"https:\/\/creddo.com\/se\/wp-content\/uploads\/2024\/04\/Creddo-logo-square.png","width":720,"height":720,"caption":"Creddo AB"},"image":{"@id":"https:\/\/creddo.com\/se\/#\/schema\/logo\/image\/"},"sameAs":["https:\/\/www.facebook.com\/creddose","https:\/\/www.linkedin.com\/company\/creddo-ab\/"]}]}},"lang":"sv","translations":{"sv":3713},"uagb_featured_image_src":{"full":false,"thumbnail":false,"medium":false,"medium_large":false,"large":false,"1536x1536":false,"2048x2048":false},"uagb_author_info":{"display_name":"Jonas Smyth","author_link":"https:\/\/creddo.com\/se\/experthornan\/author\/jonas\/"},"uagb_comment_info":0,"uagb_excerpt":"Om OPR-F\u00f6retagsl\u00e5n Sedan 2015 har OPR-F\u00f6retagsl\u00e5n haft \u00f6ver 4 000 kunder runt om i Sverige och l\u00e5nat ut \u00f6ver 800 miljoner kronor. De riktar sig fr\u00e4mst mot mindre f\u00f6retag och erbjuder l\u00e5n upp till 1 miljon kronor. Som m\u00e5nga andra moderna akt\u00f6rer g\u00e5r det att ans\u00f6ka online med hj\u00e4lp av BankID.&nbsp; Detta erbjuder OPR-F\u00f6retagsl\u00e5n sina&hellip;","pll_sync_post":[],"_links":{"self":[{"href":"https:\/\/creddo.com\/se\/wp-json\/wp\/v2\/pages\/3713","targetHints":{"allow":["GET"]}}],"collection":[{"href":"https:\/\/creddo.com\/se\/wp-json\/wp\/v2\/pages"}],"about":[{"href":"https:\/\/creddo.com\/se\/wp-json\/wp\/v2\/types\/page"}],"author":[{"embeddable":true,"href":"https:\/\/creddo.com\/se\/wp-json\/wp\/v2\/users\/13"}],"replies":[{"embeddable":true,"href":"https:\/\/creddo.com\/se\/wp-json\/wp\/v2\/comments?post=3713"}],"version-history":[{"count":12,"href":"https:\/\/creddo.com\/se\/wp-json\/wp\/v2\/pages\/3713\/revisions"}],"predecessor-version":[{"id":5126,"href":"https:\/\/creddo.com\/se\/wp-json\/wp\/v2\/pages\/3713\/revisions\/5126"}],"up":[{"embeddable":true,"href":"https:\/\/creddo.com\/se\/wp-json\/wp\/v2\/pages\/2989"}],"wp:attachment":[{"href":"https:\/\/creddo.com\/se\/wp-json\/wp\/v2\/media?parent=3713"}],"curies":[{"name":"wp","href":"https:\/\/api.w.org\/{rel}","templated":true}]}}