{"id":3749,"date":"2023-11-25T00:58:01","date_gmt":"2023-11-24T23:58:01","guid":{"rendered":"https:\/\/stage.creddo.com\/se\/?page_id=3749"},"modified":"2025-12-29T16:05:01","modified_gmt":"2025-12-29T15:05:01","slug":"laneutrymme","status":"publish","type":"page","link":"https:\/\/creddo.com\/se\/laneutrymme\/","title":{"rendered":"R\u00e4kna p\u00e5 ditt l\u00e5neutrymme"},"content":{"rendered":"\n<html lang=\"en\">\n  <head>\n    <style>\n      .creddo-calculator__container {\n        display: grid;\n        grid-template-columns: 1fr 1fr;\n        grid-gap: 16px;\n      }\n\n      .creddo-calculator__top {\n        background-color: #f2f2f2;\n        border-radius: 16px;\n      }\n\n      @media (max-width: 660px) {\n        .creddo-calculator__container {\n          grid-template-columns: 1fr;\n        }\n      }\n\n      .question {\n        box-sizing: border-box;\n        width: 100%;\n        border-radius: 1rem;\n        padding: 1rem;\n        min-height: 250px;\n        transition: box-shadow 0.3s ease-in-out;\n        box-shadow: 0 4px 8px rgba(0, 0, 0, 0.1);\n        border: none;\n        background-color: transparent;\n      }\n\n      .question:hover {\n        box-shadow: 0 6px 12px rgba(0, 0, 0, 0.2);\n      }\n\n      .answer {\n        padding: 1rem;\n      }\n\n      .answer {\n        margin-top: 20px;\n        margin-bottom: 20px;\n        border-radius: 5px;\n      }\n\n      label {\n        display: block;\n        font-weight: bold;\n      }\n\n      .question-title {\n        margin-top: 1rem;\n        font-size: 20px;\n        line-height: 1.5rem;\n      }\n\n      .radio-group label {\n        font-weight: normal;\n      }\n\n      .radio-group input[type=\"radio\"] {\n        margin-right: 6px;\n      }\n\n      .flex {\n        display: flex;\n        gap: 12px;\n        flex-wrap: wrap;\n      }\n\n      input[type=\"text\"] {\n        width: 100%;\n        padding: 10px;\n        margin-top: 5px;\n        margin-bottom: 15px;\n        border: 1px solid #ccc;\n        border-radius: 5px;\n        box-sizing: border-box;\n        font-size: 16px;\n      }\n\n      .button-container {\n        text-align: center;\n        margin-top: 1rem;\n        margin-bottom: 1rem;\n      }\n\n      .question-subtitle {\n        margin-bottom: 0.5rem !important;\n        font-size: 14px !important;\n        line-height: 1.5rem !important;\n      }\n\n      .question .flex {\n        position: relative;\n      }\n\n      .question .flex input {\n        padding-right: 30px;\n      }\n\n      .question .flex span {\n        position: absolute;\n        top: 42%;\n        right: 16px;\n        transform: translateY(-50%);\n      }\n\n      .question.result {\n        min-height: auto;\n      }\n\n      .button-link {\n        display: inline-block;\n        padding: 10px 20px;\n        text-align: center;\n        text-decoration: none;\n        font-size: 16px;\n        font-weight: bold;\n        color: #ffffff !important;\n        background-color: #2b7df6;\n        border-radius: 8px;\n        transition: background-color 0.3s ease;\n      }\n\n      .button-link:hover {\n        background-color: rgba(43, 125, 246, 0.85);\n      }\n\n      .mb-20 {\n        margin-bottom: 20px;\n      }\n\n      .pb-16 {\n        padding-bottom: 16px;\n      }\n    <\/style>\n  <\/head>\n  <body>\n    <div id=\"creddo-calculator\"><\/div>\n    <script\n      crossorigin\n      src=\"https:\/\/unpkg.com\/react@18\/umd\/react.development.js\"\n    ><\/script>\n    <script\n      crossorigin\n      src=\"https:\/\/unpkg.com\/react-dom@18\/umd\/react-dom.development.js\"\n    ><\/script>\n    <script\n      type=\"text\/javascript\"\n      src=\"https:\/\/unpkg.com\/babel-standalone@6\/babel.js\"\n    ><\/script>\n\n    <script type=\"text\/babel\">\n      const introduction =\n        \"H\u00e4r nedan s\u00e5 kan du fylla information om ditt f\u00f6retag s\u00e5 kan vi p\u00e5 Creddo r\u00e4kna ut ett ungef\u00e4rligt l\u00e5neutrymme som vi tror, baserat p\u00e5 tidigare finansieringar som vi har gjort, \u00e4r m\u00f6jligt f\u00f6r dig och ditt f\u00f6retag.\";\n      const currency = \"SEK\";\n      const questions = {\n        q1: {\n          id: 1,\n          question: \"Hur l\u00e4nge har ditt f\u00f6retag varit aktivt?\",\n          subtitle:\n            \"Ange antal \u00e5r som f\u00f6retaget har varit ig\u00e5ng och haft f\u00f6rs\u00e4ljning\",\n          options: [\n            { value: 1, display: \"Mindre \u00e4n ett \u00e5r\" },\n            { value: 2, display: \"Mellan 1-2 \u00e5r\" },\n            { value: 3, display: \"3 \u00e5r eller mer\" },\n          ],\n        },\n        q2: {\n          id: 2,\n          question: \"Vad oms\u00e4tter ditt f\u00f6retag per \u00e5r?\",\n          subtitle: \"Ange det som du skickat in p\u00e5 ditt senaste bokslut\",\n        },\n        q3: {\n          id: 3,\n          question: \"Vilket resultat hade f\u00f6retaget senast?\",\n          subtitle: \"Ange det som du skickat in p\u00e5 ditt senaste bokslut\",\n        },\n        q4: {\n          id: 4,\n          question: \"Har ditt f\u00f6retag n\u00e5gra andra l\u00e5n idag?\",\n          subtitle:\n            \"Ange den totala summan l\u00e5n som f\u00f6retaget har i l\u00e5n per idag\",\n        },\n      };\n\n      function Calculator() {\n        const [turnover, setTurnover] = React.useState(\"\");\n        const [profit, setProfit] = React.useState(\"\");\n        const [loans, setLoans] = React.useState(\"\");\n        const [radio, setRadio] = React.useState(null);\n\n        const [result, setResult] = React.useState(undefined);\n        const [resultWithLoan, setResultWithLoan] = React.useState(undefined);\n\n        React.useEffect(() => {\n          calculate();\n        }, [turnover, profit, radio, loans]);\n\n        const formatNumber = (value) => {\n          const valueString = value.toString();\n          const numericValue = parseFloat(valueString.replace(\/[^\\d]\/g, \"\"));\n\n          return valueString ? numericValue.toLocaleString(\"sv-SE\") : \"\";\n        };\n\n        const link = `https:\/\/app.creddo.se\/loans\/basic-info?amount=${result}&duration=12&from=creddo.com\/se\/laneutrymme`;\n\n        const resultTextWithLoan = () => {\n          return `Vi uppskattar att ditt f\u00f6retag kan maximalt hantera ${formatNumber(\n            result\n          )} kr, d\u00e4rf\u00f6r blir ditt uppskattade utrymme f\u00f6r ytterligare l\u00e5n ${formatNumber(\n            resultWithLoan\n          )} kr.`;\n        };\n\n        const resultTextWithLoan2 = () => {\n          return `Det \u00e4r eventuellt m\u00f6jligt f\u00f6r dig att samla alla l\u00e5n hos en akt\u00f6r eller ta det \u00e5terst\u00e5ende beloppet som ett nytt, enskilt l\u00e5n.`;\n        };\n\n        const calculate = () => {\n          if (!turnover || !profit || !radio) {\n            return;\n          }\n\n          const threshold = 0.1 * turnover;\n\n          if (radio == 1) {\n            if (profit > threshold) {\n              const res = Math.floor(turnover * 0.125);\n              const resWithLoan = res - loans > 0 ? res - loans : 0;\n              setResult(res);\n              setResultWithLoan(loans ? resWithLoan : null);\n            } else {\n              const res = Math.floor(turnover * 0.085);\n              const resWithLoan = res - loans > 0 ? res - loans : 0;\n              setResult(res);\n              setResultWithLoan(loans ? resWithLoan : null);\n            }\n          }\n\n          if (radio == 2) {\n            if (profit > threshold) {\n              const res = Math.floor(turnover * 0.25);\n              const resWithLoan = res - loans > 0 ? res - loans : 0;\n              setResult(res);\n              setResultWithLoan(loans ? resWithLoan : null);\n            } else {\n              const res = Math.floor(turnover * 0.15);\n              const resWithLoan = res - loans > 0 ? res - loans : 0;\n              setResult(res);\n              setResultWithLoan(loans ? resWithLoan : null);\n            }\n          }\n\n          if (radio == 3) {\n            if (profit > threshold) {\n              const res = Math.floor(turnover * 0.4);\n              const resWithLoan = res - loans > 0 ? res - loans : 0;\n              setResult(res);\n              setResultWithLoan(loans ? resWithLoan : null);\n            } else {\n              const res = Math.floor(turnover * 0.25);\n              const resWithLoan = res - loans > 0 ? res - loans : 0;\n              setResult(res);\n              setResultWithLoan(loans ? resWithLoan : null);\n            }\n          }\n        };\n\n        const handleChange = (e) => {\n          const { name, value } = e.target;\n\n          if (name === \"radio-1\" || name === \"radio-2\" || name === \"radio-3\") {\n            setRadio(value);\n          }\n\n          if (name === \"q2\") {\n            setTurnover(event.target.value.replace(\/[^\\d]\/g, \"\"));\n          }\n\n          if (name === \"q3\") {\n            setProfit(event.target.value.replace(\/[^\\d]\/g, \"\"));\n          }\n\n          if (name === \"q4\") {\n            setLoans(event.target.value.replace(\/[^\\d]\/g, \"\"));\n          }\n        };\n\n        return (\n          <div>\n            <div className=\"creddo-calculator__top\">\n              <div className=\"answer\">\n                <div className=\"flex\">\n                  <p>{introduction}<\/p>\n                <\/div>\n              <\/div>\n            <\/div>\n            <div className=\"mb-20\">\n              <div className=\"question result\">\n                {resultWithLoan || resultWithLoan === 0 ? (\n                  <div>\n                    <h3>\n                      Vi estimerar att ditt f\u00f6retag kan f\u00e5{\" \"}\n                      {formatNumber(result)} {currency} i l\u00e5n.\n                    <\/h3>\n                    <div class=\"pb-16\"><\/div>\n                    <p>{resultTextWithLoan()}<\/p>\n                    <p>{resultTextWithLoan2()}<\/p>\n                  <\/div>\n                ) : (\n                  <div>\n                    <h3>\n                      {result\n                        ? `Vi estimerar att ditt f\u00f6retag kan f\u00e5 ${formatNumber(\n                            result\n                          )} ${currency} i l\u00e5n.`\n                        : \"Vi estimerar att ditt f\u00f6retag kan f\u00e5 -\"}\n                    <\/h3>\n                  <\/div>\n                )}\n                <div className=\"button-container\">\n                  <a className=\"button-link\" href={link}>\n                    Ans\u00f6k nu\n                  <\/a>\n                <\/div>\n              <\/div>\n            <\/div>\n            <div className=\"creddo-calculator__container\">\n              <div className=\"question\">\n                <label className=\"question-title\">\n                  {questions.q1.question}\n                <\/label>\n                <p className=\"question-subtitle\">{questions.q1.subtitle}<\/p>\n                <div className=\"radio-group\">\n                  {questions.q1.options.map((opt) => (\n                    <label key={opt.display}>\n                      <input\n                        key={opt.value}\n                        type=\"radio\"\n                        name={`radio-${opt.value}`}\n                        value={opt.value}\n                        checked={radio == opt.value}\n                        onChange={(e) => handleChange(e)}\n                      \/>\n                      {opt.display}\n                    <\/label>\n                  ))}\n                <\/div>\n              <\/div>\n\n              <div className=\"question\">\n                <label className=\"question-title\" htmlFor=\"q2\">\n                  {questions.q2.question}\n                <\/label>\n                <p className=\"question-subtitle\">{questions.q2.subtitle}<\/p>\n                <div className=\"flex\">\n                  <input\n                    type=\"text\"\n                    name=\"q2\"\n                    placeholder=\"\"\n                    id=\"q2\"\n                    value={formatNumber(turnover)}\n                    onChange={(e) => handleChange(e)}\n                  \/>\n                  <span>{currency}<\/span>\n                <\/div>\n              <\/div>\n\n              <div className=\"question\">\n                <label className=\"question-title\" htmlFor=\"q3\">\n                  {questions.q3.question}\n                <\/label>\n                <p className=\"question-subtitle\">{questions.q3.subtitle}<\/p>\n                <div className=\"flex\">\n                  <input\n                    type=\"text\"\n                    name=\"q3\"\n                    placeholder=\"\"\n                    id=\"q3\"\n                    value={formatNumber(profit)}\n                    onChange={(e) => handleChange(e)}\n                  \/>\n                  <span>{currency}<\/span>\n                <\/div>\n              <\/div>\n\n              <div className=\"question\">\n                <label className=\"question-title\" htmlFor=\"q4\">\n                  {questions.q4.question}\n                <\/label>\n                <p className=\"question-subtitle\">{questions.q4.subtitle}<\/p>\n                <div className=\"flex\">\n                  <input\n                    type=\"text\"\n                    name=\"q4\"\n                    placeholder=\"\"\n                    id=\"q4\"\n                    value={formatNumber(loans)}\n                    onChange={(e) => handleChange(e)}\n                  \/>\n                  <span>{currency}<\/span>\n                <\/div>\n              <\/div>\n            <\/div>\n          <\/div>\n        );\n      }\n\n      ReactDOM.render(\n        <Calculator \/>,\n        document.getElementById(\"creddo-calculator\")\n      );\n    <\/script>\n  <\/body>\n<\/html>\n\n\n\n<p><\/p>\n","protected":false},"excerpt":{"rendered":"","protected":false},"author":13,"featured_media":0,"parent":0,"menu_order":0,"comment_status":"closed","ping_status":"closed","template":"creddopage.php","meta":{"_acf_changed":false,"footnotes":""},"class_list":["post-3749","page","type-page","status-publish","hentry"],"acf":[],"yoast_head":"<!-- This site is optimized with the Yoast SEO Premium plugin v26.6 (Yoast SEO v26.8) - https:\/\/yoast.com\/product\/yoast-seo-premium-wordpress\/ -->\n<title>R\u00e4kna p\u00e5 ditt l\u00e5neutrymme - Creddo f\u00f6retagsl\u00e5n<\/title>\n<meta name=\"description\" content=\"L\u00e5neutrymme - R\u00e4kna ut hur mycket f\u00f6retagsl\u00e5n ditt f\u00f6retag kan l\u00e5na. Gratis kalkylator. Creddo -&gt; L\u00e4gsta r\u00e4ntan f\u00f6r f\u00f6retagsfinansiering.\" \/>\n<meta name=\"robots\" content=\"index, follow, max-snippet:-1, max-image-preview:large, max-video-preview:-1\" \/>\n<link rel=\"canonical\" href=\"https:\/\/creddo.com\/se\/laneutrymme\/\" \/>\n<meta property=\"og:locale\" content=\"sv_SE\" \/>\n<meta property=\"og:type\" content=\"article\" \/>\n<meta property=\"og:title\" content=\"R\u00e4kna p\u00e5 ditt l\u00e5neutrymme\" \/>\n<meta property=\"og:url\" content=\"https:\/\/creddo.com\/se\/laneutrymme\/\" \/>\n<meta property=\"og:site_name\" content=\"Creddo\" \/>\n<meta property=\"article:publisher\" content=\"https:\/\/www.facebook.com\/creddose\" \/>\n<meta property=\"article:modified_time\" content=\"2025-12-29T15:05:01+00:00\" \/>\n<meta property=\"og:image\" content=\"https:\/\/creddo.com\/se\/wp-content\/uploads\/2024\/07\/52.jpg\" \/>\n\t<meta property=\"og:image:width\" content=\"1200\" \/>\n\t<meta property=\"og:image:height\" content=\"630\" \/>\n\t<meta property=\"og:image:type\" content=\"image\/jpeg\" \/>\n<meta name=\"twitter:card\" content=\"summary_large_image\" \/>\n<script type=\"application\/ld+json\" class=\"yoast-schema-graph\">{\"@context\":\"https:\/\/schema.org\",\"@graph\":[{\"@type\":\"WebPage\",\"@id\":\"https:\/\/creddo.com\/se\/laneutrymme\/\",\"url\":\"https:\/\/creddo.com\/se\/laneutrymme\/\",\"name\":\"R\u00e4kna p\u00e5 ditt l\u00e5neutrymme - Creddo f\u00f6retagsl\u00e5n\",\"isPartOf\":{\"@id\":\"https:\/\/creddo.com\/se\/#website\"},\"datePublished\":\"2023-11-24T23:58:01+00:00\",\"dateModified\":\"2025-12-29T15:05:01+00:00\",\"description\":\"L\u00e5neutrymme - R\u00e4kna ut hur mycket f\u00f6retagsl\u00e5n ditt f\u00f6retag kan l\u00e5na. Gratis kalkylator. Creddo -> L\u00e4gsta r\u00e4ntan f\u00f6r f\u00f6retagsfinansiering.\",\"breadcrumb\":{\"@id\":\"https:\/\/creddo.com\/se\/laneutrymme\/#breadcrumb\"},\"inLanguage\":\"sv-SE\",\"potentialAction\":[{\"@type\":\"ReadAction\",\"target\":[\"https:\/\/creddo.com\/se\/laneutrymme\/\"]}]},{\"@type\":\"BreadcrumbList\",\"@id\":\"https:\/\/creddo.com\/se\/laneutrymme\/#breadcrumb\",\"itemListElement\":[{\"@type\":\"ListItem\",\"position\":1,\"name\":\"Creddo.com\",\"item\":\"https:\/\/creddo.com\/se\/\"},{\"@type\":\"ListItem\",\"position\":2,\"name\":\"R\u00e4kna p\u00e5 ditt l\u00e5neutrymme\"}]},{\"@type\":\"WebSite\",\"@id\":\"https:\/\/creddo.com\/se\/#website\",\"url\":\"https:\/\/creddo.com\/se\/\",\"name\":\"Creddo\",\"description\":\"J\u00e4mf\u00f6r f\u00f6retagsl\u00e5n upp till 10 miljoner\",\"publisher\":{\"@id\":\"https:\/\/creddo.com\/se\/#organization\"},\"potentialAction\":[{\"@type\":\"SearchAction\",\"target\":{\"@type\":\"EntryPoint\",\"urlTemplate\":\"https:\/\/creddo.com\/se\/?s={search_term_string}\"},\"query-input\":{\"@type\":\"PropertyValueSpecification\",\"valueRequired\":true,\"valueName\":\"search_term_string\"}}],\"inLanguage\":\"sv-SE\"},{\"@type\":\"Organization\",\"@id\":\"https:\/\/creddo.com\/se\/#organization\",\"name\":\"Creddo AB\",\"url\":\"https:\/\/creddo.com\/se\/\",\"logo\":{\"@type\":\"ImageObject\",\"inLanguage\":\"sv-SE\",\"@id\":\"https:\/\/creddo.com\/se\/#\/schema\/logo\/image\/\",\"url\":\"https:\/\/creddo.com\/se\/wp-content\/uploads\/2024\/04\/Creddo-logo-square.png\",\"contentUrl\":\"https:\/\/creddo.com\/se\/wp-content\/uploads\/2024\/04\/Creddo-logo-square.png\",\"width\":720,\"height\":720,\"caption\":\"Creddo AB\"},\"image\":{\"@id\":\"https:\/\/creddo.com\/se\/#\/schema\/logo\/image\/\"},\"sameAs\":[\"https:\/\/www.facebook.com\/creddose\",\"https:\/\/www.linkedin.com\/company\/creddo-ab\/\"]}]}<\/script>\n<!-- \/ Yoast SEO Premium plugin. -->","yoast_head_json":{"title":"R\u00e4kna p\u00e5 ditt l\u00e5neutrymme - Creddo f\u00f6retagsl\u00e5n","description":"L\u00e5neutrymme - R\u00e4kna ut hur mycket f\u00f6retagsl\u00e5n ditt f\u00f6retag kan l\u00e5na. Gratis kalkylator. Creddo -> L\u00e4gsta r\u00e4ntan f\u00f6r f\u00f6retagsfinansiering.","robots":{"index":"index","follow":"follow","max-snippet":"max-snippet:-1","max-image-preview":"max-image-preview:large","max-video-preview":"max-video-preview:-1"},"canonical":"https:\/\/creddo.com\/se\/laneutrymme\/","og_locale":"sv_SE","og_type":"article","og_title":"R\u00e4kna p\u00e5 ditt l\u00e5neutrymme","og_url":"https:\/\/creddo.com\/se\/laneutrymme\/","og_site_name":"Creddo","article_publisher":"https:\/\/www.facebook.com\/creddose","article_modified_time":"2025-12-29T15:05:01+00:00","og_image":[{"width":1200,"height":630,"url":"https:\/\/creddo.com\/se\/wp-content\/uploads\/2024\/07\/52.jpg","type":"image\/jpeg"}],"twitter_card":"summary_large_image","schema":{"@context":"https:\/\/schema.org","@graph":[{"@type":"WebPage","@id":"https:\/\/creddo.com\/se\/laneutrymme\/","url":"https:\/\/creddo.com\/se\/laneutrymme\/","name":"R\u00e4kna p\u00e5 ditt l\u00e5neutrymme - Creddo f\u00f6retagsl\u00e5n","isPartOf":{"@id":"https:\/\/creddo.com\/se\/#website"},"datePublished":"2023-11-24T23:58:01+00:00","dateModified":"2025-12-29T15:05:01+00:00","description":"L\u00e5neutrymme - R\u00e4kna ut hur mycket f\u00f6retagsl\u00e5n ditt f\u00f6retag kan l\u00e5na. Gratis kalkylator. Creddo -> L\u00e4gsta r\u00e4ntan f\u00f6r f\u00f6retagsfinansiering.","breadcrumb":{"@id":"https:\/\/creddo.com\/se\/laneutrymme\/#breadcrumb"},"inLanguage":"sv-SE","potentialAction":[{"@type":"ReadAction","target":["https:\/\/creddo.com\/se\/laneutrymme\/"]}]},{"@type":"BreadcrumbList","@id":"https:\/\/creddo.com\/se\/laneutrymme\/#breadcrumb","itemListElement":[{"@type":"ListItem","position":1,"name":"Creddo.com","item":"https:\/\/creddo.com\/se\/"},{"@type":"ListItem","position":2,"name":"R\u00e4kna p\u00e5 ditt l\u00e5neutrymme"}]},{"@type":"WebSite","@id":"https:\/\/creddo.com\/se\/#website","url":"https:\/\/creddo.com\/se\/","name":"Creddo","description":"J\u00e4mf\u00f6r f\u00f6retagsl\u00e5n upp till 10 miljoner","publisher":{"@id":"https:\/\/creddo.com\/se\/#organization"},"potentialAction":[{"@type":"SearchAction","target":{"@type":"EntryPoint","urlTemplate":"https:\/\/creddo.com\/se\/?s={search_term_string}"},"query-input":{"@type":"PropertyValueSpecification","valueRequired":true,"valueName":"search_term_string"}}],"inLanguage":"sv-SE"},{"@type":"Organization","@id":"https:\/\/creddo.com\/se\/#organization","name":"Creddo AB","url":"https:\/\/creddo.com\/se\/","logo":{"@type":"ImageObject","inLanguage":"sv-SE","@id":"https:\/\/creddo.com\/se\/#\/schema\/logo\/image\/","url":"https:\/\/creddo.com\/se\/wp-content\/uploads\/2024\/04\/Creddo-logo-square.png","contentUrl":"https:\/\/creddo.com\/se\/wp-content\/uploads\/2024\/04\/Creddo-logo-square.png","width":720,"height":720,"caption":"Creddo AB"},"image":{"@id":"https:\/\/creddo.com\/se\/#\/schema\/logo\/image\/"},"sameAs":["https:\/\/www.facebook.com\/creddose","https:\/\/www.linkedin.com\/company\/creddo-ab\/"]}]}},"lang":"sv","translations":{"sv":3749},"pll_sync_post":[],"_links":{"self":[{"href":"https:\/\/creddo.com\/se\/wp-json\/wp\/v2\/pages\/3749","targetHints":{"allow":["GET"]}}],"collection":[{"href":"https:\/\/creddo.com\/se\/wp-json\/wp\/v2\/pages"}],"about":[{"href":"https:\/\/creddo.com\/se\/wp-json\/wp\/v2\/types\/page"}],"author":[{"embeddable":true,"href":"https:\/\/creddo.com\/se\/wp-json\/wp\/v2\/users\/13"}],"replies":[{"embeddable":true,"href":"https:\/\/creddo.com\/se\/wp-json\/wp\/v2\/comments?post=3749"}],"version-history":[{"count":5,"href":"https:\/\/creddo.com\/se\/wp-json\/wp\/v2\/pages\/3749\/revisions"}],"predecessor-version":[{"id":3844,"href":"https:\/\/creddo.com\/se\/wp-json\/wp\/v2\/pages\/3749\/revisions\/3844"}],"wp:attachment":[{"href":"https:\/\/creddo.com\/se\/wp-json\/wp\/v2\/media?parent=3749"}],"curies":[{"name":"wp","href":"https:\/\/api.w.org\/{rel}","templated":true}]}}