{"id":4089,"date":"2024-06-18T11:07:24","date_gmt":"2024-06-18T09:07:24","guid":{"rendered":"https:\/\/creddo.com\/se\/?page_id=4089"},"modified":"2025-12-30T15:12:26","modified_gmt":"2025-12-30T14:12:26","slug":"fortnox","status":"publish","type":"page","link":"https:\/\/creddo.com\/se\/langivare\/fortnox\/","title":{"rendered":"Fortnox"},"content":{"rendered":"\n<h2 class=\"wp-block-heading\" id=\"h-kort-om-fortnox-foretagslan\"><strong><strong><strong><strong>Kort om Fortnox f\u00f6retagsl\u00e5n<\/strong><\/strong><\/strong><\/strong><\/h2>\n\n\n\n<p><\/p>\n\n\n\n<ul class=\"wp-block-list\">\n<li>Ans\u00f6k om upp till 2 000 000 kronor med Fortnox<\/li>\n\n\n\n<li>Upp till 48 m\u00e5naders l\u00f6ptid<\/li>\n\n\n\n<li>Konkurrensm\u00e4ssiga villkor<\/li>\n\n\n\n<li>F\u00f6rtidsl\u00f6s n\u00e4r du vill utan extra kostnad<\/li>\n\n\n\n<li>M\u00f6jlighet till fakturabel\u00e5ning &amp; fakturak\u00f6p<\/li>\n<\/ul>\n\n\n\n<p>Via Creddo s\u00e5 kan du ans\u00f6ka om upp till 2 000 000 kronor hos Fortnox med upp till 48 m\u00e5nader som l\u00f6ptid. Fortnox char lagt mycket tid och energi p\u00e5 att utveckla en digital l\u00e5neprocess, vilket har lett till att fr\u00e5n ans\u00f6kan till utbetalning g\u00e5r v\u00e4ldigt snabbt om man ans\u00f6ker via Creddo. Om du skulle v\u00e4lja ett erbjudande fr\u00e5n Fortnox via Creddo s\u00e5 f\u00e5r du automatiskt en l\u00e4nk d\u00e4r du snabbt f\u00e4rdigst\u00e4ller ans\u00f6kan s\u00e5 att Fortnox kan bed\u00f6ma ditt bolag. Utbetalning av l\u00e5net sker direkt efter beviljad ans\u00f6kan, ofta inom 24 timmar.<\/p>\n\n\n\n<p><\/p>\n\n\n\n<p>Ans\u00f6kan om l\u00e5n till ditt f\u00f6retag \u00e4r inte bindande och skulle du vilja l\u00f6sa ditt l\u00e5n i f\u00f6rtid s\u00e5 tillkommer det inga extra kostnader, utan du kan f\u00f6rtidsl\u00f6sa n\u00e4r du vill och du betalar enbart f\u00f6r tiden som du nyttjat l\u00e5net. \u00c5terbetalning av amortering och r\u00e4nta sker genom ett fast belopp som dras veckovis via autogiro, vilket g\u00f6r det enklare f\u00f6r dig som f\u00f6retagare att slippa h\u00e5lla koll p\u00e5 f\u00f6rfallodatum och riskera extra avgifter.<\/p>\n\n\n\n<p><\/p>\n\n\n\n<p>R\u00e4ntan baseras p\u00e5 ditt f\u00f6retags samt din personliga kreditv\u00e4rdighet.<\/p>\n\n\n\n<p><\/p>\n\n\n\n<h2 class=\"wp-block-heading\" id=\"h-foretagslan-utan-sakerhet\"><strong><strong><strong><strong>F\u00f6retagsl\u00e5n utan s\u00e4kerhet<\/strong><\/strong><\/strong><\/strong><\/h2>\n\n\n\n<p>Hos Fortnox s\u00e5 kr\u00e4ver de ofta <a href=\"https:\/\/creddo.com\/se\/foretagslan\/personlig-borgen\/\">personlig borgen<\/a> som s\u00e4kerhet, ut\u00f6ver det s\u00e5 beh\u00f6ver du inte kr\u00e5ngla med andra s\u00e4kerheter.<\/p>\n\n\n\n<p><\/p>\n\n\n\n<h2 class=\"wp-block-heading\" id=\"h-fakturabelaning-och-fakturakop-med-fortnox\"><strong><strong>Fakturabel\u00e5ning och fakturak\u00f6p med Fortnox <\/strong><\/strong><\/h2>\n\n\n\n<p>Hos Fortnox s\u00e5 kr\u00e4vs det ofta personlig borgen som s\u00e4kerhet, ut\u00f6ver det s\u00e5 beh\u00f6ver du inte kr\u00e5ngla med andra s\u00e4kerheter. Ut\u00f6ver&nbsp;<a href=\"https:\/\/creddo.com\/se\/foretagslan\/\" target=\"_blank\" rel=\"noreferrer noopener\">l\u00e5n till ditt f\u00f6retag<\/a>&nbsp;s\u00e5 \u00e4r det ocks\u00e5 m\u00f6jligt att ans\u00f6ka om fakturabel\u00e5ning och fakturak\u00f6p med Fortnox via Creddo.<\/p>\n\n\n\n<p><\/p>\n\n\n\n<h2 class=\"wp-block-heading\" id=\"h-varfor-ska-man-jamfora-foretagslan-med-creddo\"><strong>Varf\u00f6r ska man j\u00e4mf\u00f6ra f\u00f6retagsl\u00e5n med Creddo?<\/strong><\/h2>\n\n\n\n<p>N\u00e4r du ans\u00f6ker om ett <a href=\"https:\/\/creddo.com\/se\/foretagslan\/\">f\u00f6retagsl\u00e5n<\/a> hos Creddo s\u00e5 har du m\u00f6jlighet att f\u00e5 flera erbjudanden, men det registreras bara en kreditupplysning via UC. Via Creddo s\u00e5 f\u00e5r du en bra \u00f6verblick p\u00e5 vilka erbjudanden du f\u00e5r och vilket som passar dig och ditt f\u00f6retag b\u00e4st. Ut\u00f6ver detta s\u00e5 ist\u00e4llet f\u00f6r att ans\u00f6ka hos varje l\u00e5ngivare s\u00e5 sparar du b\u00e5de tid och energi genom att samla din ans\u00f6kan p\u00e5 samma st\u00e4lle.&nbsp;<\/p>\n\n\n\n<p><\/p>\n\n\n\n<p>Vi p\u00e5 Creddo tar inte ut n\u00e5gon avgift mot dig som f\u00f6retagare, utan f\u00e5r ist\u00e4llet en ers\u00e4ttning fr\u00e5n l\u00e5ngivaren vid utbetalt l\u00e5n.<\/p>\n\n\n\n<h2 class=\"wp-block-heading\" id=\"h-sammanfattning-fortnox\"><strong><strong><strong>Sammanfattning Fortnox <\/strong><\/strong><\/strong><\/h2>\n\n\n\n<p><\/p>\n\n\n\n<figure class=\"wp-block-table is-style-stripes\"><table class=\"has-fixed-layout\"><tbody><tr><td>L\u00e5nebelopp<\/td><td>50 000 &#8211; 2 000 000 kr<\/td><\/tr><tr><td>L\u00f6ptid<\/td><td>6 &#8211; 48 m\u00e5nader<\/td><\/tr><tr><td>Uppl\u00e4ggningsavgift<\/td><td>Nej<\/td><\/tr><tr><td>Personlig borgen<\/td><td>Ja<\/td><\/tr><tr><td>Aviavgift<\/td><td>Nej<\/td><\/tr><tr><td>Autogiro<\/td><td>Ja, obligatoriskt<\/td><\/tr><tr><td>Komplettering<\/td><td>Ja, ibland<\/td><\/tr><tr><td>BankID<\/td><td>Ja<\/td><\/tr><\/tbody><\/table><\/figure>\n\n\n\n<p><\/p>\n\n\n\n<p>L\u00e4s Creddos <a href=\"https:\/\/creddo.com\/se\/langivare\/capcito\/recension\/\">recension av Fortnox<\/a>.<\/p>\n","protected":false},"excerpt":{"rendered":"<p>Kort om Fortnox f\u00f6retagsl\u00e5n Via Creddo s\u00e5 kan du ans\u00f6ka om upp till 2 000 000 kronor hos Fortnox med upp till 48 m\u00e5nader som l\u00f6ptid. Fortnox char lagt mycket tid och energi p\u00e5 att utveckla en digital l\u00e5neprocess, vilket har lett till att fr\u00e5n ans\u00f6kan till utbetalning g\u00e5r v\u00e4ldigt snabbt om man ans\u00f6ker via [&hellip;]<\/p>\n","protected":false},"author":13,"featured_media":0,"parent":2896,"menu_order":0,"comment_status":"closed","ping_status":"closed","template":"empty-page-with-slider.php","meta":{"_acf_changed":false,"footnotes":""},"class_list":["post-4089","page","type-page","status-publish","hentry"],"acf":[],"yoast_head":"<!-- This site is optimized with the Yoast SEO Premium plugin v26.6 (Yoast SEO v26.8) - https:\/\/yoast.com\/product\/yoast-seo-premium-wordpress\/ -->\n<title>Fortnox - Creddo<\/title>\n<meta name=\"description\" content=\"Uppt\u00e4ck Fortnox \u2013 en flexibel l\u00e5ngivare f\u00f6r f\u00f6retag. J\u00e4mf\u00f6r olika f\u00f6retagsl\u00e5n och factoringl\u00f6sningar fr\u00e5n Fortnox och andra l\u00e5ngivare.\" \/>\n<meta name=\"robots\" content=\"index, follow, max-snippet:-1, max-image-preview:large, max-video-preview:-1\" \/>\n<link rel=\"canonical\" href=\"https:\/\/creddo.com\/se\/langivare\/fortnox\/\" \/>\n<meta property=\"og:locale\" content=\"sv_SE\" \/>\n<meta property=\"og:type\" content=\"article\" \/>\n<meta property=\"og:title\" content=\"Fortnox\" \/>\n<meta property=\"og:description\" content=\"Kort om Fortnox f\u00f6retagsl\u00e5n Ans\u00f6k om upp till 2 000 000 kronor med Fortnox Upp till 48 m\u00e5naders l\u00f6ptid Konkurrensm\u00e4ssiga villkor F\u00f6rtidsl\u00f6s n\u00e4r du vill\" \/>\n<meta property=\"og:url\" content=\"https:\/\/creddo.com\/se\/langivare\/fortnox\/\" \/>\n<meta property=\"og:site_name\" content=\"Creddo\" \/>\n<meta property=\"article:publisher\" content=\"https:\/\/www.facebook.com\/creddose\" \/>\n<meta property=\"article:modified_time\" content=\"2025-12-30T14:12:26+00:00\" \/>\n<meta property=\"og:image\" content=\"https:\/\/creddo.com\/se\/wp-content\/uploads\/2024\/07\/52.jpg\" \/>\n\t<meta property=\"og:image:width\" content=\"1200\" \/>\n\t<meta property=\"og:image:height\" content=\"630\" \/>\n\t<meta property=\"og:image:type\" content=\"image\/jpeg\" \/>\n<meta name=\"twitter:card\" content=\"summary_large_image\" \/>\n<meta name=\"twitter:label1\" content=\"Ber\u00e4knad l\u00e4stid\" \/>\n\t<meta name=\"twitter:data1\" content=\"3 minuter\" \/>\n<script type=\"application\/ld+json\" class=\"yoast-schema-graph\">{\"@context\":\"https:\/\/schema.org\",\"@graph\":[{\"@type\":\"WebPage\",\"@id\":\"https:\/\/creddo.com\/se\/langivare\/fortnox\/\",\"url\":\"https:\/\/creddo.com\/se\/langivare\/fortnox\/\",\"name\":\"Fortnox - Creddo\",\"isPartOf\":{\"@id\":\"https:\/\/creddo.com\/se\/#website\"},\"datePublished\":\"2024-06-18T09:07:24+00:00\",\"dateModified\":\"2025-12-30T14:12:26+00:00\",\"description\":\"Uppt\u00e4ck Fortnox \u2013 en flexibel l\u00e5ngivare f\u00f6r f\u00f6retag. J\u00e4mf\u00f6r olika f\u00f6retagsl\u00e5n och factoringl\u00f6sningar fr\u00e5n Fortnox och andra l\u00e5ngivare.\",\"breadcrumb\":{\"@id\":\"https:\/\/creddo.com\/se\/langivare\/fortnox\/#breadcrumb\"},\"inLanguage\":\"sv-SE\",\"potentialAction\":[{\"@type\":\"ReadAction\",\"target\":[\"https:\/\/creddo.com\/se\/langivare\/fortnox\/\"]}]},{\"@type\":\"BreadcrumbList\",\"@id\":\"https:\/\/creddo.com\/se\/langivare\/fortnox\/#breadcrumb\",\"itemListElement\":[{\"@type\":\"ListItem\",\"position\":1,\"name\":\"Creddo.com\",\"item\":\"https:\/\/creddo.com\/se\/\"},{\"@type\":\"ListItem\",\"position\":2,\"name\":\"L\u00e5ngivare\",\"item\":\"https:\/\/creddo.com\/se\/langivare\/\"},{\"@type\":\"ListItem\",\"position\":3,\"name\":\"Fortnox\"}]},{\"@type\":\"WebSite\",\"@id\":\"https:\/\/creddo.com\/se\/#website\",\"url\":\"https:\/\/creddo.com\/se\/\",\"name\":\"Creddo\",\"description\":\"J\u00e4mf\u00f6r f\u00f6retagsl\u00e5n upp till 10 miljoner\",\"publisher\":{\"@id\":\"https:\/\/creddo.com\/se\/#organization\"},\"potentialAction\":[{\"@type\":\"SearchAction\",\"target\":{\"@type\":\"EntryPoint\",\"urlTemplate\":\"https:\/\/creddo.com\/se\/?s={search_term_string}\"},\"query-input\":{\"@type\":\"PropertyValueSpecification\",\"valueRequired\":true,\"valueName\":\"search_term_string\"}}],\"inLanguage\":\"sv-SE\"},{\"@type\":\"Organization\",\"@id\":\"https:\/\/creddo.com\/se\/#organization\",\"name\":\"Creddo AB\",\"url\":\"https:\/\/creddo.com\/se\/\",\"logo\":{\"@type\":\"ImageObject\",\"inLanguage\":\"sv-SE\",\"@id\":\"https:\/\/creddo.com\/se\/#\/schema\/logo\/image\/\",\"url\":\"https:\/\/creddo.com\/se\/wp-content\/uploads\/2024\/04\/Creddo-logo-square.png\",\"contentUrl\":\"https:\/\/creddo.com\/se\/wp-content\/uploads\/2024\/04\/Creddo-logo-square.png\",\"width\":720,\"height\":720,\"caption\":\"Creddo AB\"},\"image\":{\"@id\":\"https:\/\/creddo.com\/se\/#\/schema\/logo\/image\/\"},\"sameAs\":[\"https:\/\/www.facebook.com\/creddose\",\"https:\/\/www.linkedin.com\/company\/creddo-ab\/\"]}]}<\/script>\n<!-- \/ Yoast SEO Premium plugin. -->","yoast_head_json":{"title":"Fortnox - Creddo","description":"Uppt\u00e4ck Fortnox \u2013 en flexibel l\u00e5ngivare f\u00f6r f\u00f6retag. J\u00e4mf\u00f6r olika f\u00f6retagsl\u00e5n och factoringl\u00f6sningar fr\u00e5n Fortnox och andra l\u00e5ngivare.","robots":{"index":"index","follow":"follow","max-snippet":"max-snippet:-1","max-image-preview":"max-image-preview:large","max-video-preview":"max-video-preview:-1"},"canonical":"https:\/\/creddo.com\/se\/langivare\/fortnox\/","og_locale":"sv_SE","og_type":"article","og_title":"Fortnox","og_description":"Kort om Fortnox f\u00f6retagsl\u00e5n Ans\u00f6k om upp till 2 000 000 kronor med Fortnox Upp till 48 m\u00e5naders l\u00f6ptid Konkurrensm\u00e4ssiga villkor F\u00f6rtidsl\u00f6s n\u00e4r du vill","og_url":"https:\/\/creddo.com\/se\/langivare\/fortnox\/","og_site_name":"Creddo","article_publisher":"https:\/\/www.facebook.com\/creddose","article_modified_time":"2025-12-30T14:12:26+00:00","og_image":[{"width":1200,"height":630,"url":"https:\/\/creddo.com\/se\/wp-content\/uploads\/2024\/07\/52.jpg","type":"image\/jpeg"}],"twitter_card":"summary_large_image","twitter_misc":{"Ber\u00e4knad l\u00e4stid":"3 minuter"},"schema":{"@context":"https:\/\/schema.org","@graph":[{"@type":"WebPage","@id":"https:\/\/creddo.com\/se\/langivare\/fortnox\/","url":"https:\/\/creddo.com\/se\/langivare\/fortnox\/","name":"Fortnox - Creddo","isPartOf":{"@id":"https:\/\/creddo.com\/se\/#website"},"datePublished":"2024-06-18T09:07:24+00:00","dateModified":"2025-12-30T14:12:26+00:00","description":"Uppt\u00e4ck Fortnox \u2013 en flexibel l\u00e5ngivare f\u00f6r f\u00f6retag. J\u00e4mf\u00f6r olika f\u00f6retagsl\u00e5n och factoringl\u00f6sningar fr\u00e5n Fortnox och andra l\u00e5ngivare.","breadcrumb":{"@id":"https:\/\/creddo.com\/se\/langivare\/fortnox\/#breadcrumb"},"inLanguage":"sv-SE","potentialAction":[{"@type":"ReadAction","target":["https:\/\/creddo.com\/se\/langivare\/fortnox\/"]}]},{"@type":"BreadcrumbList","@id":"https:\/\/creddo.com\/se\/langivare\/fortnox\/#breadcrumb","itemListElement":[{"@type":"ListItem","position":1,"name":"Creddo.com","item":"https:\/\/creddo.com\/se\/"},{"@type":"ListItem","position":2,"name":"L\u00e5ngivare","item":"https:\/\/creddo.com\/se\/langivare\/"},{"@type":"ListItem","position":3,"name":"Fortnox"}]},{"@type":"WebSite","@id":"https:\/\/creddo.com\/se\/#website","url":"https:\/\/creddo.com\/se\/","name":"Creddo","description":"J\u00e4mf\u00f6r f\u00f6retagsl\u00e5n upp till 10 miljoner","publisher":{"@id":"https:\/\/creddo.com\/se\/#organization"},"potentialAction":[{"@type":"SearchAction","target":{"@type":"EntryPoint","urlTemplate":"https:\/\/creddo.com\/se\/?s={search_term_string}"},"query-input":{"@type":"PropertyValueSpecification","valueRequired":true,"valueName":"search_term_string"}}],"inLanguage":"sv-SE"},{"@type":"Organization","@id":"https:\/\/creddo.com\/se\/#organization","name":"Creddo AB","url":"https:\/\/creddo.com\/se\/","logo":{"@type":"ImageObject","inLanguage":"sv-SE","@id":"https:\/\/creddo.com\/se\/#\/schema\/logo\/image\/","url":"https:\/\/creddo.com\/se\/wp-content\/uploads\/2024\/04\/Creddo-logo-square.png","contentUrl":"https:\/\/creddo.com\/se\/wp-content\/uploads\/2024\/04\/Creddo-logo-square.png","width":720,"height":720,"caption":"Creddo AB"},"image":{"@id":"https:\/\/creddo.com\/se\/#\/schema\/logo\/image\/"},"sameAs":["https:\/\/www.facebook.com\/creddose","https:\/\/www.linkedin.com\/company\/creddo-ab\/"]}]}},"lang":"sv","translations":{"sv":4089},"pll_sync_post":[],"_links":{"self":[{"href":"https:\/\/creddo.com\/se\/wp-json\/wp\/v2\/pages\/4089","targetHints":{"allow":["GET"]}}],"collection":[{"href":"https:\/\/creddo.com\/se\/wp-json\/wp\/v2\/pages"}],"about":[{"href":"https:\/\/creddo.com\/se\/wp-json\/wp\/v2\/types\/page"}],"author":[{"embeddable":true,"href":"https:\/\/creddo.com\/se\/wp-json\/wp\/v2\/users\/13"}],"replies":[{"embeddable":true,"href":"https:\/\/creddo.com\/se\/wp-json\/wp\/v2\/comments?post=4089"}],"version-history":[{"count":6,"href":"https:\/\/creddo.com\/se\/wp-json\/wp\/v2\/pages\/4089\/revisions"}],"predecessor-version":[{"id":5359,"href":"https:\/\/creddo.com\/se\/wp-json\/wp\/v2\/pages\/4089\/revisions\/5359"}],"up":[{"embeddable":true,"href":"https:\/\/creddo.com\/se\/wp-json\/wp\/v2\/pages\/2896"}],"wp:attachment":[{"href":"https:\/\/creddo.com\/se\/wp-json\/wp\/v2\/media?parent=4089"}],"curies":[{"name":"wp","href":"https:\/\/api.w.org\/{rel}","templated":true}]}}