{"id":41,"date":"2019-07-13T10:16:26","date_gmt":"2019-07-13T10:16:26","guid":{"rendered":"http:\/\/creddo.se\/?page_id=41"},"modified":"2025-12-31T11:54:51","modified_gmt":"2025-12-31T10:54:51","slug":"kontakt","status":"publish","type":"page","link":"https:\/\/creddo.com\/se\/kontakt\/","title":{"rendered":"Kontakta oss p\u00e5 Creddo"},"content":{"rendered":"\n<p>Creddo \u00e4r ett svenskt fintech-f\u00f6retag som specialiserar sig p\u00e5 att erbjuda innovativa digitala l\u00f6sningar f\u00f6r smidiga, trygga och effektiva finansieringsprocesser. Genom Creddos plattform hj\u00e4lper vi f\u00f6retag att j\u00e4mf\u00f6ra och hitta den b\u00e4sta finansieringen utifr\u00e5n sina unika behov \u2013 snabbt, enkelt och transparent.<\/p>\n\n\n\n<p>Creddos fokus ligger p\u00e5 att f\u00f6renkla och effektivisera hela finansieringsresan, s\u00e5 att du som f\u00f6retagare kan l\u00e4gga din tid och energi p\u00e5 att driva din verksamhet fram\u00e5t.<\/p>\n\n\n\n<p class=\"has-text-align-center\">Kontakta oss enkelt n\u00e4r du beh\u00f6ver hj\u00e4lp \u2013 vi finns h\u00e4r f\u00f6r dig!<\/p>\n\n\n\n<p style=\"text-align: center;\"><a class=\"btn btn-blue\" href=\"mailto:kundservice@creddo.se\">kundservice@creddo.se<\/a><\/p>\n\n\n\n<p class=\"has-text-align-center\"> <a href=\"tel:+46105516702\">010-551 67 02<\/a><\/p>\n\n\n\n<p class=\"has-text-align-center\"><strong>\u00d6ppettider:<\/strong> 09:00 \u201317:00 (m\u00e5n \u2013 fre) <br><br>Du hittar svar p\u00e5 de vanligaste fr\u00e5gorna <a href=\"https:\/\/creddo.com\/se\/#faq\">h\u00e4r<\/a>.<\/p>\n\n\n\n<p class=\"has-text-align-center\">V\u00e5rt team av specialister p\u00e5 f\u00f6retagsl\u00e5n svarar g\u00e4rna p\u00e5 dina fr\u00e5gor!<\/p>\n\n\n<div class=\"wp-block-image is-resized height-auto\">\n<figure class=\"aligncenter size-full\"><img fetchpriority=\"high\" decoding=\"async\" width=\"1719\" height=\"967\" src=\"https:\/\/creddo.com\/se\/wp-content\/uploads\/2021\/05\/periodisering-bokforing.jpg\" alt=\"Contacting Creddo\" class=\"wp-image-1974\" srcset=\"https:\/\/creddo.com\/se\/wp-content\/uploads\/2021\/05\/periodisering-bokforing.jpg 1719w, https:\/\/creddo.com\/se\/wp-content\/uploads\/2021\/05\/periodisering-bokforing-300x169.jpg 300w, https:\/\/creddo.com\/se\/wp-content\/uploads\/2021\/05\/periodisering-bokforing-1024x576.jpg 1024w, https:\/\/creddo.com\/se\/wp-content\/uploads\/2021\/05\/periodisering-bokforing-768x432.jpg 768w, https:\/\/creddo.com\/se\/wp-content\/uploads\/2021\/05\/periodisering-bokforing-1536x864.jpg 1536w\" sizes=\"(max-width: 1719px) 100vw, 1719px\" \/><\/figure><\/div>","protected":false},"excerpt":{"rendered":"<p>Creddo \u00e4r ett svenskt fintech-f\u00f6retag som specialiserar sig p\u00e5 att erbjuda innovativa digitala l\u00f6sningar f\u00f6r smidiga, trygga och effektiva finansieringsprocesser. Genom Creddos plattform hj\u00e4lper vi f\u00f6retag att j\u00e4mf\u00f6ra och hitta den b\u00e4sta finansieringen utifr\u00e5n sina unika behov \u2013 snabbt, enkelt och transparent. Creddos fokus ligger p\u00e5 att f\u00f6renkla och effektivisera hela finansieringsresan, s\u00e5 att du [&hellip;]<\/p>\n","protected":false},"author":1,"featured_media":0,"parent":0,"menu_order":0,"comment_status":"closed","ping_status":"closed","template":"creddopage.php","meta":{"_acf_changed":false,"_uag_custom_page_level_css":"","footnotes":""},"class_list":["post-41","page","type-page","status-publish","hentry"],"acf":[],"yoast_head":"<!-- This site is optimized with the Yoast SEO Premium plugin v26.6 (Yoast SEO v26.8) - https:\/\/yoast.com\/product\/yoast-seo-premium-wordpress\/ -->\n<title>Creddo - V\u00e5ra specialister p\u00e5 f\u00f6retagsl\u00e5n hj\u00e4lper g\u00e4rna till<\/title>\n<meta name=\"description\" content=\"Du kan enkelt och snabbt kontakta v\u00e5ra specialister p\u00e5 f\u00f6retagsl\u00e5n hos Creddo - vi svarar g\u00e4rna p\u00e5 dina fr\u00e5gor.\" \/>\n<meta name=\"robots\" content=\"index, follow, max-snippet:-1, max-image-preview:large, max-video-preview:-1\" \/>\n<link rel=\"canonical\" href=\"https:\/\/creddo.com\/se\/kontakt\/\" \/>\n<meta property=\"og:locale\" content=\"sv_SE\" \/>\n<meta property=\"og:type\" content=\"article\" \/>\n<meta property=\"og:title\" content=\"Kontakta oss p\u00e5 Creddo\" \/>\n<meta property=\"og:description\" content=\"Creddo \u00e4r ett svenskt fintech-f\u00f6retag som specialiserar sig p\u00e5 att erbjuda innovativa digitala l\u00f6sningar f\u00f6r smidiga, trygga och effektiva\" \/>\n<meta property=\"og:url\" content=\"https:\/\/creddo.com\/se\/kontakt\/\" \/>\n<meta property=\"og:site_name\" content=\"Creddo\" \/>\n<meta property=\"article:publisher\" content=\"https:\/\/www.facebook.com\/creddose\" \/>\n<meta property=\"article:modified_time\" content=\"2025-12-31T10:54:51+00:00\" \/>\n<meta property=\"og:image\" content=\"https:\/\/creddo.com\/se\/wp-content\/uploads\/2021\/05\/periodisering-bokforing.jpg\" \/>\n\t<meta property=\"og:image:width\" content=\"1719\" \/>\n\t<meta property=\"og:image:height\" content=\"967\" \/>\n\t<meta property=\"og:image:type\" content=\"image\/jpeg\" \/>\n<meta name=\"twitter:card\" content=\"summary_large_image\" \/>\n<meta name=\"twitter:label1\" content=\"Ber\u00e4knad l\u00e4stid\" \/>\n\t<meta name=\"twitter:data1\" content=\"1 minut\" \/>\n<script type=\"application\/ld+json\" class=\"yoast-schema-graph\">{\"@context\":\"https:\/\/schema.org\",\"@graph\":[{\"@type\":\"WebPage\",\"@id\":\"https:\/\/creddo.com\/se\/kontakt\/\",\"url\":\"https:\/\/creddo.com\/se\/kontakt\/\",\"name\":\"Creddo - V\u00e5ra specialister p\u00e5 f\u00f6retagsl\u00e5n hj\u00e4lper g\u00e4rna till\",\"isPartOf\":{\"@id\":\"https:\/\/creddo.com\/se\/#website\"},\"primaryImageOfPage\":{\"@id\":\"https:\/\/creddo.com\/se\/kontakt\/#primaryimage\"},\"image\":{\"@id\":\"https:\/\/creddo.com\/se\/kontakt\/#primaryimage\"},\"thumbnailUrl\":\"https:\/\/creddo.com\/se\/wp-content\/uploads\/2021\/05\/periodisering-bokforing.jpg\",\"datePublished\":\"2019-07-13T10:16:26+00:00\",\"dateModified\":\"2025-12-31T10:54:51+00:00\",\"description\":\"Du kan enkelt och snabbt kontakta v\u00e5ra specialister p\u00e5 f\u00f6retagsl\u00e5n hos Creddo - vi svarar g\u00e4rna p\u00e5 dina fr\u00e5gor.\",\"breadcrumb\":{\"@id\":\"https:\/\/creddo.com\/se\/kontakt\/#breadcrumb\"},\"inLanguage\":\"sv-SE\",\"potentialAction\":[{\"@type\":\"ReadAction\",\"target\":[\"https:\/\/creddo.com\/se\/kontakt\/\"]}]},{\"@type\":\"ImageObject\",\"inLanguage\":\"sv-SE\",\"@id\":\"https:\/\/creddo.com\/se\/kontakt\/#primaryimage\",\"url\":\"https:\/\/creddo.com\/se\/wp-content\/uploads\/2021\/05\/periodisering-bokforing.jpg\",\"contentUrl\":\"https:\/\/creddo.com\/se\/wp-content\/uploads\/2021\/05\/periodisering-bokforing.jpg\",\"width\":1719,\"height\":967,\"caption\":\"Kvinna arbetar med periodisering och bokf\u00f6ring\"},{\"@type\":\"BreadcrumbList\",\"@id\":\"https:\/\/creddo.com\/se\/kontakt\/#breadcrumb\",\"itemListElement\":[{\"@type\":\"ListItem\",\"position\":1,\"name\":\"Creddo.com\",\"item\":\"https:\/\/creddo.com\/se\/\"},{\"@type\":\"ListItem\",\"position\":2,\"name\":\"Kontakta oss p\u00e5 Creddo\"}]},{\"@type\":\"WebSite\",\"@id\":\"https:\/\/creddo.com\/se\/#website\",\"url\":\"https:\/\/creddo.com\/se\/\",\"name\":\"Creddo\",\"description\":\"J\u00e4mf\u00f6r f\u00f6retagsl\u00e5n upp till 10 miljoner\",\"publisher\":{\"@id\":\"https:\/\/creddo.com\/se\/#organization\"},\"potentialAction\":[{\"@type\":\"SearchAction\",\"target\":{\"@type\":\"EntryPoint\",\"urlTemplate\":\"https:\/\/creddo.com\/se\/?s={search_term_string}\"},\"query-input\":{\"@type\":\"PropertyValueSpecification\",\"valueRequired\":true,\"valueName\":\"search_term_string\"}}],\"inLanguage\":\"sv-SE\"},{\"@type\":\"Organization\",\"@id\":\"https:\/\/creddo.com\/se\/#organization\",\"name\":\"Creddo AB\",\"url\":\"https:\/\/creddo.com\/se\/\",\"logo\":{\"@type\":\"ImageObject\",\"inLanguage\":\"sv-SE\",\"@id\":\"https:\/\/creddo.com\/se\/#\/schema\/logo\/image\/\",\"url\":\"https:\/\/creddo.com\/se\/wp-content\/uploads\/2024\/04\/Creddo-logo-square.png\",\"contentUrl\":\"https:\/\/creddo.com\/se\/wp-content\/uploads\/2024\/04\/Creddo-logo-square.png\",\"width\":720,\"height\":720,\"caption\":\"Creddo AB\"},\"image\":{\"@id\":\"https:\/\/creddo.com\/se\/#\/schema\/logo\/image\/\"},\"sameAs\":[\"https:\/\/www.facebook.com\/creddose\",\"https:\/\/www.linkedin.com\/company\/creddo-ab\/\"]}]}<\/script>\n<!-- \/ Yoast SEO Premium plugin. -->","yoast_head_json":{"title":"Creddo - V\u00e5ra specialister p\u00e5 f\u00f6retagsl\u00e5n hj\u00e4lper g\u00e4rna till","description":"Du kan enkelt och snabbt kontakta v\u00e5ra specialister p\u00e5 f\u00f6retagsl\u00e5n hos Creddo - vi svarar g\u00e4rna p\u00e5 dina fr\u00e5gor.","robots":{"index":"index","follow":"follow","max-snippet":"max-snippet:-1","max-image-preview":"max-image-preview:large","max-video-preview":"max-video-preview:-1"},"canonical":"https:\/\/creddo.com\/se\/kontakt\/","og_locale":"sv_SE","og_type":"article","og_title":"Kontakta oss p\u00e5 Creddo","og_description":"Creddo \u00e4r ett svenskt fintech-f\u00f6retag som specialiserar sig p\u00e5 att erbjuda innovativa digitala l\u00f6sningar f\u00f6r smidiga, trygga och effektiva","og_url":"https:\/\/creddo.com\/se\/kontakt\/","og_site_name":"Creddo","article_publisher":"https:\/\/www.facebook.com\/creddose","article_modified_time":"2025-12-31T10:54:51+00:00","og_image":[{"width":1719,"height":967,"url":"https:\/\/creddo.com\/se\/wp-content\/uploads\/2021\/05\/periodisering-bokforing.jpg","type":"image\/jpeg"}],"twitter_card":"summary_large_image","twitter_misc":{"Ber\u00e4knad l\u00e4stid":"1 minut"},"schema":{"@context":"https:\/\/schema.org","@graph":[{"@type":"WebPage","@id":"https:\/\/creddo.com\/se\/kontakt\/","url":"https:\/\/creddo.com\/se\/kontakt\/","name":"Creddo - V\u00e5ra specialister p\u00e5 f\u00f6retagsl\u00e5n hj\u00e4lper g\u00e4rna till","isPartOf":{"@id":"https:\/\/creddo.com\/se\/#website"},"primaryImageOfPage":{"@id":"https:\/\/creddo.com\/se\/kontakt\/#primaryimage"},"image":{"@id":"https:\/\/creddo.com\/se\/kontakt\/#primaryimage"},"thumbnailUrl":"https:\/\/creddo.com\/se\/wp-content\/uploads\/2021\/05\/periodisering-bokforing.jpg","datePublished":"2019-07-13T10:16:26+00:00","dateModified":"2025-12-31T10:54:51+00:00","description":"Du kan enkelt och snabbt kontakta v\u00e5ra specialister p\u00e5 f\u00f6retagsl\u00e5n hos Creddo - vi svarar g\u00e4rna p\u00e5 dina fr\u00e5gor.","breadcrumb":{"@id":"https:\/\/creddo.com\/se\/kontakt\/#breadcrumb"},"inLanguage":"sv-SE","potentialAction":[{"@type":"ReadAction","target":["https:\/\/creddo.com\/se\/kontakt\/"]}]},{"@type":"ImageObject","inLanguage":"sv-SE","@id":"https:\/\/creddo.com\/se\/kontakt\/#primaryimage","url":"https:\/\/creddo.com\/se\/wp-content\/uploads\/2021\/05\/periodisering-bokforing.jpg","contentUrl":"https:\/\/creddo.com\/se\/wp-content\/uploads\/2021\/05\/periodisering-bokforing.jpg","width":1719,"height":967,"caption":"Kvinna arbetar med periodisering och bokf\u00f6ring"},{"@type":"BreadcrumbList","@id":"https:\/\/creddo.com\/se\/kontakt\/#breadcrumb","itemListElement":[{"@type":"ListItem","position":1,"name":"Creddo.com","item":"https:\/\/creddo.com\/se\/"},{"@type":"ListItem","position":2,"name":"Kontakta oss p\u00e5 Creddo"}]},{"@type":"WebSite","@id":"https:\/\/creddo.com\/se\/#website","url":"https:\/\/creddo.com\/se\/","name":"Creddo","description":"J\u00e4mf\u00f6r f\u00f6retagsl\u00e5n upp till 10 miljoner","publisher":{"@id":"https:\/\/creddo.com\/se\/#organization"},"potentialAction":[{"@type":"SearchAction","target":{"@type":"EntryPoint","urlTemplate":"https:\/\/creddo.com\/se\/?s={search_term_string}"},"query-input":{"@type":"PropertyValueSpecification","valueRequired":true,"valueName":"search_term_string"}}],"inLanguage":"sv-SE"},{"@type":"Organization","@id":"https:\/\/creddo.com\/se\/#organization","name":"Creddo AB","url":"https:\/\/creddo.com\/se\/","logo":{"@type":"ImageObject","inLanguage":"sv-SE","@id":"https:\/\/creddo.com\/se\/#\/schema\/logo\/image\/","url":"https:\/\/creddo.com\/se\/wp-content\/uploads\/2024\/04\/Creddo-logo-square.png","contentUrl":"https:\/\/creddo.com\/se\/wp-content\/uploads\/2024\/04\/Creddo-logo-square.png","width":720,"height":720,"caption":"Creddo AB"},"image":{"@id":"https:\/\/creddo.com\/se\/#\/schema\/logo\/image\/"},"sameAs":["https:\/\/www.facebook.com\/creddose","https:\/\/www.linkedin.com\/company\/creddo-ab\/"]}]}},"lang":"sv","translations":{"sv":41},"uagb_featured_image_src":{"full":false,"thumbnail":false,"medium":false,"medium_large":false,"large":false,"1536x1536":false,"2048x2048":false},"uagb_author_info":{"display_name":"niklasm86","author_link":"https:\/\/creddo.com\/se\/experthornan\/author\/niklasm86\/"},"uagb_comment_info":0,"uagb_excerpt":"Creddo \u00e4r ett svenskt fintech-f\u00f6retag som specialiserar sig p\u00e5 att erbjuda innovativa digitala l\u00f6sningar f\u00f6r smidiga, trygga och effektiva finansieringsprocesser. Genom Creddos plattform hj\u00e4lper vi f\u00f6retag att j\u00e4mf\u00f6ra och hitta den b\u00e4sta finansieringen utifr\u00e5n sina unika behov \u2013 snabbt, enkelt och transparent. Creddos fokus ligger p\u00e5 att f\u00f6renkla och effektivisera hela finansieringsresan, s\u00e5 att du&hellip;","pll_sync_post":[],"_links":{"self":[{"href":"https:\/\/creddo.com\/se\/wp-json\/wp\/v2\/pages\/41","targetHints":{"allow":["GET"]}}],"collection":[{"href":"https:\/\/creddo.com\/se\/wp-json\/wp\/v2\/pages"}],"about":[{"href":"https:\/\/creddo.com\/se\/wp-json\/wp\/v2\/types\/page"}],"author":[{"embeddable":true,"href":"https:\/\/creddo.com\/se\/wp-json\/wp\/v2\/users\/1"}],"replies":[{"embeddable":true,"href":"https:\/\/creddo.com\/se\/wp-json\/wp\/v2\/comments?post=41"}],"version-history":[{"count":24,"href":"https:\/\/creddo.com\/se\/wp-json\/wp\/v2\/pages\/41\/revisions"}],"predecessor-version":[{"id":5421,"href":"https:\/\/creddo.com\/se\/wp-json\/wp\/v2\/pages\/41\/revisions\/5421"}],"wp:attachment":[{"href":"https:\/\/creddo.com\/se\/wp-json\/wp\/v2\/media?parent=41"}],"curies":[{"name":"wp","href":"https:\/\/api.w.org\/{rel}","templated":true}]}}