{"id":4762,"date":"2025-05-30T14:20:33","date_gmt":"2025-05-30T12:20:33","guid":{"rendered":"https:\/\/creddo.com\/se\/?page_id=4762"},"modified":"2025-12-29T15:10:05","modified_gmt":"2025-12-29T14:10:05","slug":"lendify-savelend","status":"publish","type":"page","link":"https:\/\/creddo.com\/se\/langivare\/lendify-savelend\/","title":{"rendered":"Lendify (Savelend)"},"content":{"rendered":"\n<h2 class=\"wp-block-heading\" id=\"h-kort-om-lendify-savelend\"><strong><strong><strong><strong><strong><strong><strong><strong><strong><strong><strong><strong><strong><strong><strong><strong>Kort om <\/strong><\/strong><\/strong><\/strong><\/strong><\/strong><\/strong><\/strong><\/strong><\/strong><\/strong><\/strong><\/strong><\/strong><\/strong><\/strong>Lendify (Savelend)<\/h2>\n\n\n\n<p><\/p>\n\n\n\n<ul class=\"wp-block-list\">\n<li>Lendify (Savelend) erbjuder m\u00f6jligheten att l\u00e5na mellan 500 000 kr &#8211; 10 000 000 kr <\/li>\n\n\n\n<li>Upp till 24 m\u00e5naders l\u00f6ptid<\/li>\n\n\n\n<li>Tydliga villkor<\/li>\n\n\n\n<li>Erbjuder \u00e4ven fastighetsl\u00e5n ocg factoring f\u00f6rutom f\u00f6retagsl\u00e5n<\/li>\n<\/ul>\n\n\n\n<p><\/p>\n\n\n\n<p>Med hj\u00e4lp av Creddo s\u00e5 kan sm\u00e5- och medelstora f\u00f6retag f\u00e5 hj\u00e4lp att v\u00e4xa och uppfylla sina aff\u00e4rsm\u00e5l genom<a href=\"https:\/\/creddo.com\/se\/foretagslan\/\"> f\u00f6retagsl\u00e5n <\/a>hos Lendify (Savelend). Alla ans\u00f6kningar som skickas via Creddo till Lendify granskas manuellt och anpassas efter l\u00e5nets syfte, s\u00e4kerhet och f\u00f6retagets \u00e5terbetalningsf\u00f6rm\u00e5ga. Som kund f\u00e5r du en personlig kontaktperson som g\u00e5r igenom din ans\u00f6kan noggrant och \u00e5terkommer med ett eller flera f\u00f6rslag som passar just din situation. Det erbjuds \u00e4ven en amorteringsfrihet och m\u00f6jlighet till gratis f\u00f6rtidsl\u00f6sen.<\/p>\n\n\n\n<p>Lendify och Savelend vet att varje f\u00f6retag har sina egna f\u00f6ruts\u00e4ttningar och behov \u2013 d\u00e4rf\u00f6r anpassar de sina l\u00f6sningar efter just din situation. Deras engagemang ligger i att st\u00e4rka din f\u00f6retagsfinansiering och bidra till att du n\u00e5r dina aff\u00e4rsm\u00e5l.<\/p>\n\n\n\n<p>Lendify (Savelend) \u00e4r specialister p\u00e5:<\/p>\n\n\n\n<ul class=\"wp-block-list\">\n<li>F\u00f6retagsl\u00e5n<\/li>\n\n\n\n<li><a href=\"https:\/\/creddo.com\/se\/fastighetslan\/\">Fastighetsfinansiering<\/a><\/li>\n\n\n\n<li>L\u00e5n f\u00f6r olika slags f\u00f6rv\u00e4rv<\/li>\n\n\n\n<li>Kortare bryggl\u00e5n<\/li>\n\n\n\n<li>Factoring l\u00f6sningar<\/li>\n<\/ul>\n\n\n\n<p><\/p>\n\n\n\n<h2 class=\"wp-block-heading\" id=\"h-foretagslan-utan-sakerhet\"><strong>F\u00f6retagsl\u00e5n utan s\u00e4kerhet<\/strong><\/h2>\n\n\n\n<p>Hos Lendify (Savelend) \u00e4r de vanligaste typerna av s\u00e4kerheter: f\u00f6retagsinteckningar, pant i fastigheter, pants\u00e4ttning av kundreskontra eller avtal, samt borgens\u00e5taganden fr\u00e5n antingen en fysisk eller juridisk person. \u00c4ven pants\u00e4ttning av revers kan f\u00f6rekomma beroende p\u00e5 l\u00e5neuppl\u00e4gget.<\/p>\n\n\n\n<p><\/p>\n\n\n\n<h2 class=\"wp-block-heading\" id=\"h-varfor-ska-man-jamfora-foretagslan-med-creddo\"><strong>Varf\u00f6r ska man j\u00e4mf\u00f6ra f\u00f6retagsl\u00e5n med Creddo?<\/strong><\/h2>\n\n\n\n<p>N\u00e4r du ans\u00f6ker om ett <a href=\"https:\/\/creddo.com\/se\/foretagslan\/smaforetag\/\">f\u00f6retagsl\u00e5n<\/a> hos Creddo s\u00e5 har du m\u00f6jlighet att f\u00e5 flera erbjudanden, men det registreras bara en kreditupplysning via UC. Via Creddo s\u00e5 f\u00e5r du en bra \u00f6verblick p\u00e5 vilka erbjudanden du f\u00e5r och vilket som passar dig och ditt f\u00f6retag b\u00e4st. Ut\u00f6ver detta s\u00e5 ist\u00e4llet f\u00f6r att ans\u00f6ka hos varje l\u00e5ngivare s\u00e5 sparar du b\u00e5de tid och energi genom att samla din ans\u00f6kan p\u00e5 samma st\u00e4lle.&nbsp;<\/p>\n\n\n\n<p><\/p>\n\n\n\n<p>Vi p\u00e5 Creddo tar inte ut n\u00e5gon avgift mot dig som f\u00f6retagare, utan f\u00e5r ist\u00e4llet en ers\u00e4ttning fr\u00e5n l\u00e5ngivaren vid utbetalt l\u00e5n via Lendify.<\/p>\n\n\n\n<p><\/p>\n\n\n\n<h2 class=\"wp-block-heading\" id=\"h-sammanfattning-lendify-savelend\"><strong><strong><strong><strong><strong><strong><strong>Sammanfattning<\/strong><\/strong><\/strong><\/strong><\/strong><\/strong><\/strong> Lendify (Savelend)<\/h2>\n\n\n\n<p><\/p>\n\n\n\n<figure class=\"wp-block-table is-style-stripes\"><table class=\"has-fixed-layout\"><tbody><tr><td>L\u00e5nebelopp<\/td><td>500 000 &#8211; 10 000 000 kr<\/td><\/tr><tr><td>L\u00f6ptid<\/td><td>1 &#8211; 24 m\u00e5nader (i vissa fall upp till 36 m\u00e5nader)<\/td><\/tr><tr><td>Uppl\u00e4ggningsavgift<\/td><td>Nej<\/td><\/tr><tr><td>Personlig borgen<\/td><td>Ja<\/td><\/tr><tr><td>Aviavgift<\/td><td>Nej<\/td><\/tr><tr><td>Autogiro<\/td><td>Ja<\/td><\/tr><tr><td>Komplettering<\/td><td>Ja<\/td><\/tr><tr><td>BankID<\/td><td>Ja<\/td><\/tr><\/tbody><\/table><\/figure>\n","protected":false},"excerpt":{"rendered":"<p>Kort om Lendify (Savelend) Med hj\u00e4lp av Creddo s\u00e5 kan sm\u00e5- och medelstora f\u00f6retag f\u00e5 hj\u00e4lp att v\u00e4xa och uppfylla sina aff\u00e4rsm\u00e5l genom f\u00f6retagsl\u00e5n hos Lendify (Savelend). Alla ans\u00f6kningar som skickas via Creddo till Lendify granskas manuellt och anpassas efter l\u00e5nets syfte, s\u00e4kerhet och f\u00f6retagets \u00e5terbetalningsf\u00f6rm\u00e5ga. Som kund f\u00e5r du en personlig kontaktperson som g\u00e5r [&hellip;]<\/p>\n","protected":false},"author":13,"featured_media":0,"parent":2896,"menu_order":0,"comment_status":"closed","ping_status":"closed","template":"empty-page-with-slider.php","meta":{"_acf_changed":false,"_uag_custom_page_level_css":"","footnotes":""},"class_list":["post-4762","page","type-page","status-publish","hentry"],"acf":[],"yoast_head":"<!-- This site is optimized with the Yoast SEO Premium plugin v26.6 (Yoast SEO v26.8) - https:\/\/yoast.com\/product\/yoast-seo-premium-wordpress\/ -->\n<title>Lendify (Savelend) f\u00f6retagsl\u00e5n - L\u00e5na upp till 10 miljoner kr<\/title>\n<meta name=\"description\" content=\"Ans\u00f6k via Creddo om f\u00f6retagsl\u00e5n upp till 10 miljoner hos Lendify (SaveLend). Flexibelt f\u00f6r v\u00e4xande f\u00f6retag \u2013 smidigt och utan dolda avgifter.\" \/>\n<meta name=\"robots\" content=\"index, follow, max-snippet:-1, max-image-preview:large, max-video-preview:-1\" \/>\n<link rel=\"canonical\" href=\"https:\/\/creddo.com\/se\/langivare\/lendify-savelend\/\" \/>\n<meta property=\"og:locale\" content=\"sv_SE\" \/>\n<meta property=\"og:type\" content=\"article\" \/>\n<meta property=\"og:title\" content=\"Lendify (Savelend)\" \/>\n<meta property=\"og:description\" content=\"Kort om Lendify (Savelend) Lendify (Savelend) erbjuder m\u00f6jligheten att l\u00e5na mellan 500 000 kr - 10 000 000 kr Upp till 24 m\u00e5naders l\u00f6ptid Tydliga villkor\" \/>\n<meta property=\"og:url\" content=\"https:\/\/creddo.com\/se\/langivare\/lendify-savelend\/\" \/>\n<meta property=\"og:site_name\" content=\"Creddo\" \/>\n<meta property=\"article:publisher\" content=\"https:\/\/www.facebook.com\/creddose\" \/>\n<meta property=\"article:modified_time\" content=\"2025-12-29T14:10:05+00:00\" \/>\n<meta property=\"og:image\" content=\"https:\/\/creddo.com\/se\/wp-content\/uploads\/2024\/07\/52.jpg\" \/>\n\t<meta property=\"og:image:width\" content=\"1200\" \/>\n\t<meta property=\"og:image:height\" content=\"630\" \/>\n\t<meta property=\"og:image:type\" content=\"image\/jpeg\" \/>\n<meta name=\"twitter:card\" content=\"summary_large_image\" \/>\n<meta name=\"twitter:label1\" content=\"Ber\u00e4knad l\u00e4stid\" \/>\n\t<meta name=\"twitter:data1\" content=\"2 minuter\" \/>\n<script type=\"application\/ld+json\" class=\"yoast-schema-graph\">{\"@context\":\"https:\/\/schema.org\",\"@graph\":[{\"@type\":\"WebPage\",\"@id\":\"https:\/\/creddo.com\/se\/langivare\/lendify-savelend\/\",\"url\":\"https:\/\/creddo.com\/se\/langivare\/lendify-savelend\/\",\"name\":\"Lendify (Savelend) f\u00f6retagsl\u00e5n - L\u00e5na upp till 10 miljoner kr\",\"isPartOf\":{\"@id\":\"https:\/\/creddo.com\/se\/#website\"},\"datePublished\":\"2025-05-30T12:20:33+00:00\",\"dateModified\":\"2025-12-29T14:10:05+00:00\",\"description\":\"Ans\u00f6k via Creddo om f\u00f6retagsl\u00e5n upp till 10 miljoner hos Lendify (SaveLend). Flexibelt f\u00f6r v\u00e4xande f\u00f6retag \u2013 smidigt och utan dolda avgifter.\",\"breadcrumb\":{\"@id\":\"https:\/\/creddo.com\/se\/langivare\/lendify-savelend\/#breadcrumb\"},\"inLanguage\":\"sv-SE\",\"potentialAction\":[{\"@type\":\"ReadAction\",\"target\":[\"https:\/\/creddo.com\/se\/langivare\/lendify-savelend\/\"]}]},{\"@type\":\"BreadcrumbList\",\"@id\":\"https:\/\/creddo.com\/se\/langivare\/lendify-savelend\/#breadcrumb\",\"itemListElement\":[{\"@type\":\"ListItem\",\"position\":1,\"name\":\"Creddo.com\",\"item\":\"https:\/\/creddo.com\/se\/\"},{\"@type\":\"ListItem\",\"position\":2,\"name\":\"L\u00e5ngivare\",\"item\":\"https:\/\/creddo.com\/se\/langivare\/\"},{\"@type\":\"ListItem\",\"position\":3,\"name\":\"Lendify (Savelend)\"}]},{\"@type\":\"WebSite\",\"@id\":\"https:\/\/creddo.com\/se\/#website\",\"url\":\"https:\/\/creddo.com\/se\/\",\"name\":\"Creddo\",\"description\":\"J\u00e4mf\u00f6r f\u00f6retagsl\u00e5n upp till 10 miljoner\",\"publisher\":{\"@id\":\"https:\/\/creddo.com\/se\/#organization\"},\"potentialAction\":[{\"@type\":\"SearchAction\",\"target\":{\"@type\":\"EntryPoint\",\"urlTemplate\":\"https:\/\/creddo.com\/se\/?s={search_term_string}\"},\"query-input\":{\"@type\":\"PropertyValueSpecification\",\"valueRequired\":true,\"valueName\":\"search_term_string\"}}],\"inLanguage\":\"sv-SE\"},{\"@type\":\"Organization\",\"@id\":\"https:\/\/creddo.com\/se\/#organization\",\"name\":\"Creddo AB\",\"url\":\"https:\/\/creddo.com\/se\/\",\"logo\":{\"@type\":\"ImageObject\",\"inLanguage\":\"sv-SE\",\"@id\":\"https:\/\/creddo.com\/se\/#\/schema\/logo\/image\/\",\"url\":\"https:\/\/creddo.com\/se\/wp-content\/uploads\/2024\/04\/Creddo-logo-square.png\",\"contentUrl\":\"https:\/\/creddo.com\/se\/wp-content\/uploads\/2024\/04\/Creddo-logo-square.png\",\"width\":720,\"height\":720,\"caption\":\"Creddo AB\"},\"image\":{\"@id\":\"https:\/\/creddo.com\/se\/#\/schema\/logo\/image\/\"},\"sameAs\":[\"https:\/\/www.facebook.com\/creddose\",\"https:\/\/www.linkedin.com\/company\/creddo-ab\/\"]}]}<\/script>\n<!-- \/ Yoast SEO Premium plugin. -->","yoast_head_json":{"title":"Lendify (Savelend) f\u00f6retagsl\u00e5n - L\u00e5na upp till 10 miljoner kr","description":"Ans\u00f6k via Creddo om f\u00f6retagsl\u00e5n upp till 10 miljoner hos Lendify (SaveLend). Flexibelt f\u00f6r v\u00e4xande f\u00f6retag \u2013 smidigt och utan dolda avgifter.","robots":{"index":"index","follow":"follow","max-snippet":"max-snippet:-1","max-image-preview":"max-image-preview:large","max-video-preview":"max-video-preview:-1"},"canonical":"https:\/\/creddo.com\/se\/langivare\/lendify-savelend\/","og_locale":"sv_SE","og_type":"article","og_title":"Lendify (Savelend)","og_description":"Kort om Lendify (Savelend) Lendify (Savelend) erbjuder m\u00f6jligheten att l\u00e5na mellan 500 000 kr - 10 000 000 kr Upp till 24 m\u00e5naders l\u00f6ptid Tydliga villkor","og_url":"https:\/\/creddo.com\/se\/langivare\/lendify-savelend\/","og_site_name":"Creddo","article_publisher":"https:\/\/www.facebook.com\/creddose","article_modified_time":"2025-12-29T14:10:05+00:00","og_image":[{"width":1200,"height":630,"url":"https:\/\/creddo.com\/se\/wp-content\/uploads\/2024\/07\/52.jpg","type":"image\/jpeg"}],"twitter_card":"summary_large_image","twitter_misc":{"Ber\u00e4knad l\u00e4stid":"2 minuter"},"schema":{"@context":"https:\/\/schema.org","@graph":[{"@type":"WebPage","@id":"https:\/\/creddo.com\/se\/langivare\/lendify-savelend\/","url":"https:\/\/creddo.com\/se\/langivare\/lendify-savelend\/","name":"Lendify (Savelend) f\u00f6retagsl\u00e5n - L\u00e5na upp till 10 miljoner kr","isPartOf":{"@id":"https:\/\/creddo.com\/se\/#website"},"datePublished":"2025-05-30T12:20:33+00:00","dateModified":"2025-12-29T14:10:05+00:00","description":"Ans\u00f6k via Creddo om f\u00f6retagsl\u00e5n upp till 10 miljoner hos Lendify (SaveLend). Flexibelt f\u00f6r v\u00e4xande f\u00f6retag \u2013 smidigt och utan dolda avgifter.","breadcrumb":{"@id":"https:\/\/creddo.com\/se\/langivare\/lendify-savelend\/#breadcrumb"},"inLanguage":"sv-SE","potentialAction":[{"@type":"ReadAction","target":["https:\/\/creddo.com\/se\/langivare\/lendify-savelend\/"]}]},{"@type":"BreadcrumbList","@id":"https:\/\/creddo.com\/se\/langivare\/lendify-savelend\/#breadcrumb","itemListElement":[{"@type":"ListItem","position":1,"name":"Creddo.com","item":"https:\/\/creddo.com\/se\/"},{"@type":"ListItem","position":2,"name":"L\u00e5ngivare","item":"https:\/\/creddo.com\/se\/langivare\/"},{"@type":"ListItem","position":3,"name":"Lendify (Savelend)"}]},{"@type":"WebSite","@id":"https:\/\/creddo.com\/se\/#website","url":"https:\/\/creddo.com\/se\/","name":"Creddo","description":"J\u00e4mf\u00f6r f\u00f6retagsl\u00e5n upp till 10 miljoner","publisher":{"@id":"https:\/\/creddo.com\/se\/#organization"},"potentialAction":[{"@type":"SearchAction","target":{"@type":"EntryPoint","urlTemplate":"https:\/\/creddo.com\/se\/?s={search_term_string}"},"query-input":{"@type":"PropertyValueSpecification","valueRequired":true,"valueName":"search_term_string"}}],"inLanguage":"sv-SE"},{"@type":"Organization","@id":"https:\/\/creddo.com\/se\/#organization","name":"Creddo AB","url":"https:\/\/creddo.com\/se\/","logo":{"@type":"ImageObject","inLanguage":"sv-SE","@id":"https:\/\/creddo.com\/se\/#\/schema\/logo\/image\/","url":"https:\/\/creddo.com\/se\/wp-content\/uploads\/2024\/04\/Creddo-logo-square.png","contentUrl":"https:\/\/creddo.com\/se\/wp-content\/uploads\/2024\/04\/Creddo-logo-square.png","width":720,"height":720,"caption":"Creddo AB"},"image":{"@id":"https:\/\/creddo.com\/se\/#\/schema\/logo\/image\/"},"sameAs":["https:\/\/www.facebook.com\/creddose","https:\/\/www.linkedin.com\/company\/creddo-ab\/"]}]}},"lang":"sv","translations":{"sv":4762},"uagb_featured_image_src":{"full":false,"thumbnail":false,"medium":false,"medium_large":false,"large":false,"1536x1536":false,"2048x2048":false},"uagb_author_info":{"display_name":"Jonas Smyth","author_link":"https:\/\/creddo.com\/se\/experthornan\/author\/jonas\/"},"uagb_comment_info":0,"uagb_excerpt":"Kort om Lendify (Savelend) Med hj\u00e4lp av Creddo s\u00e5 kan sm\u00e5- och medelstora f\u00f6retag f\u00e5 hj\u00e4lp att v\u00e4xa och uppfylla sina aff\u00e4rsm\u00e5l genom f\u00f6retagsl\u00e5n hos Lendify (Savelend). Alla ans\u00f6kningar som skickas via Creddo till Lendify granskas manuellt och anpassas efter l\u00e5nets syfte, s\u00e4kerhet och f\u00f6retagets \u00e5terbetalningsf\u00f6rm\u00e5ga. Som kund f\u00e5r du en personlig kontaktperson som g\u00e5r&hellip;","pll_sync_post":[],"_links":{"self":[{"href":"https:\/\/creddo.com\/se\/wp-json\/wp\/v2\/pages\/4762","targetHints":{"allow":["GET"]}}],"collection":[{"href":"https:\/\/creddo.com\/se\/wp-json\/wp\/v2\/pages"}],"about":[{"href":"https:\/\/creddo.com\/se\/wp-json\/wp\/v2\/types\/page"}],"author":[{"embeddable":true,"href":"https:\/\/creddo.com\/se\/wp-json\/wp\/v2\/users\/13"}],"replies":[{"embeddable":true,"href":"https:\/\/creddo.com\/se\/wp-json\/wp\/v2\/comments?post=4762"}],"version-history":[{"count":15,"href":"https:\/\/creddo.com\/se\/wp-json\/wp\/v2\/pages\/4762\/revisions"}],"predecessor-version":[{"id":5324,"href":"https:\/\/creddo.com\/se\/wp-json\/wp\/v2\/pages\/4762\/revisions\/5324"}],"up":[{"embeddable":true,"href":"https:\/\/creddo.com\/se\/wp-json\/wp\/v2\/pages\/2896"}],"wp:attachment":[{"href":"https:\/\/creddo.com\/se\/wp-json\/wp\/v2\/media?parent=4762"}],"curies":[{"name":"wp","href":"https:\/\/api.w.org\/{rel}","templated":true}]}}