{"id":4766,"date":"2025-06-20T11:37:55","date_gmt":"2025-06-20T09:37:55","guid":{"rendered":"https:\/\/creddo.com\/se\/?page_id=4766"},"modified":"2025-12-31T11:18:17","modified_gmt":"2025-12-31T10:18:17","slug":"northmill-bank","status":"publish","type":"page","link":"https:\/\/creddo.com\/se\/langivare\/northmill-bank\/","title":{"rendered":"Northmill Bank"},"content":{"rendered":"\n<h2 class=\"wp-block-heading\" id=\"h-kort-om-northmill-bank-foretagslan\"><strong><strong><strong><strong><strong><strong><strong><strong><strong><strong><strong><strong><strong><strong><strong><strong>Kort om Northmill Bank f\u00f6retagsl\u00e5n<\/strong><\/strong><\/strong><\/strong><\/strong><\/strong><\/strong><\/strong><\/strong><\/strong><\/strong><\/strong><\/strong><\/strong><\/strong><\/strong><\/h2>\n\n\n\n<p><\/p>\n\n\n\n<ul class=\"wp-block-list\">\n<li>Hos Northmill Bank kan du l\u00e5na mellan 25 000 kr &#8211; 1 miljon f\u00f6r att v\u00e4xa din verksamhet<\/li>\n\n\n\n<li>M\u00f6jlighet att \u00e4ven l\u00e5na upp till 100 miljoner f\u00f6r storskaliga projekt med Northmill Stora F\u00f6retagsl\u00e5net<\/li>\n\n\n\n<li>Flexibel l\u00f6ptid upp till 60 m\u00e5nader<\/li>\n\n\n\n<li>L\u00e5nekostnader endast n\u00e4r kapitalet anv\u00e4nds vid checkkredit<\/li>\n\n\n\n<li>Snabb utbetalning inom 24 timmar efter godk\u00e4nt&nbsp;l\u00e5n<br><\/li>\n<\/ul>\n\n\n\n<p><\/p>\n\n\n\n<p>Genom Creddo s\u00e5 kan sm\u00e5- och medelstora f\u00f6retagare f\u00e5 hj\u00e4lp att v\u00e4xa genom <a href=\"https:\/\/creddo.com\/se\/foretagslan\/snabba-foretagslan\/\">smidiga l\u00e5n<\/a> hos Northmill Bank. Flexibel f\u00f6retagskredit hos Northmill Bank via Creddo &#8211; f\u00f6retagsl\u00e5n som \u00e4r s\u00e4rskilt utformade f\u00f6r er som driver eget som s\u00f6ker ett bekv\u00e4mt s\u00e4tt att finansiera er verksamhet. Tack vare v\u00e5rt samarbete med<strong> <\/strong>Northmill Bank kan vi p\u00e5 Creddo erbjuda en smart och flexibel kontokredit f\u00f6r f\u00f6retag som vill ha kontroll \u00f6ver sin likviditet \u2013 utan dolda avgifter eller bindande kontraktsr\u00e4ntor.<\/p>\n\n\n\n<p>Kapitalbehov \u00e4r n\u00e5got som f\u00f6r\u00e4ndras \u00f6ver tid. D\u00e4rf\u00f6r erbjuder Northmill Bank en kredit du kan anv\u00e4nda n\u00e4r du beh\u00f6ver den \u2013 och betala tillbaka i din egen takt. Med konkurrenskraftig r\u00e4nta, m\u00f6jlighet till fri amortering och inga extra avgifter, \u00e4r detta en l\u00f6sning f\u00f6r dig som v\u00e4rdes\u00e4tter flexibilitet, enkelhet och trygghet.<\/p>\n\n\n\n<p><strong>Vem kan ans\u00f6ka om f\u00f6retagsl\u00e5n via Northmill?<\/strong><\/p>\n\n\n\n<p>F\u00f6r att kunna ans\u00f6ka om l\u00e5n beh\u00f6ver ditt f\u00f6retag vara registrerat i Sverige. Det \u00e4r en f\u00f6rdel om verksamheten har varit ig\u00e5ng i minst sex m\u00e5nader, men varje ans\u00f6kan bed\u00f6ms individuellt. Northmill g\u00f6r en helhetsbed\u00f6mning d\u00e4r b\u00e5de f\u00f6retagets ekonomi och den ansvariga personen tas i beaktande. Det spelar ingen roll om du driver ett aktiebolag, enskild firma eller annan juridisk f\u00f6retagsform \u2013 s\u00e5 l\u00e4nge du har ett svenskt registrerat f\u00f6retag.<\/p>\n\n\n\n<p>Northmill Bank \u00e4r specialister p\u00e5:<\/p>\n\n\n\n<ul class=\"wp-block-list\">\n<li>Flexibla checkkredit l\u00f6sningar<\/li>\n\n\n\n<li>Konkurrenskraftiga r\u00e4ntor och anpassningsbar \u00e5terbetalning<\/li>\n\n\n\n<li>Kortare bryggl\u00e5n<\/li>\n\n\n\n<li>Lagerfinansering<\/li>\n\n\n\n<li>Fastighetsutveckling <\/li>\n<\/ul>\n\n\n\n<p><\/p>\n\n\n\n<h2 class=\"wp-block-heading\" id=\"h-foretagslan-utan-sakerhet\"><strong>F\u00f6retagsl\u00e5n utan s\u00e4kerhet<\/strong><\/h2>\n\n\n\n<p>Hos Northmill Bank s\u00e5 kr\u00e4ver man alltid borgen fr\u00e5n f\u00f6retagets \u00e4gare. F\u00f6r l\u00e5n hos Northmill och vid st\u00f6rre finanseringar kan det beh\u00f6vas andra s\u00e4kerhetsformer inklusive fastigheter, f\u00f6retagsinteckningar, moderbolagsborgen&nbsp;<\/p>\n\n\n\n<p><\/p>\n\n\n\n<h2 class=\"wp-block-heading\" id=\"h-varfor-ska-man-jamfora-foretagslan-med-creddo\"><strong>Varf\u00f6r ska man j\u00e4mf\u00f6ra f\u00f6retagsl\u00e5n med Creddo?<\/strong><\/h2>\n\n\n\n<p>N\u00e4r du ans\u00f6ker om ett <a href=\"https:\/\/creddo.com\/se\/foretagslan\/smaforetag\/\">f\u00f6retagsl\u00e5n<\/a> hos Creddo s\u00e5 har du m\u00f6jlighet att f\u00e5 flera erbjudanden, men det registreras bara en kreditupplysning via UC. Via Creddo s\u00e5 f\u00e5r du en bra \u00f6verblick p\u00e5 vilka erbjudanden du f\u00e5r och vilket som passar dig och ditt f\u00f6retag b\u00e4st. Ut\u00f6ver detta s\u00e5 ist\u00e4llet f\u00f6r att ans\u00f6ka hos varje l\u00e5ngivare s\u00e5 sparar du b\u00e5de tid och energi genom att samla din ans\u00f6kan p\u00e5 samma st\u00e4lle.&nbsp;<\/p>\n\n\n\n<p><\/p>\n\n\n\n<p>Vi p\u00e5 Creddo tar inte ut n\u00e5gon avgift mot dig som f\u00f6retagare, utan f\u00e5r ist\u00e4llet en ers\u00e4ttning fr\u00e5n l\u00e5ngivaren vid utbetalt l\u00e5n. Partnerskapen med Northmill Bank s\u00e4kerst\u00e4ller detta.<\/p>\n\n\n\n<p><\/p>\n\n\n\n<h2 class=\"wp-block-heading\" id=\"h-sammanfattning-northmill-bank\"><strong><strong><strong><strong><strong><strong><strong>Sammanfattning <\/strong><\/strong><\/strong><\/strong><\/strong><\/strong><\/strong>Northmill Bank<\/h2>\n\n\n\n<p><\/p>\n\n\n\n<figure class=\"wp-block-table is-style-stripes\"><table class=\"has-fixed-layout\"><tbody><tr><td>L\u00e5nebelopp<\/td><td>25 000 &#8211; 1 000 000 kronor (m\u00f6jlighet till 100 000 000 kr)<\/td><\/tr><tr><td>L\u00f6ptid<\/td><td>1 &#8211; 60 m\u00e5nader<\/td><\/tr><tr><td>Uppl\u00e4ggningsavgift<\/td><td>0<\/td><\/tr><tr><td>Personlig borgen<\/td><td>Ja<\/td><\/tr><tr><td>Aviavgift<\/td><td>Nej<\/td><\/tr><tr><td>Autogiro<\/td><td>Ja<\/td><\/tr><tr><td>Komplettering<\/td><td>Ja<\/td><\/tr><tr><td>BankID<\/td><td>Ja<\/td><\/tr><\/tbody><\/table><\/figure>\n","protected":false},"excerpt":{"rendered":"<p>Kort om Northmill Bank f\u00f6retagsl\u00e5n Genom Creddo s\u00e5 kan sm\u00e5- och medelstora f\u00f6retagare f\u00e5 hj\u00e4lp att v\u00e4xa genom smidiga l\u00e5n hos Northmill Bank. Flexibel f\u00f6retagskredit hos Northmill Bank via Creddo &#8211; f\u00f6retagsl\u00e5n som \u00e4r s\u00e4rskilt utformade f\u00f6r er som driver eget som s\u00f6ker ett bekv\u00e4mt s\u00e4tt att finansiera er verksamhet. Tack vare v\u00e5rt samarbete med [&hellip;]<\/p>\n","protected":false},"author":13,"featured_media":0,"parent":2896,"menu_order":0,"comment_status":"closed","ping_status":"closed","template":"empty-page-with-slider.php","meta":{"_acf_changed":false,"footnotes":""},"class_list":["post-4766","page","type-page","status-publish","hentry"],"acf":[],"yoast_head":"<!-- This site is optimized with the Yoast SEO Premium plugin v26.6 (Yoast SEO v26.8) - https:\/\/yoast.com\/product\/yoast-seo-premium-wordpress\/ -->\n<title>Northmill Bank - f\u00f6retagskredit p\u00e5 25 000 kr upp till 1 miljon kr<\/title>\n<meta name=\"description\" content=\"Flexibel finansiering f\u00f6r sm\u00e5f\u00f6retagare! Via Northmill Bank kan vi nu erbjuda f\u00f6retagskredit p\u00e5 25 000 kr upp till 1 miljon kr.\" \/>\n<meta name=\"robots\" content=\"index, follow, max-snippet:-1, max-image-preview:large, max-video-preview:-1\" \/>\n<link rel=\"canonical\" href=\"https:\/\/creddo.com\/se\/langivare\/northmill-bank\/\" \/>\n<meta property=\"og:locale\" content=\"sv_SE\" \/>\n<meta property=\"og:type\" content=\"article\" \/>\n<meta property=\"og:title\" content=\"Northmill Bank\" \/>\n<meta property=\"og:description\" content=\"Kort om Northmill Bank f\u00f6retagsl\u00e5n Hos Northmill Bank kan du l\u00e5na mellan 25 000 kr - 1 miljon f\u00f6r att v\u00e4xa din verksamhet M\u00f6jlighet att \u00e4ven l\u00e5na upp till\" \/>\n<meta property=\"og:url\" content=\"https:\/\/creddo.com\/se\/langivare\/northmill-bank\/\" \/>\n<meta property=\"og:site_name\" content=\"Creddo\" \/>\n<meta property=\"article:publisher\" content=\"https:\/\/www.facebook.com\/creddose\" \/>\n<meta property=\"article:modified_time\" content=\"2025-12-31T10:18:17+00:00\" \/>\n<meta property=\"og:image\" content=\"https:\/\/creddo.com\/se\/wp-content\/uploads\/2024\/07\/52.jpg\" \/>\n\t<meta property=\"og:image:width\" content=\"1200\" \/>\n\t<meta property=\"og:image:height\" content=\"630\" \/>\n\t<meta property=\"og:image:type\" content=\"image\/jpeg\" \/>\n<meta name=\"twitter:card\" content=\"summary_large_image\" \/>\n<meta name=\"twitter:label1\" content=\"Ber\u00e4knad l\u00e4stid\" \/>\n\t<meta name=\"twitter:data1\" content=\"3 minuter\" \/>\n<script type=\"application\/ld+json\" class=\"yoast-schema-graph\">{\"@context\":\"https:\/\/schema.org\",\"@graph\":[{\"@type\":\"WebPage\",\"@id\":\"https:\/\/creddo.com\/se\/langivare\/northmill-bank\/\",\"url\":\"https:\/\/creddo.com\/se\/langivare\/northmill-bank\/\",\"name\":\"Northmill Bank - f\u00f6retagskredit p\u00e5 25 000 kr upp till 1 miljon kr\",\"isPartOf\":{\"@id\":\"https:\/\/creddo.com\/se\/#website\"},\"datePublished\":\"2025-06-20T09:37:55+00:00\",\"dateModified\":\"2025-12-31T10:18:17+00:00\",\"description\":\"Flexibel finansiering f\u00f6r sm\u00e5f\u00f6retagare! Via Northmill Bank kan vi nu erbjuda f\u00f6retagskredit p\u00e5 25 000 kr upp till 1 miljon kr.\",\"breadcrumb\":{\"@id\":\"https:\/\/creddo.com\/se\/langivare\/northmill-bank\/#breadcrumb\"},\"inLanguage\":\"sv-SE\",\"potentialAction\":[{\"@type\":\"ReadAction\",\"target\":[\"https:\/\/creddo.com\/se\/langivare\/northmill-bank\/\"]}]},{\"@type\":\"BreadcrumbList\",\"@id\":\"https:\/\/creddo.com\/se\/langivare\/northmill-bank\/#breadcrumb\",\"itemListElement\":[{\"@type\":\"ListItem\",\"position\":1,\"name\":\"Creddo.com\",\"item\":\"https:\/\/creddo.com\/se\/\"},{\"@type\":\"ListItem\",\"position\":2,\"name\":\"L\u00e5ngivare\",\"item\":\"https:\/\/creddo.com\/se\/langivare\/\"},{\"@type\":\"ListItem\",\"position\":3,\"name\":\"Northmill Bank\"}]},{\"@type\":\"WebSite\",\"@id\":\"https:\/\/creddo.com\/se\/#website\",\"url\":\"https:\/\/creddo.com\/se\/\",\"name\":\"Creddo\",\"description\":\"J\u00e4mf\u00f6r f\u00f6retagsl\u00e5n upp till 10 miljoner\",\"publisher\":{\"@id\":\"https:\/\/creddo.com\/se\/#organization\"},\"potentialAction\":[{\"@type\":\"SearchAction\",\"target\":{\"@type\":\"EntryPoint\",\"urlTemplate\":\"https:\/\/creddo.com\/se\/?s={search_term_string}\"},\"query-input\":{\"@type\":\"PropertyValueSpecification\",\"valueRequired\":true,\"valueName\":\"search_term_string\"}}],\"inLanguage\":\"sv-SE\"},{\"@type\":\"Organization\",\"@id\":\"https:\/\/creddo.com\/se\/#organization\",\"name\":\"Creddo AB\",\"url\":\"https:\/\/creddo.com\/se\/\",\"logo\":{\"@type\":\"ImageObject\",\"inLanguage\":\"sv-SE\",\"@id\":\"https:\/\/creddo.com\/se\/#\/schema\/logo\/image\/\",\"url\":\"https:\/\/creddo.com\/se\/wp-content\/uploads\/2024\/04\/Creddo-logo-square.png\",\"contentUrl\":\"https:\/\/creddo.com\/se\/wp-content\/uploads\/2024\/04\/Creddo-logo-square.png\",\"width\":720,\"height\":720,\"caption\":\"Creddo AB\"},\"image\":{\"@id\":\"https:\/\/creddo.com\/se\/#\/schema\/logo\/image\/\"},\"sameAs\":[\"https:\/\/www.facebook.com\/creddose\",\"https:\/\/www.linkedin.com\/company\/creddo-ab\/\"]}]}<\/script>\n<!-- \/ Yoast SEO Premium plugin. -->","yoast_head_json":{"title":"Northmill Bank - f\u00f6retagskredit p\u00e5 25 000 kr upp till 1 miljon kr","description":"Flexibel finansiering f\u00f6r sm\u00e5f\u00f6retagare! Via Northmill Bank kan vi nu erbjuda f\u00f6retagskredit p\u00e5 25 000 kr upp till 1 miljon kr.","robots":{"index":"index","follow":"follow","max-snippet":"max-snippet:-1","max-image-preview":"max-image-preview:large","max-video-preview":"max-video-preview:-1"},"canonical":"https:\/\/creddo.com\/se\/langivare\/northmill-bank\/","og_locale":"sv_SE","og_type":"article","og_title":"Northmill Bank","og_description":"Kort om Northmill Bank f\u00f6retagsl\u00e5n Hos Northmill Bank kan du l\u00e5na mellan 25 000 kr - 1 miljon f\u00f6r att v\u00e4xa din verksamhet M\u00f6jlighet att \u00e4ven l\u00e5na upp till","og_url":"https:\/\/creddo.com\/se\/langivare\/northmill-bank\/","og_site_name":"Creddo","article_publisher":"https:\/\/www.facebook.com\/creddose","article_modified_time":"2025-12-31T10:18:17+00:00","og_image":[{"width":1200,"height":630,"url":"https:\/\/creddo.com\/se\/wp-content\/uploads\/2024\/07\/52.jpg","type":"image\/jpeg"}],"twitter_card":"summary_large_image","twitter_misc":{"Ber\u00e4knad l\u00e4stid":"3 minuter"},"schema":{"@context":"https:\/\/schema.org","@graph":[{"@type":"WebPage","@id":"https:\/\/creddo.com\/se\/langivare\/northmill-bank\/","url":"https:\/\/creddo.com\/se\/langivare\/northmill-bank\/","name":"Northmill Bank - f\u00f6retagskredit p\u00e5 25 000 kr upp till 1 miljon kr","isPartOf":{"@id":"https:\/\/creddo.com\/se\/#website"},"datePublished":"2025-06-20T09:37:55+00:00","dateModified":"2025-12-31T10:18:17+00:00","description":"Flexibel finansiering f\u00f6r sm\u00e5f\u00f6retagare! Via Northmill Bank kan vi nu erbjuda f\u00f6retagskredit p\u00e5 25 000 kr upp till 1 miljon kr.","breadcrumb":{"@id":"https:\/\/creddo.com\/se\/langivare\/northmill-bank\/#breadcrumb"},"inLanguage":"sv-SE","potentialAction":[{"@type":"ReadAction","target":["https:\/\/creddo.com\/se\/langivare\/northmill-bank\/"]}]},{"@type":"BreadcrumbList","@id":"https:\/\/creddo.com\/se\/langivare\/northmill-bank\/#breadcrumb","itemListElement":[{"@type":"ListItem","position":1,"name":"Creddo.com","item":"https:\/\/creddo.com\/se\/"},{"@type":"ListItem","position":2,"name":"L\u00e5ngivare","item":"https:\/\/creddo.com\/se\/langivare\/"},{"@type":"ListItem","position":3,"name":"Northmill Bank"}]},{"@type":"WebSite","@id":"https:\/\/creddo.com\/se\/#website","url":"https:\/\/creddo.com\/se\/","name":"Creddo","description":"J\u00e4mf\u00f6r f\u00f6retagsl\u00e5n upp till 10 miljoner","publisher":{"@id":"https:\/\/creddo.com\/se\/#organization"},"potentialAction":[{"@type":"SearchAction","target":{"@type":"EntryPoint","urlTemplate":"https:\/\/creddo.com\/se\/?s={search_term_string}"},"query-input":{"@type":"PropertyValueSpecification","valueRequired":true,"valueName":"search_term_string"}}],"inLanguage":"sv-SE"},{"@type":"Organization","@id":"https:\/\/creddo.com\/se\/#organization","name":"Creddo AB","url":"https:\/\/creddo.com\/se\/","logo":{"@type":"ImageObject","inLanguage":"sv-SE","@id":"https:\/\/creddo.com\/se\/#\/schema\/logo\/image\/","url":"https:\/\/creddo.com\/se\/wp-content\/uploads\/2024\/04\/Creddo-logo-square.png","contentUrl":"https:\/\/creddo.com\/se\/wp-content\/uploads\/2024\/04\/Creddo-logo-square.png","width":720,"height":720,"caption":"Creddo AB"},"image":{"@id":"https:\/\/creddo.com\/se\/#\/schema\/logo\/image\/"},"sameAs":["https:\/\/www.facebook.com\/creddose","https:\/\/www.linkedin.com\/company\/creddo-ab\/"]}]}},"lang":"sv","translations":{"sv":4766},"pll_sync_post":[],"_links":{"self":[{"href":"https:\/\/creddo.com\/se\/wp-json\/wp\/v2\/pages\/4766","targetHints":{"allow":["GET"]}}],"collection":[{"href":"https:\/\/creddo.com\/se\/wp-json\/wp\/v2\/pages"}],"about":[{"href":"https:\/\/creddo.com\/se\/wp-json\/wp\/v2\/types\/page"}],"author":[{"embeddable":true,"href":"https:\/\/creddo.com\/se\/wp-json\/wp\/v2\/users\/13"}],"replies":[{"embeddable":true,"href":"https:\/\/creddo.com\/se\/wp-json\/wp\/v2\/comments?post=4766"}],"version-history":[{"count":13,"href":"https:\/\/creddo.com\/se\/wp-json\/wp\/v2\/pages\/4766\/revisions"}],"predecessor-version":[{"id":5411,"href":"https:\/\/creddo.com\/se\/wp-json\/wp\/v2\/pages\/4766\/revisions\/5411"}],"up":[{"embeddable":true,"href":"https:\/\/creddo.com\/se\/wp-json\/wp\/v2\/pages\/2896"}],"wp:attachment":[{"href":"https:\/\/creddo.com\/se\/wp-json\/wp\/v2\/media?parent=4766"}],"curies":[{"name":"wp","href":"https:\/\/api.w.org\/{rel}","templated":true}]}}