{"id":5453,"date":"2026-01-27T15:26:20","date_gmt":"2026-01-27T14:26:20","guid":{"rendered":"https:\/\/creddo.com\/se\/?page_id=5453"},"modified":"2026-02-03T11:18:12","modified_gmt":"2026-02-03T10:18:12","slug":"almi-foretagslan","status":"publish","type":"page","link":"https:\/\/creddo.com\/se\/langivare\/almi-foretagslan\/","title":{"rendered":"ALMI f\u00f6retagsl\u00e5n"},"content":{"rendered":"\n<h2 class=\"wp-block-heading\" id=\"h-kort-om-almi-foretagslan\"><strong><strong><strong><strong><strong><strong><strong><strong><strong><strong><strong><strong><strong><strong><strong><strong><strong><strong><strong>Kort om <\/strong><\/strong><\/strong><\/strong><\/strong><\/strong><\/strong><\/strong><\/strong><\/strong><\/strong><\/strong><\/strong><\/strong><\/strong><\/strong><\/strong><\/strong><\/strong>ALMI f\u00f6retagsl\u00e5n<\/h2>\n\n\n\n<p><\/p>\n\n\n\n<ul class=\"wp-block-list\">\n<li>Belopp &#8211; det finns inget fast maxbelopp f\u00f6r Almi f\u00f6retagsl\u00e5n. Hur stort l\u00e5n som kan beviljas avg\u00f6rs utifr\u00e5n Almis samlade bed\u00f6mning<\/li>\n\n\n\n<li>Mellan 24 &#8211; 60 m\u00e5nader l\u00f6ptid<\/li>\n\n\n\n<li>Konkurrenskraftiga villkor<\/li>\n\n\n\n<li>M\u00f6jlighet till amorteringsfrihet<\/li>\n<\/ul>\n\n\n\n<p><strong>ALMI f\u00f6retagsl\u00e5n<\/strong><\/p>\n\n\n\n<p>Hos oss p\u00e5 Creddo s\u00e5 kan du ans\u00f6ka om <a href=\"https:\/\/creddo.com\/se\/foretagslan\/\">f\u00f6retagsl\u00e5n till f\u00f6retag<\/a> p\u00e5 mellan 10 000 &#8211; 10 000 000 kronor, som kan vara ett bra komplement till ALMI f\u00f6retagsl\u00e5net. F\u00f6r mindre och medelstora bolag kan ALMI vara ett intressant finansieringsalternativ, framf\u00f6r allt n\u00e4r bankfinansiering \u00e4r sv\u00e5r att f\u00e5. Genom att erbjuda olika l\u00e5neformer \u2013 s\u00e5som f\u00f6retagsl\u00e5n, mikrol\u00e5n och l\u00e5n f\u00f6r expansion \u2013 kan finansieringen anpassas efter f\u00f6retagets situation och m\u00e5l. \u00c4ven om kostnaden ofta \u00e4r h\u00f6gre \u00e4n hos traditionella banker, kombinerar ALMI kapital med statligt st\u00f6d och r\u00e5dgivning, vilket g\u00f6r dem till en viktig resurs f\u00f6r f\u00f6retag som vill utvecklas och v\u00e4xa.<\/p>\n\n\n\n<p><\/p>\n\n\n\n<h2 class=\"wp-block-heading\" id=\"h-vad-ar-almi-foretagslan-for-nagot\">Vad \u00e4r ALMI f\u00f6retagsl\u00e5n f\u00f6r n\u00e5got?<\/h2>\n\n\n\n<p>ALMI f\u00f6retagsl\u00e5n \u00e4r en statlig finansieringsl\u00f6sning som riktar sig till sm\u00e5 och medelstora f\u00f6retag i Sverige som beh\u00f6ver kapital f\u00f6r att starta, utveckla eller expandera sin verksamhet. L\u00e5nen anv\u00e4nds ofta som ett komplement till bankfinansiering, s\u00e4rskilt i situationer d\u00e4r banken inte kan ta hela risken sj\u00e4lv. ALMI g\u00f6r en individuell bed\u00f6mning av f\u00f6retagets aff\u00e4rsid\u00e9, tillv\u00e4xtpotential och \u00e5terbetalningsf\u00f6rm\u00e5ga och erbjuder, ut\u00f6ver finansiering, \u00e4ven r\u00e5dgivning och st\u00f6d under f\u00f6retagets utvecklingsresa.<\/p>\n\n\n\n<p><\/p>\n\n\n\n<h2 class=\"wp-block-heading\" id=\"h-olika-finansieringsformer-hos-almi\">Olika finansieringsformer hos ALMI<\/h2>\n\n\n\n<p>ALMI erbjuder olika typer av f\u00f6retagsl\u00e5n som ska passa just er som driver ege. Beroende p\u00e5 om f\u00f6retaget \u00e4r nystartat, i tillv\u00e4xtfas eller st\u00e5r inf\u00f6r en st\u00f6rre satsning finns olika alternativ att v\u00e4lja mellan. M\u00e5nga f\u00f6retagare har genom \u00e5ren anv\u00e4nt ALMI som en del av sin finansiering, ofta i kombination med bank eller annan extern l\u00e5ngivare.<\/p>\n\n\n\n<ul class=\"wp-block-list\">\n<li><strong>Mikrol\u00e5n<\/strong> \u2013 upp till 250\u202f000\u202fkr, perfekt f\u00f6r nystartade f\u00f6retag och mindre projekt. Personlig borgen \u00e4r l\u00e5g (10\u202f% av l\u00e5net).<\/li>\n\n\n\n<li><strong>Bryggl\u00e5n<\/strong> \u2013 skapades under covid\u201119 f\u00f6r att hj\u00e4lpa f\u00f6retag med tillf\u00e4lliga likviditetsbehov.<\/li>\n\n\n\n<li><strong>Innovationsl\u00e5n<\/strong> \u2013 finns i mindre versioner (upp till 300\u202f000\u202fkr) och st\u00f6rre l\u00e5n f\u00f6r mer omfattande utvecklingsprojekt. Kr\u00e4ver ofta kompletterande finansiering eller \u00e4gartillskott.<\/li>\n<\/ul>\n\n\n\n<p><\/p>\n\n\n\n<h2 class=\"wp-block-heading\" id=\"h-creddo-som-tillagg\">Creddo som till\u00e4gg<\/h2>\n\n\n\n<p>\u00c4ven om ALMI \u00e4r ett bra alternativ f\u00f6r m\u00e5nga f\u00f6retag, kan det vara v\u00e4rt att \u00f6verv\u00e4ga <strong><a href=\"https:\/\/creddo.com\/se\/experthornan\/foretagslan-vad-man-bor-veta-innan-man-skriver-pa-avtalet\/\">Creddo som ett smidigt till\u00e4gg<\/a><\/strong>. Creddo erbjuder flexibla f\u00f6retagsl\u00e5n som kan fylla ut finansieringen eller snabba p\u00e5 tillg\u00e5ngen till kapital n\u00e4r du beh\u00f6ver det, utan att v\u00e4nta p\u00e5 l\u00e4ngre handl\u00e4ggningstider.<\/p>\n\n\n\n<p><\/p>\n\n\n\n<h2 class=\"wp-block-heading\" id=\"h-sammanfattning-almi-foretagslan\"><strong><strong><strong><strong><strong><strong><strong><strong><strong><strong>Sammanfattning ALMI F\u00f6retagsl\u00e5n<\/strong><\/strong><\/strong><\/strong><\/strong><\/strong><\/strong><\/strong><\/strong><\/strong><\/h2>\n\n\n\n<p><\/p>\n\n\n\n<figure class=\"wp-block-table is-style-stripes\"><table class=\"has-fixed-layout\"><tbody><tr><td>L\u00e5nebelopp<\/td><td>Ingen \u00f6vre gr\u00e4ns<\/td><\/tr><tr><td>L\u00f6ptid<\/td><td>1 &#8211; 60 m\u00e5nader<\/td><\/tr><tr><td>Uppl\u00e4ggningsavgift<\/td><td>Nej<\/td><\/tr><tr><td>Personlig borgen<\/td><td>Ja eller ibland begr\u00e4nsad<\/td><\/tr><tr><td>Aviavgift<\/td><td>Nej<\/td><\/tr><tr><td>Autogiro<\/td><td>Ja<\/td><\/tr><tr><td>Komplettering<\/td><td>Ja<\/td><\/tr><tr><td>BankID<\/td><td>Ja<\/td><\/tr><\/tbody><\/table><\/figure>\n\n\n\n<p><\/p>\n\n\n\n<h2 class=\"wp-block-heading\" id=\"h-detta-ar-creddos-recension-av-langivaren-almi\"><strong>Detta \u00e4r Creddos recension av l\u00e5ngivaren <\/strong>ALMI<\/h2>\n\n\n\n<p>ALMI \u00e4r en etablerad och statligt \u00e4gd l\u00e5ngivare som spelar en viktig roll f\u00f6r sm\u00e5 och medelstora f\u00f6retag som har sv\u00e5rt att f\u00e5 full finansiering via banken. L\u00e5nen \u00e4r ofta flexibla och kombineras med r\u00e5dgivning, men processen kan vara mer omfattande och r\u00e4ntan h\u00f6gre \u00e4n hos traditionella banker. F\u00f6r f\u00f6retag som beh\u00f6ver kompletterande eller snabbare finansiering kan Creddo vara ett effektivt alternativ att anv\u00e4nda parallellt med ALMI.<\/p>\n\n\n\n<p><strong>S\u00e5 h\u00e4r g\u00e5r en ans\u00f6kan till hos ALMI:<\/strong><\/p>\n\n\n\n<p>Att ans\u00f6ka om f\u00f6retagsl\u00e5n hos ALMI kr\u00e4ver planering och tid. Processen \u00e4r ofta mer omfattande \u00e4n hos andra banker och handl\u00e4ggningstiden kan variera fr\u00e5n n\u00e5gra veckor och mer. Det \u00e4r d\u00e4rf\u00f6r viktigt att vara v\u00e4l f\u00f6rberedd innan ans\u00f6kan skickas in. I ans\u00f6kan beh\u00f6ver du ange hur stort l\u00e5n du s\u00f6ker, vad pengarna ska anv\u00e4ndas till samt beskriva f\u00f6retagets verksamhet och framtidsplaner. ALMI beg\u00e4r \u00e4ven ekonomiska underlag, s\u00e5som resultat och likviditetsbudget, f\u00f6r att kunna g\u00f6ra en helhetsbed\u00f6mning av f\u00f6retaget.<\/p>\n\n\n\n<p>Efter att ans\u00f6kan skickats in g\u00f6r ALMI en kreditpr\u00f6vning och kan vid behov be om kompletterande information. F\u00f6r f\u00f6retag som beh\u00f6ver kapital snabbare, eller som vill kombinera ALMI finansiering med ett mer flexibelt l\u00e5n, kan <strong><a href=\"https:\/\/creddo.com\/se\/foretagslan\/laneformedlare\/\" type=\"link\" id=\"https:\/\/creddo.com\/se\/foretagslan\/laneformedlare\/\">Creddo vara ett bra komplement<\/a><\/strong>. Vi rekommenderar d\u00e4rf\u00f6r att man ans\u00f6ker b\u00e5de hos ALMI och Creddo f\u00f6r att spara tid.<strong><br><\/strong><\/p>\n\n\n\n<h3 class=\"wp-block-heading\" id=\"h-detta-erbjuder-almi-sina-kunder\"><strong><strong><strong><strong><strong><strong><strong>Detta erbjuder ALMI sina kunder<\/strong><\/strong><\/strong><\/strong><\/strong><\/strong><\/strong><\/h3>\n\n\n\n<ul class=\"wp-block-list\">\n<li>Belopp &#8211; det finns inget fast maxbelopp f\u00f6r Almi f\u00f6retagsl\u00e5n. Hur stort l\u00e5n som kan beviljas avg\u00f6rs utifr\u00e5n Almis samlade bed\u00f6mning<\/li>\n\n\n\n<li>Mellan 24 &#8211; 60 m\u00e5nader l\u00f6ptid<\/li>\n\n\n\n<li>Konkurrenskraftiga villkor<\/li>\n\n\n\n<li>Begr\u00e4nsat borgen\u00e5tagande<\/li>\n\n\n\n<li>M\u00f6jlighet till amorteringsfrihet <\/li>\n<\/ul>\n\n\n\n<h3 class=\"wp-block-heading\" id=\"h-varfor-ska-man-jamfora-foretagslan-med-creddo-i-samband-med-sin-ansokan-hos-almi\"><strong>Varf\u00f6r ska man j\u00e4mf\u00f6ra f\u00f6retagsl\u00e5n med Creddo i samband med sin ans\u00f6kan hos ALMI?<\/strong><\/h3>\n\n\n\n<p>N\u00e4r du ans\u00f6ker om ett f\u00f6retagsl\u00e5n hos Creddo s\u00e5 har du m\u00f6jlighet att f\u00e5 flera erbjudanden, men det registreras bara en kreditupplysning via UC via oss. Det finns \u00e4ven l\u00e5ngivare som jobbar med andra kreditf\u00f6retag, bland annat CreditSafe och Dun &amp; Bradstreet, tidigare k\u00e4nd som Bisnode. Dessa p\u00e5verkar dock inte ditt f\u00f6retags kreditv\u00e4rdighet. <\/p>\n\n\n\n<p>Via Creddo s\u00e5 f\u00e5r du en god \u00f6verblick p\u00e5 vilka erbjudanden du f\u00e5r och vilket som passar dig och ditt f\u00f6retag b\u00e4st. Ut\u00f6ver detta s\u00e5 ist\u00e4llet f\u00f6r att ans\u00f6ka hos varje l\u00e5ngivare s\u00e5 sparar du b\u00e5de tid och energi genom att samla din ans\u00f6kan p\u00e5 samma st\u00e4lle. Vi p\u00e5 Creddo tar inte ut n\u00e5gon avgift mot dig som f\u00f6retagare, utan f\u00e5r ist\u00e4llet en ers\u00e4ttning fr\u00e5n l\u00e5ngivaren vid utbetalt l\u00e5n. Att j\u00e4mf\u00f6ra l\u00e5ngivare kan hj\u00e4lpa dig att avg\u00f6ra hur du vill g\u00e5 tillv\u00e4ga med din framtida finansering eller om du kommer beh\u00f6va ett till\u00e4gg till ALMI.<\/p>\n","protected":false},"excerpt":{"rendered":"<p>Kort om ALMI f\u00f6retagsl\u00e5n ALMI f\u00f6retagsl\u00e5n Hos oss p\u00e5 Creddo s\u00e5 kan du ans\u00f6ka om f\u00f6retagsl\u00e5n till f\u00f6retag p\u00e5 mellan 10 000 &#8211; 10 000 000 kronor, som kan vara ett bra komplement till ALMI f\u00f6retagsl\u00e5net. F\u00f6r mindre och medelstora bolag kan ALMI vara ett intressant finansieringsalternativ, framf\u00f6r allt n\u00e4r bankfinansiering \u00e4r sv\u00e5r att f\u00e5. [&hellip;]<\/p>\n","protected":false},"author":13,"featured_media":0,"parent":2896,"menu_order":0,"comment_status":"closed","ping_status":"closed","template":"empty-page-with-slider.php","meta":{"_acf_changed":false,"footnotes":""},"class_list":["post-5453","page","type-page","status-publish","hentry"],"acf":[],"yoast_head":"<!-- This site is optimized with the Yoast SEO Premium plugin v26.6 (Yoast SEO v26.8) - https:\/\/yoast.com\/product\/yoast-seo-premium-wordpress\/ -->\n<title>ALMI f\u00f6retagsl\u00e5n: En v\u00e4g till f\u00f6retagsfinansiering<\/title>\n<meta name=\"description\" content=\"L\u00e4r dig mer om Almi f\u00f6retagsl\u00e5n, ett bra alternativ f\u00f6r f\u00f6retag som s\u00f6ker flexibel finansiering och v\u00e4gledning.\" \/>\n<meta name=\"robots\" content=\"index, follow, max-snippet:-1, max-image-preview:large, max-video-preview:-1\" \/>\n<link rel=\"canonical\" href=\"https:\/\/creddo.com\/se\/langivare\/almi-foretagslan\/\" \/>\n<meta property=\"og:locale\" content=\"sv_SE\" \/>\n<meta property=\"og:type\" content=\"article\" \/>\n<meta property=\"og:title\" content=\"ALMI f\u00f6retagsl\u00e5n\" \/>\n<meta property=\"og:description\" content=\"Kort om ALMI f\u00f6retagsl\u00e5n Belopp - det finns inget fast maxbelopp f\u00f6r Almi f\u00f6retagsl\u00e5n. Hur stort l\u00e5n som kan beviljas avg\u00f6rs utifr\u00e5n Almis samlade\" \/>\n<meta property=\"og:url\" content=\"https:\/\/creddo.com\/se\/langivare\/almi-foretagslan\/\" \/>\n<meta property=\"og:site_name\" content=\"Creddo\" \/>\n<meta property=\"article:publisher\" content=\"https:\/\/www.facebook.com\/creddose\" \/>\n<meta property=\"article:modified_time\" content=\"2026-02-03T10:18:12+00:00\" \/>\n<meta property=\"og:image\" content=\"https:\/\/creddo.com\/se\/wp-content\/uploads\/2024\/07\/52.jpg\" \/>\n\t<meta property=\"og:image:width\" content=\"1200\" \/>\n\t<meta property=\"og:image:height\" content=\"630\" \/>\n\t<meta property=\"og:image:type\" content=\"image\/jpeg\" \/>\n<meta name=\"twitter:card\" content=\"summary_large_image\" \/>\n<meta name=\"twitter:label1\" content=\"Ber\u00e4knad l\u00e4stid\" \/>\n\t<meta name=\"twitter:data1\" content=\"5 minuter\" \/>\n<script type=\"application\/ld+json\" class=\"yoast-schema-graph\">{\"@context\":\"https:\/\/schema.org\",\"@graph\":[{\"@type\":\"WebPage\",\"@id\":\"https:\/\/creddo.com\/se\/langivare\/almi-foretagslan\/\",\"url\":\"https:\/\/creddo.com\/se\/langivare\/almi-foretagslan\/\",\"name\":\"ALMI f\u00f6retagsl\u00e5n: En v\u00e4g till f\u00f6retagsfinansiering\",\"isPartOf\":{\"@id\":\"https:\/\/creddo.com\/se\/#website\"},\"datePublished\":\"2026-01-27T14:26:20+00:00\",\"dateModified\":\"2026-02-03T10:18:12+00:00\",\"description\":\"L\u00e4r dig mer om Almi f\u00f6retagsl\u00e5n, ett bra alternativ f\u00f6r f\u00f6retag som s\u00f6ker flexibel finansiering och v\u00e4gledning.\",\"breadcrumb\":{\"@id\":\"https:\/\/creddo.com\/se\/langivare\/almi-foretagslan\/#breadcrumb\"},\"inLanguage\":\"sv-SE\",\"potentialAction\":[{\"@type\":\"ReadAction\",\"target\":[\"https:\/\/creddo.com\/se\/langivare\/almi-foretagslan\/\"]}]},{\"@type\":\"BreadcrumbList\",\"@id\":\"https:\/\/creddo.com\/se\/langivare\/almi-foretagslan\/#breadcrumb\",\"itemListElement\":[{\"@type\":\"ListItem\",\"position\":1,\"name\":\"Creddo.com\",\"item\":\"https:\/\/creddo.com\/se\/\"},{\"@type\":\"ListItem\",\"position\":2,\"name\":\"L\u00e5ngivare\",\"item\":\"https:\/\/creddo.com\/se\/langivare\/\"},{\"@type\":\"ListItem\",\"position\":3,\"name\":\"ALMI f\u00f6retagsl\u00e5n\"}]},{\"@type\":\"WebSite\",\"@id\":\"https:\/\/creddo.com\/se\/#website\",\"url\":\"https:\/\/creddo.com\/se\/\",\"name\":\"Creddo\",\"description\":\"J\u00e4mf\u00f6r f\u00f6retagsl\u00e5n upp till 10 miljoner\",\"publisher\":{\"@id\":\"https:\/\/creddo.com\/se\/#organization\"},\"potentialAction\":[{\"@type\":\"SearchAction\",\"target\":{\"@type\":\"EntryPoint\",\"urlTemplate\":\"https:\/\/creddo.com\/se\/?s={search_term_string}\"},\"query-input\":{\"@type\":\"PropertyValueSpecification\",\"valueRequired\":true,\"valueName\":\"search_term_string\"}}],\"inLanguage\":\"sv-SE\"},{\"@type\":\"Organization\",\"@id\":\"https:\/\/creddo.com\/se\/#organization\",\"name\":\"Creddo AB\",\"url\":\"https:\/\/creddo.com\/se\/\",\"logo\":{\"@type\":\"ImageObject\",\"inLanguage\":\"sv-SE\",\"@id\":\"https:\/\/creddo.com\/se\/#\/schema\/logo\/image\/\",\"url\":\"https:\/\/creddo.com\/se\/wp-content\/uploads\/2024\/04\/Creddo-logo-square.png\",\"contentUrl\":\"https:\/\/creddo.com\/se\/wp-content\/uploads\/2024\/04\/Creddo-logo-square.png\",\"width\":720,\"height\":720,\"caption\":\"Creddo AB\"},\"image\":{\"@id\":\"https:\/\/creddo.com\/se\/#\/schema\/logo\/image\/\"},\"sameAs\":[\"https:\/\/www.facebook.com\/creddose\",\"https:\/\/www.linkedin.com\/company\/creddo-ab\/\"]}]}<\/script>\n<!-- \/ Yoast SEO Premium plugin. -->","yoast_head_json":{"title":"ALMI f\u00f6retagsl\u00e5n: En v\u00e4g till f\u00f6retagsfinansiering","description":"L\u00e4r dig mer om Almi f\u00f6retagsl\u00e5n, ett bra alternativ f\u00f6r f\u00f6retag som s\u00f6ker flexibel finansiering och v\u00e4gledning.","robots":{"index":"index","follow":"follow","max-snippet":"max-snippet:-1","max-image-preview":"max-image-preview:large","max-video-preview":"max-video-preview:-1"},"canonical":"https:\/\/creddo.com\/se\/langivare\/almi-foretagslan\/","og_locale":"sv_SE","og_type":"article","og_title":"ALMI f\u00f6retagsl\u00e5n","og_description":"Kort om ALMI f\u00f6retagsl\u00e5n Belopp - det finns inget fast maxbelopp f\u00f6r Almi f\u00f6retagsl\u00e5n. Hur stort l\u00e5n som kan beviljas avg\u00f6rs utifr\u00e5n Almis samlade","og_url":"https:\/\/creddo.com\/se\/langivare\/almi-foretagslan\/","og_site_name":"Creddo","article_publisher":"https:\/\/www.facebook.com\/creddose","article_modified_time":"2026-02-03T10:18:12+00:00","og_image":[{"width":1200,"height":630,"url":"https:\/\/creddo.com\/se\/wp-content\/uploads\/2024\/07\/52.jpg","type":"image\/jpeg"}],"twitter_card":"summary_large_image","twitter_misc":{"Ber\u00e4knad l\u00e4stid":"5 minuter"},"schema":{"@context":"https:\/\/schema.org","@graph":[{"@type":"WebPage","@id":"https:\/\/creddo.com\/se\/langivare\/almi-foretagslan\/","url":"https:\/\/creddo.com\/se\/langivare\/almi-foretagslan\/","name":"ALMI f\u00f6retagsl\u00e5n: En v\u00e4g till f\u00f6retagsfinansiering","isPartOf":{"@id":"https:\/\/creddo.com\/se\/#website"},"datePublished":"2026-01-27T14:26:20+00:00","dateModified":"2026-02-03T10:18:12+00:00","description":"L\u00e4r dig mer om Almi f\u00f6retagsl\u00e5n, ett bra alternativ f\u00f6r f\u00f6retag som s\u00f6ker flexibel finansiering och v\u00e4gledning.","breadcrumb":{"@id":"https:\/\/creddo.com\/se\/langivare\/almi-foretagslan\/#breadcrumb"},"inLanguage":"sv-SE","potentialAction":[{"@type":"ReadAction","target":["https:\/\/creddo.com\/se\/langivare\/almi-foretagslan\/"]}]},{"@type":"BreadcrumbList","@id":"https:\/\/creddo.com\/se\/langivare\/almi-foretagslan\/#breadcrumb","itemListElement":[{"@type":"ListItem","position":1,"name":"Creddo.com","item":"https:\/\/creddo.com\/se\/"},{"@type":"ListItem","position":2,"name":"L\u00e5ngivare","item":"https:\/\/creddo.com\/se\/langivare\/"},{"@type":"ListItem","position":3,"name":"ALMI f\u00f6retagsl\u00e5n"}]},{"@type":"WebSite","@id":"https:\/\/creddo.com\/se\/#website","url":"https:\/\/creddo.com\/se\/","name":"Creddo","description":"J\u00e4mf\u00f6r f\u00f6retagsl\u00e5n upp till 10 miljoner","publisher":{"@id":"https:\/\/creddo.com\/se\/#organization"},"potentialAction":[{"@type":"SearchAction","target":{"@type":"EntryPoint","urlTemplate":"https:\/\/creddo.com\/se\/?s={search_term_string}"},"query-input":{"@type":"PropertyValueSpecification","valueRequired":true,"valueName":"search_term_string"}}],"inLanguage":"sv-SE"},{"@type":"Organization","@id":"https:\/\/creddo.com\/se\/#organization","name":"Creddo AB","url":"https:\/\/creddo.com\/se\/","logo":{"@type":"ImageObject","inLanguage":"sv-SE","@id":"https:\/\/creddo.com\/se\/#\/schema\/logo\/image\/","url":"https:\/\/creddo.com\/se\/wp-content\/uploads\/2024\/04\/Creddo-logo-square.png","contentUrl":"https:\/\/creddo.com\/se\/wp-content\/uploads\/2024\/04\/Creddo-logo-square.png","width":720,"height":720,"caption":"Creddo AB"},"image":{"@id":"https:\/\/creddo.com\/se\/#\/schema\/logo\/image\/"},"sameAs":["https:\/\/www.facebook.com\/creddose","https:\/\/www.linkedin.com\/company\/creddo-ab\/"]}]}},"lang":"sv","translations":{"sv":5453},"pll_sync_post":[],"_links":{"self":[{"href":"https:\/\/creddo.com\/se\/wp-json\/wp\/v2\/pages\/5453","targetHints":{"allow":["GET"]}}],"collection":[{"href":"https:\/\/creddo.com\/se\/wp-json\/wp\/v2\/pages"}],"about":[{"href":"https:\/\/creddo.com\/se\/wp-json\/wp\/v2\/types\/page"}],"author":[{"embeddable":true,"href":"https:\/\/creddo.com\/se\/wp-json\/wp\/v2\/users\/13"}],"replies":[{"embeddable":true,"href":"https:\/\/creddo.com\/se\/wp-json\/wp\/v2\/comments?post=5453"}],"version-history":[{"count":7,"href":"https:\/\/creddo.com\/se\/wp-json\/wp\/v2\/pages\/5453\/revisions"}],"predecessor-version":[{"id":5465,"href":"https:\/\/creddo.com\/se\/wp-json\/wp\/v2\/pages\/5453\/revisions\/5465"}],"up":[{"embeddable":true,"href":"https:\/\/creddo.com\/se\/wp-json\/wp\/v2\/pages\/2896"}],"wp:attachment":[{"href":"https:\/\/creddo.com\/se\/wp-json\/wp\/v2\/media?parent=5453"}],"curies":[{"name":"wp","href":"https:\/\/api.w.org\/{rel}","templated":true}]}}