{"id":5473,"date":"2026-02-11T15:58:33","date_gmt":"2026-02-11T14:58:33","guid":{"rendered":"https:\/\/creddo.com\/se\/?page_id=5473"},"modified":"2026-03-27T15:22:54","modified_gmt":"2026-03-27T14:22:54","slug":"juni-fakturakredit","status":"publish","type":"page","link":"https:\/\/creddo.com\/se\/langivare\/juni-fakturakredit\/","title":{"rendered":"Juni fakturakredit"},"content":{"rendered":"\n<h2 class=\"wp-block-heading\" id=\"h-finansiera-fakturor-nu-betala-senare-med-juni\"><strong>Finansiera fakturor nu, betala senare med Juni<\/strong><\/h2>\n\n\n\n<p>Juni \u00e4r en svensk fintech-plattform som kombinerar f\u00f6retagsbank, utgiftshantering, betalningar, automatiserad bokf\u00f6ring och flexibel finansiering i en digital plattform.<\/p>\n\n\n\n<p>En Kredit beh\u00f6ver inte alls vara en n\u00f6dl\u00f6sning. Tv\u00e4rtom kan det anv\u00e4ndas f\u00f6r att optimera kassafl\u00f6det och s\u00e4kerst\u00e4lla att pengar finns d\u00e4r det g\u00f6r mest nytta. Vi erbjuder kredit f\u00f6r att betala dina fakturor med l\u00e5ga, transparenta avgifter och upp till 120 dagars \u00e5terbetalning. Med Juni f\u00e5r du \u00e4ven andra banktj\u00e4nster, utgiftshantering och bokf\u00f6ring, vilket ger dig fullst\u00e4ndig kontroll \u00f6ver f\u00f6retagets ekonomi, slippa manuella processer och till och med s\u00e4nka dina l\u00f6pande kostnader &#8211; allt genom en plattform.<\/p>\n\n\n\n<p><strong><strong>Hur fungerar Junis fakturakredi<\/strong><\/strong>t?<\/p>\n\n\n\n<p>Pengar som \u00e4r l\u00e5sta i leverant\u00f6rsfakturor \u00e4r en klassisk tillv\u00e4xtf\u00e4lla. Fakturakredit fr\u00e5n Juni \u00e4r en modern finansieringsl\u00f6sning designad f\u00f6r att du ska kunna investera i tillv\u00e4xt utan att t\u00f6mma kontot.<\/p>\n\n\n\n<p><strong>Detta utm\u00e4rker krediten:<\/strong><\/p>\n\n\n\n<ul class=\"wp-block-list\">\n<li>Upp till 120 dagars \u00e5terbetalning. F\u00e5 l\u00e4ngre tid att betala leverant\u00f6rer, frig\u00f6r ditt kassafl\u00f6de eller f\u00f6rhandla fram b\u00e4ttre priser.&nbsp;<\/li>\n\n\n\n<li>Revolverande kredit. Kredit som erbjuds av Juni kan du anv\u00e4nda, betala tillbaka och sedan anv\u00e4nda igen, f\u00f6r \u00f6kad flexibilitet.<\/li>\n\n\n\n<li>Betala i lokala valutor. Spara pengar p\u00e5 dyra v\u00e4xlingsavgifter genom att betala leverant\u00f6rer direkt i deras valuta (USD, EUR, GBP m.fl.).<\/li>\n\n\n\n<li>L\u00e5ga och transparenta avgifter. Du betalar endast f\u00f6r den kredit du faktiskt anv\u00e4nder.<\/li>\n<\/ul>\n\n\n\n<h2 class=\"wp-block-heading\" id=\"h-fordelar-med-juni\"><strong><strong>F\u00f6rdelar med <\/strong><\/strong>Juni<\/h2>\n\n\n\n<p>Pengar som \u00e4r l\u00e5sta i leverant\u00f6rsfakturor \u00e4r en klassisk tillv\u00e4xtf\u00e4lla. Finansieringsl\u00f6sningar fr\u00e5n Juni hj\u00e4lper dig att investera i tillv\u00e4xt utan att t\u00f6mma kontot.<\/p>\n\n\n\n<ul class=\"wp-block-list\">\n<li>Allt i en plattform, det vill s\u00e4ga bank, betalningar, bokf\u00f6ring och kredit p\u00e5 samma st\u00e4lle med Juni som partner.<\/li>\n\n\n\n<li>Snabbare betalningar till dina leverant\u00f6rer<\/li>\n\n\n\n<li>Flera valutor f\u00f6r f\u00f6retag som verkar internationellt<\/li>\n\n\n\n<li>F\u00e5 ett j\u00e4mnare kassafl\u00f6de med mer r\u00f6relsekapital tillg\u00e4ngligt<\/li>\n\n\n\n<li>L\u00e4gg st\u00f6rre ordrar till l\u00e4gre enhetspris och \u00f6ka dina marginaler.<\/li>\n<\/ul>\n\n\n\n<p><\/p>\n\n\n\n<h2 class=\"wp-block-heading\" id=\"h-sa-funkar-det-nar-du-ansoker-hos-juni-via-creddo\"><strong><strong><strong>S\u00e5 funkar det<\/strong><\/strong><\/strong> n\u00e4r du ans\u00f6ker hos Juni via Creddo<\/h2>\n\n\n\n<p><\/p>\n\n\n\n<ol class=\"wp-block-list\">\n<li>Efter du har valt Juni erbjudande via Creddo s\u00e5 blir du kontaktad via mail och telefon.<\/li>\n\n\n\n<li>Granskning och svar inom 24-48h. Din ans\u00f6kan bed\u00f6ms utifr\u00e5n flera faktorer, inklusive ditt f\u00f6retags \u00e5lder, land, handelshistoria, bransch, resultat fr\u00e5n en kreditupplysning, ekonomiska situation, befintliga skulder och kassafl\u00f6de.<\/li>\n\n\n\n<li>B\u00f6rja finansiera. F\u00e5 tillg\u00e5ng till ditt kreditutrymme och betala dina f\u00f6rsta fakturor direkt med hj\u00e4lp av Juni.<\/li>\n<\/ol>\n\n\n\n<p><\/p>\n\n\n\n<h2 class=\"wp-block-heading\" id=\"h-varfor-ska-man-jamfora-foretagslan-med-creddo\"><strong>Varf\u00f6r ska man j\u00e4mf\u00f6ra f\u00f6retagsl\u00e5n med Creddo?<\/strong><\/h2>\n\n\n\n<p>N\u00e4r du ans\u00f6ker om ett f\u00f6retagsl\u00e5n hos Creddo s\u00e5 har du m\u00f6jlighet att f\u00e5 flera erbjudanden, men det registreras bara en <a href=\"https:\/\/creddo.com\/se\/foretagslan\/kreditupplysning\/\">kreditupplysning<\/a> via UC. Det finns \u00e4ven l\u00e5ngivare som jobbar med andra kreditf\u00f6retag, bland annat CreditSafe och Dun &amp; Bradstreet, tidigare k\u00e4nd som Bisnode. D<a href=\"https:\/\/creddo.com\/se\/experthornan\/forbattra-foretagets-kreditvardighet-16-kraftfulla-tips-for-finansiell-framgang\/\">essa p\u00e5verkar dock inte ditt f\u00f6retags kreditv\u00e4rdighet.\u00a0<\/a><\/p>\n\n\n\n<p><\/p>\n\n\n\n<p>Via Creddo s\u00e5 f\u00e5r du en bra \u00f6verblick p\u00e5 vilka erbjudanden du f\u00e5r och vilket som passar dig och ditt f\u00f6retag b\u00e4st. Med st\u00f6d fr\u00e5n Treyd kan du ans\u00f6ka om flera olika l\u00e5n genom att samla din ans\u00f6kan p\u00e5 samma st\u00e4lle utan avgift mot dig som f\u00f6retagare. Vi p\u00e5 Creddo tar inte ut n\u00e5gon avgift mot dig som f\u00f6retagare, utan f\u00e5r ist\u00e4llet en ers\u00e4ttning fr\u00e5n l\u00e5ngivaren vid utbetalt <a href=\"https:\/\/creddo.com\/se\/foretagslan\/basta-foretagslanet\/\">l\u00e5n<\/a>.<\/p>\n\n\n\n<p><\/p>\n\n\n\n<h2 class=\"wp-block-heading\" id=\"h-sammanfattning-juni\"><strong>Sammanfattning <\/strong>Juni<\/h2>\n\n\n\n<p><\/p>\n\n\n\n<figure class=\"wp-block-table is-style-stripes\"><table class=\"has-fixed-layout\"><tbody><tr><td>L\u00e5nebelopp<\/td><td>100 000 &#8211; 100 000 000 kr<\/td><\/tr><tr><td>L\u00f6ptid<\/td><td>1 &#8211; 4  m\u00e5nader<\/td><\/tr><tr><td>Uppl\u00e4ggningsavgift<\/td><td>Nej<\/td><\/tr><tr><td>Personlig borgen<\/td><td>Nej<\/td><\/tr><tr><td>Aviavgift<\/td><td>Nej<\/td><\/tr><tr><td>Autogiro<\/td><td>Nej<\/td><\/tr><tr><td>Komplettering<\/td><td>Ja<\/td><\/tr><tr><td>BankID<\/td><td>Ja<\/td><\/tr><\/tbody><\/table><\/figure>\n","protected":false},"excerpt":{"rendered":"<p>Finansiera fakturor nu, betala senare med Juni Juni \u00e4r en svensk fintech-plattform som kombinerar f\u00f6retagsbank, utgiftshantering, betalningar, automatiserad bokf\u00f6ring och flexibel finansiering i en digital plattform. En Kredit beh\u00f6ver inte alls vara en n\u00f6dl\u00f6sning. Tv\u00e4rtom kan det anv\u00e4ndas f\u00f6r att optimera kassafl\u00f6det och s\u00e4kerst\u00e4lla att pengar finns d\u00e4r det g\u00f6r mest nytta. Vi erbjuder kredit [&hellip;]<\/p>\n","protected":false},"author":13,"featured_media":0,"parent":0,"menu_order":0,"comment_status":"closed","ping_status":"closed","template":"empty-page-with-slider.php","meta":{"_acf_changed":false,"footnotes":""},"class_list":["post-5473","page","type-page","status-publish","hentry"],"acf":[],"yoast_head":"<!-- This site is optimized with the Yoast SEO Premium plugin v26.6 (Yoast SEO v26.8) - https:\/\/yoast.com\/product\/yoast-seo-premium-wordpress\/ -->\n<title>Juni: Optimera Ditt F\u00f6retags Kassafl\u00f6de<\/title>\n<meta name=\"description\" content=\"Beh\u00f6ver du kredit? Med Juni kan du finansiera dina fakturor och f\u00e5 fullst\u00e4ndig \u00f6versikt \u00f6ver f\u00f6retagets ekonomi.\" \/>\n<meta name=\"robots\" content=\"index, follow, max-snippet:-1, max-image-preview:large, max-video-preview:-1\" \/>\n<link rel=\"canonical\" href=\"https:\/\/creddo.com\/se\/langivare\/juni-fakturakredit\/\" \/>\n<meta property=\"og:locale\" content=\"sv_SE\" \/>\n<meta property=\"og:type\" content=\"article\" \/>\n<meta property=\"og:title\" content=\"Juni fakturakredit\" \/>\n<meta property=\"og:description\" content=\"Finansiera fakturor nu, betala senare med Juni Juni \u00e4r en svensk fintech-plattform som kombinerar f\u00f6retagsbank, utgiftshantering, betalningar,\" \/>\n<meta property=\"og:url\" content=\"https:\/\/creddo.com\/se\/langivare\/juni-fakturakredit\/\" \/>\n<meta property=\"og:site_name\" content=\"Creddo\" \/>\n<meta property=\"article:publisher\" content=\"https:\/\/www.facebook.com\/creddose\" \/>\n<meta property=\"article:modified_time\" content=\"2026-03-27T14:22:54+00:00\" \/>\n<meta property=\"og:image\" content=\"https:\/\/creddo.com\/se\/wp-content\/uploads\/2024\/07\/52.jpg\" \/>\n\t<meta property=\"og:image:width\" content=\"1200\" \/>\n\t<meta property=\"og:image:height\" content=\"630\" \/>\n\t<meta property=\"og:image:type\" content=\"image\/jpeg\" \/>\n<meta name=\"twitter:card\" content=\"summary_large_image\" \/>\n<meta name=\"twitter:label1\" content=\"Ber\u00e4knad l\u00e4stid\" \/>\n\t<meta name=\"twitter:data1\" content=\"3 minuter\" \/>\n<script type=\"application\/ld+json\" class=\"yoast-schema-graph\">{\"@context\":\"https:\/\/schema.org\",\"@graph\":[{\"@type\":\"WebPage\",\"@id\":\"https:\/\/creddo.com\/se\/langivare\/juni-fakturakredit\/\",\"url\":\"https:\/\/creddo.com\/se\/langivare\/juni-fakturakredit\/\",\"name\":\"Juni: Optimera Ditt F\u00f6retags Kassafl\u00f6de\",\"isPartOf\":{\"@id\":\"https:\/\/creddo.com\/se\/#website\"},\"datePublished\":\"2026-02-11T14:58:33+00:00\",\"dateModified\":\"2026-03-27T14:22:54+00:00\",\"description\":\"Beh\u00f6ver du kredit? Med Juni kan du finansiera dina fakturor och f\u00e5 fullst\u00e4ndig \u00f6versikt \u00f6ver f\u00f6retagets ekonomi.\",\"breadcrumb\":{\"@id\":\"https:\/\/creddo.com\/se\/langivare\/juni-fakturakredit\/#breadcrumb\"},\"inLanguage\":\"sv-SE\",\"potentialAction\":[{\"@type\":\"ReadAction\",\"target\":[\"https:\/\/creddo.com\/se\/langivare\/juni-fakturakredit\/\"]}]},{\"@type\":\"BreadcrumbList\",\"@id\":\"https:\/\/creddo.com\/se\/langivare\/juni-fakturakredit\/#breadcrumb\",\"itemListElement\":[{\"@type\":\"ListItem\",\"position\":1,\"name\":\"Creddo.com\",\"item\":\"https:\/\/creddo.com\/se\/\"},{\"@type\":\"ListItem\",\"position\":2,\"name\":\"Juni fakturakredit\"}]},{\"@type\":\"WebSite\",\"@id\":\"https:\/\/creddo.com\/se\/#website\",\"url\":\"https:\/\/creddo.com\/se\/\",\"name\":\"Creddo\",\"description\":\"J\u00e4mf\u00f6r f\u00f6retagsl\u00e5n upp till 10 miljoner\",\"publisher\":{\"@id\":\"https:\/\/creddo.com\/se\/#organization\"},\"potentialAction\":[{\"@type\":\"SearchAction\",\"target\":{\"@type\":\"EntryPoint\",\"urlTemplate\":\"https:\/\/creddo.com\/se\/?s={search_term_string}\"},\"query-input\":{\"@type\":\"PropertyValueSpecification\",\"valueRequired\":true,\"valueName\":\"search_term_string\"}}],\"inLanguage\":\"sv-SE\"},{\"@type\":\"Organization\",\"@id\":\"https:\/\/creddo.com\/se\/#organization\",\"name\":\"Creddo AB\",\"url\":\"https:\/\/creddo.com\/se\/\",\"logo\":{\"@type\":\"ImageObject\",\"inLanguage\":\"sv-SE\",\"@id\":\"https:\/\/creddo.com\/se\/#\/schema\/logo\/image\/\",\"url\":\"https:\/\/creddo.com\/se\/wp-content\/uploads\/2024\/04\/Creddo-logo-square.png\",\"contentUrl\":\"https:\/\/creddo.com\/se\/wp-content\/uploads\/2024\/04\/Creddo-logo-square.png\",\"width\":720,\"height\":720,\"caption\":\"Creddo AB\"},\"image\":{\"@id\":\"https:\/\/creddo.com\/se\/#\/schema\/logo\/image\/\"},\"sameAs\":[\"https:\/\/www.facebook.com\/creddose\",\"https:\/\/www.linkedin.com\/company\/creddo-ab\/\"]}]}<\/script>\n<!-- \/ Yoast SEO Premium plugin. -->","yoast_head_json":{"title":"Juni: Optimera Ditt F\u00f6retags Kassafl\u00f6de","description":"Beh\u00f6ver du kredit? Med Juni kan du finansiera dina fakturor och f\u00e5 fullst\u00e4ndig \u00f6versikt \u00f6ver f\u00f6retagets ekonomi.","robots":{"index":"index","follow":"follow","max-snippet":"max-snippet:-1","max-image-preview":"max-image-preview:large","max-video-preview":"max-video-preview:-1"},"canonical":"https:\/\/creddo.com\/se\/langivare\/juni-fakturakredit\/","og_locale":"sv_SE","og_type":"article","og_title":"Juni fakturakredit","og_description":"Finansiera fakturor nu, betala senare med Juni Juni \u00e4r en svensk fintech-plattform som kombinerar f\u00f6retagsbank, utgiftshantering, betalningar,","og_url":"https:\/\/creddo.com\/se\/langivare\/juni-fakturakredit\/","og_site_name":"Creddo","article_publisher":"https:\/\/www.facebook.com\/creddose","article_modified_time":"2026-03-27T14:22:54+00:00","og_image":[{"width":1200,"height":630,"url":"https:\/\/creddo.com\/se\/wp-content\/uploads\/2024\/07\/52.jpg","type":"image\/jpeg"}],"twitter_card":"summary_large_image","twitter_misc":{"Ber\u00e4knad l\u00e4stid":"3 minuter"},"schema":{"@context":"https:\/\/schema.org","@graph":[{"@type":"WebPage","@id":"https:\/\/creddo.com\/se\/langivare\/juni-fakturakredit\/","url":"https:\/\/creddo.com\/se\/langivare\/juni-fakturakredit\/","name":"Juni: Optimera Ditt F\u00f6retags Kassafl\u00f6de","isPartOf":{"@id":"https:\/\/creddo.com\/se\/#website"},"datePublished":"2026-02-11T14:58:33+00:00","dateModified":"2026-03-27T14:22:54+00:00","description":"Beh\u00f6ver du kredit? Med Juni kan du finansiera dina fakturor och f\u00e5 fullst\u00e4ndig \u00f6versikt \u00f6ver f\u00f6retagets ekonomi.","breadcrumb":{"@id":"https:\/\/creddo.com\/se\/langivare\/juni-fakturakredit\/#breadcrumb"},"inLanguage":"sv-SE","potentialAction":[{"@type":"ReadAction","target":["https:\/\/creddo.com\/se\/langivare\/juni-fakturakredit\/"]}]},{"@type":"BreadcrumbList","@id":"https:\/\/creddo.com\/se\/langivare\/juni-fakturakredit\/#breadcrumb","itemListElement":[{"@type":"ListItem","position":1,"name":"Creddo.com","item":"https:\/\/creddo.com\/se\/"},{"@type":"ListItem","position":2,"name":"Juni fakturakredit"}]},{"@type":"WebSite","@id":"https:\/\/creddo.com\/se\/#website","url":"https:\/\/creddo.com\/se\/","name":"Creddo","description":"J\u00e4mf\u00f6r f\u00f6retagsl\u00e5n upp till 10 miljoner","publisher":{"@id":"https:\/\/creddo.com\/se\/#organization"},"potentialAction":[{"@type":"SearchAction","target":{"@type":"EntryPoint","urlTemplate":"https:\/\/creddo.com\/se\/?s={search_term_string}"},"query-input":{"@type":"PropertyValueSpecification","valueRequired":true,"valueName":"search_term_string"}}],"inLanguage":"sv-SE"},{"@type":"Organization","@id":"https:\/\/creddo.com\/se\/#organization","name":"Creddo AB","url":"https:\/\/creddo.com\/se\/","logo":{"@type":"ImageObject","inLanguage":"sv-SE","@id":"https:\/\/creddo.com\/se\/#\/schema\/logo\/image\/","url":"https:\/\/creddo.com\/se\/wp-content\/uploads\/2024\/04\/Creddo-logo-square.png","contentUrl":"https:\/\/creddo.com\/se\/wp-content\/uploads\/2024\/04\/Creddo-logo-square.png","width":720,"height":720,"caption":"Creddo AB"},"image":{"@id":"https:\/\/creddo.com\/se\/#\/schema\/logo\/image\/"},"sameAs":["https:\/\/www.facebook.com\/creddose","https:\/\/www.linkedin.com\/company\/creddo-ab\/"]}]}},"lang":"sv","translations":{"sv":5473},"pll_sync_post":[],"_links":{"self":[{"href":"https:\/\/creddo.com\/se\/wp-json\/wp\/v2\/pages\/5473","targetHints":{"allow":["GET"]}}],"collection":[{"href":"https:\/\/creddo.com\/se\/wp-json\/wp\/v2\/pages"}],"about":[{"href":"https:\/\/creddo.com\/se\/wp-json\/wp\/v2\/types\/page"}],"author":[{"embeddable":true,"href":"https:\/\/creddo.com\/se\/wp-json\/wp\/v2\/users\/13"}],"replies":[{"embeddable":true,"href":"https:\/\/creddo.com\/se\/wp-json\/wp\/v2\/comments?post=5473"}],"version-history":[{"count":12,"href":"https:\/\/creddo.com\/se\/wp-json\/wp\/v2\/pages\/5473\/revisions"}],"predecessor-version":[{"id":5578,"href":"https:\/\/creddo.com\/se\/wp-json\/wp\/v2\/pages\/5473\/revisions\/5578"}],"wp:attachment":[{"href":"https:\/\/creddo.com\/se\/wp-json\/wp\/v2\/media?parent=5473"}],"curies":[{"name":"wp","href":"https:\/\/api.w.org\/{rel}","templated":true}]}}