{"id":5597,"date":"2026-04-16T15:47:16","date_gmt":"2026-04-16T13:47:16","guid":{"rendered":"https:\/\/creddo.com\/se\/?page_id=5597"},"modified":"2026-04-16T15:47:17","modified_gmt":"2026-04-16T13:47:17","slug":"verktyg-mallar","status":"publish","type":"page","link":"https:\/\/creddo.com\/se\/verktyg-mallar\/","title":{"rendered":"Verktyg &amp; mallar"},"content":{"rendered":"\n<p>P\u00e5 den h\u00e4r verktygssidan hittar du alla m\u00f6jliga praktiska hj\u00e4lpmedel p\u00e5 ett st\u00e4lle. Fr\u00e5n r\u00e4knverktyg och mallar till praktiska Excel-ark: allt \u00e4r t\u00e4nkt f\u00f6r att g\u00f6ra ditt arbete enklare, snabbare och mer \u00f6versk\u00e5dligt.<\/p>\n\n\n\n<p><\/p>\n","protected":false},"excerpt":{"rendered":"<p>P\u00e5 den h\u00e4r verktygssidan hittar du alla m\u00f6jliga praktiska hj\u00e4lpmedel p\u00e5 ett st\u00e4lle. Fr\u00e5n r\u00e4knverktyg och mallar till praktiska Excel-ark: allt \u00e4r t\u00e4nkt f\u00f6r att g\u00f6ra ditt arbete enklare, snabbare och mer \u00f6versk\u00e5dligt.<\/p>\n","protected":false},"author":15,"featured_media":0,"parent":0,"menu_order":0,"comment_status":"closed","ping_status":"closed","template":"creddopage.php","meta":{"_acf_changed":false,"footnotes":""},"class_list":["post-5597","page","type-page","status-publish","hentry"],"acf":[],"yoast_head":"<!-- This site is optimized with the Yoast SEO Premium plugin v26.6 (Yoast SEO v26.8) - https:\/\/yoast.com\/product\/yoast-seo-premium-wordpress\/ -->\n<title>Verktyg &amp; mallar - Creddo<\/title>\n<meta name=\"description\" content=\"Utforska verktyg &amp; mallar som g\u00f6r ditt arbete enklare och snabbare. Hitta alla praktiska hj\u00e4lpredor p\u00e5 ett st\u00e4lle.\" \/>\n<meta name=\"robots\" content=\"index, follow, max-snippet:-1, max-image-preview:large, max-video-preview:-1\" \/>\n<link rel=\"canonical\" href=\"https:\/\/creddo.com\/se\/verktyg-mallar\/\" \/>\n<meta property=\"og:locale\" content=\"sv_SE\" \/>\n<meta property=\"og:type\" content=\"article\" \/>\n<meta property=\"og:title\" content=\"Verktyg &amp; mallar\" \/>\n<meta property=\"og:description\" content=\"P\u00e5 den h\u00e4r verktygssidan hittar du alla m\u00f6jliga praktiska hj\u00e4lpmedel p\u00e5 ett st\u00e4lle. Fr\u00e5n r\u00e4knverktyg och mallar till praktiska Excel-ark: allt \u00e4r t\u00e4nkt\" \/>\n<meta property=\"og:url\" content=\"https:\/\/creddo.com\/se\/verktyg-mallar\/\" \/>\n<meta property=\"og:site_name\" content=\"Creddo\" \/>\n<meta property=\"article:publisher\" content=\"https:\/\/www.facebook.com\/creddose\" \/>\n<meta property=\"article:modified_time\" content=\"2026-04-16T13:47:17+00:00\" \/>\n<meta property=\"og:image\" content=\"https:\/\/creddo.com\/se\/wp-content\/uploads\/2024\/07\/52.jpg\" \/>\n\t<meta property=\"og:image:width\" content=\"1200\" \/>\n\t<meta property=\"og:image:height\" content=\"630\" \/>\n\t<meta property=\"og:image:type\" content=\"image\/jpeg\" \/>\n<meta name=\"twitter:card\" content=\"summary_large_image\" \/>\n<meta name=\"twitter:label1\" content=\"Ber\u00e4knad l\u00e4stid\" \/>\n\t<meta name=\"twitter:data1\" content=\"1 minut\" \/>\n<script type=\"application\/ld+json\" class=\"yoast-schema-graph\">{\"@context\":\"https:\/\/schema.org\",\"@graph\":[{\"@type\":\"WebPage\",\"@id\":\"https:\/\/creddo.com\/se\/verktyg-mallar\/\",\"url\":\"https:\/\/creddo.com\/se\/verktyg-mallar\/\",\"name\":\"Verktyg &amp; mallar - Creddo\",\"isPartOf\":{\"@id\":\"https:\/\/creddo.com\/se\/#website\"},\"datePublished\":\"2026-04-16T13:47:16+00:00\",\"dateModified\":\"2026-04-16T13:47:17+00:00\",\"description\":\"Utforska verktyg & mallar som g\u00f6r ditt arbete enklare och snabbare. Hitta alla praktiska hj\u00e4lpredor p\u00e5 ett st\u00e4lle.\",\"breadcrumb\":{\"@id\":\"https:\/\/creddo.com\/se\/verktyg-mallar\/#breadcrumb\"},\"inLanguage\":\"sv-SE\",\"potentialAction\":[{\"@type\":\"ReadAction\",\"target\":[\"https:\/\/creddo.com\/se\/verktyg-mallar\/\"]}]},{\"@type\":\"BreadcrumbList\",\"@id\":\"https:\/\/creddo.com\/se\/verktyg-mallar\/#breadcrumb\",\"itemListElement\":[{\"@type\":\"ListItem\",\"position\":1,\"name\":\"Creddo.com\",\"item\":\"https:\/\/creddo.com\/se\/\"},{\"@type\":\"ListItem\",\"position\":2,\"name\":\"Verktyg &amp; mallar\"}]},{\"@type\":\"WebSite\",\"@id\":\"https:\/\/creddo.com\/se\/#website\",\"url\":\"https:\/\/creddo.com\/se\/\",\"name\":\"Creddo\",\"description\":\"J\u00e4mf\u00f6r f\u00f6retagsl\u00e5n upp till 10 miljoner\",\"publisher\":{\"@id\":\"https:\/\/creddo.com\/se\/#organization\"},\"potentialAction\":[{\"@type\":\"SearchAction\",\"target\":{\"@type\":\"EntryPoint\",\"urlTemplate\":\"https:\/\/creddo.com\/se\/?s={search_term_string}\"},\"query-input\":{\"@type\":\"PropertyValueSpecification\",\"valueRequired\":true,\"valueName\":\"search_term_string\"}}],\"inLanguage\":\"sv-SE\"},{\"@type\":\"Organization\",\"@id\":\"https:\/\/creddo.com\/se\/#organization\",\"name\":\"Creddo AB\",\"url\":\"https:\/\/creddo.com\/se\/\",\"logo\":{\"@type\":\"ImageObject\",\"inLanguage\":\"sv-SE\",\"@id\":\"https:\/\/creddo.com\/se\/#\/schema\/logo\/image\/\",\"url\":\"https:\/\/creddo.com\/se\/wp-content\/uploads\/2024\/04\/Creddo-logo-square.png\",\"contentUrl\":\"https:\/\/creddo.com\/se\/wp-content\/uploads\/2024\/04\/Creddo-logo-square.png\",\"width\":720,\"height\":720,\"caption\":\"Creddo AB\"},\"image\":{\"@id\":\"https:\/\/creddo.com\/se\/#\/schema\/logo\/image\/\"},\"sameAs\":[\"https:\/\/www.facebook.com\/creddose\",\"https:\/\/www.linkedin.com\/company\/creddo-ab\/\"]}]}<\/script>\n<!-- \/ Yoast SEO Premium plugin. -->","yoast_head_json":{"title":"Verktyg &amp; mallar - Creddo","description":"Utforska verktyg & mallar som g\u00f6r ditt arbete enklare och snabbare. Hitta alla praktiska hj\u00e4lpredor p\u00e5 ett st\u00e4lle.","robots":{"index":"index","follow":"follow","max-snippet":"max-snippet:-1","max-image-preview":"max-image-preview:large","max-video-preview":"max-video-preview:-1"},"canonical":"https:\/\/creddo.com\/se\/verktyg-mallar\/","og_locale":"sv_SE","og_type":"article","og_title":"Verktyg &amp; mallar","og_description":"P\u00e5 den h\u00e4r verktygssidan hittar du alla m\u00f6jliga praktiska hj\u00e4lpmedel p\u00e5 ett st\u00e4lle. Fr\u00e5n r\u00e4knverktyg och mallar till praktiska Excel-ark: allt \u00e4r t\u00e4nkt","og_url":"https:\/\/creddo.com\/se\/verktyg-mallar\/","og_site_name":"Creddo","article_publisher":"https:\/\/www.facebook.com\/creddose","article_modified_time":"2026-04-16T13:47:17+00:00","og_image":[{"width":1200,"height":630,"url":"https:\/\/creddo.com\/se\/wp-content\/uploads\/2024\/07\/52.jpg","type":"image\/jpeg"}],"twitter_card":"summary_large_image","twitter_misc":{"Ber\u00e4knad l\u00e4stid":"1 minut"},"schema":{"@context":"https:\/\/schema.org","@graph":[{"@type":"WebPage","@id":"https:\/\/creddo.com\/se\/verktyg-mallar\/","url":"https:\/\/creddo.com\/se\/verktyg-mallar\/","name":"Verktyg &amp; mallar - Creddo","isPartOf":{"@id":"https:\/\/creddo.com\/se\/#website"},"datePublished":"2026-04-16T13:47:16+00:00","dateModified":"2026-04-16T13:47:17+00:00","description":"Utforska verktyg & mallar som g\u00f6r ditt arbete enklare och snabbare. Hitta alla praktiska hj\u00e4lpredor p\u00e5 ett st\u00e4lle.","breadcrumb":{"@id":"https:\/\/creddo.com\/se\/verktyg-mallar\/#breadcrumb"},"inLanguage":"sv-SE","potentialAction":[{"@type":"ReadAction","target":["https:\/\/creddo.com\/se\/verktyg-mallar\/"]}]},{"@type":"BreadcrumbList","@id":"https:\/\/creddo.com\/se\/verktyg-mallar\/#breadcrumb","itemListElement":[{"@type":"ListItem","position":1,"name":"Creddo.com","item":"https:\/\/creddo.com\/se\/"},{"@type":"ListItem","position":2,"name":"Verktyg &amp; mallar"}]},{"@type":"WebSite","@id":"https:\/\/creddo.com\/se\/#website","url":"https:\/\/creddo.com\/se\/","name":"Creddo","description":"J\u00e4mf\u00f6r f\u00f6retagsl\u00e5n upp till 10 miljoner","publisher":{"@id":"https:\/\/creddo.com\/se\/#organization"},"potentialAction":[{"@type":"SearchAction","target":{"@type":"EntryPoint","urlTemplate":"https:\/\/creddo.com\/se\/?s={search_term_string}"},"query-input":{"@type":"PropertyValueSpecification","valueRequired":true,"valueName":"search_term_string"}}],"inLanguage":"sv-SE"},{"@type":"Organization","@id":"https:\/\/creddo.com\/se\/#organization","name":"Creddo AB","url":"https:\/\/creddo.com\/se\/","logo":{"@type":"ImageObject","inLanguage":"sv-SE","@id":"https:\/\/creddo.com\/se\/#\/schema\/logo\/image\/","url":"https:\/\/creddo.com\/se\/wp-content\/uploads\/2024\/04\/Creddo-logo-square.png","contentUrl":"https:\/\/creddo.com\/se\/wp-content\/uploads\/2024\/04\/Creddo-logo-square.png","width":720,"height":720,"caption":"Creddo AB"},"image":{"@id":"https:\/\/creddo.com\/se\/#\/schema\/logo\/image\/"},"sameAs":["https:\/\/www.facebook.com\/creddose","https:\/\/www.linkedin.com\/company\/creddo-ab\/"]}]}},"lang":"sv","translations":{"sv":5597},"pll_sync_post":[],"_links":{"self":[{"href":"https:\/\/creddo.com\/se\/wp-json\/wp\/v2\/pages\/5597","targetHints":{"allow":["GET"]}}],"collection":[{"href":"https:\/\/creddo.com\/se\/wp-json\/wp\/v2\/pages"}],"about":[{"href":"https:\/\/creddo.com\/se\/wp-json\/wp\/v2\/types\/page"}],"author":[{"embeddable":true,"href":"https:\/\/creddo.com\/se\/wp-json\/wp\/v2\/users\/15"}],"replies":[{"embeddable":true,"href":"https:\/\/creddo.com\/se\/wp-json\/wp\/v2\/comments?post=5597"}],"version-history":[{"count":1,"href":"https:\/\/creddo.com\/se\/wp-json\/wp\/v2\/pages\/5597\/revisions"}],"predecessor-version":[{"id":5598,"href":"https:\/\/creddo.com\/se\/wp-json\/wp\/v2\/pages\/5597\/revisions\/5598"}],"wp:attachment":[{"href":"https:\/\/creddo.com\/se\/wp-json\/wp\/v2\/media?parent=5597"}],"curies":[{"name":"wp","href":"https:\/\/api.w.org\/{rel}","templated":true}]}}