{"id":658,"date":"2020-06-23T13:29:00","date_gmt":"2020-06-23T11:29:00","guid":{"rendered":"http:\/\/creddo.se\/?page_id=658"},"modified":"2025-10-24T15:50:33","modified_gmt":"2025-10-24T13:50:33","slug":"foretagslan-utan-sakerhet","status":"publish","type":"page","link":"https:\/\/creddo.com\/se\/foretagslan\/foretagslan-utan-sakerhet\/","title":{"rendered":"F\u00f6retagsl\u00e5n utan s\u00e4kerhet &#8211; allt du beh\u00f6ver veta"},"content":{"rendered":"\n<h2 class=\"wp-block-heading\" id=\"h-foretagslan-utan-sakerhet-hur-fungerar-det\">F\u00f6retagsl\u00e5n utan s\u00e4kerhet \u2013 hur fungerar det?<\/h2>\n\n\n\n<p><strong>F\u00f6retagare \u00e4r motorn i Sveriges ekonomi och spelar en central roll f\u00f6r landets utveckling.<\/strong> N\u00e4stan alla bolag beh\u00f6ver n\u00e5gon g\u00e5ng extra finansiering \u2013 kanske f\u00f6r att v\u00e4xa, hantera oj\u00e4mna kassafl\u00f6den eller klara en period med tillf\u00e4lliga utmaningar. <strong>Creddo finns f\u00f6r att g\u00f6ra det enklare att hitta r\u00e4tt finansieringsl\u00f6sning<\/strong>, s\u00e5 att fler f\u00f6retag f\u00e5r chansen att v\u00e4xa, investera och f\u00f6rverkliga sina ambitioner. I det h\u00e4r inl\u00e4gget kan du f\u00f6rdjupa dig inom \u00e4mnet f\u00f6retagsl\u00e5n utan s\u00e4kerhet.<\/p>\n\n\n\n<p>Ett f\u00f6retagsl\u00e5n utan s\u00e4kerhet \u00e4r ett <a href=\"https:\/\/creddo.com\/se\/foretagslan\/\">l\u00e5n till ett f\u00f6retag<\/a> d\u00e4r du inte beh\u00f6ver pants\u00e4tta n\u00e5gon egendom som s\u00e4kerhet f\u00f6r krediten. Det blir allt vanligare p\u00e5 marknaden och <a href=\"https:\/\/creddo.com\/se\/foretagslan\/enskild-firma\/\">l\u00e5nen erbjuds till enskilda firmor<\/a> s\u00e5v\u00e4l som handelsbolag och aktiebolag.<\/p>\n\n\n\n<p>H\u00e4r tittar vi n\u00e4rmare p\u00e5 hur f\u00f6retagsl\u00e5n utan s\u00e4kerhet fungerar och vad du beh\u00f6ver t\u00e4nka p\u00e5.&nbsp;<\/p>\n\n\n\n<p>L\u00e5n utan s\u00e4kerhet till f\u00f6retag och privatpersoner brukar kallas f\u00f6r blancol\u00e5n. Ibland kallas de ocks\u00e5 f\u00f6r konsumtionsl\u00e5n, \u00e4ven om begreppet fr\u00e4mst anv\u00e4nds vid blancol\u00e5n till privatpersoner.<\/p>\n\n\n\n<figure class=\"wp-block-image size-large is-resized\"><img fetchpriority=\"high\" decoding=\"async\" width=\"795\" height=\"1024\" src=\"https:\/\/creddo.com\/se\/wp-content\/uploads\/2025\/10\/image-foretagslan-utan-sakerhet-795x1024.jpg\" alt=\"Pratar om olika l\u00f6sningar bland annat  f\u00f6retagsl\u00e5n utan s\u00e4kerhet\" class=\"wp-image-5051\" style=\"width:613px;height:auto\" srcset=\"https:\/\/creddo.com\/se\/wp-content\/uploads\/2025\/10\/image-foretagslan-utan-sakerhet-795x1024.jpg 795w, https:\/\/creddo.com\/se\/wp-content\/uploads\/2025\/10\/image-foretagslan-utan-sakerhet-233x300.jpg 233w, https:\/\/creddo.com\/se\/wp-content\/uploads\/2025\/10\/image-foretagslan-utan-sakerhet-768x989.jpg 768w, https:\/\/creddo.com\/se\/wp-content\/uploads\/2025\/10\/image-foretagslan-utan-sakerhet.jpg 964w\" sizes=\"(max-width: 795px) 100vw, 795px\" \/><\/figure>\n\n\n\n<p>\n<a href=\"https:\/\/creddo.com\/se\/\" class=\"btn btn-blue\">G\u00f6r en kostnadsfri ans\u00f6kan<\/a>\n<\/p>\n\n\n\n<h2 class=\"wp-block-heading\" id=\"h-vad-innebar-ett-foretagslan-utan-sakerhet\">Vad inneb\u00e4r ett f\u00f6retagsl\u00e5n utan s\u00e4kerhet?<\/h2>\n\n\n\n<p>Ett f\u00f6retagsl\u00e5n utan s\u00e4kerhet inneb\u00e4r att du inte pants\u00e4tter n\u00e5gon egendom. Du f\u00e5r anv\u00e4nda kapitalet p\u00e5 det s\u00e4tt du tycker \u00e4r b\u00e4st i verksamheten. Nackdelen \u00e4r att <a href=\"https:\/\/creddo.com\/se\/foretagslan\/ranta\/\">r\u00e4ntan brukar bli h\u00f6gre<\/a>, och att det kan uppst\u00e5 andra krav ist\u00e4llet f\u00f6r pants\u00e4ttning av egendom.<\/p>\n\n\n\n<p>Men det brukar g\u00e5 att f\u00e5 tag i l\u00e5n av denna typ. Fr\u00e5gan \u00e4r dock om det \u00e4r v\u00e4rt det, med tanke p\u00e5 att det beh\u00f6ver betalas tillbaka i tid, inklusive r\u00e4nta och avgifter. <\/p>\n\n\n\n<p>Det handlar om att g\u00f6ra en avv\u00e4gning mellan l\u00e5n med och utan s\u00e4kerhet, samt vad olika l\u00e5ngivare har att erbjuda. \u00c4ven \u00e5terbetalningstiden p\u00e5verkar; en l\u00e4ngre \u00e5terbetalningstid inneb\u00e4r en h\u00f6gre total kostnad, men samtidigt en l\u00e4gre m\u00e5nadskostnad.<\/p>\n\n\n\n<p>Den maximala storleken p\u00e5 l\u00e5net beror p\u00e5 hur l\u00e5ngivarna bed\u00f6mer ditt f\u00f6retags \u00e5terbetalningsf\u00f6rm\u00e5ga. Ju st\u00f6rre l\u00e5n du efterfr\u00e5gar, desto h\u00f6gre blir kraven p\u00e5 din kreditv\u00e4rdighet. M\u00e5nga f\u00f6retagsl\u00e5n utan s\u00e4kerhet \u00e4r d\u00e4rf\u00f6r av mindre storlek, till exempel f\u00f6r att tillf\u00e4lligt h\u00f6ja f\u00f6retagets likviditet.<\/p>\n\n\n\n<p>Dessutom beh\u00f6ver du titta n\u00e4rmare p\u00e5 vad marknaden har att erbjuda. Vissa l\u00e5ngivare som erbjuder f\u00f6retagsl\u00e5n utan s\u00e4kerhet marknadsf\u00f6r sig mot f\u00f6retag som har sv\u00e5rt att f\u00e5 l\u00e5n, medan andra g\u00f6r tv\u00e4rtom. D\u00e4rf\u00f6r l\u00f6nar det sig att j\u00e4mf\u00f6ra.<\/p>\n\n\n\n<h2 class=\"wp-block-heading\" id=\"h-skillnader-mellan-lan-med-och-utan-sakerhet\">Skillnader mellan l\u00e5n med och utan s\u00e4kerhet<\/h2>\n\n\n\n<p>N\u00e4r du tar ett f\u00f6retagsl\u00e5n kr\u00e4vs det vanligtvis en s\u00e4kerhet, oftast i form av f\u00f6retagets egendom. Om f\u00f6retaget misslyckas med att betala tillbaka l\u00e5net inklusive r\u00e4ntor och avgifter kan det f\u00f6rlora s\u00e4kerheten till l\u00e5ngivaren. Det \u00e4r vanligt att det som k\u00f6ps in f\u00f6r de l\u00e5nade pengarna l\u00e4mnas som s\u00e4kerhet, till exempel vid <a href=\"https:\/\/creddo.com\/se\/foretagslan\/maskinfinansiering\/\">maskinfinansiering<\/a>.&nbsp;<\/p>\n\n\n\n<p>F\u00f6retagsl\u00e5n utan s\u00e4kerhet brukar ha kortare \u00e5terbetalningstid \u00e4n l\u00e5n med s\u00e4kerhet. En av orsakerna \u00e4r att l\u00e5n utan s\u00e4kerhet ofta har l\u00e4gre l\u00e5nebelopp.&nbsp;<\/p>\n\n\n\n<h2 class=\"wp-block-heading\" id=\"h-foretagslan-utan-sakerhet-vad-kravs\">F\u00f6retagsl\u00e5n utan s\u00e4kerhet &#8211; vad kr\u00e4vs?<\/h2>\n\n\n\n<p>N\u00e4r du tar ett f\u00f6retagsl\u00e5n utan s\u00e4kerhet beh\u00f6ver du inte pants\u00e4tta n\u00e5gon egendom. D\u00e5 kr\u00e4vs det ofta n\u00e5got annat f\u00f6r att kompensera och \u00f6vertyga banken om f\u00f6retagets \u00e5terbetalningsf\u00f6rm\u00e5ga.<\/p>\n\n\n\n<p>Oftast brukar du beh\u00f6va kompensera genom att n\u00e5gon ist\u00e4llet g\u00e5r i personlig borgen f\u00f6r krediten. I de flesta fall kr\u00e4ver l\u00e5ngivarna att borgensmannen \u00e4r en f\u00f6retr\u00e4dare f\u00f6r f\u00f6retaget, till exempel VD:n. Personen blir \u00e5terbetalningsskyldig om bolaget inte kan betala skulden. <\/p>\n\n\n\n<p>Vissa l\u00e5ngivare kr\u00e4ver att det finns flera borgensm\u00e4n vid st\u00f6rre l\u00e5nebelopp. Personlig borgen \u00e4r dock inte en garanti f\u00f6r att du f\u00e5r ett f\u00f6retagsl\u00e5n utan s\u00e4kerhet beviljat.&nbsp;<\/p>\n\n\n\n<p>Om du vill f\u00e5 ett f\u00f6retagsl\u00e5n utan b\u00e5de s\u00e4kerhet och personlig borgen kr\u00e4vs det ofta en mycket stark oms\u00e4ttning och aff\u00e4rsplan f\u00f6r att f\u00e5 m\u00f6jlighet till det. Du m\u00e5ste verkligen ha \u00f6vertygande grunder, eftersom banken tar en h\u00f6g risk n\u00e4r den l\u00e5nar ut till dig. I de allra flesta fall beh\u00f6ver du s\u00e4kerhet eller personlig borgen.<\/p>\n\n\n\n<h2 class=\"wp-block-heading\" id=\"h-skillnader-mellan-aktiebolag-och-enskild-firma\">Skillnader mellan aktiebolag och enskild firma<\/h2>\n\n\n\n<p>Du kan f\u00e5 tag i f\u00f6retagsl\u00e5n utan s\u00e4kerhet till b\u00e5de aktiebolag och enskild firma. Men <a href=\"https:\/\/creddo.com\/se\/foretagslan\/aktiebolag\/\">n\u00e4r du l\u00e5nar till ett aktiebolag<\/a> st\u00e5r bolaget som l\u00e5ntagare, \u00e4ven om du l\u00e4mnat personlig borgen. Ett aktiebolag \u00e4r en egen juridisk person som kan st\u00e4llas till svars om en kredit inte betalas tillbaka. N\u00e4r du l\u00e5nar till en enskild firma \u00e4r det du som privatperson som \u00e4r ansvarig f\u00f6r l\u00e5net.&nbsp;<\/p>\n\n\n\n<p>Kraven p\u00e5 en ordnad privatekonomi \u00e4r h\u00f6gre n\u00e4r du s\u00f6ker f\u00f6retagsl\u00e5n till en enskild firma, vilket g\u00f6r att det kan vara sv\u00e5rare att f\u00e5 tag p\u00e5 ett l\u00e5n utan s\u00e4kerhet. Samtidigt kan \u00e4ven motsatsen g\u00e4lla om du har en riktigt bra privatekonomi.<\/p>\n\n\n\n<p>\n<a href=\"https:\/\/creddo.com\/se\/\" class=\"btn btn-blue\">P\u00e5b\u00f6rja ans\u00f6kan<\/a>\n<\/p>\n\n\n\n<h2 class=\"wp-block-heading\" id=\"h-vad-kan-du-gora-for-att-fa-tag-i-ett-sa-bra-foretagslan-utan-sakerhet-som-mojligt\">Vad kan du g\u00f6ra f\u00f6r att f\u00e5 tag i ett s\u00e5 bra f\u00f6retagsl\u00e5n utan s\u00e4kerhet som m\u00f6jligt?<\/h2>\n\n\n\n<p>Precis som vid andra typer av l\u00e5n \u00e4r det viktigt att j\u00e4mf\u00f6ra. Alla f\u00f6retag skiljer sig \u00e5t, och d\u00e4rmed \u00e4ven bankernas syn p\u00e5 deras \u00e5terbetalningsf\u00f6rm\u00e5ga. Om du vill hitta ett l\u00e5n utan s\u00e4kerhet med s\u00e5 bra villkor som m\u00f6jligt beh\u00f6ver du veta vad marknaden har att erbjuda.<\/p>\n\n\n\n<p>Dessv\u00e4rre tar det ofta en hel del tid i anspr\u00e5k, och n\u00e4r du ans\u00f6ker om flera separata l\u00e5n <a href=\"https:\/\/creddo.com\/se\/foretagslan\/kreditupplysning\/\">g\u00f6rs kreditupplysningar<\/a> som f\u00f6rs\u00e4mrar din kreditv\u00e4rdighet. D\u00e4rf\u00f6r har du mycket att vinna p\u00e5 att anv\u00e4nda en j\u00e4mf\u00f6relsetj\u00e4nst. D\u00e5 f\u00e5r du l\u00e5nef\u00f6rslag fr\u00e5n en m\u00e4ngd akt\u00f6rer p\u00e5 en g\u00e5ng, med endast en kreditupplysning.&nbsp;<\/p>\n\n\n\n<h2 class=\"wp-block-heading\" id=\"h-gar-det-att-fa-ett-lan-utan-sakerhet-trots-betalningsanmarkning\">G\u00e5r det att f\u00e5 ett l\u00e5n utan s\u00e4kerhet trots betalningsanm\u00e4rkning?<\/h2>\n\n\n\n<p>Om du har betalningsanm\u00e4rkningar blir det sv\u00e5rare att f\u00e5 ett f\u00f6retagsl\u00e5n utan s\u00e4kerhet. Det \u00e4r inte om\u00f6jligt, men du beh\u00f6ver ha starka argument som \u00f6vertygar banken om att du kan betala tillbaka l\u00e5net i tid. <\/p>\n\n\n\n<p>Ofta handlar det om en v\u00e4l utformad aff\u00e4rsplan som visar att l\u00e5net kommer anv\u00e4ndas p\u00e5 ett bra s\u00e4tt. \u00c4ven en god privatekonomi hos borgensmannen\/borgensm\u00e4nnen eller personen som den enskilda firman st\u00e5r p\u00e5 kan hj\u00e4lpa.<\/p>\n\n\n\n<h2 class=\"wp-block-heading\" id=\"h-hur-ansoker-du-om-ett-foretagslan-utan-sakerhet\">Hur ans\u00f6ker du om ett f\u00f6retagsl\u00e5n utan s\u00e4kerhet?<\/h2>\n\n\n\n<p>Att ans\u00f6ka om ett f\u00f6retagsl\u00e5n utan s\u00e4kerhet fungerar p\u00e5 samma s\u00e4tt som att ans\u00f6ka om andra typer av l\u00e5n. Du kan g\u00f6ra det hos banker, l\u00e5ngivare och j\u00e4mf\u00f6relsetj\u00e4nster. <\/p>\n\n\n\n<p>Processen g\u00f6rs ofta online, och om du vill ha en s\u00e5 l\u00e5g r\u00e4nta som m\u00f6jligt \u00e4r det bra att anv\u00e4nda en j\u00e4mf\u00f6relsetj\u00e4nst som g\u00f6r att du snabbt f\u00e5r koll p\u00e5 marknaden.<\/p>\n\n\n\n<h2 class=\"wp-block-heading\" id=\"h-jamfor-foretagslan-har-hos-creddo\">J\u00e4mf\u00f6r f\u00f6retagsl\u00e5n h\u00e4r hos Creddo<\/h2>\n\n\n\n<p>N\u00e4r du letar f\u00f6retagsl\u00e5n \u00e4r det viktigt att j\u00e4mf\u00f6ra. Det finns m\u00e5nga alternativ d\u00e4r ute som passar olika f\u00f6retags unika f\u00f6ruts\u00e4ttningar. Om du till exempel letar efter ett f\u00f6retagsl\u00e5n utan s\u00e4kerhet har vissa l\u00e5ngivare b\u00e4ttre alternativ att erbjuda \u00e4n andra.&nbsp;<\/p>\n\n\n\n<p>Dessv\u00e4rre finns det inte n\u00e5gon bank eller l\u00e5ngivare som erbjuder <a href=\"https:\/\/creddo.com\/se\/experthornan\/sa-hittar-du-ratt-lan-6-tips\/\">b\u00e4st f\u00f6retagsl\u00e5n<\/a> i alla situationer. Och det tar tid och energi i anspr\u00e5k att ans\u00f6ka om flera separata l\u00e5n. Dessutom leder det till att du drar p\u00e5 dig kreditupplysningar som f\u00f6rs\u00e4mrar ditt f\u00f6retags kreditv\u00e4rdighet.&nbsp;<\/p>\n\n\n\n<p>H\u00e4r <a href=\"https:\/\/creddo.com\/se\/\">hos Creddo kan du kostnadsfritt j\u00e4mf\u00f6ra<\/a> och direkt f\u00e5 \u00f6ver 25 l\u00e5nef\u00f6rslag fr\u00e5n olika banker och l\u00e5ngivare. Det \u00e4r kostnadsfritt, och dessutom f\u00e5r du f\u00f6rslagen med endast en kreditupplysning och ans\u00f6kan. V\u00e4lkommen att hitta ditt f\u00f6retagsl\u00e5n utan s\u00e4kerhet hos oss!<\/p>\n\n\n\n<p>\n<a href=\"https:\/\/creddo.com\/se\/\" class=\"btn btn-blue\">Ans\u00f6k via Creddo &#8211; j\u00e4mf\u00f6r \u00f6ver 20 l\u00e5ngivare<\/a>\n<\/p>\n","protected":false},"excerpt":{"rendered":"<p>F\u00f6retagsl\u00e5n utan s\u00e4kerhet \u2013 hur fungerar det? F\u00f6retagare \u00e4r motorn i Sveriges ekonomi och spelar en central roll f\u00f6r landets utveckling. N\u00e4stan alla bolag beh\u00f6ver n\u00e5gon g\u00e5ng extra finansiering \u2013 kanske f\u00f6r att v\u00e4xa, hantera oj\u00e4mna kassafl\u00f6den eller klara en period med tillf\u00e4lliga utmaningar. Creddo finns f\u00f6r att g\u00f6ra det enklare att hitta r\u00e4tt finansieringsl\u00f6sning, [&hellip;]<\/p>\n","protected":false},"author":8,"featured_media":0,"parent":1141,"menu_order":0,"comment_status":"closed","ping_status":"closed","template":"new-creddo-page-with-slider.php","meta":{"_acf_changed":false,"footnotes":""},"class_list":["post-658","page","type-page","status-publish","hentry"],"acf":[],"yoast_head":"<!-- This site is optimized with the Yoast SEO Premium plugin v26.6 (Yoast SEO v26.8) - https:\/\/yoast.com\/product\/yoast-seo-premium-wordpress\/ -->\n<title>F\u00f6retagsl\u00e5n utan s\u00e4kerhet - hur fungerar det? - Ans\u00f6k via Creddo<\/title>\n<meta name=\"description\" content=\"Att ta ett f\u00f6retagsl\u00e5n utan s\u00e4kerhet inneb\u00e4r att ingen egendom m\u00e5ste pants\u00e4ttas f\u00f6r l\u00e5net - men det inneb\u00e4r ocks\u00e5 fler krav fr\u00e5n l\u00e5ngivaren.\" \/>\n<meta name=\"robots\" content=\"index, follow, max-snippet:-1, max-image-preview:large, max-video-preview:-1\" \/>\n<link rel=\"canonical\" href=\"https:\/\/creddo.com\/se\/foretagslan\/foretagslan-utan-sakerhet\/\" \/>\n<meta property=\"og:locale\" content=\"sv_SE\" \/>\n<meta property=\"og:type\" content=\"article\" \/>\n<meta property=\"og:title\" content=\"F\u00f6retagsl\u00e5n utan s\u00e4kerhet - allt du beh\u00f6ver veta\" \/>\n<meta property=\"og:description\" content=\"F\u00f6retagsl\u00e5n utan s\u00e4kerhet \u2013 hur fungerar det? F\u00f6retagare \u00e4r motorn i Sveriges ekonomi och spelar en central roll f\u00f6r landets utveckling. N\u00e4stan alla bolag\" \/>\n<meta property=\"og:url\" content=\"https:\/\/creddo.com\/se\/foretagslan\/foretagslan-utan-sakerhet\/\" \/>\n<meta property=\"og:site_name\" content=\"Creddo\" \/>\n<meta property=\"article:publisher\" content=\"https:\/\/www.facebook.com\/creddose\" \/>\n<meta property=\"article:modified_time\" content=\"2025-10-24T13:50:33+00:00\" \/>\n<meta property=\"og:image\" content=\"https:\/\/creddo.com\/se\/wp-content\/uploads\/2025\/10\/image-foretagslan-utan-sakerhet.jpg\" \/>\n\t<meta property=\"og:image:width\" content=\"964\" \/>\n\t<meta property=\"og:image:height\" content=\"1241\" \/>\n\t<meta property=\"og:image:type\" content=\"image\/jpeg\" \/>\n<meta name=\"twitter:card\" content=\"summary_large_image\" \/>\n<meta name=\"twitter:label1\" content=\"Ber\u00e4knad l\u00e4stid\" \/>\n\t<meta name=\"twitter:data1\" content=\"6 minuter\" \/>\n<script type=\"application\/ld+json\" class=\"yoast-schema-graph\">{\"@context\":\"https:\/\/schema.org\",\"@graph\":[{\"@type\":\"WebPage\",\"@id\":\"https:\/\/creddo.com\/se\/foretagslan\/foretagslan-utan-sakerhet\/\",\"url\":\"https:\/\/creddo.com\/se\/foretagslan\/foretagslan-utan-sakerhet\/\",\"name\":\"F\u00f6retagsl\u00e5n utan s\u00e4kerhet - hur fungerar det? - Ans\u00f6k via Creddo\",\"isPartOf\":{\"@id\":\"https:\/\/creddo.com\/se\/#website\"},\"primaryImageOfPage\":{\"@id\":\"https:\/\/creddo.com\/se\/foretagslan\/foretagslan-utan-sakerhet\/#primaryimage\"},\"image\":{\"@id\":\"https:\/\/creddo.com\/se\/foretagslan\/foretagslan-utan-sakerhet\/#primaryimage\"},\"thumbnailUrl\":\"https:\/\/creddo.com\/se\/wp-content\/uploads\/2025\/10\/image-foretagslan-utan-sakerhet-795x1024.jpg\",\"datePublished\":\"2020-06-23T11:29:00+00:00\",\"dateModified\":\"2025-10-24T13:50:33+00:00\",\"description\":\"Att ta ett f\u00f6retagsl\u00e5n utan s\u00e4kerhet inneb\u00e4r att ingen egendom m\u00e5ste pants\u00e4ttas f\u00f6r l\u00e5net - men det inneb\u00e4r ocks\u00e5 fler krav fr\u00e5n l\u00e5ngivaren.\",\"breadcrumb\":{\"@id\":\"https:\/\/creddo.com\/se\/foretagslan\/foretagslan-utan-sakerhet\/#breadcrumb\"},\"inLanguage\":\"sv-SE\",\"potentialAction\":[{\"@type\":\"ReadAction\",\"target\":[\"https:\/\/creddo.com\/se\/foretagslan\/foretagslan-utan-sakerhet\/\"]}]},{\"@type\":\"ImageObject\",\"inLanguage\":\"sv-SE\",\"@id\":\"https:\/\/creddo.com\/se\/foretagslan\/foretagslan-utan-sakerhet\/#primaryimage\",\"url\":\"https:\/\/creddo.com\/se\/wp-content\/uploads\/2025\/10\/image-foretagslan-utan-sakerhet.jpg\",\"contentUrl\":\"https:\/\/creddo.com\/se\/wp-content\/uploads\/2025\/10\/image-foretagslan-utan-sakerhet.jpg\",\"width\":964,\"height\":1241},{\"@type\":\"BreadcrumbList\",\"@id\":\"https:\/\/creddo.com\/se\/foretagslan\/foretagslan-utan-sakerhet\/#breadcrumb\",\"itemListElement\":[{\"@type\":\"ListItem\",\"position\":1,\"name\":\"Creddo.com\",\"item\":\"https:\/\/creddo.com\/se\/\"},{\"@type\":\"ListItem\",\"position\":2,\"name\":\"F\u00f6retagsl\u00e5n\",\"item\":\"https:\/\/creddo.com\/se\/foretagslan\/\"},{\"@type\":\"ListItem\",\"position\":3,\"name\":\"F\u00f6retagsl\u00e5n utan s\u00e4kerhet\"}]},{\"@type\":\"WebSite\",\"@id\":\"https:\/\/creddo.com\/se\/#website\",\"url\":\"https:\/\/creddo.com\/se\/\",\"name\":\"Creddo\",\"description\":\"J\u00e4mf\u00f6r f\u00f6retagsl\u00e5n upp till 10 miljoner\",\"publisher\":{\"@id\":\"https:\/\/creddo.com\/se\/#organization\"},\"potentialAction\":[{\"@type\":\"SearchAction\",\"target\":{\"@type\":\"EntryPoint\",\"urlTemplate\":\"https:\/\/creddo.com\/se\/?s={search_term_string}\"},\"query-input\":{\"@type\":\"PropertyValueSpecification\",\"valueRequired\":true,\"valueName\":\"search_term_string\"}}],\"inLanguage\":\"sv-SE\"},{\"@type\":\"Organization\",\"@id\":\"https:\/\/creddo.com\/se\/#organization\",\"name\":\"Creddo AB\",\"url\":\"https:\/\/creddo.com\/se\/\",\"logo\":{\"@type\":\"ImageObject\",\"inLanguage\":\"sv-SE\",\"@id\":\"https:\/\/creddo.com\/se\/#\/schema\/logo\/image\/\",\"url\":\"https:\/\/creddo.com\/se\/wp-content\/uploads\/2024\/04\/Creddo-logo-square.png\",\"contentUrl\":\"https:\/\/creddo.com\/se\/wp-content\/uploads\/2024\/04\/Creddo-logo-square.png\",\"width\":720,\"height\":720,\"caption\":\"Creddo AB\"},\"image\":{\"@id\":\"https:\/\/creddo.com\/se\/#\/schema\/logo\/image\/\"},\"sameAs\":[\"https:\/\/www.facebook.com\/creddose\",\"https:\/\/www.linkedin.com\/company\/creddo-ab\/\"]}]}<\/script>\n<!-- \/ Yoast SEO Premium plugin. -->","yoast_head_json":{"title":"F\u00f6retagsl\u00e5n utan s\u00e4kerhet - hur fungerar det? - Ans\u00f6k via Creddo","description":"Att ta ett f\u00f6retagsl\u00e5n utan s\u00e4kerhet inneb\u00e4r att ingen egendom m\u00e5ste pants\u00e4ttas f\u00f6r l\u00e5net - men det inneb\u00e4r ocks\u00e5 fler krav fr\u00e5n l\u00e5ngivaren.","robots":{"index":"index","follow":"follow","max-snippet":"max-snippet:-1","max-image-preview":"max-image-preview:large","max-video-preview":"max-video-preview:-1"},"canonical":"https:\/\/creddo.com\/se\/foretagslan\/foretagslan-utan-sakerhet\/","og_locale":"sv_SE","og_type":"article","og_title":"F\u00f6retagsl\u00e5n utan s\u00e4kerhet - allt du beh\u00f6ver veta","og_description":"F\u00f6retagsl\u00e5n utan s\u00e4kerhet \u2013 hur fungerar det? F\u00f6retagare \u00e4r motorn i Sveriges ekonomi och spelar en central roll f\u00f6r landets utveckling. N\u00e4stan alla bolag","og_url":"https:\/\/creddo.com\/se\/foretagslan\/foretagslan-utan-sakerhet\/","og_site_name":"Creddo","article_publisher":"https:\/\/www.facebook.com\/creddose","article_modified_time":"2025-10-24T13:50:33+00:00","og_image":[{"width":964,"height":1241,"url":"https:\/\/creddo.com\/se\/wp-content\/uploads\/2025\/10\/image-foretagslan-utan-sakerhet.jpg","type":"image\/jpeg"}],"twitter_card":"summary_large_image","twitter_misc":{"Ber\u00e4knad l\u00e4stid":"6 minuter"},"schema":{"@context":"https:\/\/schema.org","@graph":[{"@type":"WebPage","@id":"https:\/\/creddo.com\/se\/foretagslan\/foretagslan-utan-sakerhet\/","url":"https:\/\/creddo.com\/se\/foretagslan\/foretagslan-utan-sakerhet\/","name":"F\u00f6retagsl\u00e5n utan s\u00e4kerhet - hur fungerar det? - Ans\u00f6k via Creddo","isPartOf":{"@id":"https:\/\/creddo.com\/se\/#website"},"primaryImageOfPage":{"@id":"https:\/\/creddo.com\/se\/foretagslan\/foretagslan-utan-sakerhet\/#primaryimage"},"image":{"@id":"https:\/\/creddo.com\/se\/foretagslan\/foretagslan-utan-sakerhet\/#primaryimage"},"thumbnailUrl":"https:\/\/creddo.com\/se\/wp-content\/uploads\/2025\/10\/image-foretagslan-utan-sakerhet-795x1024.jpg","datePublished":"2020-06-23T11:29:00+00:00","dateModified":"2025-10-24T13:50:33+00:00","description":"Att ta ett f\u00f6retagsl\u00e5n utan s\u00e4kerhet inneb\u00e4r att ingen egendom m\u00e5ste pants\u00e4ttas f\u00f6r l\u00e5net - men det inneb\u00e4r ocks\u00e5 fler krav fr\u00e5n l\u00e5ngivaren.","breadcrumb":{"@id":"https:\/\/creddo.com\/se\/foretagslan\/foretagslan-utan-sakerhet\/#breadcrumb"},"inLanguage":"sv-SE","potentialAction":[{"@type":"ReadAction","target":["https:\/\/creddo.com\/se\/foretagslan\/foretagslan-utan-sakerhet\/"]}]},{"@type":"ImageObject","inLanguage":"sv-SE","@id":"https:\/\/creddo.com\/se\/foretagslan\/foretagslan-utan-sakerhet\/#primaryimage","url":"https:\/\/creddo.com\/se\/wp-content\/uploads\/2025\/10\/image-foretagslan-utan-sakerhet.jpg","contentUrl":"https:\/\/creddo.com\/se\/wp-content\/uploads\/2025\/10\/image-foretagslan-utan-sakerhet.jpg","width":964,"height":1241},{"@type":"BreadcrumbList","@id":"https:\/\/creddo.com\/se\/foretagslan\/foretagslan-utan-sakerhet\/#breadcrumb","itemListElement":[{"@type":"ListItem","position":1,"name":"Creddo.com","item":"https:\/\/creddo.com\/se\/"},{"@type":"ListItem","position":2,"name":"F\u00f6retagsl\u00e5n","item":"https:\/\/creddo.com\/se\/foretagslan\/"},{"@type":"ListItem","position":3,"name":"F\u00f6retagsl\u00e5n utan s\u00e4kerhet"}]},{"@type":"WebSite","@id":"https:\/\/creddo.com\/se\/#website","url":"https:\/\/creddo.com\/se\/","name":"Creddo","description":"J\u00e4mf\u00f6r f\u00f6retagsl\u00e5n upp till 10 miljoner","publisher":{"@id":"https:\/\/creddo.com\/se\/#organization"},"potentialAction":[{"@type":"SearchAction","target":{"@type":"EntryPoint","urlTemplate":"https:\/\/creddo.com\/se\/?s={search_term_string}"},"query-input":{"@type":"PropertyValueSpecification","valueRequired":true,"valueName":"search_term_string"}}],"inLanguage":"sv-SE"},{"@type":"Organization","@id":"https:\/\/creddo.com\/se\/#organization","name":"Creddo AB","url":"https:\/\/creddo.com\/se\/","logo":{"@type":"ImageObject","inLanguage":"sv-SE","@id":"https:\/\/creddo.com\/se\/#\/schema\/logo\/image\/","url":"https:\/\/creddo.com\/se\/wp-content\/uploads\/2024\/04\/Creddo-logo-square.png","contentUrl":"https:\/\/creddo.com\/se\/wp-content\/uploads\/2024\/04\/Creddo-logo-square.png","width":720,"height":720,"caption":"Creddo AB"},"image":{"@id":"https:\/\/creddo.com\/se\/#\/schema\/logo\/image\/"},"sameAs":["https:\/\/www.facebook.com\/creddose","https:\/\/www.linkedin.com\/company\/creddo-ab\/"]}]}},"lang":"sv","translations":{"sv":658},"pll_sync_post":[],"_links":{"self":[{"href":"https:\/\/creddo.com\/se\/wp-json\/wp\/v2\/pages\/658","targetHints":{"allow":["GET"]}}],"collection":[{"href":"https:\/\/creddo.com\/se\/wp-json\/wp\/v2\/pages"}],"about":[{"href":"https:\/\/creddo.com\/se\/wp-json\/wp\/v2\/types\/page"}],"author":[{"embeddable":true,"href":"https:\/\/creddo.com\/se\/wp-json\/wp\/v2\/users\/8"}],"replies":[{"embeddable":true,"href":"https:\/\/creddo.com\/se\/wp-json\/wp\/v2\/comments?post=658"}],"version-history":[{"count":29,"href":"https:\/\/creddo.com\/se\/wp-json\/wp\/v2\/pages\/658\/revisions"}],"predecessor-version":[{"id":5054,"href":"https:\/\/creddo.com\/se\/wp-json\/wp\/v2\/pages\/658\/revisions\/5054"}],"up":[{"embeddable":true,"href":"https:\/\/creddo.com\/se\/wp-json\/wp\/v2\/pages\/1141"}],"wp:attachment":[{"href":"https:\/\/creddo.com\/se\/wp-json\/wp\/v2\/media?parent=658"}],"curies":[{"name":"wp","href":"https:\/\/api.w.org\/{rel}","templated":true}]}}