{"id":660,"date":"2020-06-25T13:34:00","date_gmt":"2020-06-25T11:34:00","guid":{"rendered":"http:\/\/creddo.se\/?page_id=660"},"modified":"2025-10-21T15:39:55","modified_gmt":"2025-10-21T13:39:55","slug":"eif-lan","status":"publish","type":"page","link":"https:\/\/creddo.com\/se\/foretagslan\/eif-lan\/","title":{"rendered":"EIF l\u00e5n"},"content":{"rendered":"\n<h2 class=\"wp-block-heading\" id=\"h-eif-lan\">EIF l\u00e5n<\/h2>\n\n\n\n<p>Driver du ett mindre eller medelstort f\u00f6retag i Sverige har du m\u00f6jlighet att ta <a href=\"https:\/\/creddo.com\/se\/foretagslan\/\">f\u00f6rdelaktiga l\u00e5n till ditt f\u00f6retag<\/a> hos de banker som har st\u00f6d av EIF, Europeiska Investeringsfonden.<\/p>\n\n\n\n<p>Det finns vissa banker som l\u00e5nar ut pengar med st\u00f6d av en EU-budget under Investeringsplanen f\u00f6r Europa (Junckerplanen) och COSMEs l\u00e5negaranti program. Detta st\u00f6d ges f\u00f6r att banker enklare ska kunna bevilja l\u00e5n till f\u00f6retag och finansiellt st\u00f6tta fler sm\u00e5 och medelstora f\u00f6retag.<\/p>\n\n\n\n<p>\n<a href=\"https:\/\/creddo.com\/se\/\" class=\"btn btn-blue\">J\u00e4mf\u00f6r f\u00f6retagsl\u00e5n med Creddo<\/a>\n<\/p>\n\n\n\n<h2 class=\"wp-block-heading\" id=\"h-enklare-att-fa-lan-till-foretag-med-stod-fran-eu\">Enklare att f\u00e5 l\u00e5n till f\u00f6retag med st\u00f6d fr\u00e5n EU<\/h2>\n\n\n\n<p>EU har tagit fram en ny st\u00f6dform f\u00f6r att st\u00f6tta sm\u00e5 och medelstora f\u00f6retag och g\u00f6ra det enklare f\u00f6r dessa att ta del av finansiellt st\u00f6d i form av mikrol\u00e5n. Den nya st\u00f6dformen kallas Mikrogaranti och \u00e4r ett s\u00e4tt f\u00f6r att \u00e4ven de minsta f\u00f6retagen ska kunna f\u00e5 l\u00e5n till investering, omst\u00e4llning eller l\u00f6pande verksamhet. Hur mycket man kan l\u00e5na varierar hos de olika banker som har tagit del av st\u00f6det.<\/p>\n\n\n\n<p><\/p>\n\n\n\n<h3 class=\"wp-block-heading\"><strong>Kort om f\u00f6retagsl\u00e5n med EIF-mikrogaranti<\/strong><\/h3>\n\n\n\n<p>L\u00e5net riktar in sig till sm\u00e5f\u00f6retagare med aktiebolag, nedan f\u00f6ljer grundkraven:<\/p>\n\n\n\n<ul class=\"wp-block-list\">\n<li>Erbjuds endast till aktiebolag<\/li>\n\n\n\n<li>L\u00e5n upp till 550 000 kronor<\/li>\n\n\n\n<li>L\u00f6ptid 24-60 m\u00e5nader<\/li>\n\n\n\n<li>Max 9 anst\u00e4llda<\/li>\n\n\n\n<li>Maximal oms\u00e4ttning om 20 miljoner kronor<\/li>\n\n\n\n<li>Maximal balansomslutning om 20 miljoner kronor<\/li>\n\n\n\n<li>Minst ett registrerat bokslut<\/li>\n<\/ul>\n\n\n\n<p>Dessutom s\u00e5 f\u00e5r inte kundens engagemang \u00f6verstiga 550 000 kronor i banken f\u00f6r att l\u00e5net ska omfattas av EIF-mikrogaranti.<\/p>\n\n\n\n<p><\/p>\n\n\n\n<h2 class=\"wp-block-heading\" id=\"h-vanliga-fragor-om-eif-lan\">Vanliga fr\u00e5gor om EIF-l\u00e5n<\/h2>\n\n\n\n<p><\/p>\n\n\n\n<div class=\"schema-faq wp-block-yoast-faq-block\"><div class=\"schema-faq-section\" id=\"faq-question-1628692540683\"><strong class=\"schema-faq-question\"><strong>Vad \u00e4r ett EIF-l\u00e5n?<\/strong> <\/strong> <p class=\"schema-faq-answer\">Ett EIF-l\u00e5n \u00e4r ett l\u00e5n som finansieras av EIF, Europeiska Investeringsfonden, som ing\u00e5r i Europeiska investeringsbanken (EIB). EIF tillhandah\u00e5ller risk- och tillv\u00e4xtkapital, garantier med mera som l\u00e5nas ut till sm\u00e5 och medelstora f\u00f6retag. EIF har som m\u00e5l att hj\u00e4lpa f\u00f6retag, framf\u00f6rallt mindre eller nystartade, i Europa med finansiering medan EIB har som huvudsyfte att hj\u00e4lpa till att finansiera och stimulera ekonomin och den l\u00e5ngsiktiga tillv\u00e4xten i Europa.<\/p> <\/div> <div class=\"schema-faq-section\" id=\"faq-question-1628692505788\"><strong class=\"schema-faq-question\"><strong>Vem kan f\u00e5 ett EIF-l\u00e5n?<\/strong> <\/strong> <p class=\"schema-faq-answer\">L\u00e5net riktar in sig till sm\u00e5f\u00f6retagare med aktiebolag, nedan f\u00f6ljer grundkraven:<br\/>&#8211; Erbjuds endast till aktiebolag<br\/>&#8211; L\u00e5n upp till 550 000 kronor<br\/>&#8211; L\u00f6ptid 24-60 m\u00e5nader <br\/>&#8211; Max 9 anst\u00e4llda<br\/>&#8211; Maximal oms\u00e4ttning om 20 miljoner kronor<br\/>&#8211; Maximal balansomslutning om 20 miljoner kronor<br\/>&#8211; Minst ett registrerat bokslut<br\/><br\/>Du som driver ett aktiebolag och inte har n\u00e5gra betalningsanm\u00e4rkningar s\u00f6ker enkelt och smidigt EIF-l\u00e5n automatiskt direkt via <a href=\"https:\/\/creddo.com\/se\/\">Creddos j\u00e4mf\u00f6relsetj\u00e4nst<\/a>.\u00a0 <\/p> <\/div> <div class=\"schema-faq-section\" id=\"faq-question-1628692565505\"><strong class=\"schema-faq-question\"><strong>Vad \u00e4r COSME?<\/strong> <\/strong> <p class=\"schema-faq-answer\">COSME \u00e4r EU:s program som hj\u00e4lper till att st\u00e4rka f\u00f6retagens konkurrenskraft. COSME har en total budget p\u00e5 2,3 miljarder varav minst 60 procent av detta ska anv\u00e4ndas till att underl\u00e4tta finansiering f\u00f6r sm\u00e5 och medelstora f\u00f6retag i Europa.<\/p> <\/div> <\/div>\n\n\n\n<p><strong>L\u00e5n till f\u00f6retag som beh\u00f6vt st\u00e4lla om efter pandemin<\/strong><\/p>\n\n\n\n<p>Covid-19-pandemin har tvingat m\u00e5nga f\u00f6retag att genomg\u00e5 omfattande f\u00f6r\u00e4ndringar. S\u00e4rskilt h\u00e5rt drabbade har varit branscher som restaurang, handel och evenemang. F\u00f6r att \u00f6verleva har f\u00f6retag beh\u00f6vt anpassa sig snabbt, till exempel genom att digitalisera sina verksamheter eller utveckla nya produkter och tj\u00e4nster.<\/p>\n\n\n\n<p><strong>EIF-l\u00e5n \u2013 ett st\u00f6d f\u00f6r omst\u00e4llning<\/strong><\/p>\n\n\n\n<p>F\u00f6r att hj\u00e4lpa f\u00f6retag att klara av dessa utmaningar har det inf\u00f6rts s\u00e4rskilda l\u00e5n, s\u00e5 kallade EIF-l\u00e5n. Dessa l\u00e5n \u00e4r utformade f\u00f6r att ge ekonomiskt st\u00f6d till f\u00f6retag som beh\u00f6ver st\u00e4lla om sin verksamhet. EIF-l\u00e5n kan anv\u00e4ndas f\u00f6r olika \u00e4ndam\u00e5l, s\u00e5som:<\/p>\n\n\n\n<ul class=\"wp-block-list\">\n<li><strong>Digitalisering:<\/strong> Att utveckla en e-handelsbutik, skapa en mobilapp eller investera i andra digitala verktyg.<\/li>\n\n\n\n<li><strong>Produktutveckling:<\/strong> Att ta fram nya produkter eller tj\u00e4nster som m\u00f6ter nya kundbehov.<\/li>\n\n\n\n<li><strong>Marknadsf\u00f6ring:<\/strong> Att marknadsf\u00f6ra nya produkter eller tj\u00e4nster och n\u00e5 nya kundgrupper.<\/li>\n\n\n\n<li><strong>Omskolning av personal:<\/strong> Att utbilda personalen i nya arbetsuppgifter och f\u00e4rdigheter.<\/li>\n<\/ul>\n\n\n\n<p><strong>F\u00f6rdelar med EIF-l\u00e5n:<\/strong><\/p>\n\n\n\n<ul class=\"wp-block-list\">\n<li><strong>Flexibla villkor:<\/strong> EIF-l\u00e5n har ofta mer flexibla \u00e5terbetalningsvillkor j\u00e4mf\u00f6rt med traditionella f\u00f6retagsl\u00e5n.<\/li>\n\n\n\n<li><strong>L\u00e5ga r\u00e4nteavgifter:<\/strong> R\u00e4ntorna p\u00e5 EIF-l\u00e5n \u00e4r vanligtvis l\u00e4gre \u00e4n marknadsr\u00e4ntan.<\/li>\n\n\n\n<li><strong>St\u00f6d f\u00f6r innovation:<\/strong> EIF-l\u00e5n fr\u00e4mjar innovation och utveckling av nya aff\u00e4rsmodeller.<\/li>\n<\/ul>\n\n\n\n<p><strong>Vem kan f\u00e5 EIF-l\u00e5n?<\/strong><\/p>\n\n\n\n<p>Krav f\u00f6r att f\u00e5 ett EIF-l\u00e5n kan variera beroende p\u00e5 utl\u00e5naren och det specifika programmet. Generellt sett riktar sig EIF-l\u00e5n till sm\u00e5 och medelstora f\u00f6retag som har p\u00e5verkats negativt av pandemin och som beh\u00f6ver st\u00f6d f\u00f6r att kunna st\u00e4lla om sin verksamhet.<\/p>\n\n\n\n<p><strong>Viktigt att t\u00e4nka p\u00e5<\/strong><\/p>\n\n\n\n<ul class=\"wp-block-list\">\n<li><strong>J\u00e4mf\u00f6r olika erbjudanden:<\/strong> Det finns olika l\u00e5ngivare som erbjuder EIF-l\u00e5n, s\u00e5 det \u00e4r viktigt att j\u00e4mf\u00f6ra villkoren noggrant innan du v\u00e4ljer.<\/li>\n\n\n\n<li><strong>R\u00e5dfr\u00e5ga en expert:<\/strong> En r\u00e5dgivare kan hj\u00e4lpa dig att utv\u00e4rdera dina behov och hitta det mest l\u00e4mpliga l\u00e5net.<\/li>\n<\/ul>\n\n\n\n<p><strong>Sammanfattning<\/strong><\/p>\n\n\n\n<p>EIF-l\u00e5n \u00e4r ett v\u00e4rdefullt verktyg f\u00f6r f\u00f6retag som beh\u00f6ver st\u00f6d f\u00f6r att kunna st\u00e4lla om sin verksamhet efter pandemin. Genom att utnyttja dessa l\u00e5n kan f\u00f6retag s\u00e4kra sin \u00f6verlevnad och skapa nya m\u00f6jligheter f\u00f6r framtiden.<\/p>\n\n\n\n<hr class=\"wp-block-separator has-css-opacity\"\/>\n\n\n\n<p class=\"has-text-align-center\"><strong>Tips! L\u00e4s mer om <a href=\"https:\/\/creddo.com\/se\/foretagslan\/ranta\/\">r\u00e4nta p\u00e5 f\u00f6retagsl\u00e5n<\/a>.<\/strong><\/p>\n\n\n\n<hr class=\"wp-block-separator has-css-opacity\"\/>\n\n\n\n<h3 class=\"wp-block-heading\" id=\"h-lan-till-mindre-foretag\">L\u00e5n till mindre f\u00f6retag<\/h3>\n\n\n\n<p>F\u00f6r mindre f\u00f6retag \u00e4r det ofta en utmaning att f\u00e5 l\u00e5n fr\u00e5n de stora bankerna. F\u00f6r att underl\u00e4tta f\u00f6r sm\u00e5 och medelstora f\u00f6retag har EIF, Europeiska Investeringsfonden, g\u00e5tt in med stora summor pengar till ett par banker i Sverige.<\/p>\n\n\n\n<p>Genom att EIF g\u00e5r in och garanterar h\u00e4lften av kreditrisken kan banker l\u00e5na ut till b\u00e5de fler och mindre f\u00f6retag \u00e4n tidigare. Garantin f\u00f6r st\u00f6det kommer fr\u00e5n EIF, Europeiska Investeringsbanken, och COSME, EU:s program f\u00f6r att finansiellt st\u00e4rka sm\u00e5 och medelstora f\u00f6retags konkurrenskraft i Europa.&nbsp;<\/p>\n\n\n\n<h2 class=\"wp-block-heading\"><strong>J\u00e4mf\u00f6r f\u00f6retagsl\u00e5n med Creddo<\/strong><\/h2>\n\n\n\n<p>Creddo \u00e4r en l\u00e5nef\u00f6rmedlare som samarbetar med \u00f6ver 25 olika l\u00e5ngivare och banker. Hos Creddo kan du j\u00e4mf\u00f6ra f\u00f6retagsl\u00e5n fr\u00e5n 10,000 kr till \u00f6ver 10 miljoner kronor. Med v\u00e5r digitala ans\u00f6knings- och handl\u00e4ggningsprocess kan du spara v\u00e4rdefull tid som du ist\u00e4llet kan l\u00e4gga p\u00e5 din k\u00e4rnverksamhet.<\/p>\n\n\n\n<p>F\u00f6r att ans\u00f6ka om EIF-l\u00e5n s\u00e5 beh\u00f6ver du bara ans\u00f6ka som vanligt via v\u00e5rt formul\u00e4r och s\u00e5 kommer vi att samla in f\u00f6rslag fr\u00e5n \u00f6ver 25 olika l\u00e5ngivare och banker. N\u00e4r du v\u00e4ljer l\u00e5ngivare ska du h\u00e5lla utkik efter &#8221;EU-l\u00e5n&#8221;. Det \u00e4r dock inte s\u00e4kert att du kvalificerar f\u00f6r ett EU-l\u00e5n och det finns l\u00e5ngivare som inte erbjuder <a href=\"https:\/\/creddo.com\/se\/foretagslan\/eu-lanet\/\">EU-l\u00e5net<\/a>.<\/p>\n\n\n\n<p>N\u00e4r du j\u00e4mf\u00f6r f\u00f6retagsl\u00e5n hos oss kan du f\u00e5 flera l\u00e5neerbjudanden med bara en kreditupplysning och ans\u00f6kan. Att anv\u00e4nda v\u00e5r digitala tj\u00e4nst \u00e4r dessutom helt kostnadsfritt, vilket inneb\u00e4r att du inte har n\u00e5got att f\u00f6rlora genom att ans\u00f6ka via oss \u2013 snarare tv\u00e4rtom.<\/p>\n\n\n\n<p>Du f\u00e5r svar p\u00e5 din ans\u00f6kan redan inom en arbetsdag. Sedan kan du g\u00e5 igenom dina l\u00e5neerbjudanden i lugn och ro f\u00f6r att j\u00e4mf\u00f6ra l\u00e5n och hitta ett passande alternativ. Du v\u00e4ljer sj\u00e4lv om du vill tacka ja till ett l\u00e5neerbjudande eller tacka nej till samtliga \u2013 din ans\u00f6kan \u00e4r inte bindande.<\/p>\n\n\n\n<p>\n<a href=\"https:\/\/creddo.com\/se\/foretagslan\/\" class=\"btn btn-blue\">J\u00e4mf\u00f6r f\u00f6retagsl\u00e5n med Creddo<\/a>\n<\/p>\n","protected":false},"excerpt":{"rendered":"<p>EIF l\u00e5n Driver du ett mindre eller medelstort f\u00f6retag i Sverige har du m\u00f6jlighet att ta f\u00f6rdelaktiga l\u00e5n till ditt f\u00f6retag hos de banker som har st\u00f6d av EIF, Europeiska Investeringsfonden. Det finns vissa banker som l\u00e5nar ut pengar med st\u00f6d av en EU-budget under Investeringsplanen f\u00f6r Europa (Junckerplanen) och COSMEs l\u00e5negaranti program. Detta st\u00f6d [&hellip;]<\/p>\n","protected":false},"author":8,"featured_media":0,"parent":1141,"menu_order":0,"comment_status":"closed","ping_status":"closed","template":"new-creddo-page-with-slider.php","meta":{"_acf_changed":false,"footnotes":""},"class_list":["post-660","page","type-page","status-publish","hentry"],"acf":[],"yoast_head":"<!-- This site is optimized with the Yoast SEO Premium plugin v26.6 (Yoast SEO v26.8) - https:\/\/yoast.com\/product\/yoast-seo-premium-wordpress\/ -->\n<title>EIF l\u00e5n - S\u00e5 fungerar l\u00e5n med Europeiska Investeringsfonden<\/title>\n<meta name=\"description\" content=\"Genom att ans\u00f6ka om ett EIF l\u00e5n s\u00e5 kan du f\u00e5 en garanti s\u00e5 att du sj\u00e4lv endast beh\u00f6ver g\u00e5 i borgen f\u00f6r 20% av l\u00e5net. Prova via Creddo\" \/>\n<meta name=\"robots\" content=\"index, follow, max-snippet:-1, max-image-preview:large, max-video-preview:-1\" \/>\n<link rel=\"canonical\" href=\"https:\/\/creddo.com\/se\/foretagslan\/eif-lan\/\" \/>\n<meta property=\"og:locale\" content=\"sv_SE\" \/>\n<meta property=\"og:type\" content=\"article\" \/>\n<meta property=\"og:title\" content=\"EIF l\u00e5n\" \/>\n<meta property=\"og:description\" content=\"EIF l\u00e5n Driver du ett mindre eller medelstort f\u00f6retag i Sverige har du m\u00f6jlighet att ta f\u00f6rdelaktiga l\u00e5n till ditt f\u00f6retag hos de banker som har st\u00f6d av\" \/>\n<meta property=\"og:url\" content=\"https:\/\/creddo.com\/se\/foretagslan\/eif-lan\/\" \/>\n<meta property=\"og:site_name\" content=\"Creddo\" \/>\n<meta property=\"article:publisher\" content=\"https:\/\/www.facebook.com\/creddose\" \/>\n<meta property=\"article:modified_time\" content=\"2025-10-21T13:39:55+00:00\" \/>\n<meta property=\"og:image\" content=\"https:\/\/creddo.com\/se\/wp-content\/uploads\/2024\/07\/52.jpg\" \/>\n\t<meta property=\"og:image:width\" content=\"1200\" \/>\n\t<meta property=\"og:image:height\" content=\"630\" \/>\n\t<meta property=\"og:image:type\" content=\"image\/jpeg\" \/>\n<meta name=\"twitter:card\" content=\"summary_large_image\" \/>\n<meta name=\"twitter:label1\" content=\"Ber\u00e4knad l\u00e4stid\" \/>\n\t<meta name=\"twitter:data1\" content=\"6 minuter\" \/>\n<script type=\"application\/ld+json\" class=\"yoast-schema-graph\">{\"@context\":\"https:\/\/schema.org\",\"@graph\":[{\"@type\":[\"WebPage\",\"FAQPage\"],\"@id\":\"https:\/\/creddo.com\/se\/foretagslan\/eif-lan\/\",\"url\":\"https:\/\/creddo.com\/se\/foretagslan\/eif-lan\/\",\"name\":\"EIF l\u00e5n - S\u00e5 fungerar l\u00e5n med Europeiska Investeringsfonden\",\"isPartOf\":{\"@id\":\"https:\/\/creddo.com\/se\/#website\"},\"datePublished\":\"2020-06-25T11:34:00+00:00\",\"dateModified\":\"2025-10-21T13:39:55+00:00\",\"description\":\"Genom att ans\u00f6ka om ett EIF l\u00e5n s\u00e5 kan du f\u00e5 en garanti s\u00e5 att du sj\u00e4lv endast beh\u00f6ver g\u00e5 i borgen f\u00f6r 20% av l\u00e5net. Prova via Creddo\",\"breadcrumb\":{\"@id\":\"https:\/\/creddo.com\/se\/foretagslan\/eif-lan\/#breadcrumb\"},\"mainEntity\":[{\"@id\":\"https:\/\/creddo.com\/se\/foretagslan\/eif-lan\/#faq-question-1628692540683\"},{\"@id\":\"https:\/\/creddo.com\/se\/foretagslan\/eif-lan\/#faq-question-1628692505788\"},{\"@id\":\"https:\/\/creddo.com\/se\/foretagslan\/eif-lan\/#faq-question-1628692565505\"}],\"inLanguage\":\"sv-SE\",\"potentialAction\":[{\"@type\":\"ReadAction\",\"target\":[\"https:\/\/creddo.com\/se\/foretagslan\/eif-lan\/\"]}]},{\"@type\":\"BreadcrumbList\",\"@id\":\"https:\/\/creddo.com\/se\/foretagslan\/eif-lan\/#breadcrumb\",\"itemListElement\":[{\"@type\":\"ListItem\",\"position\":1,\"name\":\"Creddo.com\",\"item\":\"https:\/\/creddo.com\/se\/\"},{\"@type\":\"ListItem\",\"position\":2,\"name\":\"F\u00f6retagsl\u00e5n\",\"item\":\"https:\/\/creddo.com\/se\/foretagslan\/\"},{\"@type\":\"ListItem\",\"position\":3,\"name\":\"EIF l\u00e5n\"}]},{\"@type\":\"WebSite\",\"@id\":\"https:\/\/creddo.com\/se\/#website\",\"url\":\"https:\/\/creddo.com\/se\/\",\"name\":\"Creddo\",\"description\":\"J\u00e4mf\u00f6r f\u00f6retagsl\u00e5n upp till 10 miljoner\",\"publisher\":{\"@id\":\"https:\/\/creddo.com\/se\/#organization\"},\"potentialAction\":[{\"@type\":\"SearchAction\",\"target\":{\"@type\":\"EntryPoint\",\"urlTemplate\":\"https:\/\/creddo.com\/se\/?s={search_term_string}\"},\"query-input\":{\"@type\":\"PropertyValueSpecification\",\"valueRequired\":true,\"valueName\":\"search_term_string\"}}],\"inLanguage\":\"sv-SE\"},{\"@type\":\"Organization\",\"@id\":\"https:\/\/creddo.com\/se\/#organization\",\"name\":\"Creddo AB\",\"url\":\"https:\/\/creddo.com\/se\/\",\"logo\":{\"@type\":\"ImageObject\",\"inLanguage\":\"sv-SE\",\"@id\":\"https:\/\/creddo.com\/se\/#\/schema\/logo\/image\/\",\"url\":\"https:\/\/creddo.com\/se\/wp-content\/uploads\/2024\/04\/Creddo-logo-square.png\",\"contentUrl\":\"https:\/\/creddo.com\/se\/wp-content\/uploads\/2024\/04\/Creddo-logo-square.png\",\"width\":720,\"height\":720,\"caption\":\"Creddo AB\"},\"image\":{\"@id\":\"https:\/\/creddo.com\/se\/#\/schema\/logo\/image\/\"},\"sameAs\":[\"https:\/\/www.facebook.com\/creddose\",\"https:\/\/www.linkedin.com\/company\/creddo-ab\/\"]},{\"@type\":\"Question\",\"@id\":\"https:\/\/creddo.com\/se\/foretagslan\/eif-lan\/#faq-question-1628692540683\",\"position\":1,\"url\":\"https:\/\/creddo.com\/se\/foretagslan\/eif-lan\/#faq-question-1628692540683\",\"name\":\"Vad \u00e4r ett EIF-l\u00e5n?\",\"answerCount\":1,\"acceptedAnswer\":{\"@type\":\"Answer\",\"text\":\"Ett EIF-l\u00e5n \u00e4r ett l\u00e5n som finansieras av EIF, Europeiska Investeringsfonden, som ing\u00e5r i Europeiska investeringsbanken (EIB). EIF tillhandah\u00e5ller risk- och tillv\u00e4xtkapital, garantier med mera som l\u00e5nas ut till sm\u00e5 och medelstora f\u00f6retag. EIF har som m\u00e5l att hj\u00e4lpa f\u00f6retag, framf\u00f6rallt mindre eller nystartade, i Europa med finansiering medan EIB har som huvudsyfte att hj\u00e4lpa till att finansiera och stimulera ekonomin och den l\u00e5ngsiktiga tillv\u00e4xten i Europa.\",\"inLanguage\":\"sv-SE\"},\"inLanguage\":\"sv-SE\"},{\"@type\":\"Question\",\"@id\":\"https:\/\/creddo.com\/se\/foretagslan\/eif-lan\/#faq-question-1628692505788\",\"position\":2,\"url\":\"https:\/\/creddo.com\/se\/foretagslan\/eif-lan\/#faq-question-1628692505788\",\"name\":\"Vem kan f\u00e5 ett EIF-l\u00e5n?\",\"answerCount\":1,\"acceptedAnswer\":{\"@type\":\"Answer\",\"text\":\"L\u00e5net riktar in sig till sm\u00e5f\u00f6retagare med aktiebolag, nedan f\u00f6ljer grundkraven:<br\/>- Erbjuds endast till aktiebolag<br\/>- L\u00e5n upp till 550 000 kronor<br\/>- L\u00f6ptid 24-60 m\u00e5nader <br\/>- Max 9 anst\u00e4llda<br\/>- Maximal oms\u00e4ttning om 20 miljoner kronor<br\/>- Maximal balansomslutning om 20 miljoner kronor<br\/>- Minst ett registrerat bokslut<br\/><br\/>Du som driver ett aktiebolag och inte har n\u00e5gra betalningsanm\u00e4rkningar s\u00f6ker enkelt och smidigt EIF-l\u00e5n automatiskt direkt via <a href=\\\"https:\/\/creddo.com\/se\/\\\">Creddos j\u00e4mf\u00f6relsetj\u00e4nst<\/a>.\u00a0 \",\"inLanguage\":\"sv-SE\"},\"inLanguage\":\"sv-SE\"},{\"@type\":\"Question\",\"@id\":\"https:\/\/creddo.com\/se\/foretagslan\/eif-lan\/#faq-question-1628692565505\",\"position\":3,\"url\":\"https:\/\/creddo.com\/se\/foretagslan\/eif-lan\/#faq-question-1628692565505\",\"name\":\"Vad \u00e4r COSME?\",\"answerCount\":1,\"acceptedAnswer\":{\"@type\":\"Answer\",\"text\":\"COSME \u00e4r EU:s program som hj\u00e4lper till att st\u00e4rka f\u00f6retagens konkurrenskraft. COSME har en total budget p\u00e5 2,3 miljarder varav minst 60 procent av detta ska anv\u00e4ndas till att underl\u00e4tta finansiering f\u00f6r sm\u00e5 och medelstora f\u00f6retag i Europa.\",\"inLanguage\":\"sv-SE\"},\"inLanguage\":\"sv-SE\"}]}<\/script>\n<!-- \/ Yoast SEO Premium plugin. -->","yoast_head_json":{"title":"EIF l\u00e5n - S\u00e5 fungerar l\u00e5n med Europeiska Investeringsfonden","description":"Genom att ans\u00f6ka om ett EIF l\u00e5n s\u00e5 kan du f\u00e5 en garanti s\u00e5 att du sj\u00e4lv endast beh\u00f6ver g\u00e5 i borgen f\u00f6r 20% av l\u00e5net. Prova via Creddo","robots":{"index":"index","follow":"follow","max-snippet":"max-snippet:-1","max-image-preview":"max-image-preview:large","max-video-preview":"max-video-preview:-1"},"canonical":"https:\/\/creddo.com\/se\/foretagslan\/eif-lan\/","og_locale":"sv_SE","og_type":"article","og_title":"EIF l\u00e5n","og_description":"EIF l\u00e5n Driver du ett mindre eller medelstort f\u00f6retag i Sverige har du m\u00f6jlighet att ta f\u00f6rdelaktiga l\u00e5n till ditt f\u00f6retag hos de banker som har st\u00f6d av","og_url":"https:\/\/creddo.com\/se\/foretagslan\/eif-lan\/","og_site_name":"Creddo","article_publisher":"https:\/\/www.facebook.com\/creddose","article_modified_time":"2025-10-21T13:39:55+00:00","og_image":[{"width":1200,"height":630,"url":"https:\/\/creddo.com\/se\/wp-content\/uploads\/2024\/07\/52.jpg","type":"image\/jpeg"}],"twitter_card":"summary_large_image","twitter_misc":{"Ber\u00e4knad l\u00e4stid":"6 minuter"},"schema":{"@context":"https:\/\/schema.org","@graph":[{"@type":["WebPage","FAQPage"],"@id":"https:\/\/creddo.com\/se\/foretagslan\/eif-lan\/","url":"https:\/\/creddo.com\/se\/foretagslan\/eif-lan\/","name":"EIF l\u00e5n - S\u00e5 fungerar l\u00e5n med Europeiska Investeringsfonden","isPartOf":{"@id":"https:\/\/creddo.com\/se\/#website"},"datePublished":"2020-06-25T11:34:00+00:00","dateModified":"2025-10-21T13:39:55+00:00","description":"Genom att ans\u00f6ka om ett EIF l\u00e5n s\u00e5 kan du f\u00e5 en garanti s\u00e5 att du sj\u00e4lv endast beh\u00f6ver g\u00e5 i borgen f\u00f6r 20% av l\u00e5net. Prova via Creddo","breadcrumb":{"@id":"https:\/\/creddo.com\/se\/foretagslan\/eif-lan\/#breadcrumb"},"mainEntity":[{"@id":"https:\/\/creddo.com\/se\/foretagslan\/eif-lan\/#faq-question-1628692540683"},{"@id":"https:\/\/creddo.com\/se\/foretagslan\/eif-lan\/#faq-question-1628692505788"},{"@id":"https:\/\/creddo.com\/se\/foretagslan\/eif-lan\/#faq-question-1628692565505"}],"inLanguage":"sv-SE","potentialAction":[{"@type":"ReadAction","target":["https:\/\/creddo.com\/se\/foretagslan\/eif-lan\/"]}]},{"@type":"BreadcrumbList","@id":"https:\/\/creddo.com\/se\/foretagslan\/eif-lan\/#breadcrumb","itemListElement":[{"@type":"ListItem","position":1,"name":"Creddo.com","item":"https:\/\/creddo.com\/se\/"},{"@type":"ListItem","position":2,"name":"F\u00f6retagsl\u00e5n","item":"https:\/\/creddo.com\/se\/foretagslan\/"},{"@type":"ListItem","position":3,"name":"EIF l\u00e5n"}]},{"@type":"WebSite","@id":"https:\/\/creddo.com\/se\/#website","url":"https:\/\/creddo.com\/se\/","name":"Creddo","description":"J\u00e4mf\u00f6r f\u00f6retagsl\u00e5n upp till 10 miljoner","publisher":{"@id":"https:\/\/creddo.com\/se\/#organization"},"potentialAction":[{"@type":"SearchAction","target":{"@type":"EntryPoint","urlTemplate":"https:\/\/creddo.com\/se\/?s={search_term_string}"},"query-input":{"@type":"PropertyValueSpecification","valueRequired":true,"valueName":"search_term_string"}}],"inLanguage":"sv-SE"},{"@type":"Organization","@id":"https:\/\/creddo.com\/se\/#organization","name":"Creddo AB","url":"https:\/\/creddo.com\/se\/","logo":{"@type":"ImageObject","inLanguage":"sv-SE","@id":"https:\/\/creddo.com\/se\/#\/schema\/logo\/image\/","url":"https:\/\/creddo.com\/se\/wp-content\/uploads\/2024\/04\/Creddo-logo-square.png","contentUrl":"https:\/\/creddo.com\/se\/wp-content\/uploads\/2024\/04\/Creddo-logo-square.png","width":720,"height":720,"caption":"Creddo AB"},"image":{"@id":"https:\/\/creddo.com\/se\/#\/schema\/logo\/image\/"},"sameAs":["https:\/\/www.facebook.com\/creddose","https:\/\/www.linkedin.com\/company\/creddo-ab\/"]},{"@type":"Question","@id":"https:\/\/creddo.com\/se\/foretagslan\/eif-lan\/#faq-question-1628692540683","position":1,"url":"https:\/\/creddo.com\/se\/foretagslan\/eif-lan\/#faq-question-1628692540683","name":"Vad \u00e4r ett EIF-l\u00e5n?","answerCount":1,"acceptedAnswer":{"@type":"Answer","text":"Ett EIF-l\u00e5n \u00e4r ett l\u00e5n som finansieras av EIF, Europeiska Investeringsfonden, som ing\u00e5r i Europeiska investeringsbanken (EIB). EIF tillhandah\u00e5ller risk- och tillv\u00e4xtkapital, garantier med mera som l\u00e5nas ut till sm\u00e5 och medelstora f\u00f6retag. EIF har som m\u00e5l att hj\u00e4lpa f\u00f6retag, framf\u00f6rallt mindre eller nystartade, i Europa med finansiering medan EIB har som huvudsyfte att hj\u00e4lpa till att finansiera och stimulera ekonomin och den l\u00e5ngsiktiga tillv\u00e4xten i Europa.","inLanguage":"sv-SE"},"inLanguage":"sv-SE"},{"@type":"Question","@id":"https:\/\/creddo.com\/se\/foretagslan\/eif-lan\/#faq-question-1628692505788","position":2,"url":"https:\/\/creddo.com\/se\/foretagslan\/eif-lan\/#faq-question-1628692505788","name":"Vem kan f\u00e5 ett EIF-l\u00e5n?","answerCount":1,"acceptedAnswer":{"@type":"Answer","text":"L\u00e5net riktar in sig till sm\u00e5f\u00f6retagare med aktiebolag, nedan f\u00f6ljer grundkraven:<br\/>- Erbjuds endast till aktiebolag<br\/>- L\u00e5n upp till 550 000 kronor<br\/>- L\u00f6ptid 24-60 m\u00e5nader <br\/>- Max 9 anst\u00e4llda<br\/>- Maximal oms\u00e4ttning om 20 miljoner kronor<br\/>- Maximal balansomslutning om 20 miljoner kronor<br\/>- Minst ett registrerat bokslut<br\/><br\/>Du som driver ett aktiebolag och inte har n\u00e5gra betalningsanm\u00e4rkningar s\u00f6ker enkelt och smidigt EIF-l\u00e5n automatiskt direkt via <a href=\"https:\/\/creddo.com\/se\/\">Creddos j\u00e4mf\u00f6relsetj\u00e4nst<\/a>.\u00a0 ","inLanguage":"sv-SE"},"inLanguage":"sv-SE"},{"@type":"Question","@id":"https:\/\/creddo.com\/se\/foretagslan\/eif-lan\/#faq-question-1628692565505","position":3,"url":"https:\/\/creddo.com\/se\/foretagslan\/eif-lan\/#faq-question-1628692565505","name":"Vad \u00e4r COSME?","answerCount":1,"acceptedAnswer":{"@type":"Answer","text":"COSME \u00e4r EU:s program som hj\u00e4lper till att st\u00e4rka f\u00f6retagens konkurrenskraft. COSME har en total budget p\u00e5 2,3 miljarder varav minst 60 procent av detta ska anv\u00e4ndas till att underl\u00e4tta finansiering f\u00f6r sm\u00e5 och medelstora f\u00f6retag i Europa.","inLanguage":"sv-SE"},"inLanguage":"sv-SE"}]}},"lang":"sv","translations":{"sv":660},"pll_sync_post":[],"_links":{"self":[{"href":"https:\/\/creddo.com\/se\/wp-json\/wp\/v2\/pages\/660","targetHints":{"allow":["GET"]}}],"collection":[{"href":"https:\/\/creddo.com\/se\/wp-json\/wp\/v2\/pages"}],"about":[{"href":"https:\/\/creddo.com\/se\/wp-json\/wp\/v2\/types\/page"}],"author":[{"embeddable":true,"href":"https:\/\/creddo.com\/se\/wp-json\/wp\/v2\/users\/8"}],"replies":[{"embeddable":true,"href":"https:\/\/creddo.com\/se\/wp-json\/wp\/v2\/comments?post=660"}],"version-history":[{"count":19,"href":"https:\/\/creddo.com\/se\/wp-json\/wp\/v2\/pages\/660\/revisions"}],"predecessor-version":[{"id":4321,"href":"https:\/\/creddo.com\/se\/wp-json\/wp\/v2\/pages\/660\/revisions\/4321"}],"up":[{"embeddable":true,"href":"https:\/\/creddo.com\/se\/wp-json\/wp\/v2\/pages\/1141"}],"wp:attachment":[{"href":"https:\/\/creddo.com\/se\/wp-json\/wp\/v2\/media?parent=660"}],"curies":[{"name":"wp","href":"https:\/\/api.w.org\/{rel}","templated":true}]}}