{"id":667,"date":"2020-06-25T13:41:00","date_gmt":"2020-06-25T11:41:00","guid":{"rendered":"http:\/\/creddo.se\/?page_id=667"},"modified":"2025-10-15T15:34:37","modified_gmt":"2025-10-15T13:34:37","slug":"maskinfinansiering","status":"publish","type":"page","link":"https:\/\/creddo.com\/se\/foretagslan\/maskinfinansiering\/","title":{"rendered":"Maskinfinansiering och l\u00e5n f\u00f6r transportf\u00f6retag &#8211; vad kostar det?"},"content":{"rendered":"\n<p>Maskinfinansiering inneb\u00e4r att du f\u00e5r hj\u00e4lp att finansiera ink\u00f6p av maskiner eller andra fordon. M\u00e5nga f\u00f6retag och organisationer anv\u00e4nder det f\u00f6r att utveckla sin verksamhet och \u00f6ka oms\u00e4ttningen, inte minst bygg- och transportf\u00f6retag. <\/p>\n\n\n\n<p>Men vad \u00e4r det viktigaste att t\u00e4nka p\u00e5 f\u00f6r att g\u00f6ra det p\u00e5 b\u00e4sta s\u00e4tt? H\u00e4r tittar vi n\u00e4rmare p\u00e5 allt du beh\u00f6ver veta om maskinfinansiering. Ibland kallas maskinfinansiering \u00e4ven f\u00f6r objektfinansiering.<\/p>\n\n\n\n<p>\n<a href=\"https:\/\/creddo.com\/se\/\" class=\"btn btn-blue\">Ans\u00f6k om f\u00f6retagsfinansiering<\/a>\n<\/p>\n\n\n\n<h2 class=\"wp-block-heading\" id=\"h-maskinfinansiering-finansiera-ditt-foretags-tillvaxt-med-moderna-losningar\"><strong>Maskinfinansiering: Finansiera ditt f\u00f6retags tillv\u00e4xt med moderna l\u00f6sningar<\/strong><\/h2>\n\n\n\n<p>Beh\u00f6ver du investera i nya maskiner f\u00f6r att driva din verksamhet fram\u00e5t? Maskinfinansiering kan vara den perfekta l\u00f6sningen f\u00f6r att frig\u00f6ra kapital och optimera din cashflow. I den h\u00e4r guiden belyser vi f\u00f6rdelarna med maskinfinansiering och hur den kan bidra till din f\u00f6retagstillv\u00e4xt.<\/p>\n\n\n\n<p><strong>\u00d6vervinn kostnads barri\u00e4rer:<\/strong><\/p>\n\n\n\n<p>Moderna maskiner och utrustning kan vara en betydande investering. Med maskinfinansiering kan du sprida ut kostnaden \u00f6ver tid och undvika en tung eng\u00e5ngsutgift. Detta ger dig flexibilitet att investera i den utrustning du beh\u00f6ver f\u00f6r att effektivisera din produktion och \u00f6ka din vinstpotential.<\/p>\n\n\n\n<p><strong>F\u00f6rb\u00e4ttra din konkurrenskraft:<\/strong><\/p>\n\n\n\n<p>Genom att investera i nya maskiner kan du ligga steget f\u00f6re konkurrenterna och \u00f6ka din produktivitet. Moderna maskiner ger ofta h\u00f6gre precision, snabbare processer och l\u00e4gre energif\u00f6rbrukning, vilket leder till kostnadsbesparingar och \u00f6kad effektivitet.<\/p>\n\n\n\n<p><strong>Flera finansieringsalternativ:<\/strong><\/p>\n\n\n\n<p>Maskinfinansiering erbjuds i olika former, till exempel l\u00e5n och leasing. Beroende p\u00e5 dina behov och din ekonomiska situation kan du v\u00e4lja den l\u00f6sning som passar dig b\u00e4st.<\/p>\n\n\n\n<p><strong>L\u00e5n med maskinen som s\u00e4kerhet:<\/strong><\/p>\n\n\n\n<p>Vid maskinfinansiering genom l\u00e5n anv\u00e4nds maskinen ofta som s\u00e4kerhet. Det inneb\u00e4r att l\u00e5ngivaren kan ta \u00f6ver \u00e4garskapet till maskinen om man inte kan betala tillbaka l\u00e5net. L\u00e5n kr\u00e4ver vanligtvis en kontantinsats p\u00e5 ca 20% av maskinens v\u00e4rde.<\/p>\n\n\n\n<p><strong>Leasing: Hyr din maskin:<\/strong><\/p>\n\n\n\n<p>Leasing \u00e4r ett alternativ till l\u00e5n d\u00e4r du hyr maskinen under en viss avtalsperiod. Du \u00e4ger inte maskinen, men du slipper betala f\u00f6r v\u00e4rdeminskning och reparationer. Leasingavtal kan vara dyrare \u00e4n l\u00e5n, men de kan ge viss flexibilitet och l\u00e4gre underh\u00e5llsbehov.<\/p>\n\n\n\n<p><strong>Sammanfattning:<\/strong><\/p>\n\n\n\n<p>Maskinfinansiering kan vara en effektiv strategi f\u00f6r att frig\u00f6ra kapital, optimera cashflow och driva din f\u00f6retagstillv\u00e4xt. Genom att investera i moderna maskiner kan du \u00f6ka din produktivitet, f\u00f6rb\u00e4ttra din konkurrenskraft och uppn\u00e5 l\u00e5ngsiktig l\u00f6nsamhet.<\/p>\n\n\n\n<h3 class=\"wp-block-heading\" id=\"h-varfor-ar-maskinfinansiering-en-bra-losning-for-foretag\">Varf\u00f6r \u00e4r maskinfinansiering en bra l\u00f6sning f\u00f6r f\u00f6retag?<\/h3>\n\n\n\n<p>Maskinfinansiering \u00e4r framf\u00f6r allt bra eftersom du inte, f\u00f6rutom med en eventuell kontantinsats, beh\u00f6ver belasta f\u00f6retagets likviditet n\u00e4r du investerar i nya maskiner som kan \u00f6ka f\u00f6retagets oms\u00e4ttning. <\/p>\n\n\n\n<p>Dessutom beh\u00f6ver du inte inteckna n\u00e5got annat \u00e4n sj\u00e4lva maskinen som s\u00e4kerhet. Det \u00e4r helt enkelt ett verktyg f\u00f6r att f\u00f6rverkliga din aff\u00e4rsid\u00e9 och v\u00e4xa din verksamhet p\u00e5 ett snabbare s\u00e4tt.<\/p>\n\n\n\n<h3 class=\"wp-block-heading\" id=\"h-vad-kan-du-kopa-in-med-hjalp-av-maskinfinansiering\">Vad kan du k\u00f6pa in med hj\u00e4lp av maskinfinansiering?<\/h3>\n\n\n\n<p>Med maskinfinansiering kan du till exempel finansiera k\u00f6p av:<\/p>\n\n\n\n<ul class=\"wp-block-list\">\n<li>Datorer<\/li>\n\n\n\n<li>Entreprenadmaskiner<\/li>\n\n\n\n<li>Fordon<\/li>\n\n\n\n<li>Jordbruksmaskiner<\/li>\n\n\n\n<li>Skogsbruksmaskiner<\/li>\n\n\n\n<li>Traktorer<\/li>\n\n\n\n<li>Verkstadsmaskiner<\/li>\n<\/ul>\n\n\n\n<h2 class=\"wp-block-heading\" id=\"h-maskinfinansiering-steg-for-steg\">Maskinfinansiering steg f\u00f6r steg<\/h2>\n\n\n\n<p>Finansiering och <a href=\"https:\/\/creddo.com\/se\/foretagslan\/\">f\u00f6retagsl\u00e5n<\/a> kan k\u00e4nnas kr\u00e5ngligt, men det \u00e4r inte lika jobbigt som det l\u00e5ter. Maskinfinansiering har egentligen bara tv\u00e5 steg: v\u00e4lj det objekt du vill finansiera och vilken finansieringsform du vill anv\u00e4nda, till exempel leasing eller avbetalning\/l\u00e5n.<\/p>\n\n\n\n<p>Sedan \u00e4r det bara fr\u00e5ga om att hitta en l\u00e5ngivare eller ett leasingf\u00f6retag, ta emot pengarna, b\u00f6rja anv\u00e4nda maskinen och betala \u00f6ver tid.<\/p>\n\n\n\n<p>Vid avbetalning kan du v\u00e4lja mellan rak amortering och annuitetsl\u00e5n. N\u00e4r du v\u00e4ljer rak amortering \u00e4r avbetalningarna h\u00f6gre i b\u00f6rjan f\u00f6r att sedan bli l\u00e4gre \u00f6ver tid, medan ett annuitetsl\u00e5n inneb\u00e4r att du betalar lika mycket varje m\u00e5nad.&nbsp;<\/p>\n\n\n\n<p>Vid leasing betalar du en \u00e5terkommande leasingavgift, till exempel varje m\u00e5nad, som dessutom \u00e4r avdragsgill. Leasingobjekt brukar inte beh\u00f6va tas upp som en tillg\u00e5ng i f\u00f6retagets balansr\u00e4kning.<\/p>\n\n\n\n<h2 class=\"wp-block-heading\" id=\"h-behover-du-ett-foretagslan-for-att-kopa-in-nya-fordon-eller-maskiner\">Beh\u00f6ver du ett f\u00f6retagsl\u00e5n f\u00f6r att k\u00f6pa in nya fordon eller maskiner?<\/h2>\n\n\n\n<p>Avbetalning\/l\u00e5n \u00e4r ett s\u00e4tt att finansiera ink\u00f6p av nya maskiner. Vi p\u00e5 <a href=\"https:\/\/creddo.com\/se\/\">Creddo \u00e4r experter p\u00e5 f\u00f6retagsfinansiering<\/a> och hj\u00e4lper dig att kostnadsfritt j\u00e4mf\u00f6ra en m\u00e4ngd olika l\u00e5ngivare.<\/p>\n\n\n\n<p>Hos oss kan du hitta det l\u00e5n som p\u00e5 b\u00e4sta s\u00e4tt finansierar ditt maskinink\u00f6p. Det \u00e4r kostnadsfritt f\u00f6r dig som kund och mycket enklare \u00e4n att j\u00e4mf\u00f6ra olika l\u00e5ngivare p\u00e5 egen hand.<\/p>\n\n\n\n<p>\n<a href=\"https:\/\/creddo.com\/se\/\" class=\"btn btn-blue\">G\u00f6r en kostnadsfri ans\u00f6kan<\/a>\n<\/p>\n\n\n\n<h3 class=\"wp-block-heading\" id=\"h-sa-har-okar-du-mojligheterna-att-fa-ditt-foretagslan-beviljat\">S\u00e5 h\u00e4r \u00f6kar du m\u00f6jligheterna att f\u00e5 ditt f\u00f6retagsl\u00e5n beviljat<\/h3>\n\n\n\n<p>Banker och l\u00e5ngivare utg\u00e5r fr\u00e5n flera olika saker n\u00e4r de tittar p\u00e5 ditt f\u00f6retags betalningsf\u00f6rm\u00e5ga. Bed\u00f6mningen avg\u00f6r om du f\u00e5r din ans\u00f6kan beviljad och hur bra villkor du f\u00e5r. F\u00f6r att \u00f6ka dina m\u00f6jligheter att f\u00e5 ditt l\u00e5n beviljat finns det en del saker du kan f\u00f6rbereda.<\/p>\n\n\n\n<h4 class=\"wp-block-heading\" id=\"h-1-forbered-en-borgenar\">1. F\u00f6rbered en borgen\u00e4r<\/h4>\n\n\n\n<p>Ett vanligt kriterium hos bankerna \u00e4r att det beh\u00f6vs en borgensman f\u00f6r att f\u00e5 ta ett f\u00f6retagsl\u00e5n. Att ta med din borgen\u00e4r direkt i ans\u00f6kan kan \u00f6ka m\u00f6jligheterna att bli beviljad l\u00e5net.<\/p>\n\n\n\n<p>Detta visar banken att du \u00e4r seri\u00f6s och att det finns en eller flera personer som kommer att g\u00e5 in och betala tillbaka l\u00e5net ifall ditt f\u00f6retag hamnar i obest\u00e5nd och inte kan leva upp till avtalets villkor.<\/p>\n\n\n\n<h4 class=\"wp-block-heading\" id=\"h-2-ha-koll-pa-dina-papper\">2. Ha koll p\u00e5 dina papper<\/h4>\n\n\n\n<p>Var f\u00f6rberedd p\u00e5 att banken eventuellt vill ha olika typer av underlag fr\u00e5n f\u00f6retaget f\u00f6r att g\u00f6ra sin bed\u00f6mning. Bifoga resultat- och balansr\u00e4kning direkt i din ans\u00f6kan och var beredd p\u00e5 att komplettera med \u00f6vriga dokument vid f\u00f6rfr\u00e5gan. Med papperna i ordning kommer processen att g\u00e5 mycket snabbare!<\/p>\n\n\n\n<h4 class=\"wp-block-heading\" id=\"h-3-utforma-en-affarsplan-och-en-aterbetalningsplan\">3. Utforma en aff\u00e4rsplan och en \u00e5terbetalningsplan<\/h4>\n\n\n\n<p>En del banker ser g\u00e4rna att du l\u00e4mnar in din aff\u00e4rsplan i samband med att du ans\u00f6ker om f\u00f6retagsl\u00e5n. Om du inte redan har gjort en kan det vara till din f\u00f6rdel om du listar n\u00e5gra punkter om din verksamhet.<\/p>\n\n\n\n<p>Skriv till exempel ned vilken typ av verksamhet du bedriver, vad din aff\u00e4rsid\u00e9 \u00e4r, hur verksamheten finansieras, om det finns anst\u00e4lld personal och annat som kan vara viktigt att veta.<\/p>\n\n\n\n<p>F\u00f6r att \u00f6ka chanserna att f\u00e5 ditt f\u00f6retagsl\u00e5n beviljat \u00e4r det ocks\u00e5 bra om du redan i f\u00f6rv\u00e4g har skapat en \u00e5terbetalningsplan som visar att du t\u00e4nker betala tillbaka ditt l\u00e5n. Ber\u00e4tta g\u00e4rna mer om vad ditt l\u00e5n ska anv\u00e4ndas till och vad kapitalet kommer bidra med i verksamheten.<\/p>\n\n\n\n<hr class=\"wp-block-separator has-css-opacity\"\/>\n\n\n\n<p class=\"has-text-align-center\"><strong>Tips! <\/strong>L\u00e4s mer om <a href=\"https:\/\/creddo.com\/se\/foretagslan\/byggforetag\/\">f\u00f6retagsl\u00e5n f\u00f6r byggf\u00f6retag<\/a><strong>.<\/strong><\/p>\n\n\n\n<hr class=\"wp-block-separator has-css-opacity\"\/>\n\n\n\n<h3 class=\"wp-block-heading\" id=\"h-vem-kan-ta-ett-foretagslan-for-maskinfinansiering\">Vem kan ta ett f\u00f6retagsl\u00e5n f\u00f6r maskinfinansiering?<\/h3>\n\n\n\n<p>Alla som driver f\u00f6retag kan ans\u00f6ka om ett f\u00f6retagsl\u00e5n. F\u00f6r att bli beviljad har bankerna olika krav du som l\u00e5ntagare beh\u00f6ver uppfylla. Vad som g\u00e4ller f\u00f6r de olika bankerna hittar du oftast p\u00e5 bankens hemsida n\u00e4r du l\u00e4ser om f\u00f6retagsl\u00e5n. <\/p>\n\n\n\n<p>M\u00e5nga banker har krav, som att f\u00f6retaget \u00e4r anm\u00e4rkningsfritt eller att bolagsformen \u00e4r ett <a href=\"https:\/\/creddo.com\/se\/foretagslan\/aktiebolag\/\">aktiebolag<\/a>, men det finns undantag.<\/p>\n\n\n\n<p>Genom att f\u00f6lja ovanst\u00e5ende tips hoppas vi att du f\u00e5r igenom din ans\u00f6kan om ett f\u00f6retagsl\u00e5n och har m\u00f6jlighet att k\u00f6pa in eller g\u00f6ra det som beh\u00f6vs f\u00f6r att f\u00e5 ditt f\u00f6retag att v\u00e4xa.<\/p>\n\n\n\n<p>\n<a href=\"https:\/\/creddo.com\/se\/\" class=\"btn btn-blue\">Ans\u00f6k kostnadsfritt genom Creddo<\/a>\n<\/p>\n","protected":false},"excerpt":{"rendered":"<p>Maskinfinansiering inneb\u00e4r att du f\u00e5r hj\u00e4lp att finansiera ink\u00f6p av maskiner eller andra fordon. M\u00e5nga f\u00f6retag och organisationer anv\u00e4nder det f\u00f6r att utveckla sin verksamhet och \u00f6ka oms\u00e4ttningen, inte minst bygg- och transportf\u00f6retag. Men vad \u00e4r det viktigaste att t\u00e4nka p\u00e5 f\u00f6r att g\u00f6ra det p\u00e5 b\u00e4sta s\u00e4tt? H\u00e4r tittar vi n\u00e4rmare p\u00e5 allt du [&hellip;]<\/p>\n","protected":false},"author":8,"featured_media":0,"parent":1141,"menu_order":0,"comment_status":"closed","ping_status":"closed","template":"creddopage.php","meta":{"_acf_changed":false,"footnotes":""},"class_list":["post-667","page","type-page","status-publish","hentry"],"acf":[],"yoast_head":"<!-- This site is optimized with the Yoast SEO Premium plugin v26.6 (Yoast SEO v26.8) - https:\/\/yoast.com\/product\/yoast-seo-premium-wordpress\/ -->\n<title>Maskinfinansiering f\u00f6r f\u00f6retag \u2013 j\u00e4mf\u00f6r smart med Creddo<\/title>\n<meta name=\"description\" content=\"J\u00e4mf\u00f6r maskinfinansiering f\u00f6r ditt f\u00f6retag via Creddo. Finansiera maskiner och fordon utan att binda kapital \u2013 snabbt, tryggt och gratis.\" \/>\n<meta name=\"robots\" content=\"index, follow, max-snippet:-1, max-image-preview:large, max-video-preview:-1\" \/>\n<link rel=\"canonical\" href=\"https:\/\/creddo.com\/se\/foretagslan\/maskinfinansiering\/\" \/>\n<meta property=\"og:locale\" content=\"sv_SE\" \/>\n<meta property=\"og:type\" content=\"article\" \/>\n<meta property=\"og:title\" content=\"Maskinfinansiering och l\u00e5n f\u00f6r transportf\u00f6retag - vad kostar det?\" \/>\n<meta property=\"og:description\" content=\"Maskinfinansiering inneb\u00e4r att du f\u00e5r hj\u00e4lp att finansiera ink\u00f6p av maskiner eller andra fordon. M\u00e5nga f\u00f6retag och organisationer anv\u00e4nder det f\u00f6r att\" \/>\n<meta property=\"og:url\" content=\"https:\/\/creddo.com\/se\/foretagslan\/maskinfinansiering\/\" \/>\n<meta property=\"og:site_name\" content=\"Creddo\" \/>\n<meta property=\"article:publisher\" content=\"https:\/\/www.facebook.com\/creddose\" \/>\n<meta property=\"article:modified_time\" content=\"2025-10-15T13:34:37+00:00\" \/>\n<meta property=\"og:image\" content=\"https:\/\/creddo.com\/se\/wp-content\/uploads\/2024\/07\/52.jpg\" \/>\n\t<meta property=\"og:image:width\" content=\"1200\" \/>\n\t<meta property=\"og:image:height\" content=\"630\" \/>\n\t<meta property=\"og:image:type\" content=\"image\/jpeg\" \/>\n<meta name=\"twitter:card\" content=\"summary_large_image\" \/>\n<meta name=\"twitter:label1\" content=\"Ber\u00e4knad l\u00e4stid\" \/>\n\t<meta name=\"twitter:data1\" content=\"6 minuter\" \/>\n<script type=\"application\/ld+json\" class=\"yoast-schema-graph\">{\"@context\":\"https:\/\/schema.org\",\"@graph\":[{\"@type\":\"WebPage\",\"@id\":\"https:\/\/creddo.com\/se\/foretagslan\/maskinfinansiering\/\",\"url\":\"https:\/\/creddo.com\/se\/foretagslan\/maskinfinansiering\/\",\"name\":\"Maskinfinansiering f\u00f6r f\u00f6retag \u2013 j\u00e4mf\u00f6r smart med Creddo\",\"isPartOf\":{\"@id\":\"https:\/\/creddo.com\/se\/#website\"},\"datePublished\":\"2020-06-25T11:41:00+00:00\",\"dateModified\":\"2025-10-15T13:34:37+00:00\",\"description\":\"J\u00e4mf\u00f6r maskinfinansiering f\u00f6r ditt f\u00f6retag via Creddo. Finansiera maskiner och fordon utan att binda kapital \u2013 snabbt, tryggt och gratis.\",\"breadcrumb\":{\"@id\":\"https:\/\/creddo.com\/se\/foretagslan\/maskinfinansiering\/#breadcrumb\"},\"inLanguage\":\"sv-SE\",\"potentialAction\":[{\"@type\":\"ReadAction\",\"target\":[\"https:\/\/creddo.com\/se\/foretagslan\/maskinfinansiering\/\"]}]},{\"@type\":\"BreadcrumbList\",\"@id\":\"https:\/\/creddo.com\/se\/foretagslan\/maskinfinansiering\/#breadcrumb\",\"itemListElement\":[{\"@type\":\"ListItem\",\"position\":1,\"name\":\"Creddo.com\",\"item\":\"https:\/\/creddo.com\/se\/\"},{\"@type\":\"ListItem\",\"position\":2,\"name\":\"F\u00f6retagsl\u00e5n\",\"item\":\"https:\/\/creddo.com\/se\/foretagslan\/\"},{\"@type\":\"ListItem\",\"position\":3,\"name\":\"Maskinfinansiering\"}]},{\"@type\":\"WebSite\",\"@id\":\"https:\/\/creddo.com\/se\/#website\",\"url\":\"https:\/\/creddo.com\/se\/\",\"name\":\"Creddo\",\"description\":\"J\u00e4mf\u00f6r f\u00f6retagsl\u00e5n upp till 10 miljoner\",\"publisher\":{\"@id\":\"https:\/\/creddo.com\/se\/#organization\"},\"potentialAction\":[{\"@type\":\"SearchAction\",\"target\":{\"@type\":\"EntryPoint\",\"urlTemplate\":\"https:\/\/creddo.com\/se\/?s={search_term_string}\"},\"query-input\":{\"@type\":\"PropertyValueSpecification\",\"valueRequired\":true,\"valueName\":\"search_term_string\"}}],\"inLanguage\":\"sv-SE\"},{\"@type\":\"Organization\",\"@id\":\"https:\/\/creddo.com\/se\/#organization\",\"name\":\"Creddo AB\",\"url\":\"https:\/\/creddo.com\/se\/\",\"logo\":{\"@type\":\"ImageObject\",\"inLanguage\":\"sv-SE\",\"@id\":\"https:\/\/creddo.com\/se\/#\/schema\/logo\/image\/\",\"url\":\"https:\/\/creddo.com\/se\/wp-content\/uploads\/2024\/04\/Creddo-logo-square.png\",\"contentUrl\":\"https:\/\/creddo.com\/se\/wp-content\/uploads\/2024\/04\/Creddo-logo-square.png\",\"width\":720,\"height\":720,\"caption\":\"Creddo AB\"},\"image\":{\"@id\":\"https:\/\/creddo.com\/se\/#\/schema\/logo\/image\/\"},\"sameAs\":[\"https:\/\/www.facebook.com\/creddose\",\"https:\/\/www.linkedin.com\/company\/creddo-ab\/\"]}]}<\/script>\n<!-- \/ Yoast SEO Premium plugin. -->","yoast_head_json":{"title":"Maskinfinansiering f\u00f6r f\u00f6retag \u2013 j\u00e4mf\u00f6r smart med Creddo","description":"J\u00e4mf\u00f6r maskinfinansiering f\u00f6r ditt f\u00f6retag via Creddo. Finansiera maskiner och fordon utan att binda kapital \u2013 snabbt, tryggt och gratis.","robots":{"index":"index","follow":"follow","max-snippet":"max-snippet:-1","max-image-preview":"max-image-preview:large","max-video-preview":"max-video-preview:-1"},"canonical":"https:\/\/creddo.com\/se\/foretagslan\/maskinfinansiering\/","og_locale":"sv_SE","og_type":"article","og_title":"Maskinfinansiering och l\u00e5n f\u00f6r transportf\u00f6retag - vad kostar det?","og_description":"Maskinfinansiering inneb\u00e4r att du f\u00e5r hj\u00e4lp att finansiera ink\u00f6p av maskiner eller andra fordon. M\u00e5nga f\u00f6retag och organisationer anv\u00e4nder det f\u00f6r att","og_url":"https:\/\/creddo.com\/se\/foretagslan\/maskinfinansiering\/","og_site_name":"Creddo","article_publisher":"https:\/\/www.facebook.com\/creddose","article_modified_time":"2025-10-15T13:34:37+00:00","og_image":[{"width":1200,"height":630,"url":"https:\/\/creddo.com\/se\/wp-content\/uploads\/2024\/07\/52.jpg","type":"image\/jpeg"}],"twitter_card":"summary_large_image","twitter_misc":{"Ber\u00e4knad l\u00e4stid":"6 minuter"},"schema":{"@context":"https:\/\/schema.org","@graph":[{"@type":"WebPage","@id":"https:\/\/creddo.com\/se\/foretagslan\/maskinfinansiering\/","url":"https:\/\/creddo.com\/se\/foretagslan\/maskinfinansiering\/","name":"Maskinfinansiering f\u00f6r f\u00f6retag \u2013 j\u00e4mf\u00f6r smart med Creddo","isPartOf":{"@id":"https:\/\/creddo.com\/se\/#website"},"datePublished":"2020-06-25T11:41:00+00:00","dateModified":"2025-10-15T13:34:37+00:00","description":"J\u00e4mf\u00f6r maskinfinansiering f\u00f6r ditt f\u00f6retag via Creddo. Finansiera maskiner och fordon utan att binda kapital \u2013 snabbt, tryggt och gratis.","breadcrumb":{"@id":"https:\/\/creddo.com\/se\/foretagslan\/maskinfinansiering\/#breadcrumb"},"inLanguage":"sv-SE","potentialAction":[{"@type":"ReadAction","target":["https:\/\/creddo.com\/se\/foretagslan\/maskinfinansiering\/"]}]},{"@type":"BreadcrumbList","@id":"https:\/\/creddo.com\/se\/foretagslan\/maskinfinansiering\/#breadcrumb","itemListElement":[{"@type":"ListItem","position":1,"name":"Creddo.com","item":"https:\/\/creddo.com\/se\/"},{"@type":"ListItem","position":2,"name":"F\u00f6retagsl\u00e5n","item":"https:\/\/creddo.com\/se\/foretagslan\/"},{"@type":"ListItem","position":3,"name":"Maskinfinansiering"}]},{"@type":"WebSite","@id":"https:\/\/creddo.com\/se\/#website","url":"https:\/\/creddo.com\/se\/","name":"Creddo","description":"J\u00e4mf\u00f6r f\u00f6retagsl\u00e5n upp till 10 miljoner","publisher":{"@id":"https:\/\/creddo.com\/se\/#organization"},"potentialAction":[{"@type":"SearchAction","target":{"@type":"EntryPoint","urlTemplate":"https:\/\/creddo.com\/se\/?s={search_term_string}"},"query-input":{"@type":"PropertyValueSpecification","valueRequired":true,"valueName":"search_term_string"}}],"inLanguage":"sv-SE"},{"@type":"Organization","@id":"https:\/\/creddo.com\/se\/#organization","name":"Creddo AB","url":"https:\/\/creddo.com\/se\/","logo":{"@type":"ImageObject","inLanguage":"sv-SE","@id":"https:\/\/creddo.com\/se\/#\/schema\/logo\/image\/","url":"https:\/\/creddo.com\/se\/wp-content\/uploads\/2024\/04\/Creddo-logo-square.png","contentUrl":"https:\/\/creddo.com\/se\/wp-content\/uploads\/2024\/04\/Creddo-logo-square.png","width":720,"height":720,"caption":"Creddo AB"},"image":{"@id":"https:\/\/creddo.com\/se\/#\/schema\/logo\/image\/"},"sameAs":["https:\/\/www.facebook.com\/creddose","https:\/\/www.linkedin.com\/company\/creddo-ab\/"]}]}},"lang":"sv","translations":{"sv":667},"pll_sync_post":[],"_links":{"self":[{"href":"https:\/\/creddo.com\/se\/wp-json\/wp\/v2\/pages\/667","targetHints":{"allow":["GET"]}}],"collection":[{"href":"https:\/\/creddo.com\/se\/wp-json\/wp\/v2\/pages"}],"about":[{"href":"https:\/\/creddo.com\/se\/wp-json\/wp\/v2\/types\/page"}],"author":[{"embeddable":true,"href":"https:\/\/creddo.com\/se\/wp-json\/wp\/v2\/users\/8"}],"replies":[{"embeddable":true,"href":"https:\/\/creddo.com\/se\/wp-json\/wp\/v2\/comments?post=667"}],"version-history":[{"count":18,"href":"https:\/\/creddo.com\/se\/wp-json\/wp\/v2\/pages\/667\/revisions"}],"predecessor-version":[{"id":4992,"href":"https:\/\/creddo.com\/se\/wp-json\/wp\/v2\/pages\/667\/revisions\/4992"}],"up":[{"embeddable":true,"href":"https:\/\/creddo.com\/se\/wp-json\/wp\/v2\/pages\/1141"}],"wp:attachment":[{"href":"https:\/\/creddo.com\/se\/wp-json\/wp\/v2\/media?parent=667"}],"curies":[{"name":"wp","href":"https:\/\/api.w.org\/{rel}","templated":true}]}}