{"id":7,"date":"2019-07-05T15:28:19","date_gmt":"2019-07-05T15:28:19","guid":{"rendered":"http:\/\/creddo.se\/?page_id=7"},"modified":"2025-12-17T15:38:07","modified_gmt":"2025-12-17T14:38:07","slug":"jamfor-lan","status":"publish","type":"page","link":"https:\/\/creddo.com\/se\/","title":{"rendered":"J\u00e4mf\u00f6r f\u00f6retagsl\u00e5n"},"content":{"rendered":"\n<h2 class=\"wp-block-heading has-text-align-center\" id=\"h-en-laneformedlare-for-smaforetagare\">En l\u00e5nef\u00f6rmedlare f\u00f6r sm\u00e5f\u00f6retagare<\/h2>\n\n\n\n<div style=\"height:10px\" aria-hidden=\"true\" class=\"wp-block-spacer\"><\/div>\n\n\n\n<p class=\"has-text-align-left\">Vi p\u00e5 Creddo \u00e4r specialister p\u00e5 <a href=\"https:\/\/creddo.com\/se\/foretagslan\/\">f\u00f6retagsl\u00e5n<\/a> och vi vill att det ska vara enkelt och g\u00e5 snabbt f\u00f6r sm\u00e5f\u00f6retagare att hitta r\u00e4tt f\u00f6retagsfinansiering. Att ans\u00f6ka via oss kostar ingenting extra f\u00f6r dig som f\u00f6retagare. F\u00f6rdelen \u00e4r att din l\u00e5neans\u00f6kan skickas till \u00f6ver 25 l\u00e5ngivare, s\u00e5 att du kan f\u00e5 m\u00f6jlighet att v\u00e4lja mellan flera l\u00e5neerbjudanden. Att ha flera l\u00e5neerbjudanden kan ge dig en b\u00e4ttre chans att f\u00e5 den <a href=\"https:\/\/creddo.com\/se\/foretagslan\/ranta\/\">b\u00e4sta r\u00e4ntan p\u00e5 ditt f\u00f6retagsl\u00e5n<\/a> p\u00e5 marknaden. Dessutom ger det en chans att kunna ha en god \u00f6verblick \u00f6ver dina m\u00f6jligheter med f\u00f6retagsl\u00e5n.<\/p>\n\n\n\n<p class=\"has-text-align-left\">N\u00e4r du ans\u00f6ker om l\u00e5n hos oss sker endast en kreditupplysning via UC i samband med din ans\u00f6kan. Det inneb\u00e4r att ditt f\u00f6retag inte belastas med flera f\u00f6rfr\u00e5gningar samtidigt. Detta ofta kan p\u00e5verka kreditv\u00e4rdigheten. Samtidigt som kreditupplysningen registreras, skickas ans\u00f6kan vidare till de l\u00e5ngivare som vi samarbetar med. Detta g\u00f6r v\u00e5r tj\u00e4nst f\u00f6r f\u00f6retagsl\u00e5n b\u00e5de snabb och effektiv.<\/p>\n\n\n\n<p class=\"has-text-align-left\">Vissa av v\u00e5ra samarbetspartners anv\u00e4nder \u00e4ven andra kreditupplysningsf\u00f6retag, exempelvis Creditsafe eller Bisnode. Detta p\u00e5verkar dock inte p\u00e5 n\u00e5got s\u00e4tt ditt f\u00f6retags kreditv\u00e4rdighet. Tack vare denna process kan du k\u00e4nna dig trygg i att din ans\u00f6kan hanteras p\u00e5 ett s\u00e4kert och ansvarsfullt s\u00e4tt. N\u00e4r det g\u00e4ller f\u00f6retagsl\u00e5n p\u00e5verkar det inte f\u00f6retagets kreditprofil negativt. V\u00e5rt m\u00e5l \u00e4r att g\u00f6ra hela ans\u00f6kningsprocessen s\u00e5 enkel och transparent som m\u00f6jligt. Samtidigt s\u00e4kerst\u00e4ller vi att ditt f\u00f6retag f\u00e5r tillg\u00e5ng till de b\u00e4sta finansieringsm\u00f6jligheterna.<\/p>\n\n\n\n<p class=\"has-text-align-left\">Creddo f\u00f6rmedlar <a href=\"https:\/\/creddo.com\/se\/foretagslan\/aktiebolag\/\">f\u00f6retagsl\u00e5n till aktiebolag<\/a> och andra vanliga f\u00f6retagsformer, som till exempel <a href=\"https:\/\/creddo.com\/se\/foretagslan\/enskild-firma\/\">l\u00e5n till enskild firma<\/a>. Vi har bred erfarenhet av att f\u00f6rmedla l\u00e5n till f\u00f6retag i en m\u00e4ngd olika branscher. Dessutom finns vi <a href=\"https:\/\/www.fi.se\/sv\/vara-register\/foretagsregistret\/?query=creddo#results\" target=\"_blank\" rel=\"noreferrer noopener\">registrerade hos Finansinspektionen<\/a>. Vi arbetar f\u00f6r att du alltid ska f\u00e5 svar p\u00e5 din ans\u00f6kan inom 24 timmar och pengarna fr\u00e5n ditt f\u00f6retagsl\u00e5n snabbt utbetalda.<\/p>\n\n\n\n<h3 class=\"wp-block-heading has-text-align-left\" id=\"h-behover-ditt-bolag-ansoka-om-foretagslan-pa-mer-an-10-miljoner-kronor\">Beh\u00f6ver ditt bolag ans\u00f6ka om f\u00f6retagsl\u00e5n p\u00e5 mer \u00e4n 10 miljoner kronor?<\/h3>\n\n\n\n<p class=\"has-text-align-left\">Creddo har tidigare f\u00f6rmedlat l\u00e5n p\u00e5 \u00f6ver 100 miljoner kronor \u2013 om du representerar ett st\u00f6rre bolag och \u00e4r intresserad av f\u00f6retagsl\u00e5n med h\u00f6g oms\u00e4ttning s\u00e5 kan du kontakta v\u00e5ra l\u00e5nespecialister direkt via telefon&nbsp;\ud83d\udcde 010-551 67 02 eller maila <a href=\"mailto:kundservice@creddo.se\">kundservice@creddo.se<\/a>&nbsp;<\/p>\n\n\n<div class=\"wp-block-image is-style-default height-auto\">\n<figure class=\"aligncenter size-large\"><img fetchpriority=\"high\" decoding=\"async\" width=\"1024\" height=\"576\" src=\"https:\/\/creddo.com\/se\/wp-content\/uploads\/2022\/03\/creddo-foretagsfinansiering-1024x576.jpg\" alt=\"Creddo f\u00f6retagsl\u00e5n\" class=\"wp-image-2506\" srcset=\"https:\/\/creddo.com\/se\/wp-content\/uploads\/2022\/03\/creddo-foretagsfinansiering-1024x576.jpg 1024w, https:\/\/creddo.com\/se\/wp-content\/uploads\/2022\/03\/creddo-foretagsfinansiering-300x169.jpg 300w, https:\/\/creddo.com\/se\/wp-content\/uploads\/2022\/03\/creddo-foretagsfinansiering-768x432.jpg 768w, https:\/\/creddo.com\/se\/wp-content\/uploads\/2022\/03\/creddo-foretagsfinansiering-1536x864.jpg 1536w, https:\/\/creddo.com\/se\/wp-content\/uploads\/2022\/03\/creddo-foretagsfinansiering.jpg 1700w\" sizes=\"(max-width: 1024px) 100vw, 1024px\" \/><\/figure><\/div>\n\n\n<div style=\"height:40px\" aria-hidden=\"true\" class=\"wp-block-spacer\"><\/div>\n\n\n\n<div class=\"wp-block-buttons is-horizontal is-content-justification-center is-layout-flex wp-container-core-buttons-is-layout-1 wp-block-buttons-is-layout-flex\">\n<div class=\"wp-block-button btn btn-blue\"><a class=\"wp-block-button__link has-white-color has-text-color has-background wp-element-button\" href=\"#creddo-signup-form-default\" style=\"background-color:#418af7\">G\u00f6r en kostnadsfri ans\u00f6kan<\/a><\/div>\n<\/div>\n","protected":false},"excerpt":{"rendered":"<p>En l\u00e5nef\u00f6rmedlare f\u00f6r sm\u00e5f\u00f6retagare Vi p\u00e5 Creddo \u00e4r specialister p\u00e5 f\u00f6retagsl\u00e5n och vi vill att det ska vara enkelt och g\u00e5 snabbt f\u00f6r sm\u00e5f\u00f6retagare att hitta r\u00e4tt f\u00f6retagsfinansiering. Att ans\u00f6ka via oss kostar ingenting extra f\u00f6r dig som f\u00f6retagare. F\u00f6rdelen \u00e4r att din l\u00e5neans\u00f6kan skickas till \u00f6ver 25 l\u00e5ngivare, s\u00e5 att du kan f\u00e5 m\u00f6jlighet [&hellip;]<\/p>\n","protected":false},"author":1,"featured_media":0,"parent":0,"menu_order":0,"comment_status":"closed","ping_status":"closed","template":"homepage.php","meta":{"_acf_changed":false,"footnotes":""},"class_list":["post-7","page","type-page","status-publish","hentry"],"acf":[],"yoast_head":"<!-- This site is optimized with the Yoast SEO Premium plugin v26.6 (Yoast SEO v26.8) - https:\/\/yoast.com\/product\/yoast-seo-premium-wordpress\/ -->\n<title>F\u00f6retagsl\u00e5n med Creddo fr\u00e5n 10,000 kr till \u00f6ver 10 miljoner kr<\/title>\n<meta name=\"description\" content=\"J\u00e4mf\u00f6r f\u00f6retagsl\u00e5n kostnadsfritt - med 1 ans\u00f6kan och 1 UC. Creddo samarbetar med \u00f6ver 25 l\u00e5ngivare - svar inom 24 timmar.\" \/>\n<meta name=\"robots\" content=\"index, follow, max-snippet:-1, max-image-preview:large, max-video-preview:-1\" \/>\n<link rel=\"canonical\" href=\"https:\/\/creddo.com\/se\/\" \/>\n<meta property=\"og:locale\" content=\"sv_SE\" \/>\n<meta property=\"og:type\" content=\"article\" \/>\n<meta property=\"og:title\" content=\"J\u00e4mf\u00f6r f\u00f6retagsl\u00e5n\" \/>\n<meta property=\"og:description\" content=\"En l\u00e5nef\u00f6rmedlare f\u00f6r sm\u00e5f\u00f6retagare Vi p\u00e5 Creddo \u00e4r specialister p\u00e5 f\u00f6retagsl\u00e5n och vi vill att det ska vara enkelt och g\u00e5 snabbt f\u00f6r sm\u00e5f\u00f6retagare att\" \/>\n<meta property=\"og:url\" content=\"https:\/\/creddo.com\/se\/\" \/>\n<meta property=\"og:site_name\" content=\"Creddo\" \/>\n<meta property=\"article:publisher\" content=\"https:\/\/www.facebook.com\/creddose\" \/>\n<meta property=\"article:modified_time\" content=\"2025-12-17T14:38:07+00:00\" \/>\n<meta property=\"og:image\" content=\"https:\/\/creddo.com\/se\/wp-content\/uploads\/2024\/05\/18.jpg\" \/>\n\t<meta property=\"og:image:width\" content=\"1200\" \/>\n\t<meta property=\"og:image:height\" content=\"630\" \/>\n\t<meta property=\"og:image:type\" content=\"image\/jpeg\" \/>\n<meta name=\"twitter:card\" content=\"summary_large_image\" \/>\n<meta name=\"twitter:label1\" content=\"Ber\u00e4knad l\u00e4stid\" \/>\n\t<meta name=\"twitter:data1\" content=\"2 minuter\" \/>\n<script type=\"application\/ld+json\" class=\"yoast-schema-graph\">{\"@context\":\"https:\/\/schema.org\",\"@graph\":[{\"@type\":\"WebPage\",\"@id\":\"https:\/\/creddo.com\/se\/\",\"url\":\"https:\/\/creddo.com\/se\/\",\"name\":\"F\u00f6retagsl\u00e5n med Creddo fr\u00e5n 10,000 kr till \u00f6ver 10 miljoner kr\",\"isPartOf\":{\"@id\":\"https:\/\/creddo.com\/se\/#website\"},\"primaryImageOfPage\":{\"@id\":\"https:\/\/creddo.com\/se\/#primaryimage\"},\"image\":{\"@id\":\"https:\/\/creddo.com\/se\/#primaryimage\"},\"thumbnailUrl\":\"https:\/\/creddo.com\/se\/wp-content\/uploads\/2022\/03\/creddo-foretagsfinansiering-1024x576.jpg\",\"datePublished\":\"2019-07-05T15:28:19+00:00\",\"dateModified\":\"2025-12-17T14:38:07+00:00\",\"description\":\"J\u00e4mf\u00f6r f\u00f6retagsl\u00e5n kostnadsfritt - med 1 ans\u00f6kan och 1 UC. Creddo samarbetar med \u00f6ver 25 l\u00e5ngivare - svar inom 24 timmar.\",\"breadcrumb\":{\"@id\":\"https:\/\/creddo.com\/se\/#breadcrumb\"},\"inLanguage\":\"sv-SE\",\"potentialAction\":[{\"@type\":\"ReadAction\",\"target\":[\"https:\/\/creddo.com\/se\/\"]}]},{\"@type\":\"ImageObject\",\"inLanguage\":\"sv-SE\",\"@id\":\"https:\/\/creddo.com\/se\/#primaryimage\",\"url\":\"https:\/\/creddo.com\/se\/wp-content\/uploads\/2022\/03\/creddo-foretagsfinansiering.jpg\",\"contentUrl\":\"https:\/\/creddo.com\/se\/wp-content\/uploads\/2022\/03\/creddo-foretagsfinansiering.jpg\",\"width\":1700,\"height\":956,\"caption\":\"Man ans\u00f6ker om f\u00f6retagsfinansiering hos Creddo\"},{\"@type\":\"BreadcrumbList\",\"@id\":\"https:\/\/creddo.com\/se\/#breadcrumb\",\"itemListElement\":[{\"@type\":\"ListItem\",\"position\":1,\"name\":\"Creddo.com\",\"item\":\"https:\/\/creddo.com\/se\/\"},{\"@type\":\"ListItem\",\"position\":2,\"name\":\"J\u00e4mf\u00f6r f\u00f6retagsl\u00e5n\"}]},{\"@type\":\"WebSite\",\"@id\":\"https:\/\/creddo.com\/se\/#website\",\"url\":\"https:\/\/creddo.com\/se\/\",\"name\":\"Creddo\",\"description\":\"J\u00e4mf\u00f6r f\u00f6retagsl\u00e5n upp till 10 miljoner\",\"publisher\":{\"@id\":\"https:\/\/creddo.com\/se\/#organization\"},\"potentialAction\":[{\"@type\":\"SearchAction\",\"target\":{\"@type\":\"EntryPoint\",\"urlTemplate\":\"https:\/\/creddo.com\/se\/?s={search_term_string}\"},\"query-input\":{\"@type\":\"PropertyValueSpecification\",\"valueRequired\":true,\"valueName\":\"search_term_string\"}}],\"inLanguage\":\"sv-SE\"},{\"@type\":\"Organization\",\"@id\":\"https:\/\/creddo.com\/se\/#organization\",\"name\":\"Creddo AB\",\"url\":\"https:\/\/creddo.com\/se\/\",\"logo\":{\"@type\":\"ImageObject\",\"inLanguage\":\"sv-SE\",\"@id\":\"https:\/\/creddo.com\/se\/#\/schema\/logo\/image\/\",\"url\":\"https:\/\/creddo.com\/se\/wp-content\/uploads\/2024\/04\/Creddo-logo-square.png\",\"contentUrl\":\"https:\/\/creddo.com\/se\/wp-content\/uploads\/2024\/04\/Creddo-logo-square.png\",\"width\":720,\"height\":720,\"caption\":\"Creddo AB\"},\"image\":{\"@id\":\"https:\/\/creddo.com\/se\/#\/schema\/logo\/image\/\"},\"sameAs\":[\"https:\/\/www.facebook.com\/creddose\",\"https:\/\/www.linkedin.com\/company\/creddo-ab\/\"]}]}<\/script>\n<!-- \/ Yoast SEO Premium plugin. -->","yoast_head_json":{"title":"F\u00f6retagsl\u00e5n med Creddo fr\u00e5n 10,000 kr till \u00f6ver 10 miljoner kr","description":"J\u00e4mf\u00f6r f\u00f6retagsl\u00e5n kostnadsfritt - med 1 ans\u00f6kan och 1 UC. Creddo samarbetar med \u00f6ver 25 l\u00e5ngivare - svar inom 24 timmar.","robots":{"index":"index","follow":"follow","max-snippet":"max-snippet:-1","max-image-preview":"max-image-preview:large","max-video-preview":"max-video-preview:-1"},"canonical":"https:\/\/creddo.com\/se\/","og_locale":"sv_SE","og_type":"article","og_title":"J\u00e4mf\u00f6r f\u00f6retagsl\u00e5n","og_description":"En l\u00e5nef\u00f6rmedlare f\u00f6r sm\u00e5f\u00f6retagare Vi p\u00e5 Creddo \u00e4r specialister p\u00e5 f\u00f6retagsl\u00e5n och vi vill att det ska vara enkelt och g\u00e5 snabbt f\u00f6r sm\u00e5f\u00f6retagare att","og_url":"https:\/\/creddo.com\/se\/","og_site_name":"Creddo","article_publisher":"https:\/\/www.facebook.com\/creddose","article_modified_time":"2025-12-17T14:38:07+00:00","og_image":[{"width":1200,"height":630,"url":"https:\/\/creddo.com\/se\/wp-content\/uploads\/2024\/05\/18.jpg","type":"image\/jpeg"}],"twitter_card":"summary_large_image","twitter_misc":{"Ber\u00e4knad l\u00e4stid":"2 minuter"},"schema":{"@context":"https:\/\/schema.org","@graph":[{"@type":"WebPage","@id":"https:\/\/creddo.com\/se\/","url":"https:\/\/creddo.com\/se\/","name":"F\u00f6retagsl\u00e5n med Creddo fr\u00e5n 10,000 kr till \u00f6ver 10 miljoner kr","isPartOf":{"@id":"https:\/\/creddo.com\/se\/#website"},"primaryImageOfPage":{"@id":"https:\/\/creddo.com\/se\/#primaryimage"},"image":{"@id":"https:\/\/creddo.com\/se\/#primaryimage"},"thumbnailUrl":"https:\/\/creddo.com\/se\/wp-content\/uploads\/2022\/03\/creddo-foretagsfinansiering-1024x576.jpg","datePublished":"2019-07-05T15:28:19+00:00","dateModified":"2025-12-17T14:38:07+00:00","description":"J\u00e4mf\u00f6r f\u00f6retagsl\u00e5n kostnadsfritt - med 1 ans\u00f6kan och 1 UC. Creddo samarbetar med \u00f6ver 25 l\u00e5ngivare - svar inom 24 timmar.","breadcrumb":{"@id":"https:\/\/creddo.com\/se\/#breadcrumb"},"inLanguage":"sv-SE","potentialAction":[{"@type":"ReadAction","target":["https:\/\/creddo.com\/se\/"]}]},{"@type":"ImageObject","inLanguage":"sv-SE","@id":"https:\/\/creddo.com\/se\/#primaryimage","url":"https:\/\/creddo.com\/se\/wp-content\/uploads\/2022\/03\/creddo-foretagsfinansiering.jpg","contentUrl":"https:\/\/creddo.com\/se\/wp-content\/uploads\/2022\/03\/creddo-foretagsfinansiering.jpg","width":1700,"height":956,"caption":"Man ans\u00f6ker om f\u00f6retagsfinansiering hos Creddo"},{"@type":"BreadcrumbList","@id":"https:\/\/creddo.com\/se\/#breadcrumb","itemListElement":[{"@type":"ListItem","position":1,"name":"Creddo.com","item":"https:\/\/creddo.com\/se\/"},{"@type":"ListItem","position":2,"name":"J\u00e4mf\u00f6r f\u00f6retagsl\u00e5n"}]},{"@type":"WebSite","@id":"https:\/\/creddo.com\/se\/#website","url":"https:\/\/creddo.com\/se\/","name":"Creddo","description":"J\u00e4mf\u00f6r f\u00f6retagsl\u00e5n upp till 10 miljoner","publisher":{"@id":"https:\/\/creddo.com\/se\/#organization"},"potentialAction":[{"@type":"SearchAction","target":{"@type":"EntryPoint","urlTemplate":"https:\/\/creddo.com\/se\/?s={search_term_string}"},"query-input":{"@type":"PropertyValueSpecification","valueRequired":true,"valueName":"search_term_string"}}],"inLanguage":"sv-SE"},{"@type":"Organization","@id":"https:\/\/creddo.com\/se\/#organization","name":"Creddo AB","url":"https:\/\/creddo.com\/se\/","logo":{"@type":"ImageObject","inLanguage":"sv-SE","@id":"https:\/\/creddo.com\/se\/#\/schema\/logo\/image\/","url":"https:\/\/creddo.com\/se\/wp-content\/uploads\/2024\/04\/Creddo-logo-square.png","contentUrl":"https:\/\/creddo.com\/se\/wp-content\/uploads\/2024\/04\/Creddo-logo-square.png","width":720,"height":720,"caption":"Creddo AB"},"image":{"@id":"https:\/\/creddo.com\/se\/#\/schema\/logo\/image\/"},"sameAs":["https:\/\/www.facebook.com\/creddose","https:\/\/www.linkedin.com\/company\/creddo-ab\/"]}]}},"lang":"sv","translations":{"en":1010,"sv":7},"pll_sync_post":[],"_links":{"self":[{"href":"https:\/\/creddo.com\/se\/wp-json\/wp\/v2\/pages\/7","targetHints":{"allow":["GET"]}}],"collection":[{"href":"https:\/\/creddo.com\/se\/wp-json\/wp\/v2\/pages"}],"about":[{"href":"https:\/\/creddo.com\/se\/wp-json\/wp\/v2\/types\/page"}],"author":[{"embeddable":true,"href":"https:\/\/creddo.com\/se\/wp-json\/wp\/v2\/users\/1"}],"replies":[{"embeddable":true,"href":"https:\/\/creddo.com\/se\/wp-json\/wp\/v2\/comments?post=7"}],"version-history":[{"count":55,"href":"https:\/\/creddo.com\/se\/wp-json\/wp\/v2\/pages\/7\/revisions"}],"predecessor-version":[{"id":5293,"href":"https:\/\/creddo.com\/se\/wp-json\/wp\/v2\/pages\/7\/revisions\/5293"}],"wp:attachment":[{"href":"https:\/\/creddo.com\/se\/wp-json\/wp\/v2\/media?parent=7"}],"curies":[{"name":"wp","href":"https:\/\/api.w.org\/{rel}","templated":true}]}}