{"id":981,"date":"2020-10-08T14:33:40","date_gmt":"2020-10-08T12:33:40","guid":{"rendered":"http:\/\/creddo.se\/?page_id=981"},"modified":"2025-12-31T11:30:26","modified_gmt":"2025-12-31T10:30:26","slug":"foretagslan-for-restaurang","status":"publish","type":"page","link":"https:\/\/creddo.com\/se\/foretagslan\/restaurang\/","title":{"rendered":"F\u00f6retagsl\u00e5n f\u00f6r restaurang"},"content":{"rendered":"\n<h2 class=\"wp-block-heading\" id=\"h-varfor-ska-man-ta-ett-foretagslan-till-sin-restaurang\">Varf\u00f6r ska man ta ett f\u00f6retagsl\u00e5n till sin restaurang?<\/h2>\n\n\n\n<p> Att driva restaurang i storst\u00e4der som Stockholm, G\u00f6teborg eller Malm\u00f6 inneb\u00e4r h\u00f6ga krav \u2013 b\u00e5de p\u00e5 service och p\u00e5 utrustning i k\u00f6ket. Stork\u00f6ksmaskiner, diskmaskiner, kylrum och frysar \u00e4r investeringar som b\u00e5de kostar mycket och m\u00e5ste fungera dagligen. Skulle till exempel frysen g\u00e5 s\u00f6nder kan det snabbt bli sv\u00e5rt att h\u00e5lla \u00f6ppet f\u00f6r g\u00e4sterna. Med r\u00e4tt finansiering, till exempel genom ett f\u00f6retagsl\u00e5n kan du s\u00e4kra driften och t\u00e4cka ov\u00e4ntade kostnader utan att verksamheten p\u00e5verkas negativt.  Det kan ocks\u00e5 vara s\u00e5 att man <a href=\"https:\/\/creddo.com\/se\/foretagslan\/snabba-foretagslan\/\">snabbt<\/a> beh\u00f6ver ta in extra personal till en st\u00f6rre tillst\u00e4llning eller exempelvis rusta upp inf\u00f6r sommars\u00e4songen. \u00c4ven om du har budgeterat f\u00f6r of\u00f6rutsedda h\u00e4ndelser, kan det ibland bli f\u00f6r mycket \u2013 kanske \u00e4r det d\u00e5 dags att \u00f6verv\u00e4ga ett f\u00f6retagsl\u00e5n f\u00f6r din restaurang?<\/p>\n\n\n\n<p>\n<a href=\"https:\/\/creddo.com\/se\/\" class=\"btn btn-blue\">G\u00f6r en kostnadsfri ans\u00f6kan<\/a>\n<\/p>\n\n\n\n<h3 class=\"wp-block-heading\" id=\"h-vilket-ar-det-basta-foretagslanet-for-en-restaurang\"><strong>Vilket \u00e4r det b\u00e4sta f\u00f6retagsl\u00e5net f\u00f6r en restaurang?<\/strong><\/h3>\n\n\n\n<p><strong>Att v\u00e4lja r\u00e4tt f\u00f6retagsl\u00e5n f\u00f6r din restaurang kan k\u00e4nnas som en djungel. Men med r\u00e4tt information blir det betydligt enklare.<\/strong><\/p>\n\n\n\n<p>Varje restaurang \u00e4r unik, med sina egna behov och utmaningar. D\u00e4rf\u00f6r finns det inget universellt svar p\u00e5 vilket f\u00f6retagsl\u00e5n eller restaurangl\u00e5n som passar b\u00e4st. En stor restaurang i Stockholm med h\u00f6g oms\u00e4ttning kan ha helt andra krav \u00e4n ett mindre caf\u00e9 i Malm\u00f6 eller en mysig kvarterskrog i G\u00f6teborg. Faktorer som investeringar i k\u00f6ksutrustning, lokalens storlek, personalbehov och driftskostnader p\u00e5verkar valet av l\u00e5n. Genom att j\u00e4mf\u00f6ra olika l\u00e5ngivare och l\u00f6sningar hos <a href=\"https:\/\/creddo.com\/se\/foretagslan\/\">Creddo F\u00f6retagsl\u00e5n<\/a> kan du hitta den finansiering som \u00e4r mest l\u00e4mplig f\u00f6r just din restaurang, oavsett om du beh\u00f6ver kapital f\u00f6r ny utrustning, expansion eller driftskostnader.&#8221;<\/p>\n\n\n\n<h3 class=\"wp-block-heading\"><strong>Vad kan du anv\u00e4nda ett f\u00f6retagsl\u00e5n till?<\/strong><\/h3>\n\n\n\n<p>Ett f\u00f6retagsl\u00e5n kan vara till stor hj\u00e4lp f\u00f6r din restaurang. H\u00e4r \u00e4r n\u00e5gra vanliga anv\u00e4ndningsomr\u00e5den:<\/p>\n\n\n\n<ul class=\"wp-block-list\">\n<li><strong>Renovering och ombyggnad:<\/strong> Uppgradera k\u00f6ket, skapa en ny bar eller renovera lokalen.<\/li>\n\n\n\n<li><strong>Ink\u00f6p av utrustning:<\/strong> Investera i nya kylsk\u00e5p, spisar, kassaregister eller andra n\u00f6dv\u00e4ndiga verktyg.<\/li>\n\n\n\n<li><strong>\u00d6ka lagerniv\u00e5erna:<\/strong> S\u00e4kra att du alltid har tillr\u00e4ckligt med r\u00e5varor och andra produkter.<\/li>\n\n\n\n<li><strong>Marknadsf\u00f6ring:<\/strong> \u00d6ka din synlighet och locka nya kunder genom reklam och andra marknadsf\u00f6ringsaktiviteter.<\/li>\n\n\n\n<li><strong>Ov\u00e4ntade utgifter:<\/strong> T\u00e4ck ov\u00e4ntade kostnader, reparationer eller driftstopp.<\/li>\n<\/ul>\n\n\n\n<h3 class=\"wp-block-heading\" id=\"h-vad-ska-du-tanka-pa-vid-foretagslan-till-restaurang\"><strong>Vad ska du t\u00e4nka p\u00e5 vid f\u00f6retagsl\u00e5n till restaurang?<\/strong><\/h3>\n\n\n\n<p>N\u00e4r du ska v\u00e4lja f\u00f6retagsl\u00e5n finns det flera viktiga faktorer att beakta:<\/p>\n\n\n\n<ul class=\"wp-block-list\">\n<li><strong>R\u00e4nta:<\/strong> J\u00e4mf\u00f6r r\u00e4ntorna hos olika l\u00e5ngivare. En l\u00e4gre r\u00e4nta g\u00f6r att du betalar mindre \u00f6ver l\u00e5nets l\u00f6ptid.<\/li>\n\n\n\n<li><strong>Amorteringstid:<\/strong> V\u00e4lj en amorteringstid som passar din ekonomiska situation. En l\u00e4ngre amorteringstid ger l\u00e4gre m\u00e5nadskostnader, men inneb\u00e4r ocks\u00e5 h\u00f6gre totala r\u00e4ntekostnader.<\/li>\n\n\n\n<li><strong>Bindningstid:<\/strong> Vissa l\u00e5n har en bindningstid, vilket inneb\u00e4r att du m\u00e5ste betala en r\u00e4nteskillnadsers\u00e4ttning om du vill l\u00f6sa l\u00e5net i f\u00f6rtid.<\/li>\n\n\n\n<li><strong>Avgifter:<\/strong> Ut\u00f6ver r\u00e4ntan kan det finnas andra avgifter kopplade till l\u00e5net, som uppl\u00e4ggningsavgift eller administrationsavgift.<\/li>\n\n\n\n<li><strong>S\u00e4kerheter:<\/strong> Vissa l\u00e5ngivare kan kr\u00e4va att du st\u00e4ller s\u00e4kerhet f\u00f6r l\u00e5net, till exempel fastigheter eller inventarier.<\/li>\n<\/ul>\n\n\n\n<h3 class=\"wp-block-heading\"><strong>Vad tittar l\u00e5ngivarna p\u00e5?<\/strong><\/h3>\n\n\n\n<p>Innan en l\u00e5ngivare beviljar ett l\u00e5n g\u00f6r de en bed\u00f6mning avrestaurangers ekonomiska situation. De tittar bland annat p\u00e5:<\/p>\n\n\n\n<ul class=\"wp-block-list\">\n<li><strong>Oms\u00e4ttning och l\u00f6nsamhet:<\/strong> Hur mycket oms\u00e4tter din restaurang och hur stor \u00e4r vinsten?<\/li>\n\n\n\n<li><strong>Kreditv\u00e4rdighet:<\/strong> Har du n\u00e5gra betalningsanm\u00e4rkningar eller andra skulder?<\/li>\n\n\n\n<li><strong>Aff\u00e4rsplan:<\/strong> Har du en v\u00e4l genomarbetad aff\u00e4rsplan f\u00f6r din restaurang?<\/li>\n\n\n\n<li><strong>S\u00e4kerheter:<\/strong> Kan du st\u00e4lla s\u00e4kerhet f\u00f6r l\u00e5net?<\/li>\n<\/ul>\n\n\n\n<h3 class=\"wp-block-heading\"><strong>Tips f\u00f6r att f\u00e5 ett bra f\u00f6retagsl\u00e5n<\/strong><\/h3>\n\n\n\n<ul class=\"wp-block-list\">\n<li><strong>J\u00e4mf\u00f6r olika erbjudanden:<\/strong> Ta in offerter fr\u00e5n flera olika l\u00e5ngivare f\u00f6r att hitta det b\u00e4sta erbjudandet.<\/li>\n\n\n\n<li><strong>Ha en v\u00e4l genomarbetad aff\u00e4rsplan:<\/strong> En bra aff\u00e4rsplan \u00f6kar dina chanser att f\u00e5 l\u00e5net beviljat.<\/li>\n\n\n\n<li><strong>St\u00e4ll fr\u00e5gor:<\/strong> Tveka inte att st\u00e4lla fr\u00e5gor till l\u00e5ngivaren om n\u00e5got \u00e4r oklart.<\/li>\n\n\n\n<li><strong>R\u00e5dfr\u00e5ga en r\u00e5dgivare:<\/strong> En ekonomisk r\u00e5dgivare kan hj\u00e4lpa dig att hitta det b\u00e4sta l\u00e5net f\u00f6r din restaurang.<\/li>\n<\/ul>\n\n\n\n<p class=\"has-medium-font-size\">Sammanfattningsvis: Att v\u00e4lja r\u00e4tt f\u00f6retagsl\u00e5n f\u00f6r din restaurang \u00e4r ett viktigt beslut. Genom att noggrant j\u00e4mf\u00f6ra olika erbjudanden och ta h\u00e4nsyn till dina specifika behov kan du hitta en finansieringsl\u00f6sning som passar just din verksamhet.<strong>Vill du ha mer hj\u00e4lp?<\/strong> Kontakta g\u00e4rna en bank eller en oberoende r\u00e5dgivare f\u00f6r att f\u00e5 mer skr\u00e4ddarsydd r\u00e5dgivning.<\/p>\n\n\n\n<h3 class=\"wp-block-heading\" id=\"h-vad-kan-jag-anvanda-mitt-foretagslan-for-restaurang-till\">Vad kan jag anv\u00e4nda mitt f\u00f6retagsl\u00e5n f\u00f6r restaurang till?<\/h3>\n\n\n\n<p>Ett f\u00f6retagsl\u00e5n f\u00f6r en restaurang kan anv\u00e4ndas till att exempelvis:<\/p>\n\n\n\n<ul class=\"wp-block-list\">\n<li>Investering i nya maskiner och redskap&nbsp;<\/li>\n\n\n\n<li>Anst\u00e4llning av ny personal<\/li>\n\n\n\n<li>Renovering av lokaler<\/li>\n\n\n\n<li>Marknadsf\u00f6ring eller framtagning av en ny tj\u00e4nst eller produkt.&nbsp;<\/li>\n<\/ul>\n\n\n\n<p>S\u00e5 l\u00e4nge syftet med l\u00e5net \u00e4r att det ska anv\u00e4ndas till n\u00e5got som gynnar f\u00f6retaget s\u00e5 kan det vara motiverat att ans\u00f6ka om l\u00e5net.<\/p>\n\n\n\n<p>\n<a href=\"https:\/\/creddo.com\/se\/\" class=\"btn btn-blue\">P\u00e5b\u00f6rja ans\u00f6kan<\/a>\n<\/p>\n\n\n\n<h3 class=\"wp-block-heading\" id=\"h-vad-tittar-langivaren-efter-nbsp\">Vad tittar l\u00e5ngivaren efter?&nbsp;<\/h3>\n\n\n\n<p>Vad l\u00e5ngivaren tittar p\u00e5 beror p\u00e5 var du ans\u00f6ker om ett f\u00f6retagsl\u00e5n till din restaurang. Vilken information du beh\u00f6ver l\u00e4mna varierar ocks\u00e5 beroende p\u00e5 var du l\u00e4mnar in din ans\u00f6kan och p\u00e5 vilken typ av bolag du driver.<\/p>\n\n\n\n<p>Det som l\u00e5ngivarna brukar titta p\u00e5 \u00e4r hur l\u00e4nge f\u00f6retaget varit aktivt, hur ekonomin ser ut, vad pengarna ska anv\u00e4ndas till och om det finns en \u00e5terbetalningsplan.<\/p>\n\n\n\n<p>M\u00e5nga l\u00e5ngivare vill ocks\u00e5 att man har en borgen\u00e4r som kan g\u00e5 in och betala tillbaka l\u00e5net om f\u00f6retaget sj\u00e4lv inte skulle kunna g\u00f6ra det. \u00c4r det ett st\u00f6rre f\u00f6retagsl\u00e5n f\u00f6r restaurangverksamhet kan det ibland kr\u00e4vas att mer \u00e4n en person g\u00e5r in som borgen\u00e4r.<\/p>\n\n\n\n<hr class=\"wp-block-separator has-css-opacity\"\/>\n\n\n\n<p class=\"has-text-align-center\"><strong>Tips! L\u00e4s mer om <a href=\"https:\/\/creddo.com\/se\/foretagslan\/aktiebolag\/\">l\u00e5n till aktiebolag<\/a>.<\/strong><\/p>\n\n\n\n<hr class=\"wp-block-separator has-css-opacity\"\/>\n\n\n\n<h3 class=\"wp-block-heading\" id=\"h-foretagslan-till-restaurang-tank-pa-det-har\">F\u00f6retagsl\u00e5n till restaurang? T\u00e4nk p\u00e5 det h\u00e4r!<\/h3>\n\n\n\n<h4 class=\"wp-block-heading\"><strong>Ett f\u00f6retagsl\u00e5n \u00e4r ett tillf\u00e4lligt komplement<\/strong><\/h4>\n\n\n\n<p>Ett f\u00f6retagsl\u00e5n f\u00f6r ett caf\u00e9 eller en restaurang \u00e4r ett bra s\u00e4tt att snabbt f\u00e5 in de pengar du beh\u00f6ver f\u00f6r att investera i n\u00e5gonting som i l\u00e4ngden resulterar i vinst men det \u00e4r viktigt att komma ih\u00e5g att l\u00e5net bara \u00e4r ett tillf\u00e4lligt komplement till \u00f6vrig finansiering i verksamheten.&nbsp;<\/p>\n\n\n\n<h4 class=\"wp-block-heading\"><strong>Ha en plan f\u00f6r din \u00e5terbetalning<\/strong><\/h4>\n\n\n\n<p>N\u00e4r du tar ett f\u00f6retagsl\u00e5n vet du redan vad du ska anv\u00e4nda l\u00e5net till och vad det kommer att generera till dig. Skriv ned detta och skapa en \u00e5terbetalningsplan. Det underl\u00e4ttar b\u00e5de f\u00f6r att f\u00e5 l\u00e5net beviljat och f\u00f6r att veta hur mycket du beh\u00f6ver avs\u00e4tta f\u00f6r \u00e5terbetalning varje m\u00e5nad.<\/p>\n\n\n\n<h4 class=\"wp-block-heading\"><strong>Investera smart<\/strong><\/h4>\n\n\n\n<p>N\u00e4r du ans\u00f6ker om ett f\u00f6retagsl\u00e5n till restaurang g\u00f6r du det f\u00f6r att investera i n\u00e5gonting. Oavsett om det \u00e4r i personal, nya maskiner, marknadsf\u00f6ring eller n\u00e5got annat s\u00e5 \u00e4r det bra att p\u00e5 f\u00f6rhand r\u00e4kna ut vad du kommer att tj\u00e4na p\u00e5 din investering. <\/p>\n\n\n\n<p>\n<a href=\"https:\/\/creddo.com\/se\/\" class=\"btn btn-blue\">Ans\u00f6k hos Creddo<\/a>\n<\/p>\n","protected":false},"excerpt":{"rendered":"<p>Varf\u00f6r ska man ta ett f\u00f6retagsl\u00e5n till sin restaurang? Att driva restaurang i storst\u00e4der som Stockholm, G\u00f6teborg eller Malm\u00f6 inneb\u00e4r h\u00f6ga krav \u2013 b\u00e5de p\u00e5 service och p\u00e5 utrustning i k\u00f6ket. Stork\u00f6ksmaskiner, diskmaskiner, kylrum och frysar \u00e4r investeringar som b\u00e5de kostar mycket och m\u00e5ste fungera dagligen. Skulle till exempel frysen g\u00e5 s\u00f6nder kan det snabbt [&hellip;]<\/p>\n","protected":false},"author":8,"featured_media":0,"parent":1141,"menu_order":0,"comment_status":"closed","ping_status":"closed","template":"creddopage.php","meta":{"_acf_changed":false,"footnotes":""},"class_list":["post-981","page","type-page","status-publish","hentry"],"acf":[],"yoast_head":"<!-- This site is optimized with the Yoast SEO Premium plugin v26.6 (Yoast SEO v26.8) - https:\/\/yoast.com\/product\/yoast-seo-premium-wordpress\/ -->\n<title>F\u00f6retagsl\u00e5n f\u00f6r restaurang: S\u00e5 hittar du r\u00e4tt<\/title>\n<meta name=\"description\" content=\"Ans\u00f6k kostnadsfritt hos Creddo om f\u00f6retagsl\u00e5n till restaurang. J\u00e4mf\u00f6r upp till \u00f6ver 25 l\u00e5ngivare med en ans\u00f6kan. 1 UC\" \/>\n<meta name=\"robots\" content=\"index, follow, max-snippet:-1, max-image-preview:large, max-video-preview:-1\" \/>\n<link rel=\"canonical\" href=\"https:\/\/creddo.com\/se\/foretagslan\/restaurang\/\" \/>\n<meta property=\"og:locale\" content=\"sv_SE\" \/>\n<meta property=\"og:type\" content=\"article\" \/>\n<meta property=\"og:title\" content=\"F\u00f6retagsl\u00e5n f\u00f6r restaurang\" \/>\n<meta property=\"og:description\" content=\"Varf\u00f6r ska man ta ett f\u00f6retagsl\u00e5n till sin restaurang? Att driva restaurang i storst\u00e4der som Stockholm, G\u00f6teborg eller Malm\u00f6 inneb\u00e4r h\u00f6ga krav \u2013 b\u00e5de p\u00e5\" \/>\n<meta property=\"og:url\" content=\"https:\/\/creddo.com\/se\/foretagslan\/restaurang\/\" \/>\n<meta property=\"og:site_name\" content=\"Creddo\" \/>\n<meta property=\"article:publisher\" content=\"https:\/\/www.facebook.com\/creddose\" \/>\n<meta property=\"article:modified_time\" content=\"2025-12-31T10:30:26+00:00\" \/>\n<meta property=\"og:image\" content=\"https:\/\/creddo.com\/se\/wp-content\/uploads\/2024\/07\/52.jpg\" \/>\n\t<meta property=\"og:image:width\" content=\"1200\" \/>\n\t<meta property=\"og:image:height\" content=\"630\" \/>\n\t<meta property=\"og:image:type\" content=\"image\/jpeg\" \/>\n<meta name=\"twitter:card\" content=\"summary_large_image\" \/>\n<meta name=\"twitter:label1\" content=\"Ber\u00e4knad l\u00e4stid\" \/>\n\t<meta name=\"twitter:data1\" content=\"5 minuter\" \/>\n<script type=\"application\/ld+json\" class=\"yoast-schema-graph\">{\"@context\":\"https:\/\/schema.org\",\"@graph\":[{\"@type\":\"WebPage\",\"@id\":\"https:\/\/creddo.com\/se\/foretagslan\/restaurang\/\",\"url\":\"https:\/\/creddo.com\/se\/foretagslan\/restaurang\/\",\"name\":\"F\u00f6retagsl\u00e5n f\u00f6r restaurang: S\u00e5 hittar du r\u00e4tt\",\"isPartOf\":{\"@id\":\"https:\/\/creddo.com\/se\/#website\"},\"datePublished\":\"2020-10-08T12:33:40+00:00\",\"dateModified\":\"2025-12-31T10:30:26+00:00\",\"description\":\"Ans\u00f6k kostnadsfritt hos Creddo om f\u00f6retagsl\u00e5n till restaurang. J\u00e4mf\u00f6r upp till \u00f6ver 25 l\u00e5ngivare med en ans\u00f6kan. 1 UC\",\"breadcrumb\":{\"@id\":\"https:\/\/creddo.com\/se\/foretagslan\/restaurang\/#breadcrumb\"},\"inLanguage\":\"sv-SE\",\"potentialAction\":[{\"@type\":\"ReadAction\",\"target\":[\"https:\/\/creddo.com\/se\/foretagslan\/restaurang\/\"]}]},{\"@type\":\"BreadcrumbList\",\"@id\":\"https:\/\/creddo.com\/se\/foretagslan\/restaurang\/#breadcrumb\",\"itemListElement\":[{\"@type\":\"ListItem\",\"position\":1,\"name\":\"Creddo.com\",\"item\":\"https:\/\/creddo.com\/se\/\"},{\"@type\":\"ListItem\",\"position\":2,\"name\":\"F\u00f6retagsl\u00e5n\",\"item\":\"https:\/\/creddo.com\/se\/foretagslan\/\"},{\"@type\":\"ListItem\",\"position\":3,\"name\":\"F\u00f6retagsl\u00e5n f\u00f6r restaurang\"}]},{\"@type\":\"WebSite\",\"@id\":\"https:\/\/creddo.com\/se\/#website\",\"url\":\"https:\/\/creddo.com\/se\/\",\"name\":\"Creddo\",\"description\":\"J\u00e4mf\u00f6r f\u00f6retagsl\u00e5n upp till 10 miljoner\",\"publisher\":{\"@id\":\"https:\/\/creddo.com\/se\/#organization\"},\"potentialAction\":[{\"@type\":\"SearchAction\",\"target\":{\"@type\":\"EntryPoint\",\"urlTemplate\":\"https:\/\/creddo.com\/se\/?s={search_term_string}\"},\"query-input\":{\"@type\":\"PropertyValueSpecification\",\"valueRequired\":true,\"valueName\":\"search_term_string\"}}],\"inLanguage\":\"sv-SE\"},{\"@type\":\"Organization\",\"@id\":\"https:\/\/creddo.com\/se\/#organization\",\"name\":\"Creddo AB\",\"url\":\"https:\/\/creddo.com\/se\/\",\"logo\":{\"@type\":\"ImageObject\",\"inLanguage\":\"sv-SE\",\"@id\":\"https:\/\/creddo.com\/se\/#\/schema\/logo\/image\/\",\"url\":\"https:\/\/creddo.com\/se\/wp-content\/uploads\/2024\/04\/Creddo-logo-square.png\",\"contentUrl\":\"https:\/\/creddo.com\/se\/wp-content\/uploads\/2024\/04\/Creddo-logo-square.png\",\"width\":720,\"height\":720,\"caption\":\"Creddo AB\"},\"image\":{\"@id\":\"https:\/\/creddo.com\/se\/#\/schema\/logo\/image\/\"},\"sameAs\":[\"https:\/\/www.facebook.com\/creddose\",\"https:\/\/www.linkedin.com\/company\/creddo-ab\/\"]}]}<\/script>\n<!-- \/ Yoast SEO Premium plugin. -->","yoast_head_json":{"title":"F\u00f6retagsl\u00e5n f\u00f6r restaurang: S\u00e5 hittar du r\u00e4tt","description":"Ans\u00f6k kostnadsfritt hos Creddo om f\u00f6retagsl\u00e5n till restaurang. J\u00e4mf\u00f6r upp till \u00f6ver 25 l\u00e5ngivare med en ans\u00f6kan. 1 UC","robots":{"index":"index","follow":"follow","max-snippet":"max-snippet:-1","max-image-preview":"max-image-preview:large","max-video-preview":"max-video-preview:-1"},"canonical":"https:\/\/creddo.com\/se\/foretagslan\/restaurang\/","og_locale":"sv_SE","og_type":"article","og_title":"F\u00f6retagsl\u00e5n f\u00f6r restaurang","og_description":"Varf\u00f6r ska man ta ett f\u00f6retagsl\u00e5n till sin restaurang? Att driva restaurang i storst\u00e4der som Stockholm, G\u00f6teborg eller Malm\u00f6 inneb\u00e4r h\u00f6ga krav \u2013 b\u00e5de p\u00e5","og_url":"https:\/\/creddo.com\/se\/foretagslan\/restaurang\/","og_site_name":"Creddo","article_publisher":"https:\/\/www.facebook.com\/creddose","article_modified_time":"2025-12-31T10:30:26+00:00","og_image":[{"width":1200,"height":630,"url":"https:\/\/creddo.com\/se\/wp-content\/uploads\/2024\/07\/52.jpg","type":"image\/jpeg"}],"twitter_card":"summary_large_image","twitter_misc":{"Ber\u00e4knad l\u00e4stid":"5 minuter"},"schema":{"@context":"https:\/\/schema.org","@graph":[{"@type":"WebPage","@id":"https:\/\/creddo.com\/se\/foretagslan\/restaurang\/","url":"https:\/\/creddo.com\/se\/foretagslan\/restaurang\/","name":"F\u00f6retagsl\u00e5n f\u00f6r restaurang: S\u00e5 hittar du r\u00e4tt","isPartOf":{"@id":"https:\/\/creddo.com\/se\/#website"},"datePublished":"2020-10-08T12:33:40+00:00","dateModified":"2025-12-31T10:30:26+00:00","description":"Ans\u00f6k kostnadsfritt hos Creddo om f\u00f6retagsl\u00e5n till restaurang. J\u00e4mf\u00f6r upp till \u00f6ver 25 l\u00e5ngivare med en ans\u00f6kan. 1 UC","breadcrumb":{"@id":"https:\/\/creddo.com\/se\/foretagslan\/restaurang\/#breadcrumb"},"inLanguage":"sv-SE","potentialAction":[{"@type":"ReadAction","target":["https:\/\/creddo.com\/se\/foretagslan\/restaurang\/"]}]},{"@type":"BreadcrumbList","@id":"https:\/\/creddo.com\/se\/foretagslan\/restaurang\/#breadcrumb","itemListElement":[{"@type":"ListItem","position":1,"name":"Creddo.com","item":"https:\/\/creddo.com\/se\/"},{"@type":"ListItem","position":2,"name":"F\u00f6retagsl\u00e5n","item":"https:\/\/creddo.com\/se\/foretagslan\/"},{"@type":"ListItem","position":3,"name":"F\u00f6retagsl\u00e5n f\u00f6r restaurang"}]},{"@type":"WebSite","@id":"https:\/\/creddo.com\/se\/#website","url":"https:\/\/creddo.com\/se\/","name":"Creddo","description":"J\u00e4mf\u00f6r f\u00f6retagsl\u00e5n upp till 10 miljoner","publisher":{"@id":"https:\/\/creddo.com\/se\/#organization"},"potentialAction":[{"@type":"SearchAction","target":{"@type":"EntryPoint","urlTemplate":"https:\/\/creddo.com\/se\/?s={search_term_string}"},"query-input":{"@type":"PropertyValueSpecification","valueRequired":true,"valueName":"search_term_string"}}],"inLanguage":"sv-SE"},{"@type":"Organization","@id":"https:\/\/creddo.com\/se\/#organization","name":"Creddo AB","url":"https:\/\/creddo.com\/se\/","logo":{"@type":"ImageObject","inLanguage":"sv-SE","@id":"https:\/\/creddo.com\/se\/#\/schema\/logo\/image\/","url":"https:\/\/creddo.com\/se\/wp-content\/uploads\/2024\/04\/Creddo-logo-square.png","contentUrl":"https:\/\/creddo.com\/se\/wp-content\/uploads\/2024\/04\/Creddo-logo-square.png","width":720,"height":720,"caption":"Creddo AB"},"image":{"@id":"https:\/\/creddo.com\/se\/#\/schema\/logo\/image\/"},"sameAs":["https:\/\/www.facebook.com\/creddose","https:\/\/www.linkedin.com\/company\/creddo-ab\/"]}]}},"lang":"sv","translations":{"sv":981},"pll_sync_post":[],"_links":{"self":[{"href":"https:\/\/creddo.com\/se\/wp-json\/wp\/v2\/pages\/981","targetHints":{"allow":["GET"]}}],"collection":[{"href":"https:\/\/creddo.com\/se\/wp-json\/wp\/v2\/pages"}],"about":[{"href":"https:\/\/creddo.com\/se\/wp-json\/wp\/v2\/types\/page"}],"author":[{"embeddable":true,"href":"https:\/\/creddo.com\/se\/wp-json\/wp\/v2\/users\/8"}],"replies":[{"embeddable":true,"href":"https:\/\/creddo.com\/se\/wp-json\/wp\/v2\/comments?post=981"}],"version-history":[{"count":13,"href":"https:\/\/creddo.com\/se\/wp-json\/wp\/v2\/pages\/981\/revisions"}],"predecessor-version":[{"id":5413,"href":"https:\/\/creddo.com\/se\/wp-json\/wp\/v2\/pages\/981\/revisions\/5413"}],"up":[{"embeddable":true,"href":"https:\/\/creddo.com\/se\/wp-json\/wp\/v2\/pages\/1141"}],"wp:attachment":[{"href":"https:\/\/creddo.com\/se\/wp-json\/wp\/v2\/media?parent=981"}],"curies":[{"name":"wp","href":"https:\/\/api.w.org\/{rel}","templated":true}]}}