{"id":993,"date":"2020-07-28T16:07:06","date_gmt":"2020-07-28T14:07:06","guid":{"rendered":"http:\/\/stage.creddo.se\/?page_id=781"},"modified":"2025-12-30T15:51:49","modified_gmt":"2025-12-30T14:51:49","slug":"about-creddo","status":"publish","type":"page","link":"https:\/\/creddo.com\/se\/en\/about-creddo\/","title":{"rendered":"About Creddo"},"content":{"rendered":"\n<p>Creddo is a loan broker that specializes in helping small and medium-sized companies to find <a href=\"https:\/\/creddo.com\/se\/en\/business-loans\/\">the best business loan for their specific operation<\/a> and industry. We have processed thousands of loan applications from entrepreneurs in several different industries, such as construction, restaurant, trade &amp; e-commerce, and health &amp; beauty since the start in 2019.<\/p>\n\n\n\n<p>Creddo was founded by a group of Swedish entrepreneurs, who themselves have encountered the difficulties of finding the right financing for smaller companies. The company emerged as a solution for how small and medium-sized business more easily can compare and find the right small business loan &#8211; via a completely digital application process. Today, Creddo is in Sweden, Finland, and the Netherlands, with its headquarters in Stockholm.<\/p>\n\n\n\n<p>For small and medium-sized companies, we usually provide loans from SEK 10,000 up to SEK 10 million. <a href=\"https:\/\/creddo.com\/se\/en\/\">On our homepage<\/a>, you can start a free application that is not binding.<\/p>\n\n\n<div class=\"wp-block-image height-auto\">\n<figure class=\"aligncenter size-full\"><img fetchpriority=\"high\" decoding=\"async\" width=\"1024\" height=\"576\" src=\"https:\/\/creddo.com\/se\/wp-content\/uploads\/2021\/11\/creddo-small-business-owners.jpg\" alt=\"entrepreneurs with creddo website\" class=\"wp-image-2121\" srcset=\"https:\/\/creddo.com\/se\/wp-content\/uploads\/2021\/11\/creddo-small-business-owners.jpg 1024w, https:\/\/creddo.com\/se\/wp-content\/uploads\/2021\/11\/creddo-small-business-owners-300x169.jpg 300w, https:\/\/creddo.com\/se\/wp-content\/uploads\/2021\/11\/creddo-small-business-owners-768x432.jpg 768w\" sizes=\"(max-width: 1024px) 100vw, 1024px\" \/><\/figure><\/div>\n\n\n<h2 class=\"wp-block-heading\" id=\"h-creddo-also-mediates-large-business-loans\">Creddo also mediates large business loans<\/h2>\n\n\n\n<p>In addition to our focus on small and medium-sized businesses, we can also help large companies with a very high turnover to find the right loan. We have previously provided loans of more than SEK 100 million &#8211; if you represent a larger company, you can contact our loan specialists directly via <a href=\"mailto:kundservice@creddo.se\">kundservice@creddo.se<\/a> or by calling 010-551 67 02.<\/p>\n\n\n<div class=\"wp-block-image is-resized\">\n<figure class=\"aligncenter size-large\"><img decoding=\"async\" width=\"1024\" height=\"296\" src=\"https:\/\/creddo.com\/se\/wp-content\/uploads\/2022\/02\/foretagarna-1-1024x296.png\" alt=\"F\u00f6retagarna\" class=\"wp-image-2464\" style=\"width:244px;height:auto\" srcset=\"https:\/\/creddo.com\/se\/wp-content\/uploads\/2022\/02\/foretagarna-1-1024x296.png 1024w, https:\/\/creddo.com\/se\/wp-content\/uploads\/2022\/02\/foretagarna-1-300x87.png 300w, https:\/\/creddo.com\/se\/wp-content\/uploads\/2022\/02\/foretagarna-1-768x222.png 768w, https:\/\/creddo.com\/se\/wp-content\/uploads\/2022\/02\/foretagarna-1-1536x444.png 1536w, https:\/\/creddo.com\/se\/wp-content\/uploads\/2022\/02\/foretagarna-1-2048x592.png 2048w\" sizes=\"(max-width: 1024px) 100vw, 1024px\" \/><figcaption class=\"wp-element-caption\">Creddo is a member of <em>F\u00f6retagarna<\/em><\/figcaption><\/figure><\/div>\n\n<div class=\"wp-block-image\">\n<figure class=\"aligncenter size-full is-resized\"><a href=\"https:\/\/www.fi.se\/sv\/vara-register\/foretagsregistret\/?query=creddo#results\" target=\"_blank\" rel=\"noopener\"><img decoding=\"async\" width=\"249\" height=\"62\" src=\"https:\/\/creddo.com\/se\/wp-content\/uploads\/2021\/11\/creddo-registered-finansinspektionen.png\" alt=\"Creddo is registered with Finansinspektionen\" class=\"wp-image-2135\" style=\"width:249px;height:auto\"\/><\/a><\/figure><\/div>\n\n\n<h2 class=\"wp-block-heading\">More about Creddo<\/h2>\n\n\n\n<h3 class=\"wp-block-heading\">Become a partner with Creddo<\/h3>\n\n\n\n<p>We are always interested in new partners to work with, in all markets where we are active (Sweden, Finland and the Netherlands). If you represent a bank or a lender in corporate loans who wants to know more about Creddo, you can contact us at <a href=\"mailto:partner@creddo.com\">partner@creddo.com<\/a>.<\/p>\n\n\n\n<h3 class=\"wp-block-heading\" id=\"h-work-with-us\">Work with us<\/h3>\n\n\n\n<p>We are a friendly team with talented employees, in areas such as business development, finance, programming and digital marketing, who always welcome new starters to Creddo. This is a workplace that offers flexibility with a clear work structure and the opportunity to work remotely.<\/p>\n\n\n\n<p>If you have a profile and skills that you think fit into Creddo, you are more than welcome to email an open application with your CV to <a href=\"mailto:work@creddo.com\">work@creddo.com<\/a>.<\/p>\n","protected":false},"excerpt":{"rendered":"<p>Creddo is a loan broker that specializes in helping small and medium-sized companies to find the best business loan for their specific operation and industry. We have processed thousands of loan applications from entrepreneurs in several different industries, such as construction, restaurant, trade &amp; e-commerce, and health &amp; beauty since the start in 2019. Creddo [&hellip;]<\/p>\n","protected":false},"author":1,"featured_media":0,"parent":0,"menu_order":0,"comment_status":"closed","ping_status":"closed","template":"creddopage.php","meta":{"_acf_changed":false,"_uag_custom_page_level_css":"","footnotes":""},"class_list":["post-993","page","type-page","status-publish","hentry"],"acf":[],"yoast_head":"<!-- This site is optimized with the Yoast SEO Premium plugin v26.6 (Yoast SEO v26.8) - https:\/\/yoast.com\/product\/yoast-seo-premium-wordpress\/ -->\n<title>Creddo - Read about our team and operations - Creddo<\/title>\n<meta name=\"description\" content=\"This is Creddo - read about how our business works, who are in the team and get in touch with us for collaborations.\" \/>\n<meta name=\"robots\" content=\"index, follow, max-snippet:-1, max-image-preview:large, max-video-preview:-1\" \/>\n<link rel=\"canonical\" href=\"https:\/\/creddo.com\/se\/en\/about-creddo\/\" \/>\n<meta property=\"og:locale\" content=\"sv_SE\" \/>\n<meta property=\"og:type\" content=\"article\" \/>\n<meta property=\"og:title\" content=\"About Creddo\" \/>\n<meta property=\"og:description\" content=\"Creddo is a loan broker that specializes in helping small and medium-sized companies to find the best business loan for their specific operation and\" \/>\n<meta property=\"og:url\" content=\"https:\/\/creddo.com\/se\/en\/about-creddo\/\" \/>\n<meta property=\"og:site_name\" content=\"Creddo\" \/>\n<meta property=\"article:publisher\" content=\"https:\/\/www.facebook.com\/creddose\" \/>\n<meta property=\"article:modified_time\" content=\"2025-12-30T14:51:49+00:00\" \/>\n<meta property=\"og:image\" content=\"https:\/\/creddo.com\/se\/wp-content\/uploads\/2021\/11\/creddo-small-business-owners.jpg\" \/>\n\t<meta property=\"og:image:width\" content=\"1024\" \/>\n\t<meta property=\"og:image:height\" content=\"576\" \/>\n\t<meta property=\"og:image:type\" content=\"image\/jpeg\" \/>\n<meta name=\"twitter:card\" content=\"summary_large_image\" \/>\n<meta name=\"twitter:label1\" content=\"Ber\u00e4knad l\u00e4stid\" \/>\n\t<meta name=\"twitter:data1\" content=\"3 minuter\" \/>\n<script type=\"application\/ld+json\" class=\"yoast-schema-graph\">{\"@context\":\"https:\/\/schema.org\",\"@graph\":[{\"@type\":\"WebPage\",\"@id\":\"https:\/\/creddo.com\/se\/en\/about-creddo\/\",\"url\":\"https:\/\/creddo.com\/se\/en\/about-creddo\/\",\"name\":\"Creddo - Read about our team and operations - Creddo\",\"isPartOf\":{\"@id\":\"https:\/\/creddo.com\/se\/#website\"},\"primaryImageOfPage\":{\"@id\":\"https:\/\/creddo.com\/se\/en\/about-creddo\/#primaryimage\"},\"image\":{\"@id\":\"https:\/\/creddo.com\/se\/en\/about-creddo\/#primaryimage\"},\"thumbnailUrl\":\"https:\/\/creddo.com\/se\/wp-content\/uploads\/2021\/11\/creddo-small-business-owners.jpg\",\"datePublished\":\"2020-07-28T14:07:06+00:00\",\"dateModified\":\"2025-12-30T14:51:49+00:00\",\"description\":\"This is Creddo - read about how our business works, who are in the team and get in touch with us for collaborations.\",\"breadcrumb\":{\"@id\":\"https:\/\/creddo.com\/se\/en\/about-creddo\/#breadcrumb\"},\"inLanguage\":\"sv-SE\",\"potentialAction\":[{\"@type\":\"ReadAction\",\"target\":[\"https:\/\/creddo.com\/se\/en\/about-creddo\/\"]}]},{\"@type\":\"ImageObject\",\"inLanguage\":\"sv-SE\",\"@id\":\"https:\/\/creddo.com\/se\/en\/about-creddo\/#primaryimage\",\"url\":\"https:\/\/creddo.com\/se\/wp-content\/uploads\/2021\/11\/creddo-small-business-owners.jpg\",\"contentUrl\":\"https:\/\/creddo.com\/se\/wp-content\/uploads\/2021\/11\/creddo-small-business-owners.jpg\",\"width\":1024,\"height\":576,\"caption\":\"Small business owners looking at Creddo's website\"},{\"@type\":\"BreadcrumbList\",\"@id\":\"https:\/\/creddo.com\/se\/en\/about-creddo\/#breadcrumb\",\"itemListElement\":[{\"@type\":\"ListItem\",\"position\":1,\"name\":\"Creddo.com\",\"item\":\"https:\/\/creddo.com\/se\/\"},{\"@type\":\"ListItem\",\"position\":2,\"name\":\"About Creddo\"}]},{\"@type\":\"WebSite\",\"@id\":\"https:\/\/creddo.com\/se\/#website\",\"url\":\"https:\/\/creddo.com\/se\/\",\"name\":\"Creddo\",\"description\":\"J\u00e4mf\u00f6r f\u00f6retagsl\u00e5n upp till 10 miljoner\",\"publisher\":{\"@id\":\"https:\/\/creddo.com\/se\/#organization\"},\"potentialAction\":[{\"@type\":\"SearchAction\",\"target\":{\"@type\":\"EntryPoint\",\"urlTemplate\":\"https:\/\/creddo.com\/se\/?s={search_term_string}\"},\"query-input\":{\"@type\":\"PropertyValueSpecification\",\"valueRequired\":true,\"valueName\":\"search_term_string\"}}],\"inLanguage\":\"sv-SE\"},{\"@type\":\"Organization\",\"@id\":\"https:\/\/creddo.com\/se\/#organization\",\"name\":\"Creddo AB\",\"url\":\"https:\/\/creddo.com\/se\/\",\"logo\":{\"@type\":\"ImageObject\",\"inLanguage\":\"sv-SE\",\"@id\":\"https:\/\/creddo.com\/se\/#\/schema\/logo\/image\/\",\"url\":\"https:\/\/creddo.com\/se\/wp-content\/uploads\/2024\/04\/Creddo-logo-square.png\",\"contentUrl\":\"https:\/\/creddo.com\/se\/wp-content\/uploads\/2024\/04\/Creddo-logo-square.png\",\"width\":720,\"height\":720,\"caption\":\"Creddo AB\"},\"image\":{\"@id\":\"https:\/\/creddo.com\/se\/#\/schema\/logo\/image\/\"},\"sameAs\":[\"https:\/\/www.facebook.com\/creddose\",\"https:\/\/www.linkedin.com\/company\/creddo-ab\/\"]}]}<\/script>\n<!-- \/ Yoast SEO Premium plugin. -->","yoast_head_json":{"title":"Creddo - Read about our team and operations - Creddo","description":"This is Creddo - read about how our business works, who are in the team and get in touch with us for collaborations.","robots":{"index":"index","follow":"follow","max-snippet":"max-snippet:-1","max-image-preview":"max-image-preview:large","max-video-preview":"max-video-preview:-1"},"canonical":"https:\/\/creddo.com\/se\/en\/about-creddo\/","og_locale":"sv_SE","og_type":"article","og_title":"About Creddo","og_description":"Creddo is a loan broker that specializes in helping small and medium-sized companies to find the best business loan for their specific operation and","og_url":"https:\/\/creddo.com\/se\/en\/about-creddo\/","og_site_name":"Creddo","article_publisher":"https:\/\/www.facebook.com\/creddose","article_modified_time":"2025-12-30T14:51:49+00:00","og_image":[{"width":1024,"height":576,"url":"https:\/\/creddo.com\/se\/wp-content\/uploads\/2021\/11\/creddo-small-business-owners.jpg","type":"image\/jpeg"}],"twitter_card":"summary_large_image","twitter_misc":{"Ber\u00e4knad l\u00e4stid":"3 minuter"},"schema":{"@context":"https:\/\/schema.org","@graph":[{"@type":"WebPage","@id":"https:\/\/creddo.com\/se\/en\/about-creddo\/","url":"https:\/\/creddo.com\/se\/en\/about-creddo\/","name":"Creddo - Read about our team and operations - Creddo","isPartOf":{"@id":"https:\/\/creddo.com\/se\/#website"},"primaryImageOfPage":{"@id":"https:\/\/creddo.com\/se\/en\/about-creddo\/#primaryimage"},"image":{"@id":"https:\/\/creddo.com\/se\/en\/about-creddo\/#primaryimage"},"thumbnailUrl":"https:\/\/creddo.com\/se\/wp-content\/uploads\/2021\/11\/creddo-small-business-owners.jpg","datePublished":"2020-07-28T14:07:06+00:00","dateModified":"2025-12-30T14:51:49+00:00","description":"This is Creddo - read about how our business works, who are in the team and get in touch with us for collaborations.","breadcrumb":{"@id":"https:\/\/creddo.com\/se\/en\/about-creddo\/#breadcrumb"},"inLanguage":"sv-SE","potentialAction":[{"@type":"ReadAction","target":["https:\/\/creddo.com\/se\/en\/about-creddo\/"]}]},{"@type":"ImageObject","inLanguage":"sv-SE","@id":"https:\/\/creddo.com\/se\/en\/about-creddo\/#primaryimage","url":"https:\/\/creddo.com\/se\/wp-content\/uploads\/2021\/11\/creddo-small-business-owners.jpg","contentUrl":"https:\/\/creddo.com\/se\/wp-content\/uploads\/2021\/11\/creddo-small-business-owners.jpg","width":1024,"height":576,"caption":"Small business owners looking at Creddo's website"},{"@type":"BreadcrumbList","@id":"https:\/\/creddo.com\/se\/en\/about-creddo\/#breadcrumb","itemListElement":[{"@type":"ListItem","position":1,"name":"Creddo.com","item":"https:\/\/creddo.com\/se\/"},{"@type":"ListItem","position":2,"name":"About Creddo"}]},{"@type":"WebSite","@id":"https:\/\/creddo.com\/se\/#website","url":"https:\/\/creddo.com\/se\/","name":"Creddo","description":"J\u00e4mf\u00f6r f\u00f6retagsl\u00e5n upp till 10 miljoner","publisher":{"@id":"https:\/\/creddo.com\/se\/#organization"},"potentialAction":[{"@type":"SearchAction","target":{"@type":"EntryPoint","urlTemplate":"https:\/\/creddo.com\/se\/?s={search_term_string}"},"query-input":{"@type":"PropertyValueSpecification","valueRequired":true,"valueName":"search_term_string"}}],"inLanguage":"sv-SE"},{"@type":"Organization","@id":"https:\/\/creddo.com\/se\/#organization","name":"Creddo AB","url":"https:\/\/creddo.com\/se\/","logo":{"@type":"ImageObject","inLanguage":"sv-SE","@id":"https:\/\/creddo.com\/se\/#\/schema\/logo\/image\/","url":"https:\/\/creddo.com\/se\/wp-content\/uploads\/2024\/04\/Creddo-logo-square.png","contentUrl":"https:\/\/creddo.com\/se\/wp-content\/uploads\/2024\/04\/Creddo-logo-square.png","width":720,"height":720,"caption":"Creddo AB"},"image":{"@id":"https:\/\/creddo.com\/se\/#\/schema\/logo\/image\/"},"sameAs":["https:\/\/www.facebook.com\/creddose","https:\/\/www.linkedin.com\/company\/creddo-ab\/"]}]}},"lang":"en","translations":{"en":993},"uagb_featured_image_src":{"full":false,"thumbnail":false,"medium":false,"medium_large":false,"large":false,"1536x1536":false,"2048x2048":false},"uagb_author_info":{"display_name":"niklasm86","author_link":"https:\/\/creddo.com\/se\/experthornan\/author\/niklasm86\/"},"uagb_comment_info":0,"uagb_excerpt":"Creddo is a loan broker that specializes in helping small and medium-sized companies to find the best business loan for their specific operation and industry. We have processed thousands of loan applications from entrepreneurs in several different industries, such as construction, restaurant, trade &amp; e-commerce, and health &amp; beauty since the start in 2019. Creddo&hellip;","pll_sync_post":[],"_links":{"self":[{"href":"https:\/\/creddo.com\/se\/wp-json\/wp\/v2\/pages\/993","targetHints":{"allow":["GET"]}}],"collection":[{"href":"https:\/\/creddo.com\/se\/wp-json\/wp\/v2\/pages"}],"about":[{"href":"https:\/\/creddo.com\/se\/wp-json\/wp\/v2\/types\/page"}],"author":[{"embeddable":true,"href":"https:\/\/creddo.com\/se\/wp-json\/wp\/v2\/users\/1"}],"replies":[{"embeddable":true,"href":"https:\/\/creddo.com\/se\/wp-json\/wp\/v2\/comments?post=993"}],"version-history":[{"count":31,"href":"https:\/\/creddo.com\/se\/wp-json\/wp\/v2\/pages\/993\/revisions"}],"predecessor-version":[{"id":5371,"href":"https:\/\/creddo.com\/se\/wp-json\/wp\/v2\/pages\/993\/revisions\/5371"}],"wp:attachment":[{"href":"https:\/\/creddo.com\/se\/wp-json\/wp\/v2\/media?parent=993"}],"curies":[{"name":"wp","href":"https:\/\/api.w.org\/{rel}","templated":true}]}}